{"id":3073,"date":"2011-09-05T20:38:04","date_gmt":"2011-09-05T18:38:04","guid":{"rendered":"http:\/\/museumek.eu\/?page_id=3073"},"modified":"2015-03-02T19:28:18","modified_gmt":"2015-03-02T18:28:18","slug":"aiv14","status":"publish","type":"page","link":"http:\/\/museumek.eu\/?page_id=3073","title":{"rendered":"A\/IV\/14"},"content":{"rendered":"<p><strong>Abteilung Austria\/Ungarn\/B\u00f6hmen, Keramik 1860 \u2013 1960, Inventarnummer A\/IV\/14<\/strong><\/p>\n<p>Wiener Kunstkeramik und Porzellanmanufaktur Keramos, Austria, Wien, um 1940, Maske Mozart, K\u00fcnstler Anton Klieber, Werks.-Nr. 1977, Exemplar Nr. ohne, gemarkt Firmenmarke mit WKK in einem Dreieck, darunter KERAMOS, darunter WIEN schwarze Stempel, 1977 gepresst, AK (f\u00fcr Anton Klieber) geritzt, signiert AK, Literatur: Uta M. Matschiner, Wiener Kunstkeramik und Porzellanmanufaktur Keramos mit Werksverzeichnis, Seite 108, Markenverzeichnis, identische Marke, Seite 513, Abbildung Nr. 1977, identische Maske in anderer Materialausf\u00fchrung, dort beschrieben mit Entwurf Anton Klieber, Maske Mozart, Werks.-Nr. 1977, die Dreiecksmarke wurde am 23.02.1928 registriert und bis 1982 verwendet und zwar bis 1949 ausschlie\u00dflich und ab da parallel zu anderen Firmenmarken, insofern sind die zeitlichen Zuordnungen erschwert, hilfsweise m\u00fcssen dann Material- und Dekorfarbenvergleiche sowie Alterungsmerkmale f\u00fcr eine Datierung herangezogen werden, <strong>das MEK Exemplar der Werks.-Nr. 1977 ist in dieser Farb- und Materialausf\u00fchrung noch nicht in der Fachliteratur verzeichnet<\/strong>, H\u00f6he 19,5 cm, Breite 13,5 cm<\/p>\n<p><a href=\"http:\/\/museumek.eu\/?attachment_id=37367\" rel=\"attachment wp-att-37367\"><img loading=\"lazy\" src=\"http:\/\/museumek.eu\/wp-content\/uploads\/2011\/10\/359-197x300.jpg\" alt=\"\" title=\"359\" width=\"197\" height=\"300\" class=\"alignnone size-medium wp-image-37367\" srcset=\"http:\/\/museumek.eu\/wp-content\/uploads\/2011\/10\/359-197x300.jpg 197w, http:\/\/museumek.eu\/wp-content\/uploads\/2011\/10\/359-98x150.jpg 98w, http:\/\/museumek.eu\/wp-content\/uploads\/2011\/10\/359.jpg 527w\" sizes=\"(max-width: 197px) 100vw, 197px\" \/><\/a><\/p>\n<p><a href=\"http:\/\/museumek.eu\/?attachment_id=37368\" rel=\"attachment wp-att-37368\"><img loading=\"lazy\" src=\"http:\/\/museumek.eu\/wp-content\/uploads\/2011\/10\/360-209x300.jpg\" alt=\"\" title=\"360\" width=\"209\" height=\"300\" class=\"alignnone size-medium wp-image-37368\" srcset=\"http:\/\/museumek.eu\/wp-content\/uploads\/2011\/10\/360-209x300.jpg 209w, http:\/\/museumek.eu\/wp-content\/uploads\/2011\/10\/360-104x150.jpg 104w, http:\/\/museumek.eu\/wp-content\/uploads\/2011\/10\/360.jpg 405w\" sizes=\"(max-width: 209px) 100vw, 209px\" \/><\/a><\/p>\n<p><a href=\"http:\/\/museumek.eu\/?attachment_id=37369\" rel=\"attachment wp-att-37369\"><img loading=\"lazy\" src=\"http:\/\/museumek.eu\/wp-content\/uploads\/2011\/10\/361-300x184.jpg\" alt=\"\" title=\"361\" width=\"300\" height=\"184\" class=\"alignnone size-medium wp-image-37369\" srcset=\"http:\/\/museumek.eu\/wp-content\/uploads\/2011\/10\/361-300x184.jpg 300w, http:\/\/museumek.eu\/wp-content\/uploads\/2011\/10\/361-150x92.jpg 150w, http:\/\/museumek.eu\/wp-content\/uploads\/2011\/10\/361-487x300.jpg 487w, http:\/\/museumek.eu\/wp-content\/uploads\/2011\/10\/361.jpg 662w\" sizes=\"(max-width: 300px) 100vw, 300px\" \/><\/a><\/p>\n<p><a href=\"http:\/\/museumek.eu\/?attachment_id=37373\" rel=\"attachment wp-att-37373\"><img loading=\"lazy\" src=\"http:\/\/museumek.eu\/wp-content\/uploads\/2011\/10\/3621-186x300.jpg\" alt=\"\" title=\"362\" width=\"186\" height=\"300\" class=\"alignnone size-medium wp-image-37373\" srcset=\"http:\/\/museumek.eu\/wp-content\/uploads\/2011\/10\/3621-186x300.jpg 186w, http:\/\/museumek.eu\/wp-content\/uploads\/2011\/10\/3621-93x150.jpg 93w, http:\/\/museumek.eu\/wp-content\/uploads\/2011\/10\/3621.jpg 422w\" sizes=\"(max-width: 186px) 100vw, 186px\" \/><\/a><\/p>\n<p><a href=\"http:\/\/museumek.eu\/?attachment_id=37374\" rel=\"attachment wp-att-37374\"><img loading=\"lazy\" src=\"http:\/\/museumek.eu\/wp-content\/uploads\/2011\/10\/365-300x201.jpg\" alt=\"\" title=\"365\" width=\"300\" height=\"201\" class=\"alignnone size-medium wp-image-37374\" srcset=\"http:\/\/museumek.eu\/wp-content\/uploads\/2011\/10\/365-300x201.jpg 300w, http:\/\/museumek.eu\/wp-content\/uploads\/2011\/10\/365-150x100.jpg 150w, http:\/\/museumek.eu\/wp-content\/uploads\/2011\/10\/365-446x300.jpg 446w, http:\/\/museumek.eu\/wp-content\/uploads\/2011\/10\/365.jpg 723w\" sizes=\"(max-width: 300px) 100vw, 300px\" \/><\/a><\/p>\n<p><a href=\"http:\/\/museumek.eu\/?attachment_id=37375\" rel=\"attachment wp-att-37375\"><img loading=\"lazy\" src=\"http:\/\/museumek.eu\/wp-content\/uploads\/2011\/10\/363.jpg\" alt=\"\" title=\"363\" width=\"241\" height=\"234\" class=\"alignnone size-full wp-image-37375\" srcset=\"http:\/\/museumek.eu\/wp-content\/uploads\/2011\/10\/363.jpg 241w, http:\/\/museumek.eu\/wp-content\/uploads\/2011\/10\/363-150x145.jpg 150w\" sizes=\"(max-width: 241px) 100vw, 241px\" \/><\/a><\/p>\n<p><a href=\"http:\/\/museumek.eu\/?attachment_id=37376\" rel=\"attachment wp-att-37376\"><img loading=\"lazy\" src=\"http:\/\/museumek.eu\/wp-content\/uploads\/2011\/10\/364.jpg\" alt=\"\" title=\"364\" width=\"167\" height=\"164\" class=\"alignnone size-full wp-image-37376\" srcset=\"http:\/\/museumek.eu\/wp-content\/uploads\/2011\/10\/364.jpg 167w, http:\/\/museumek.eu\/wp-content\/uploads\/2011\/10\/364-150x147.jpg 150w\" sizes=\"(max-width: 167px) 100vw, 167px\" \/><\/a><\/p>\n","protected":false},"excerpt":{"rendered":"<p>Abteilung Austria\/Ungarn\/B\u00f6hmen, Keramik 1860 \u2013 1960, Inventarnummer A\/IV\/14 Wiener Kunstkeramik und Porzellanmanufaktur Keramos, Austria, Wien, um 1940, Maske Mozart, K\u00fcnstler Anton Klieber, Werks.-Nr. 1977, Exemplar Nr. ohne, gemarkt Firmenmarke mit WKK in einem Dreieck, darunter KERAMOS, darunter WIEN schwarze Stempel, &hellip; <a href=\"http:\/\/museumek.eu\/?page_id=3073\">Weiterlesen <span class=\"meta-nav\">&rarr;<\/span><\/a><\/p>\n","protected":false},"author":1,"featured_media":0,"parent":748,"menu_order":14,"comment_status":"open","ping_status":"open","template":"","meta":[],"_links":{"self":[{"href":"http:\/\/museumek.eu\/index.php?rest_route=\/wp\/v2\/pages\/3073"}],"collection":[{"href":"http:\/\/museumek.eu\/index.php?rest_route=\/wp\/v2\/pages"}],"about":[{"href":"http:\/\/museumek.eu\/index.php?rest_route=\/wp\/v2\/types\/page"}],"author":[{"embeddable":true,"href":"http:\/\/museumek.eu\/index.php?rest_route=\/wp\/v2\/users\/1"}],"replies":[{"embeddable":true,"href":"http:\/\/museumek.eu\/index.php?rest_route=%2Fwp%2Fv2%2Fcomments&post=3073"}],"version-history":[{"count":7,"href":"http:\/\/museumek.eu\/index.php?rest_route=\/wp\/v2\/pages\/3073\/revisions"}],"predecessor-version":[{"id":37395,"href":"http:\/\/museumek.eu\/index.php?rest_route=\/wp\/v2\/pages\/3073\/revisions\/37395"}],"up":[{"embeddable":true,"href":"http:\/\/museumek.eu\/index.php?rest_route=\/wp\/v2\/pages\/748"}],"wp:attachment":[{"href":"http:\/\/museumek.eu\/index.php?rest_route=%2Fwp%2Fv2%2Fmedia&parent=3073"}],"curies":[{"name":"wp","href":"https:\/\/api.w.org\/{rel}","templated":true}]}}