{"id":30803,"date":"2014-05-24T19:38:54","date_gmt":"2014-05-24T17:38:54","guid":{"rendered":"http:\/\/museumek.eu\/?page_id=30803"},"modified":"2015-01-03T19:14:18","modified_gmt":"2015-01-03T18:14:18","slug":"dxlviii9","status":"publish","type":"page","link":"http:\/\/museumek.eu\/?page_id=30803","title":{"rendered":"D\/XLVIII\/9"},"content":{"rendered":"<p><strong>Abteilung Deutschland, Keramik 1860 \u2013 1960, Inventarnummer D\/XLVIII\/9<\/strong><\/p>\n<p>Albert Jacob Thewalt, Fabrik fein verzierter Steinzeugwaren (attr.), Deutschland, H\u00f6hr, um 1910, Seidel, K\u00fcnstler Wilhelm Anton Kamp (attr.), Werks.-Nr. 1132, Exemplar Nr. ohne, gemarkt keine Firmenmarke aber MADE IN GERMANY (auf dem Henkel), 1132 (unter dem Henkel), 0,5 L. \u00fcber Eichstrich sowie 3 gepresst, nicht signiert, Literatur: J\u00fcrgen Schimanski, Braun geflammt und grau gesalzen, Seite 226, Beschreibung der Fabrik sowie Beschreibung, dass fast alle Entw\u00fcrfe von Wilhelm Anton Kamp stammen, der zweite Sohn von Joahnn Peter Thewalt jr., Albert Jacob Thewalt (1857 \u2013 1939) gr\u00fcndete 1882 zusammen mit seinem Schwager Jean Paulus die keramische Fabrik Paulus und Thewalt, trennt sich dann von Jean Paulus und gr\u00fcndet 1894 seine eigene Fabrik, die als Albert Jacob Thewalt, Fabrik fein verzierter Steinzeugwaren firmiert, nach Albert Jacobs\u2019s Tod f\u00fchren sein Sohn Albert Johann Thewalt und danach sein Enkel Albert Jakob Thewalt die Fabrik fort, K\u00fcnstlerzuschreibung: Wilhelm Anton Kamp trat 1897 in die Fabrik ein und schuf rund 800 Entw\u00fcrfe, Ausf\u00fchrung als Seidel mit Hohlboden mit zwei L\u00f6chern an der Wandung des Hohlbodens, zur Befestigung einer Spieluhr, H\u00f6he 22 cm, Breite 13,5 cm<\/p>\n<p><a href=\"http:\/\/museumek.eu\/?attachment_id=30804\" rel=\"attachment wp-att-30804\"><img loading=\"lazy\" src=\"http:\/\/museumek.eu\/wp-content\/uploads\/2014\/05\/558-157x300.jpg\" alt=\"\" title=\"558\" width=\"157\" height=\"300\" class=\"alignnone size-medium wp-image-30804\" srcset=\"http:\/\/museumek.eu\/wp-content\/uploads\/2014\/05\/558-157x300.jpg 157w, http:\/\/museumek.eu\/wp-content\/uploads\/2014\/05\/558-78x150.jpg 78w, http:\/\/museumek.eu\/wp-content\/uploads\/2014\/05\/558.jpg 366w\" sizes=\"(max-width: 157px) 100vw, 157px\" \/><\/a><\/p>\n<p><a href=\"http:\/\/museumek.eu\/?attachment_id=30805\" rel=\"attachment wp-att-30805\"><img loading=\"lazy\" src=\"http:\/\/museumek.eu\/wp-content\/uploads\/2014\/05\/559-186x300.jpg\" alt=\"\" title=\"559\" width=\"186\" height=\"300\" class=\"alignnone size-medium wp-image-30805\" srcset=\"http:\/\/museumek.eu\/wp-content\/uploads\/2014\/05\/559-186x300.jpg 186w, http:\/\/museumek.eu\/wp-content\/uploads\/2014\/05\/559-93x150.jpg 93w, http:\/\/museumek.eu\/wp-content\/uploads\/2014\/05\/559.jpg 412w\" sizes=\"(max-width: 186px) 100vw, 186px\" \/><\/a><\/p>\n<p><a href=\"http:\/\/museumek.eu\/?attachment_id=30806\" rel=\"attachment wp-att-30806\"><img loading=\"lazy\" src=\"http:\/\/museumek.eu\/wp-content\/uploads\/2014\/05\/561-173x300.jpg\" alt=\"\" title=\"561\" width=\"173\" height=\"300\" class=\"alignnone size-medium wp-image-30806\" srcset=\"http:\/\/museumek.eu\/wp-content\/uploads\/2014\/05\/561-173x300.jpg 173w, http:\/\/museumek.eu\/wp-content\/uploads\/2014\/05\/561-86x150.jpg 86w, http:\/\/museumek.eu\/wp-content\/uploads\/2014\/05\/561.jpg 430w\" sizes=\"(max-width: 173px) 100vw, 173px\" \/><\/a><\/p>\n<p><a href=\"http:\/\/museumek.eu\/?attachment_id=30812\" rel=\"attachment wp-att-30812\"><img loading=\"lazy\" src=\"http:\/\/museumek.eu\/wp-content\/uploads\/2014\/05\/5601-171x300.jpg\" alt=\"\" title=\"560\" width=\"171\" height=\"300\" class=\"alignnone size-medium wp-image-30812\" srcset=\"http:\/\/museumek.eu\/wp-content\/uploads\/2014\/05\/5601-171x300.jpg 171w, http:\/\/museumek.eu\/wp-content\/uploads\/2014\/05\/5601-85x150.jpg 85w, http:\/\/museumek.eu\/wp-content\/uploads\/2014\/05\/5601.jpg 458w\" sizes=\"(max-width: 171px) 100vw, 171px\" \/><\/a><\/p>\n<p><a href=\"http:\/\/museumek.eu\/?attachment_id=30813\" rel=\"attachment wp-att-30813\"><img loading=\"lazy\" src=\"http:\/\/museumek.eu\/wp-content\/uploads\/2014\/05\/562-177x300.jpg\" alt=\"\" title=\"562\" width=\"177\" height=\"300\" class=\"alignnone size-medium wp-image-30813\" srcset=\"http:\/\/museumek.eu\/wp-content\/uploads\/2014\/05\/562-177x300.jpg 177w, http:\/\/museumek.eu\/wp-content\/uploads\/2014\/05\/562-88x150.jpg 88w, http:\/\/museumek.eu\/wp-content\/uploads\/2014\/05\/562.jpg 474w\" sizes=\"(max-width: 177px) 100vw, 177px\" \/><\/a><\/p>\n<p><a href=\"http:\/\/museumek.eu\/?attachment_id=30814\" rel=\"attachment wp-att-30814\"><img loading=\"lazy\" src=\"http:\/\/museumek.eu\/wp-content\/uploads\/2014\/05\/564-300x244.jpg\" alt=\"\" title=\"564\" width=\"300\" height=\"244\" class=\"alignnone size-medium wp-image-30814\" srcset=\"http:\/\/museumek.eu\/wp-content\/uploads\/2014\/05\/564-300x244.jpg 300w, http:\/\/museumek.eu\/wp-content\/uploads\/2014\/05\/564-150x122.jpg 150w, http:\/\/museumek.eu\/wp-content\/uploads\/2014\/05\/564-368x300.jpg 368w, http:\/\/museumek.eu\/wp-content\/uploads\/2014\/05\/564.jpg 600w\" sizes=\"(max-width: 300px) 100vw, 300px\" \/><\/a><\/p>\n<p><a href=\"http:\/\/museumek.eu\/?attachment_id=30815\" rel=\"attachment wp-att-30815\"><img loading=\"lazy\" src=\"http:\/\/museumek.eu\/wp-content\/uploads\/2014\/05\/563-298x300.jpg\" alt=\"\" title=\"563\" width=\"298\" height=\"300\" class=\"alignnone size-medium wp-image-30815\" srcset=\"http:\/\/museumek.eu\/wp-content\/uploads\/2014\/05\/563-298x300.jpg 298w, http:\/\/museumek.eu\/wp-content\/uploads\/2014\/05\/563-150x150.jpg 150w, http:\/\/museumek.eu\/wp-content\/uploads\/2014\/05\/563.jpg 600w\" sizes=\"(max-width: 298px) 100vw, 298px\" \/><\/a><\/p>\n<p><a href=\"http:\/\/museumek.eu\/?attachment_id=30816\" rel=\"attachment wp-att-30816\"><img loading=\"lazy\" src=\"http:\/\/museumek.eu\/wp-content\/uploads\/2014\/05\/565-242x300.jpg\" alt=\"\" title=\"565\" width=\"242\" height=\"300\" class=\"alignnone size-medium wp-image-30816\" srcset=\"http:\/\/museumek.eu\/wp-content\/uploads\/2014\/05\/565-242x300.jpg 242w, http:\/\/museumek.eu\/wp-content\/uploads\/2014\/05\/565-121x150.jpg 121w, http:\/\/museumek.eu\/wp-content\/uploads\/2014\/05\/565.jpg 489w\" sizes=\"(max-width: 242px) 100vw, 242px\" \/><\/a><\/p>\n","protected":false},"excerpt":{"rendered":"<p>Abteilung Deutschland, Keramik 1860 \u2013 1960, Inventarnummer D\/XLVIII\/9 Albert Jacob Thewalt, Fabrik fein verzierter Steinzeugwaren (attr.), Deutschland, H\u00f6hr, um 1910, Seidel, K\u00fcnstler Wilhelm Anton Kamp (attr.), Werks.-Nr. 1132, Exemplar Nr. ohne, gemarkt keine Firmenmarke aber MADE IN GERMANY (auf dem &hellip; <a href=\"http:\/\/museumek.eu\/?page_id=30803\">Weiterlesen <span class=\"meta-nav\">&rarr;<\/span><\/a><\/p>\n","protected":false},"author":1,"featured_media":0,"parent":11506,"menu_order":9,"comment_status":"closed","ping_status":"open","template":"","meta":[],"_links":{"self":[{"href":"http:\/\/museumek.eu\/index.php?rest_route=\/wp\/v2\/pages\/30803"}],"collection":[{"href":"http:\/\/museumek.eu\/index.php?rest_route=\/wp\/v2\/pages"}],"about":[{"href":"http:\/\/museumek.eu\/index.php?rest_route=\/wp\/v2\/types\/page"}],"author":[{"embeddable":true,"href":"http:\/\/museumek.eu\/index.php?rest_route=\/wp\/v2\/users\/1"}],"replies":[{"embeddable":true,"href":"http:\/\/museumek.eu\/index.php?rest_route=%2Fwp%2Fv2%2Fcomments&post=30803"}],"version-history":[{"count":8,"href":"http:\/\/museumek.eu\/index.php?rest_route=\/wp\/v2\/pages\/30803\/revisions"}],"predecessor-version":[{"id":35707,"href":"http:\/\/museumek.eu\/index.php?rest_route=\/wp\/v2\/pages\/30803\/revisions\/35707"}],"up":[{"embeddable":true,"href":"http:\/\/museumek.eu\/index.php?rest_route=\/wp\/v2\/pages\/11506"}],"wp:attachment":[{"href":"http:\/\/museumek.eu\/index.php?rest_route=%2Fwp%2Fv2%2Fmedia&parent=30803"}],"curies":[{"name":"wp","href":"https:\/\/api.w.org\/{rel}","templated":true}]}}