{"id":30871,"date":"2014-05-25T16:21:33","date_gmt":"2014-05-25T14:21:33","guid":{"rendered":"http:\/\/museumek.eu\/?page_id=30871"},"modified":"2014-05-25T16:22:20","modified_gmt":"2014-05-25T14:22:20","slug":"dlxxxiii2","status":"publish","type":"page","link":"http:\/\/museumek.eu\/?page_id=30871","title":{"rendered":"D\/LXXXIII\/2"},"content":{"rendered":"<p><strong>Abteilung Deutschland, Keramik 1860 \u2013 1960, Inventarnummer D\/LXXXIII\/\/2<\/strong><\/p>\n<p>D\u00fcmler &#038; Breiden Fabrik reichverzierter, altdeutscher Steinkr\u00fcge, Trinkhumpen, Pokale, Wein- u. Bierkannen etc. sowie Steinwaren in modernem Geschmack in bunter Glasur und bester Ausf\u00fchrung, Deutschland, H\u00f6hr, um 1925, Kanne, K\u00fcnstler unbekannt, Werks.-Nr. 1839, Exemplar Nr. ohne, gemarkt Firmenmarke zwei gekreuzte Degen, die Degengriffe als Buchstaben D &#038; B ausgef\u00fchrt darunter H\u00f6hr, 1839, 8 sowie 1 \u00bd L \u00fcber Eichstrich gepresst, nicht signiert, Literatur: Gisela Reineking von Bock, Meister der deutschen Keramik, Seite 329, Marke Nr. 211 identisch, weitere Literatur: J\u00fcrgen Schimanski und J\u00fcrgen Erlebach, Westerw\u00e4lder Steinzeug, Die Neue \u00c4ra, Seite 38, Fabrikbeschreibung sowie Marke Nr. 1 identisch, weitere Literatur: J\u00fcrgen Schimanski, Braun geflammt und grau gesalzen, Seite 196, Fabrikbeschreibung sowie Marke Nr. 1 identisch sowie Hinweis, dass die Marke nach 1918 verwendet worden ist, die Fabrik wurde 1883\/1884 von Peter D\u00fcmler und seinem sp\u00e4teren Schwager Albert Breiden in H\u00f6hr gegr\u00fcndet, 1907 zum Tode Peter D\u00fcmlers treten seine Witwe Bertha und sein Sohn Paul in die Fabrik ein, Paul wird seit dem WK I vermi\u00dft, um 1913 verkauft Albert Breiden seine Fabrikanteile (an wen konnte nicht recherchiert werden) und um 1918 tritt der Cousin Ernst D\u00fcmler in die Fabrik ein, die o. g. Fabrikbezeichnung wurde von einer Zeitungsanzeige des Jahres 1907 \u00fcbernommen, die Fabrik bestand \u00fcber den WK II hinaus, weitere Fabrikbezeichnungen und Inhaberverh\u00e4ltnisse konnten nicht recherchiert werden, Zinnmontur mit Blechdeckel,<br \/>\nH\u00f6he 21,5 cm, Breite 17,5 cm (nur die Keramik)<\/p>\n<p><a href=\"http:\/\/museumek.eu\/?attachment_id=30872\" rel=\"attachment wp-att-30872\"><img loading=\"lazy\" src=\"http:\/\/museumek.eu\/wp-content\/uploads\/2014\/05\/590-165x300.jpg\" alt=\"\" title=\"590\" width=\"165\" height=\"300\" class=\"alignnone size-medium wp-image-30872\" srcset=\"http:\/\/museumek.eu\/wp-content\/uploads\/2014\/05\/590-165x300.jpg 165w, http:\/\/museumek.eu\/wp-content\/uploads\/2014\/05\/590-82x150.jpg 82w, http:\/\/museumek.eu\/wp-content\/uploads\/2014\/05\/590.jpg 405w\" sizes=\"(max-width: 165px) 100vw, 165px\" \/><\/a><\/p>\n<p><a href=\"http:\/\/museumek.eu\/?attachment_id=30873\" rel=\"attachment wp-att-30873\"><img loading=\"lazy\" src=\"http:\/\/museumek.eu\/wp-content\/uploads\/2014\/05\/591-189x300.jpg\" alt=\"\" title=\"591\" width=\"189\" height=\"300\" class=\"alignnone size-medium wp-image-30873\" srcset=\"http:\/\/museumek.eu\/wp-content\/uploads\/2014\/05\/591-189x300.jpg 189w, http:\/\/museumek.eu\/wp-content\/uploads\/2014\/05\/591-94x150.jpg 94w, http:\/\/museumek.eu\/wp-content\/uploads\/2014\/05\/591.jpg 468w\" sizes=\"(max-width: 189px) 100vw, 189px\" \/><\/a><\/p>\n<p><a href=\"http:\/\/museumek.eu\/?attachment_id=30874\" rel=\"attachment wp-att-30874\"><img loading=\"lazy\" src=\"http:\/\/museumek.eu\/wp-content\/uploads\/2014\/05\/592-300x242.jpg\" alt=\"\" title=\"592\" width=\"300\" height=\"242\" class=\"alignnone size-medium wp-image-30874\" srcset=\"http:\/\/museumek.eu\/wp-content\/uploads\/2014\/05\/592-300x242.jpg 300w, http:\/\/museumek.eu\/wp-content\/uploads\/2014\/05\/592-150x121.jpg 150w, http:\/\/museumek.eu\/wp-content\/uploads\/2014\/05\/592-370x300.jpg 370w, http:\/\/museumek.eu\/wp-content\/uploads\/2014\/05\/592.jpg 688w\" sizes=\"(max-width: 300px) 100vw, 300px\" \/><\/a><\/p>\n","protected":false},"excerpt":{"rendered":"<p>Abteilung Deutschland, Keramik 1860 \u2013 1960, Inventarnummer D\/LXXXIII\/\/2 D\u00fcmler &#038; Breiden Fabrik reichverzierter, altdeutscher Steinkr\u00fcge, Trinkhumpen, Pokale, Wein- u. Bierkannen etc. sowie Steinwaren in modernem Geschmack in bunter Glasur und bester Ausf\u00fchrung, Deutschland, H\u00f6hr, um 1925, Kanne, K\u00fcnstler unbekannt, Werks.-Nr. &hellip; <a href=\"http:\/\/museumek.eu\/?page_id=30871\">Weiterlesen <span class=\"meta-nav\">&rarr;<\/span><\/a><\/p>\n","protected":false},"author":1,"featured_media":0,"parent":22586,"menu_order":2,"comment_status":"closed","ping_status":"open","template":"","meta":[],"_links":{"self":[{"href":"http:\/\/museumek.eu\/index.php?rest_route=\/wp\/v2\/pages\/30871"}],"collection":[{"href":"http:\/\/museumek.eu\/index.php?rest_route=\/wp\/v2\/pages"}],"about":[{"href":"http:\/\/museumek.eu\/index.php?rest_route=\/wp\/v2\/types\/page"}],"author":[{"embeddable":true,"href":"http:\/\/museumek.eu\/index.php?rest_route=\/wp\/v2\/users\/1"}],"replies":[{"embeddable":true,"href":"http:\/\/museumek.eu\/index.php?rest_route=%2Fwp%2Fv2%2Fcomments&post=30871"}],"version-history":[{"count":6,"href":"http:\/\/museumek.eu\/index.php?rest_route=\/wp\/v2\/pages\/30871\/revisions"}],"predecessor-version":[{"id":30880,"href":"http:\/\/museumek.eu\/index.php?rest_route=\/wp\/v2\/pages\/30871\/revisions\/30880"}],"up":[{"embeddable":true,"href":"http:\/\/museumek.eu\/index.php?rest_route=\/wp\/v2\/pages\/22586"}],"wp:attachment":[{"href":"http:\/\/museumek.eu\/index.php?rest_route=%2Fwp%2Fv2%2Fmedia&parent=30871"}],"curies":[{"name":"wp","href":"https:\/\/api.w.org\/{rel}","templated":true}]}}