{"id":30925,"date":"2014-05-26T23:15:00","date_gmt":"2014-05-26T21:15:00","guid":{"rendered":"http:\/\/museumek.eu\/?page_id=30925"},"modified":"2015-02-07T19:23:28","modified_gmt":"2015-02-07T18:23:28","slug":"dxxxvii16","status":"publish","type":"page","link":"http:\/\/museumek.eu\/?page_id=30925","title":{"rendered":"D\/XXXVII\/16"},"content":{"rendered":"<p><strong>Abteilung Deutschland, Keramik 1860 \u2013 1960, Inventarnummer D\/XXXVII\/16<\/strong><\/p>\n<p>Thonwaaren \u2013 Fabrik Marzi &#038; Remy, Deutschland, H\u00f6hr, um 1910, Seidel, K\u00fcnstler unbekannt, Werks.-Nr. 2176, Exemplar Nr. ohne, gemarkt keine Firmenmarke aber 2176 sowie 0,5 L. \u00fcber Eichstrich gepresst, nicht signiert, Literatur: J\u00fcrgen Schimanski, Braun geflammt und grau gesalzen, Seite 203, Beschreibung der Fabrik, Beschreibung der zeitlichen Zuordnung, Modellnummern 1900\/2000 um 1910, au\u00dferdem dort beschrieben, dass eine eigene Firmenmarke erst Anfang der 1920\u2018 Jahre eingef\u00fchrt worden ist und dass Erzeugnisse der fr\u00fcheren Jahre oft mit dem Schriftzug \u201eGesetzl. Gesch\u00fctzt\u201c gemarkt sind, diese Beschreibung stellt das MEK bez\u00fcglich der Fabrikmarke in Frage, da unter http:\/\/www.steinmarks.co.uk\/pages\/pv.asp?p=stein164, verschiedene Fabrikmarken mit fr\u00fchen Werksnummern aus dem 1900 Jahrhundert abgebildet sind, eine Fabrikmarke sogar mit dem Zusatz Gesetzl. Gesch\u00fctzt, die Fabrik wurde 1879 von Anton Marzi und seinem Schwager Simon Peter Remy in H\u00f6hr gegr\u00fcndet und firmierte als Thonwaaren \u2013 Fabrik Marzi &#038; Remy, ab 1881 wurde eine eigene Zinngie\u00dferei angeschafft und ab 1883 neben dem grau \u2013 blau salzglasiertem Steinzeug auch Elfenbeinsteinzeug produziert, Simon Peter Remy verstarb 1919 und sein Sohn Werner Remy trat in die Fabrik ein, 1924 verstarb Anton Marzi und sein Schwiegersohn Johann Otto B\u00fchler trat in die Fabrik ein, Werner Remy verlie\u00df 1931 die Fabrik, 1941 trat Johann Otto B\u00fchlers Sohn Otto B\u00fchler in die Fabrik ein und 1953 dessen Sohn Otto Georg B\u00fchler, die Fabrik war bis zum Konkurs in den 1990\u2018 Jahren immer in Familienbesitz, Identifizierung von Marzi &#038; Remy 0,5 Liter Seideln, <strong>das MEK Exemplar der Werks.-Nr. 2176 ist noch nicht in der Fachliteratur erfasst<\/strong>, identischer Seidel in anderer Farbgebung, siehe MEK D\/XXXVII\/15, H\u00f6he 12,5 cm, Breite 13 cm<\/p>\n<p><a href=\"http:\/\/museumek.eu\/?attachment_id=30928\" rel=\"attachment wp-att-30928\"><img loading=\"lazy\" src=\"http:\/\/museumek.eu\/wp-content\/uploads\/2014\/05\/6131-223x300.jpg\" alt=\"\" title=\"613\" width=\"223\" height=\"300\" class=\"alignnone size-medium wp-image-30928\" srcset=\"http:\/\/museumek.eu\/wp-content\/uploads\/2014\/05\/6131-223x300.jpg 223w, http:\/\/museumek.eu\/wp-content\/uploads\/2014\/05\/6131-111x150.jpg 111w, http:\/\/museumek.eu\/wp-content\/uploads\/2014\/05\/6131.jpg 415w\" sizes=\"(max-width: 223px) 100vw, 223px\" \/><\/a><\/p>\n<p><a href=\"http:\/\/museumek.eu\/?attachment_id=30929\" rel=\"attachment wp-att-30929\"><img loading=\"lazy\" src=\"http:\/\/museumek.eu\/wp-content\/uploads\/2014\/05\/614-295x300.jpg\" alt=\"\" title=\"614\" width=\"295\" height=\"300\" class=\"alignnone size-medium wp-image-30929\" srcset=\"http:\/\/museumek.eu\/wp-content\/uploads\/2014\/05\/614-295x300.jpg 295w, http:\/\/museumek.eu\/wp-content\/uploads\/2014\/05\/614-147x150.jpg 147w, http:\/\/museumek.eu\/wp-content\/uploads\/2014\/05\/614.jpg 529w\" sizes=\"(max-width: 295px) 100vw, 295px\" \/><\/a><\/p>\n<p><a href=\"http:\/\/museumek.eu\/?attachment_id=30930\" rel=\"attachment wp-att-30930\"><img loading=\"lazy\" src=\"http:\/\/museumek.eu\/wp-content\/uploads\/2014\/05\/615-277x300.jpg\" alt=\"\" title=\"615\" width=\"277\" height=\"300\" class=\"alignnone size-medium wp-image-30930\" srcset=\"http:\/\/museumek.eu\/wp-content\/uploads\/2014\/05\/615-277x300.jpg 277w, http:\/\/museumek.eu\/wp-content\/uploads\/2014\/05\/615-138x150.jpg 138w, http:\/\/museumek.eu\/wp-content\/uploads\/2014\/05\/615.jpg 449w\" sizes=\"(max-width: 277px) 100vw, 277px\" \/><\/a><\/p>\n<p><a href=\"http:\/\/museumek.eu\/?attachment_id=30931\" rel=\"attachment wp-att-30931\"><img loading=\"lazy\" src=\"http:\/\/museumek.eu\/wp-content\/uploads\/2014\/05\/616-300x263.jpg\" alt=\"\" title=\"616\" width=\"300\" height=\"263\" class=\"alignnone size-medium wp-image-30931\" srcset=\"http:\/\/museumek.eu\/wp-content\/uploads\/2014\/05\/616-300x263.jpg 300w, http:\/\/museumek.eu\/wp-content\/uploads\/2014\/05\/616-150x131.jpg 150w, http:\/\/museumek.eu\/wp-content\/uploads\/2014\/05\/616-342x300.jpg 342w, http:\/\/museumek.eu\/wp-content\/uploads\/2014\/05\/616.jpg 684w\" sizes=\"(max-width: 300px) 100vw, 300px\" \/><\/a><\/p>\n<p><a href=\"http:\/\/museumek.eu\/?attachment_id=30933\" rel=\"attachment wp-att-30933\"><img loading=\"lazy\" src=\"http:\/\/museumek.eu\/wp-content\/uploads\/2014\/05\/617-300x160.jpg\" alt=\"\" title=\"617\" width=\"300\" height=\"160\" class=\"alignnone size-medium wp-image-30933\" srcset=\"http:\/\/museumek.eu\/wp-content\/uploads\/2014\/05\/617-300x160.jpg 300w, http:\/\/museumek.eu\/wp-content\/uploads\/2014\/05\/617-150x80.jpg 150w, http:\/\/museumek.eu\/wp-content\/uploads\/2014\/05\/617.jpg 361w\" sizes=\"(max-width: 300px) 100vw, 300px\" \/><\/a><\/p>\n","protected":false},"excerpt":{"rendered":"<p>Abteilung Deutschland, Keramik 1860 \u2013 1960, Inventarnummer D\/XXXVII\/16 Thonwaaren \u2013 Fabrik Marzi &#038; Remy, Deutschland, H\u00f6hr, um 1910, Seidel, K\u00fcnstler unbekannt, Werks.-Nr. 2176, Exemplar Nr. ohne, gemarkt keine Firmenmarke aber 2176 sowie 0,5 L. \u00fcber Eichstrich gepresst, nicht signiert, Literatur: &hellip; <a href=\"http:\/\/museumek.eu\/?page_id=30925\">Weiterlesen <span class=\"meta-nav\">&rarr;<\/span><\/a><\/p>\n","protected":false},"author":1,"featured_media":0,"parent":29153,"menu_order":16,"comment_status":"closed","ping_status":"open","template":"","meta":[],"_links":{"self":[{"href":"http:\/\/museumek.eu\/index.php?rest_route=\/wp\/v2\/pages\/30925"}],"collection":[{"href":"http:\/\/museumek.eu\/index.php?rest_route=\/wp\/v2\/pages"}],"about":[{"href":"http:\/\/museumek.eu\/index.php?rest_route=\/wp\/v2\/types\/page"}],"author":[{"embeddable":true,"href":"http:\/\/museumek.eu\/index.php?rest_route=\/wp\/v2\/users\/1"}],"replies":[{"embeddable":true,"href":"http:\/\/museumek.eu\/index.php?rest_route=%2Fwp%2Fv2%2Fcomments&post=30925"}],"version-history":[{"count":9,"href":"http:\/\/museumek.eu\/index.php?rest_route=\/wp\/v2\/pages\/30925\/revisions"}],"predecessor-version":[{"id":36315,"href":"http:\/\/museumek.eu\/index.php?rest_route=\/wp\/v2\/pages\/30925\/revisions\/36315"}],"up":[{"embeddable":true,"href":"http:\/\/museumek.eu\/index.php?rest_route=\/wp\/v2\/pages\/29153"}],"wp:attachment":[{"href":"http:\/\/museumek.eu\/index.php?rest_route=%2Fwp%2Fv2%2Fmedia&parent=30925"}],"curies":[{"name":"wp","href":"https:\/\/api.w.org\/{rel}","templated":true}]}}