{"id":31019,"date":"2014-05-29T15:51:56","date_gmt":"2014-05-29T13:51:56","guid":{"rendered":"http:\/\/museumek.eu\/?page_id=31019"},"modified":"2014-10-24T21:16:02","modified_gmt":"2014-10-24T19:16:02","slug":"dxlv29","status":"publish","type":"page","link":"http:\/\/museumek.eu\/?page_id=31019","title":{"rendered":"D\/XLV\/29"},"content":{"rendered":"<p><strong>Abteilung Deutschland, Keramik 1860 \u2013 1960, Inventarnummer D\/XLV\/29<\/strong><\/p>\n<p>Steinzeug- &#038; Thonwaarenfabrik, Zinngiesserei &#038; Malerei Reinhold Merkelbach und Nachfolger Steinzeug- und Hartsteingutfabrik, Zinngie\u00dfereien und Malereien Reinhold Merkelbach, Deutschland, Grenzhausen, vor 1900, Seidel, K\u00fcnstler unbekannt, Werks.-Nr. 316, Exemplar Nr. ohne, gemarkt keine Firmenmarke aber Beizeichen sowie \u00bd L. \u00fcber Eichstrich gepresst, 316 (unter dem Henkel) mit gegossen, b (?) geritzt, nicht signiert, Literatur: Gisela Reineking von Bock, Meister der deutschen Keramik, Seite 221 ff., Fabrikbeschreibung, weitere Literatur: J\u00fcrgen Schimanski und J\u00fcrgen Erlebach, Westerw\u00e4lder Steinzeug, Die Neue \u00c4ra, Seite 77 ff., Fabrikbeschreibung, weitere Literatur: Beate Dry-v. Zezschwitz, Westerw\u00e4lder Steinzeug des Jugendstils I, R. Merkelbach Grenzhausen und M\u00fcnchen, Nachdruck der Spezialpreisliste 1905, Seite 31, Beschreibung der Beizeichen, 1845 gr\u00fcndete Wilhelm Merkelbach (1817 \u2013 1859) in Grenzhausen eine Kannenb\u00e4ckerei, wann sich diese zur Steinzeugfabrik weiterentwickelte und wie diese Fabrik firmierte konnte nicht recherchiert werden, nach dem fr\u00fchen Tod von Wilhelm Merkelbach \u00fcbernahm dessen Sohn Wilhelm Reinhold Merkelbach (1847 \u2013 1891) die Fabrik, wie Reinhold Merkelbach direkt nach der \u00dcbernahme firmierte konnte nicht recherchiert werden, sp\u00e4testens ab 1892 firmierte die Fabrik als Steinzeug- &#038; Thonwaarenfabrik, Zinngiesserei &#038; Malerei Reinhold Merkelbach, dies ergibt sich aus dem Preis-Courant des Jahres 1892, seit 1878 hatte die Fabrik ein Fabriklager in M\u00fcnchen, welches ab 1891 als Bierkrugfabrikniederlage, Inh. Tosca Merkelbach, Grenzhausen bezeichnet wurde, nach Reinhold Merkelbachs Tod 1891 f\u00fchrte seine Witwe Tosca Merkelbach die Fabrik weiter, bis die S\u00f6hne Paul Merkelbach (1882 \u2013 1917) und Reinhold Merkelbach (1885 \u2013 1918) am 23.05.1907 die Fabrik \u00fcbernahmen, ab 1905 firmierte die Fabrik als Steinzeug- und Hartsteingutfabrik, Zinngie\u00dfereien und Malereien Reinhold Merkelbach, dies ergibt sich aus der Spezialpreisliste des Jahres 1905, im Zuge der Fabrik\u00fcbergabe an die S\u00f6hne wurde die Niederlage in M\u00fcnchen gel\u00f6scht und daf\u00fcr als selbstst\u00e4ndiges Unternehmen neu gegr\u00fcndet, nach dem beide S\u00f6hne im WK I gefallen waren, \u00fcbernahm wieder Tosca Merkelbach die Leitung der Fabrik, 1911 gr\u00fcndete die Fabrik zusammen mit den Fabriken M\u00fcller, Hanke und Gerz die Steinzeugwerke H\u00f6hr-Grenzhausen GmbH, um sich gegenseitig im Vertrieb und in der Produktion zu bef\u00f6rdern, bis zum Jahre 1918 stiegen die Fabriken M\u00fcller, Hanke und Gerz wieder aus der GmbH aus, Merkelbach \u00fcbernahm viele der Formen der anderen Fabriken und die GmbH ging im Laufe der n\u00e4chsten Jahre in die Steinzeugfabrik Reinhold Merkelbach auf, w\u00e4hrend des Bestehens der GmbH stellten die Fabriken jeweils auch Steinzeuge nach den Formen der anderen Fabriken her, die GmbH hatte keinen eigenen Markenstempel, die Produkte, auch die nach den Formen der anderen Fabriken hergestellten, wurden mit der jeweils eigenen Marke gekennzeichnet soweit \u00fcberhaupt gemarkt worden ist, nach Tosca Merkelbachs Tod f\u00fchrte die Schwiegertochter Gertrud Merkelbach, wohl zusammen mit anderen Verwandten und nicht verwandten Gesch\u00e4ftsf\u00fchrern die Fabrik weiter, 1957 \u00fcbernahm Prof. Reinhold Paul Bernhard Merkelbach (1918 \u2013 2006), ein Enkel von Reinhold Merkelbach, die Leitung der Fabrik, ab 1970 \u00e4nderte die Fabrik mehrmals ihre Firmierung und ab 1971 stieg die Goebel\u2019sche Porzellanfabrik erst mit 50 % sp\u00e4ter dann mit 100 % in die Eigentumsverh\u00e4ltnisse der Fabrik ein, 1988 kauften Familienangeh\u00f6rige der Merkelbachs zusammen mit Investoren die Fabrik zur\u00fcck, ab 1995 bis 2007 leitete die Familienangeh\u00f6rige Judith Engelmann, geb. Merkelbach die Fabrik, 2007 wurde die Produktion aufgegeben und die Steinzeugfabrik Matthias Girmscheid \u00fcbernahm viele der Formen, sowohl Goebel als auch Girmscheid produzierten viele Jugendstilentw\u00fcrfe als Neuauflagen, Herstellerzuordnung: erfolgte durch ein f\u00fcr Reinhold Merkelbach typisches Beizeichen sowie gem\u00e4\u00df der als Muster bestimmten MEK Exemplare D\/XLV\/35 sowie D\/XLV\/36 hinsichtlich des identischen \u00bd Liter Stempels, Seidel MEK D\/XLV\/45 mit fast identischer Dekorgestaltung aber anderen Spruchtexten, H\u00f6he 15,7 cm, Breite 12,5 cm (nur die Keramik)<\/p>\n<p><a href=\"http:\/\/museumek.eu\/?attachment_id=31020\" rel=\"attachment wp-att-31020\"><img loading=\"lazy\" src=\"http:\/\/museumek.eu\/wp-content\/uploads\/2014\/05\/633-131x300.jpg\" alt=\"\" title=\"633\" width=\"131\" height=\"300\" class=\"alignnone size-medium wp-image-31020\" srcset=\"http:\/\/museumek.eu\/wp-content\/uploads\/2014\/05\/633-131x300.jpg 131w, http:\/\/museumek.eu\/wp-content\/uploads\/2014\/05\/633-65x150.jpg 65w, http:\/\/museumek.eu\/wp-content\/uploads\/2014\/05\/633.jpg 326w\" sizes=\"(max-width: 131px) 100vw, 131px\" \/><\/a><\/p>\n<p><a href=\"http:\/\/museumek.eu\/?attachment_id=31021\" rel=\"attachment wp-att-31021\"><img loading=\"lazy\" src=\"http:\/\/museumek.eu\/wp-content\/uploads\/2014\/05\/634-176x300.jpg\" alt=\"\" title=\"634\" width=\"176\" height=\"300\" class=\"alignnone size-medium wp-image-31021\" srcset=\"http:\/\/museumek.eu\/wp-content\/uploads\/2014\/05\/634-176x300.jpg 176w, http:\/\/museumek.eu\/wp-content\/uploads\/2014\/05\/634-88x150.jpg 88w, http:\/\/museumek.eu\/wp-content\/uploads\/2014\/05\/634.jpg 418w\" sizes=\"(max-width: 176px) 100vw, 176px\" \/><\/a><\/p>\n<p><a href=\"http:\/\/museumek.eu\/?attachment_id=31022\" rel=\"attachment wp-att-31022\"><img loading=\"lazy\" src=\"http:\/\/museumek.eu\/wp-content\/uploads\/2014\/05\/635-162x300.jpg\" alt=\"\" title=\"635\" width=\"162\" height=\"300\" class=\"alignnone size-medium wp-image-31022\" srcset=\"http:\/\/museumek.eu\/wp-content\/uploads\/2014\/05\/635-162x300.jpg 162w, http:\/\/museumek.eu\/wp-content\/uploads\/2014\/05\/635-81x150.jpg 81w, http:\/\/museumek.eu\/wp-content\/uploads\/2014\/05\/635.jpg 382w\" sizes=\"(max-width: 162px) 100vw, 162px\" \/><\/a><\/p>\n<p><a href=\"http:\/\/museumek.eu\/?attachment_id=31023\" rel=\"attachment wp-att-31023\"><img loading=\"lazy\" src=\"http:\/\/museumek.eu\/wp-content\/uploads\/2014\/05\/637-300x300.jpg\" alt=\"\" title=\"637\" width=\"300\" height=\"300\" class=\"alignnone size-medium wp-image-31023\" srcset=\"http:\/\/museumek.eu\/wp-content\/uploads\/2014\/05\/637-300x300.jpg 300w, http:\/\/museumek.eu\/wp-content\/uploads\/2014\/05\/637-150x150.jpg 150w, http:\/\/museumek.eu\/wp-content\/uploads\/2014\/05\/637-299x300.jpg 299w, http:\/\/museumek.eu\/wp-content\/uploads\/2014\/05\/637.jpg 600w\" sizes=\"(max-width: 300px) 100vw, 300px\" \/><\/a><\/p>\n<p><a href=\"http:\/\/museumek.eu\/?attachment_id=31024\" rel=\"attachment wp-att-31024\"><img loading=\"lazy\" src=\"http:\/\/museumek.eu\/wp-content\/uploads\/2014\/05\/638-256x300.jpg\" alt=\"\" title=\"638\" width=\"256\" height=\"300\" class=\"alignnone size-medium wp-image-31024\" srcset=\"http:\/\/museumek.eu\/wp-content\/uploads\/2014\/05\/638-256x300.jpg 256w, http:\/\/museumek.eu\/wp-content\/uploads\/2014\/05\/638-128x150.jpg 128w, http:\/\/museumek.eu\/wp-content\/uploads\/2014\/05\/638.jpg 391w\" sizes=\"(max-width: 256px) 100vw, 256px\" \/><\/a><\/p>\n","protected":false},"excerpt":{"rendered":"<p>Abteilung Deutschland, Keramik 1860 \u2013 1960, Inventarnummer D\/XLV\/29 Steinzeug- &#038; Thonwaarenfabrik, Zinngiesserei &#038; Malerei Reinhold Merkelbach und Nachfolger Steinzeug- und Hartsteingutfabrik, Zinngie\u00dfereien und Malereien Reinhold Merkelbach, Deutschland, Grenzhausen, vor 1900, Seidel, K\u00fcnstler unbekannt, Werks.-Nr. 316, Exemplar Nr. ohne, gemarkt keine &hellip; <a href=\"http:\/\/museumek.eu\/?page_id=31019\">Weiterlesen <span class=\"meta-nav\">&rarr;<\/span><\/a><\/p>\n","protected":false},"author":1,"featured_media":0,"parent":27390,"menu_order":29,"comment_status":"closed","ping_status":"open","template":"","meta":[],"_links":{"self":[{"href":"http:\/\/museumek.eu\/index.php?rest_route=\/wp\/v2\/pages\/31019"}],"collection":[{"href":"http:\/\/museumek.eu\/index.php?rest_route=\/wp\/v2\/pages"}],"about":[{"href":"http:\/\/museumek.eu\/index.php?rest_route=\/wp\/v2\/types\/page"}],"author":[{"embeddable":true,"href":"http:\/\/museumek.eu\/index.php?rest_route=\/wp\/v2\/users\/1"}],"replies":[{"embeddable":true,"href":"http:\/\/museumek.eu\/index.php?rest_route=%2Fwp%2Fv2%2Fcomments&post=31019"}],"version-history":[{"count":10,"href":"http:\/\/museumek.eu\/index.php?rest_route=\/wp\/v2\/pages\/31019\/revisions"}],"predecessor-version":[{"id":33953,"href":"http:\/\/museumek.eu\/index.php?rest_route=\/wp\/v2\/pages\/31019\/revisions\/33953"}],"up":[{"embeddable":true,"href":"http:\/\/museumek.eu\/index.php?rest_route=\/wp\/v2\/pages\/27390"}],"wp:attachment":[{"href":"http:\/\/museumek.eu\/index.php?rest_route=%2Fwp%2Fv2%2Fmedia&parent=31019"}],"curies":[{"name":"wp","href":"https:\/\/api.w.org\/{rel}","templated":true}]}}