{"id":31060,"date":"2014-05-29T21:29:26","date_gmt":"2014-05-29T19:29:26","guid":{"rendered":"http:\/\/museumek.eu\/?page_id=31060"},"modified":"2014-05-29T21:29:26","modified_gmt":"2014-05-29T19:29:26","slug":"kurzbiografie-und-inventar-zum-kunstler","status":"publish","type":"page","link":"http:\/\/museumek.eu\/?page_id=31060","title":{"rendered":"Kurzbiografie und Inventar zum K\u00fcnstler"},"content":{"rendered":"<p>Georg Christian Warth wurde am 21.04 oder am 08.05.1936 in Birkenfeld geboren. Er starb wohl 1890. Der Sterbeort konnte nicht recherchiert werden. Warth war ab 1856 bis zu seinem Tode f\u00fcr Villeroy &#038; Boch in Mettlch als Entwerfer und Modelleur t\u00e4tig. Er war einer der bedeutensten Steingutmodelleure des 1900 Jahrhunderts und seine Entw\u00fcrfe wurden auf mehreren Weltausstellungen mit Goldmedaillen pr\u00e4miert.<\/p>\n<p><strong>Abteilung Deutschland, Keramik 1860 \u2013 1960, Inventarnummer D\/VIII\/34<\/strong><\/p>\n<p>Villeroy &#038; Boch, Deutschland, Mettlach, 1885, Seidel, K\u00fcnstler Georg Christian Warth, Werks.-Nr. 1533 (Formnummer), Exemplar Nr. ohne, gemarkt Firmenmarke mit Turm, Ovalstempel mit Villeroy &#038; Boch (oberer Halbkreis), Patent (mittig), Mettlach (unterer Halbkreis), 1533, 11. (Qualit\u00e4tskontrollnummer), 85 in einem Rechteck (Jahr 1885), L (?) sowie \u00bd L neben schwarz gemaltem Eichstrich gepresst, signiert C. Warth (C. schwer lesbar), Literatur: Gary Kirsner, The Mettlach Book, Seite 18, Abbildungen der Turmmarke identisch, Seite 23, Erkl\u00e4rungen der Bodenbezeichnungen, Seite 42, Abbildung 21, identisches Motiv sowie beschrieben, dass diese Hand geritzten Kr\u00fcge als Tapisseriekr\u00fcge bezeichnet werden, Seite 48, \u00e4hnliche Signaturen von Christian Warth, Seite 74, unter Nummer 1533 Abbildung des identischen Motivs, 0,5 L Krug sowie Seite 464, Erkl\u00e4rung Tapisserie: Tapisserie\u00e4hnliches Feld mit farbigem Design, Ausf\u00fchrung Hand geritzt und Hand bemalt, H\u00f6he 11,3 cm, Breite 13 cm<\/p>\n<p><a href=\"http:\/\/museumek.eu\/?attachment_id=31042\" rel=\"attachment wp-att-31042\"><img loading=\"lazy\" src=\"http:\/\/museumek.eu\/wp-content\/uploads\/2014\/05\/244-269x300.jpg\" alt=\"\" title=\"244\" width=\"269\" height=\"300\" class=\"alignnone size-medium wp-image-31042\" srcset=\"http:\/\/museumek.eu\/wp-content\/uploads\/2014\/05\/244-269x300.jpg 269w, http:\/\/museumek.eu\/wp-content\/uploads\/2014\/05\/244-134x150.jpg 134w, http:\/\/museumek.eu\/wp-content\/uploads\/2014\/05\/244.jpg 511w\" sizes=\"(max-width: 269px) 100vw, 269px\" \/><\/a><\/p>\n<p><a href=\"http:\/\/museumek.eu\/?attachment_id=31043\" rel=\"attachment wp-att-31043\"><img loading=\"lazy\" src=\"http:\/\/museumek.eu\/wp-content\/uploads\/2014\/05\/245-290x300.jpg\" alt=\"\" title=\"245\" width=\"290\" height=\"300\" class=\"alignnone size-medium wp-image-31043\" srcset=\"http:\/\/museumek.eu\/wp-content\/uploads\/2014\/05\/245-290x300.jpg 290w, http:\/\/museumek.eu\/wp-content\/uploads\/2014\/05\/245-145x150.jpg 145w, http:\/\/museumek.eu\/wp-content\/uploads\/2014\/05\/245.jpg 513w\" sizes=\"(max-width: 290px) 100vw, 290px\" \/><\/a><\/p>\n<p><a href=\"http:\/\/museumek.eu\/?attachment_id=31044\" rel=\"attachment wp-att-31044\"><img loading=\"lazy\" src=\"http:\/\/museumek.eu\/wp-content\/uploads\/2014\/05\/246-296x300.jpg\" alt=\"\" title=\"246\" width=\"296\" height=\"300\" class=\"alignnone size-medium wp-image-31044\" srcset=\"http:\/\/museumek.eu\/wp-content\/uploads\/2014\/05\/246-296x300.jpg 296w, http:\/\/museumek.eu\/wp-content\/uploads\/2014\/05\/246-148x150.jpg 148w, http:\/\/museumek.eu\/wp-content\/uploads\/2014\/05\/246.jpg 504w\" sizes=\"(max-width: 296px) 100vw, 296px\" \/><\/a><\/p>\n<p><a href=\"http:\/\/museumek.eu\/?attachment_id=31045\" rel=\"attachment wp-att-31045\"><img loading=\"lazy\" src=\"http:\/\/museumek.eu\/wp-content\/uploads\/2014\/05\/247-275x300.jpg\" alt=\"\" title=\"247\" width=\"275\" height=\"300\" class=\"alignnone size-medium wp-image-31045\" srcset=\"http:\/\/museumek.eu\/wp-content\/uploads\/2014\/05\/247-275x300.jpg 275w, http:\/\/museumek.eu\/wp-content\/uploads\/2014\/05\/247-137x150.jpg 137w, http:\/\/museumek.eu\/wp-content\/uploads\/2014\/05\/247.jpg 446w\" sizes=\"(max-width: 275px) 100vw, 275px\" \/><\/a><\/p>\n<p><a href=\"http:\/\/museumek.eu\/?attachment_id=31046\" rel=\"attachment wp-att-31046\"><img loading=\"lazy\" src=\"http:\/\/museumek.eu\/wp-content\/uploads\/2014\/05\/248-254x300.jpg\" alt=\"\" title=\"248\" width=\"254\" height=\"300\" class=\"alignnone size-medium wp-image-31046\" srcset=\"http:\/\/museumek.eu\/wp-content\/uploads\/2014\/05\/248-254x300.jpg 254w, http:\/\/museumek.eu\/wp-content\/uploads\/2014\/05\/248-127x150.jpg 127w, http:\/\/museumek.eu\/wp-content\/uploads\/2014\/05\/248.jpg 448w\" sizes=\"(max-width: 254px) 100vw, 254px\" \/><\/a><\/p>\n<p><a href=\"http:\/\/museumek.eu\/?attachment_id=31048\" rel=\"attachment wp-att-31048\"><img loading=\"lazy\" src=\"http:\/\/museumek.eu\/wp-content\/uploads\/2014\/05\/249-300x250.jpg\" alt=\"\" title=\"249\" width=\"300\" height=\"250\" class=\"alignnone size-medium wp-image-31048\" srcset=\"http:\/\/museumek.eu\/wp-content\/uploads\/2014\/05\/249-300x250.jpg 300w, http:\/\/museumek.eu\/wp-content\/uploads\/2014\/05\/249-150x125.jpg 150w, http:\/\/museumek.eu\/wp-content\/uploads\/2014\/05\/249-359x300.jpg 359w, http:\/\/museumek.eu\/wp-content\/uploads\/2014\/05\/249.jpg 435w\" sizes=\"(max-width: 300px) 100vw, 300px\" \/><\/a><\/p>\n<p><a href=\"http:\/\/museumek.eu\/?attachment_id=31049\" rel=\"attachment wp-att-31049\"><img loading=\"lazy\" src=\"http:\/\/museumek.eu\/wp-content\/uploads\/2014\/05\/250-222x300.jpg\" alt=\"\" title=\"250\" width=\"222\" height=\"300\" class=\"alignnone size-medium wp-image-31049\" srcset=\"http:\/\/museumek.eu\/wp-content\/uploads\/2014\/05\/250-222x300.jpg 222w, http:\/\/museumek.eu\/wp-content\/uploads\/2014\/05\/250-111x150.jpg 111w, http:\/\/museumek.eu\/wp-content\/uploads\/2014\/05\/250.jpg 337w\" sizes=\"(max-width: 222px) 100vw, 222px\" \/><\/a><\/p>\n","protected":false},"excerpt":{"rendered":"<p>Georg Christian Warth wurde am 21.04 oder am 08.05.1936 in Birkenfeld geboren. Er starb wohl 1890. Der Sterbeort konnte nicht recherchiert werden. Warth war ab 1856 bis zu seinem Tode f\u00fcr Villeroy &#038; Boch in Mettlch als Entwerfer und Modelleur &hellip; <a href=\"http:\/\/museumek.eu\/?page_id=31060\">Weiterlesen <span class=\"meta-nav\">&rarr;<\/span><\/a><\/p>\n","protected":false},"author":1,"featured_media":0,"parent":31057,"menu_order":1,"comment_status":"closed","ping_status":"open","template":"","meta":[],"_links":{"self":[{"href":"http:\/\/museumek.eu\/index.php?rest_route=\/wp\/v2\/pages\/31060"}],"collection":[{"href":"http:\/\/museumek.eu\/index.php?rest_route=\/wp\/v2\/pages"}],"about":[{"href":"http:\/\/museumek.eu\/index.php?rest_route=\/wp\/v2\/types\/page"}],"author":[{"embeddable":true,"href":"http:\/\/museumek.eu\/index.php?rest_route=\/wp\/v2\/users\/1"}],"replies":[{"embeddable":true,"href":"http:\/\/museumek.eu\/index.php?rest_route=%2Fwp%2Fv2%2Fcomments&post=31060"}],"version-history":[{"count":4,"href":"http:\/\/museumek.eu\/index.php?rest_route=\/wp\/v2\/pages\/31060\/revisions"}],"predecessor-version":[{"id":31064,"href":"http:\/\/museumek.eu\/index.php?rest_route=\/wp\/v2\/pages\/31060\/revisions\/31064"}],"up":[{"embeddable":true,"href":"http:\/\/museumek.eu\/index.php?rest_route=\/wp\/v2\/pages\/31057"}],"wp:attachment":[{"href":"http:\/\/museumek.eu\/index.php?rest_route=%2Fwp%2Fv2%2Fmedia&parent=31060"}],"curies":[{"name":"wp","href":"https:\/\/api.w.org\/{rel}","templated":true}]}}