{"id":31094,"date":"2014-05-29T22:13:57","date_gmt":"2014-05-29T20:13:57","guid":{"rendered":"http:\/\/museumek.eu\/?page_id=31094"},"modified":"2020-06-11T20:29:11","modified_gmt":"2020-06-11T18:29:11","slug":"dviii36","status":"publish","type":"page","link":"http:\/\/museumek.eu\/?page_id=31094","title":{"rendered":"D\/VIII\/36"},"content":{"rendered":"<p><strong>Abteilung Deutschland, Keramik 1860 \u2013 1960, Inventarnummer D\/VIII\/36<\/strong><\/p>\n<p>Manufaktur Villeroy &#038; Boch, Deutschland, Dresden, um 1910, Kuchenplatte Winterlandschaft am See, K\u00fcnstler unbekannt, Werks.-Nr. 2801 (Dekorbezeichnung), Exemplar Nr. ohne, gemarkt Firmenmarke mit VB ligiert (f\u00fcr Villeroy &#038; Boch) in einem kunstvollem D (f\u00fcr Dresden) brauner Stempel unter Glasur (dieser Stempel wurde nach Auskunft von Frau Ester Schneider, Direktorin des Mettlach Museums, als registriertes Warenzeichen Nr. 1972 in der Zeit vom 19.10.1887 bis 15.06.1934 f\u00fcr Kunstkeramiken im Zweigwerk Dresden verwendet), nicht signiert, Literatur: Otto Pelka, Keramik der Neuzeit, Markentafel II, Marke Nr. 22 identisch, weitere Literatur, Edgar Pelichet, Jugendstil Keramik, Seite 188, Marke da verzeichnet, weitere Literatur: Th\u00e9r\u00e8se Thomas, Villeroy &#038; Boch 1748 &#8211; 1930, Keramik aus der Produktion zweier Jahrhunderte, Ausstellung Rijksmuseum Amsterdam 09.12.1977 &#8211; 19.02.1978, Marken\u00fcbersicht Dresden, Marke Typ C identisch, weitere Literatur: Dieter Z\u00fchlsdorf, Markenlexikon Band 1, Porzellan und Keramik Report 1885 &#8211; 1935, Seite 120, Werkteil-Nummer 1, Gruppennummer 1., fortlaufende Nummer innerhalb der Gruppe 2588 Marke identisch sowie Seite 493, Werkteil-Nummer 3, fortlaufende Nummer des Werkteils 285, kurze Beschreibung der Manufaktur, Ausf\u00fchrung als Kuchenplatte mit Metallrahmen, dieser mit zwei Handhaben, Metallrahmen nicht bezeichnet, Durchmesser 30 cm (nur die Keramik)<\/p>\n<p><a href=\"http:\/\/museumek.eu\/?attachment_id=31095\" rel=\"attachment wp-att-31095\"><img loading=\"lazy\" src=\"http:\/\/museumek.eu\/wp-content\/uploads\/2014\/05\/628-300x223.jpg\" alt=\"\" title=\"628\" width=\"300\" height=\"223\" class=\"alignnone size-medium wp-image-31095\" srcset=\"http:\/\/museumek.eu\/wp-content\/uploads\/2014\/05\/628-300x223.jpg 300w, http:\/\/museumek.eu\/wp-content\/uploads\/2014\/05\/628-150x111.jpg 150w, http:\/\/museumek.eu\/wp-content\/uploads\/2014\/05\/628-403x300.jpg 403w, http:\/\/museumek.eu\/wp-content\/uploads\/2014\/05\/628.jpg 727w\" sizes=\"(max-width: 300px) 100vw, 300px\" \/><\/a><\/p>\n<p><a href=\"http:\/\/museumek.eu\/?attachment_id=31096\" rel=\"attachment wp-att-31096\"><img loading=\"lazy\" src=\"http:\/\/museumek.eu\/wp-content\/uploads\/2014\/05\/629-300x225.jpg\" alt=\"\" title=\"629\" width=\"300\" height=\"225\" class=\"alignnone size-medium wp-image-31096\" srcset=\"http:\/\/museumek.eu\/wp-content\/uploads\/2014\/05\/629-300x225.jpg 300w, http:\/\/museumek.eu\/wp-content\/uploads\/2014\/05\/629-150x112.jpg 150w, http:\/\/museumek.eu\/wp-content\/uploads\/2014\/05\/629-400x300.jpg 400w, http:\/\/museumek.eu\/wp-content\/uploads\/2014\/05\/629.jpg 800w\" sizes=\"(max-width: 300px) 100vw, 300px\" \/><\/a><\/p>\n<p><a href=\"http:\/\/museumek.eu\/?attachment_id=31097\" rel=\"attachment wp-att-31097\"><img loading=\"lazy\" src=\"http:\/\/museumek.eu\/wp-content\/uploads\/2014\/05\/630-300x228.jpg\" alt=\"\" title=\"630\" width=\"300\" height=\"228\" class=\"alignnone size-medium wp-image-31097\" srcset=\"http:\/\/museumek.eu\/wp-content\/uploads\/2014\/05\/630-300x228.jpg 300w, http:\/\/museumek.eu\/wp-content\/uploads\/2014\/05\/630-150x114.jpg 150w, http:\/\/museumek.eu\/wp-content\/uploads\/2014\/05\/630-393x300.jpg 393w, http:\/\/museumek.eu\/wp-content\/uploads\/2014\/05\/630.jpg 713w\" sizes=\"(max-width: 300px) 100vw, 300px\" \/><\/a><\/p>\n<p><a href=\"http:\/\/museumek.eu\/?attachment_id=31098\" rel=\"attachment wp-att-31098\"><img loading=\"lazy\" src=\"http:\/\/museumek.eu\/wp-content\/uploads\/2014\/05\/631-300x286.jpg\" alt=\"\" title=\"631\" width=\"300\" height=\"286\" class=\"alignnone size-medium wp-image-31098\" srcset=\"http:\/\/museumek.eu\/wp-content\/uploads\/2014\/05\/631-300x286.jpg 300w, http:\/\/museumek.eu\/wp-content\/uploads\/2014\/05\/631-150x143.jpg 150w, http:\/\/museumek.eu\/wp-content\/uploads\/2014\/05\/631-314x300.jpg 314w, http:\/\/museumek.eu\/wp-content\/uploads\/2014\/05\/631.jpg 468w\" sizes=\"(max-width: 300px) 100vw, 300px\" \/><\/a><\/p>\n<p><a href=\"http:\/\/museumek.eu\/?attachment_id=31099\" rel=\"attachment wp-att-31099\"><img loading=\"lazy\" src=\"http:\/\/museumek.eu\/wp-content\/uploads\/2014\/05\/632-300x205.jpg\" alt=\"\" title=\"632\" width=\"300\" height=\"205\" class=\"alignnone size-medium wp-image-31099\" srcset=\"http:\/\/museumek.eu\/wp-content\/uploads\/2014\/05\/632-300x205.jpg 300w, http:\/\/museumek.eu\/wp-content\/uploads\/2014\/05\/632-150x102.jpg 150w, http:\/\/museumek.eu\/wp-content\/uploads\/2014\/05\/632-438x300.jpg 438w, http:\/\/museumek.eu\/wp-content\/uploads\/2014\/05\/632.jpg 531w\" sizes=\"(max-width: 300px) 100vw, 300px\" \/><\/a><\/p>\n","protected":false},"excerpt":{"rendered":"<p>Abteilung Deutschland, Keramik 1860 \u2013 1960, Inventarnummer D\/VIII\/36 Manufaktur Villeroy &#038; Boch, Deutschland, Dresden, um 1910, Kuchenplatte Winterlandschaft am See, K\u00fcnstler unbekannt, Werks.-Nr. 2801 (Dekorbezeichnung), Exemplar Nr. ohne, gemarkt Firmenmarke mit VB ligiert (f\u00fcr Villeroy &#038; Boch) in einem kunstvollem &hellip; <a href=\"http:\/\/museumek.eu\/?page_id=31094\">Weiterlesen <span class=\"meta-nav\">&rarr;<\/span><\/a><\/p>\n","protected":false},"author":1,"featured_media":0,"parent":20352,"menu_order":36,"comment_status":"closed","ping_status":"open","template":"","meta":[],"_links":{"self":[{"href":"http:\/\/museumek.eu\/index.php?rest_route=\/wp\/v2\/pages\/31094"}],"collection":[{"href":"http:\/\/museumek.eu\/index.php?rest_route=\/wp\/v2\/pages"}],"about":[{"href":"http:\/\/museumek.eu\/index.php?rest_route=\/wp\/v2\/types\/page"}],"author":[{"embeddable":true,"href":"http:\/\/museumek.eu\/index.php?rest_route=\/wp\/v2\/users\/1"}],"replies":[{"embeddable":true,"href":"http:\/\/museumek.eu\/index.php?rest_route=%2Fwp%2Fv2%2Fcomments&post=31094"}],"version-history":[{"count":6,"href":"http:\/\/museumek.eu\/index.php?rest_route=\/wp\/v2\/pages\/31094\/revisions"}],"predecessor-version":[{"id":47407,"href":"http:\/\/museumek.eu\/index.php?rest_route=\/wp\/v2\/pages\/31094\/revisions\/47407"}],"up":[{"embeddable":true,"href":"http:\/\/museumek.eu\/index.php?rest_route=\/wp\/v2\/pages\/20352"}],"wp:attachment":[{"href":"http:\/\/museumek.eu\/index.php?rest_route=%2Fwp%2Fv2%2Fmedia&parent=31094"}],"curies":[{"name":"wp","href":"https:\/\/api.w.org\/{rel}","templated":true}]}}