{"id":31127,"date":"2014-05-30T18:37:32","date_gmt":"2014-05-30T16:37:32","guid":{"rendered":"http:\/\/museumek.eu\/?page_id=31127"},"modified":"2014-07-25T19:57:05","modified_gmt":"2014-07-25T17:57:05","slug":"dlxxxii18","status":"publish","type":"page","link":"http:\/\/museumek.eu\/?page_id=31127","title":{"rendered":"D\/LXXXII\/18"},"content":{"rendered":"<p><strong>Abteilung Deutschland, Keramik 1860 \u2013 1960, Inventarnummer D\/LXXXII\/18<\/strong><\/p>\n<p>Westerw\u00e4lder Steinzeug ohne Fabrikzuordnung, Deutschland, Westerwald, vor\/um 1922, Seidel, K\u00fcnstler unbekannt, Werks.-Nr. ohne, Exemplar Nr. ohne, gemarkt keine Fabrikmarke oder sonstigen Kennzeichnungen, auch keine Literung, nicht signiert, ein auf einem Krug angebrachtes H stellt sicher keine Signatur dar, sondern bildet nur den ersten Buchstaben von HB (Hofbra\u00fc, Hofbr\u00e4uhaus M\u00fcnchen) ab, Zinndeckelgravur datiert auf 1922, muss aber nicht dem Herstellungsjahr des Seidels entsprechen, kann auch erst 1922 aufgebracht worden sein, die Farbgebung, die Form sowie die H\u00f6he und Breite des Seidels sind mit dem MEK Exemplar D\/LXXXII\/17 identisch, vermuteter Hersteller Albert Jacob Thewalt, Fabrik fein verzierter Steinzeugwaren, vermutetes Herstellungsjahr vor 1900, H\u00f6he 15,7 cm, Breite 12,5 cm (nur die Keramik)<\/p>\n<p><a href=\"http:\/\/museumek.eu\/?attachment_id=31128\" rel=\"attachment wp-att-31128\"><img loading=\"lazy\" src=\"http:\/\/museumek.eu\/wp-content\/uploads\/2014\/05\/645-142x300.jpg\" alt=\"\" title=\"645\" width=\"142\" height=\"300\" class=\"alignnone size-medium wp-image-31128\" srcset=\"http:\/\/museumek.eu\/wp-content\/uploads\/2014\/05\/645-142x300.jpg 142w, http:\/\/museumek.eu\/wp-content\/uploads\/2014\/05\/645-71x150.jpg 71w, http:\/\/museumek.eu\/wp-content\/uploads\/2014\/05\/645.jpg 342w\" sizes=\"(max-width: 142px) 100vw, 142px\" \/><\/a><\/p>\n<p><a href=\"http:\/\/museumek.eu\/?attachment_id=31129\" rel=\"attachment wp-att-31129\"><img loading=\"lazy\" src=\"http:\/\/museumek.eu\/wp-content\/uploads\/2014\/05\/646-182x300.jpg\" alt=\"\" title=\"646\" width=\"182\" height=\"300\" class=\"alignnone size-medium wp-image-31129\" srcset=\"http:\/\/museumek.eu\/wp-content\/uploads\/2014\/05\/646-182x300.jpg 182w, http:\/\/museumek.eu\/wp-content\/uploads\/2014\/05\/646-91x150.jpg 91w, http:\/\/museumek.eu\/wp-content\/uploads\/2014\/05\/646.jpg 434w\" sizes=\"(max-width: 182px) 100vw, 182px\" \/><\/a><\/p>\n<p><a href=\"http:\/\/museumek.eu\/?attachment_id=31130\" rel=\"attachment wp-att-31130\"><img loading=\"lazy\" src=\"http:\/\/museumek.eu\/wp-content\/uploads\/2014\/05\/647-195x300.jpg\" alt=\"\" title=\"647\" width=\"195\" height=\"300\" class=\"alignnone size-medium wp-image-31130\" srcset=\"http:\/\/museumek.eu\/wp-content\/uploads\/2014\/05\/647-195x300.jpg 195w, http:\/\/museumek.eu\/wp-content\/uploads\/2014\/05\/647-97x150.jpg 97w, http:\/\/museumek.eu\/wp-content\/uploads\/2014\/05\/647.jpg 475w\" sizes=\"(max-width: 195px) 100vw, 195px\" \/><\/a><\/p>\n<p><a href=\"http:\/\/museumek.eu\/?attachment_id=31131\" rel=\"attachment wp-att-31131\"><img loading=\"lazy\" src=\"http:\/\/museumek.eu\/wp-content\/uploads\/2014\/05\/648-232x300.jpg\" alt=\"\" title=\"648\" width=\"232\" height=\"300\" class=\"alignnone size-medium wp-image-31131\" srcset=\"http:\/\/museumek.eu\/wp-content\/uploads\/2014\/05\/648-232x300.jpg 232w, http:\/\/museumek.eu\/wp-content\/uploads\/2014\/05\/648-116x150.jpg 116w, http:\/\/museumek.eu\/wp-content\/uploads\/2014\/05\/648.jpg 600w\" sizes=\"(max-width: 232px) 100vw, 232px\" \/><\/a><\/p>\n<p><a href=\"http:\/\/museumek.eu\/?attachment_id=31132\" rel=\"attachment wp-att-31132\"><img loading=\"lazy\" src=\"http:\/\/museumek.eu\/wp-content\/uploads\/2014\/05\/649-300x134.jpg\" alt=\"\" title=\"649\" width=\"300\" height=\"134\" class=\"alignnone size-medium wp-image-31132\" srcset=\"http:\/\/museumek.eu\/wp-content\/uploads\/2014\/05\/649-300x134.jpg 300w, http:\/\/museumek.eu\/wp-content\/uploads\/2014\/05\/649-150x67.jpg 150w, http:\/\/museumek.eu\/wp-content\/uploads\/2014\/05\/649-500x224.jpg 500w, http:\/\/museumek.eu\/wp-content\/uploads\/2014\/05\/649.jpg 678w\" sizes=\"(max-width: 300px) 100vw, 300px\" \/><\/a><\/p>\n","protected":false},"excerpt":{"rendered":"<p>Abteilung Deutschland, Keramik 1860 \u2013 1960, Inventarnummer D\/LXXXII\/18 Westerw\u00e4lder Steinzeug ohne Fabrikzuordnung, Deutschland, Westerwald, vor\/um 1922, Seidel, K\u00fcnstler unbekannt, Werks.-Nr. ohne, Exemplar Nr. ohne, gemarkt keine Fabrikmarke oder sonstigen Kennzeichnungen, auch keine Literung, nicht signiert, ein auf einem Krug angebrachtes &hellip; <a href=\"http:\/\/museumek.eu\/?page_id=31127\">Weiterlesen <span class=\"meta-nav\">&rarr;<\/span><\/a><\/p>\n","protected":false},"author":1,"featured_media":0,"parent":27686,"menu_order":18,"comment_status":"closed","ping_status":"open","template":"","meta":[],"_links":{"self":[{"href":"http:\/\/museumek.eu\/index.php?rest_route=\/wp\/v2\/pages\/31127"}],"collection":[{"href":"http:\/\/museumek.eu\/index.php?rest_route=\/wp\/v2\/pages"}],"about":[{"href":"http:\/\/museumek.eu\/index.php?rest_route=\/wp\/v2\/types\/page"}],"author":[{"embeddable":true,"href":"http:\/\/museumek.eu\/index.php?rest_route=\/wp\/v2\/users\/1"}],"replies":[{"embeddable":true,"href":"http:\/\/museumek.eu\/index.php?rest_route=%2Fwp%2Fv2%2Fcomments&post=31127"}],"version-history":[{"count":8,"href":"http:\/\/museumek.eu\/index.php?rest_route=\/wp\/v2\/pages\/31127\/revisions"}],"predecessor-version":[{"id":32266,"href":"http:\/\/museumek.eu\/index.php?rest_route=\/wp\/v2\/pages\/31127\/revisions\/32266"}],"up":[{"embeddable":true,"href":"http:\/\/museumek.eu\/index.php?rest_route=\/wp\/v2\/pages\/27686"}],"wp:attachment":[{"href":"http:\/\/museumek.eu\/index.php?rest_route=%2Fwp%2Fv2%2Fmedia&parent=31127"}],"curies":[{"name":"wp","href":"https:\/\/api.w.org\/{rel}","templated":true}]}}