{"id":31141,"date":"2014-05-30T20:45:27","date_gmt":"2014-05-30T18:45:27","guid":{"rendered":"http:\/\/museumek.eu\/?page_id=31141"},"modified":"2014-05-30T20:48:25","modified_gmt":"2014-05-30T18:48:25","slug":"dxxxix2","status":"publish","type":"page","link":"http:\/\/museumek.eu\/?page_id=31141","title":{"rendered":"D\/XXXIX\/2"},"content":{"rendered":"<p><strong>Abteilung Deutschland, Keramik 1860 \u2013 1960, Inventarnummer D\/XXXIX\/2<\/strong><\/p>\n<p>Eckhardt &#038; Engler Steinzeugwarenfabrik vormals Eckhardt &#038; Engler Fabrik und Export beschlagener Bierkr\u00fcge und Gl\u00e4ser, Deutschland, H\u00f6hr, ab 1914, Seidel, K\u00fcnstler unbekannt, Werks.-Nr. 1421, Exemplar Nr. ohne, gemarkt Firmenmarke mit E, daran gespiegeltes E (f\u00fcr Eckhardt &#038; Engler), darunter H (f\u00fcr H\u00f6hr) in einem senkrechten Oval sowie 1421 gepresst, 1421 unter dem Henkel mitgegossen, nicht signiert, Literatur: Beate Dry-v. Zezschwitz, Westerw\u00e4lder Steinzeug des Jugendstils IV, Rosskopf &#038; Gerz, Seite 8, zeitlicher Nachweis des Produktionsbeginns, Nachweis der Formen\u00fcbernahme von der Firma Rosskopf &#038; Gerz Fabrik feiner Steinzeugwaren sowie Seite 10, Abbildung der identischen Firmenmarke, weitere Literatur: J\u00fcrgen Schimanski, Braun geflammt und grau gesalzen, Seite 196, Beschreibung der Fabrik sowie Marke Nr. 46 identisch, Peter Eckhardt und Ernst Johann Engler gr\u00fcndeten 1898 eine Handelsunternehmen in H\u00f6hr, vertrieben wurde auch Steinzeug, laut einer Annonce aus dem Jahre 1907 nannte sich die Firma Eckhardt &#038; Engler Fabrik und Export beschlagener Bierkr\u00fcge und Gl\u00e4ser, in der Fabrik gab es eine eigene Malerei und Zinngie\u00dferei, insofern ist davon auszugehen, dass Rohlinge der Westerw\u00e4lder Steinzeugindustrie angekauft und in einer \u00fcber die Handelst\u00e4tigkeit hinausgehenden eigenen Fabrik verziert und mit eigenen Zinnmonturen mit Deckeln versehen worden sind, ab 1907 wurden nachweislich auch Fabrikate der Firma Rosskopf &#038; Gerz Fabrik feiner Steinzeugwaren vertrieben, ab 1914 stellte die Firma auch Steinzeug in einer zugekauften Eulerei her, ab 1918 wurden Formen der in Konkurs befindlichen Firma Rosskopf &#038; Gerz Fabrik feiner Steinzeugwaren \u00fcbernommen, ab 1921 firmierte die Fabrik laut einer Annonce als Eckhardt &#038; Engler Steinzeugwarenfabrik, 1922\/1923 \u00fcbernahm die Fabrik alle Formen von Rosskopf &#038; Gerz, neben Werksentw\u00fcrfen kaufte die Fabrik auch Entw\u00fcrfe von Albin M\u00fcller, Karl G\u00f6rig, Leonhard Hellmuth und Bruno Mauder an, die Fabrik bestand bis 1971, H\u00f6he 11,5 cm, Breite 15 cm<\/p>\n<p><a href=\"http:\/\/museumek.eu\/?attachment_id=31142\" rel=\"attachment wp-att-31142\"><img loading=\"lazy\" src=\"http:\/\/museumek.eu\/wp-content\/uploads\/2014\/05\/650-237x300.jpg\" alt=\"\" title=\"650\" width=\"237\" height=\"300\" class=\"alignnone size-medium wp-image-31142\" srcset=\"http:\/\/museumek.eu\/wp-content\/uploads\/2014\/05\/650-237x300.jpg 237w, http:\/\/museumek.eu\/wp-content\/uploads\/2014\/05\/650-118x150.jpg 118w, http:\/\/museumek.eu\/wp-content\/uploads\/2014\/05\/650.jpg 437w\" sizes=\"(max-width: 237px) 100vw, 237px\" \/><\/a><\/p>\n<p><a href=\"http:\/\/museumek.eu\/?attachment_id=31143\" rel=\"attachment wp-att-31143\"><img loading=\"lazy\" src=\"http:\/\/museumek.eu\/wp-content\/uploads\/2014\/05\/651-300x289.jpg\" alt=\"\" title=\"651\" width=\"300\" height=\"289\" class=\"alignnone size-medium wp-image-31143\" srcset=\"http:\/\/museumek.eu\/wp-content\/uploads\/2014\/05\/651-300x289.jpg 300w, http:\/\/museumek.eu\/wp-content\/uploads\/2014\/05\/651-150x144.jpg 150w, http:\/\/museumek.eu\/wp-content\/uploads\/2014\/05\/651-310x300.jpg 310w, http:\/\/museumek.eu\/wp-content\/uploads\/2014\/05\/651.jpg 544w\" sizes=\"(max-width: 300px) 100vw, 300px\" \/><\/a><\/p>\n<p><a href=\"http:\/\/museumek.eu\/?attachment_id=31144\" rel=\"attachment wp-att-31144\"><img loading=\"lazy\" src=\"http:\/\/museumek.eu\/wp-content\/uploads\/2014\/05\/653-300x261.jpg\" alt=\"\" title=\"653\" width=\"300\" height=\"261\" class=\"alignnone size-medium wp-image-31144\" srcset=\"http:\/\/museumek.eu\/wp-content\/uploads\/2014\/05\/653-300x261.jpg 300w, http:\/\/museumek.eu\/wp-content\/uploads\/2014\/05\/653-150x130.jpg 150w, http:\/\/museumek.eu\/wp-content\/uploads\/2014\/05\/653-344x300.jpg 344w, http:\/\/museumek.eu\/wp-content\/uploads\/2014\/05\/653.jpg 531w\" sizes=\"(max-width: 300px) 100vw, 300px\" \/><\/a><\/p>\n<p><a href=\"http:\/\/museumek.eu\/?attachment_id=31150\" rel=\"attachment wp-att-31150\"><img loading=\"lazy\" src=\"http:\/\/museumek.eu\/wp-content\/uploads\/2014\/05\/6521-300x243.jpg\" alt=\"\" title=\"652\" width=\"300\" height=\"243\" class=\"alignnone size-medium wp-image-31150\" srcset=\"http:\/\/museumek.eu\/wp-content\/uploads\/2014\/05\/6521-300x243.jpg 300w, http:\/\/museumek.eu\/wp-content\/uploads\/2014\/05\/6521-150x121.jpg 150w, http:\/\/museumek.eu\/wp-content\/uploads\/2014\/05\/6521-369x300.jpg 369w, http:\/\/museumek.eu\/wp-content\/uploads\/2014\/05\/6521.jpg 738w\" sizes=\"(max-width: 300px) 100vw, 300px\" \/><\/a><\/p>\n<p><a href=\"http:\/\/museumek.eu\/?attachment_id=31151\" rel=\"attachment wp-att-31151\"><img loading=\"lazy\" src=\"http:\/\/museumek.eu\/wp-content\/uploads\/2014\/05\/654-300x268.jpg\" alt=\"\" title=\"654\" width=\"300\" height=\"268\" class=\"alignnone size-medium wp-image-31151\" srcset=\"http:\/\/museumek.eu\/wp-content\/uploads\/2014\/05\/654-300x268.jpg 300w, http:\/\/museumek.eu\/wp-content\/uploads\/2014\/05\/654-150x134.jpg 150w, http:\/\/museumek.eu\/wp-content\/uploads\/2014\/05\/654-335x300.jpg 335w, http:\/\/museumek.eu\/wp-content\/uploads\/2014\/05\/654.jpg 670w\" sizes=\"(max-width: 300px) 100vw, 300px\" \/><\/a><\/p>\n<p><a href=\"http:\/\/museumek.eu\/?attachment_id=31152\" rel=\"attachment wp-att-31152\"><img loading=\"lazy\" src=\"http:\/\/museumek.eu\/wp-content\/uploads\/2014\/05\/655-176x300.jpg\" alt=\"\" title=\"655\" width=\"176\" height=\"300\" class=\"alignnone size-medium wp-image-31152\" srcset=\"http:\/\/museumek.eu\/wp-content\/uploads\/2014\/05\/655-176x300.jpg 176w, http:\/\/museumek.eu\/wp-content\/uploads\/2014\/05\/655-88x150.jpg 88w, http:\/\/museumek.eu\/wp-content\/uploads\/2014\/05\/655.jpg 287w\" sizes=\"(max-width: 176px) 100vw, 176px\" \/><\/a><\/p>\n<p><a href=\"http:\/\/museumek.eu\/?attachment_id=31153\" rel=\"attachment wp-att-31153\"><img loading=\"lazy\" src=\"http:\/\/museumek.eu\/wp-content\/uploads\/2014\/05\/656-166x300.jpg\" alt=\"\" title=\"656\" width=\"166\" height=\"300\" class=\"alignnone size-medium wp-image-31153\" srcset=\"http:\/\/museumek.eu\/wp-content\/uploads\/2014\/05\/656-166x300.jpg 166w, http:\/\/museumek.eu\/wp-content\/uploads\/2014\/05\/656-83x150.jpg 83w, http:\/\/museumek.eu\/wp-content\/uploads\/2014\/05\/656.jpg 388w\" sizes=\"(max-width: 166px) 100vw, 166px\" \/><\/a><\/p>\n","protected":false},"excerpt":{"rendered":"<p>Abteilung Deutschland, Keramik 1860 \u2013 1960, Inventarnummer D\/XXXIX\/2 Eckhardt &#038; Engler Steinzeugwarenfabrik vormals Eckhardt &#038; Engler Fabrik und Export beschlagener Bierkr\u00fcge und Gl\u00e4ser, Deutschland, H\u00f6hr, ab 1914, Seidel, K\u00fcnstler unbekannt, Werks.-Nr. 1421, Exemplar Nr. ohne, gemarkt Firmenmarke mit E, daran &hellip; <a href=\"http:\/\/museumek.eu\/?page_id=31141\">Weiterlesen <span class=\"meta-nav\">&rarr;<\/span><\/a><\/p>\n","protected":false},"author":1,"featured_media":0,"parent":9082,"menu_order":2,"comment_status":"closed","ping_status":"open","template":"","meta":[],"_links":{"self":[{"href":"http:\/\/museumek.eu\/index.php?rest_route=\/wp\/v2\/pages\/31141"}],"collection":[{"href":"http:\/\/museumek.eu\/index.php?rest_route=\/wp\/v2\/pages"}],"about":[{"href":"http:\/\/museumek.eu\/index.php?rest_route=\/wp\/v2\/types\/page"}],"author":[{"embeddable":true,"href":"http:\/\/museumek.eu\/index.php?rest_route=\/wp\/v2\/users\/1"}],"replies":[{"embeddable":true,"href":"http:\/\/museumek.eu\/index.php?rest_route=%2Fwp%2Fv2%2Fcomments&post=31141"}],"version-history":[{"count":6,"href":"http:\/\/museumek.eu\/index.php?rest_route=\/wp\/v2\/pages\/31141\/revisions"}],"predecessor-version":[{"id":31155,"href":"http:\/\/museumek.eu\/index.php?rest_route=\/wp\/v2\/pages\/31141\/revisions\/31155"}],"up":[{"embeddable":true,"href":"http:\/\/museumek.eu\/index.php?rest_route=\/wp\/v2\/pages\/9082"}],"wp:attachment":[{"href":"http:\/\/museumek.eu\/index.php?rest_route=%2Fwp%2Fv2%2Fmedia&parent=31141"}],"curies":[{"name":"wp","href":"https:\/\/api.w.org\/{rel}","templated":true}]}}