{"id":31169,"date":"2014-05-31T16:39:31","date_gmt":"2014-05-31T14:39:31","guid":{"rendered":"http:\/\/museumek.eu\/?page_id=31169"},"modified":"2015-05-17T21:45:12","modified_gmt":"2015-05-17T19:45:12","slug":"dliii12","status":"publish","type":"page","link":"http:\/\/museumek.eu\/?page_id=31169","title":{"rendered":"D\/LIII\/12"},"content":{"rendered":"<p><strong>Abteilung Deutschland, Keramik 1860 \u2013 1960, Inventarnummer D\/LIII\/12<\/strong><\/p>\n<p>Steingut- und Steinzeugfabrik, Kunstt\u00f6pferei, Zinngie\u00dferei Merkelbach &#038; Wick und Nachfolger Steingutfabrik Wick Werke AG, Vereinigte Fabriken Merkelbach &#038; Wick und Merkelbach, Stadelmann &#038; Co., Deutschland, Grenzhausen, um 1930, Seidel, K\u00fcnstler unbekannt, Werks.-Nr. 7215, Exemplar Nr. ohne, gemarkt Firmenmarke mit A, in dem A befindet sich der Buchstabe G (f\u00fcr AG) darunter WW (f\u00fcr Wick Werke) (Marke ab 1921\/1922 g\u00fcltig), 7215, 0 sowie 20 gepresst, 11 blau gemalt, nicht signiert, Literatur: J\u00fcrgen Schimanski und J\u00fcrgen Erlebach, Westerw\u00e4lder Steinzeug, Die Neue \u00c4ra, Seite 109, Fabrikbeschreibung sowie Marke Nr. 38 identisch, weitere Literatur: J\u00fcrgen Schimanski, Braun geflammt und grau gesalzen, Seite 216, Marke Nr. 38 identisch, weitere Literatur: Beate Dry-von Zezschwitz, Westerw\u00e4lder Steinzug des Jugendstils I, Reinhold Merkelbach, Spezialpreisliste 1905, Seite 10 ff., Fabrikbeschreibung, weitere Literatur: J. G. Th. Graesse, F\u00fchrer f\u00fcr Sammler von Porzellan und Fayence, Seite 104, Marke Nr. 2 identisch, der 1840 geborene Friedrich Wilhelm Merkelbach (gest. 1896) betrieb eine Kannenb\u00e4ckerei oder bereits eine keramische Fabrik, die unter dem Namen F. W. Merkelbach II. firmierte, 1872 (oder 1874) nimmt Friedrich Wilhelm Merkelbach den Bildhauer (Johann) Georg Peter Wick (geb. 1837, gest. 1914) in die Firma auf, die Firmierung \u00e4ndert sich in Steingut- und Steinzeugfabrik, Kunstt\u00f6pferei, Zinngie\u00dferei Merkelbach &#038; Wick, ab 1882\/1883 produzieren Sie als eine der ersten Westerw\u00e4lder Fabriken Elfenbeinsteinzeug, \u00fcber die H\u00e4lfte der Produktion wird in die USA exportiert, in der Zeit von 1886 bis 1897 liefert die Fabrik Halbfertigerzeugnisse an die keramische Fabrik von Hauber &#038; Reuther, Jugenstilk\u00fcnstler wie Peter Behrens und Henry van de Velde liefern um 1900 herausragende Entw\u00fcrfe, 1895 tritt Wicks Sohn (und evtl. gleichzeitig Merkelbachs Schwiegersohn) Ludwig Konrad Wick in die Fabrik ein und \u00fcbernimmt sicher zeitnah auch deren Leitung, bis er 1910\/1911 die Leitung an seine Frau Emma abgibt, 1921\/1922 fusioniert die Fabrik mit der um 1867 in Grenzhausen von Friedrich Wilhelm Merkelbach, Theodor Stadelmann und Julius Schr\u00f6der als Mahl- und Schleifsteinfabrik gegr\u00fcndeten Fabrik Merkelbach, Stadelmann &#038; Co. (wahrscheinlich war Konrad Wicks Frau Emma bereits Miteigent\u00fcmer dieser Fabrik) zur Steingutfabrik Wick Werke AG, Vereinigte Fabriken Merkelbach &#038; Wick und Merkelbach, Stadelmann &#038; Co., die Fabrik bestand rund 100 Jahre, <strong>das MEK Exemplar mit der Werks.-Nr. 7250 ist in der Fachliteratur noch nicht erfasst<\/strong>,<br \/>\nH\u00f6he 11,2 cm, Breite 14 cm<\/p>\n<p><a href=\"http:\/\/museumek.eu\/?attachment_id=31170\" rel=\"attachment wp-att-31170\"><img loading=\"lazy\" src=\"http:\/\/museumek.eu\/wp-content\/uploads\/2014\/05\/639-248x300.jpg\" alt=\"\" title=\"639\" width=\"248\" height=\"300\" class=\"alignnone size-medium wp-image-31170\" srcset=\"http:\/\/museumek.eu\/wp-content\/uploads\/2014\/05\/639-248x300.jpg 248w, http:\/\/museumek.eu\/wp-content\/uploads\/2014\/05\/639-124x150.jpg 124w, http:\/\/museumek.eu\/wp-content\/uploads\/2014\/05\/639.jpg 483w\" sizes=\"(max-width: 248px) 100vw, 248px\" \/><\/a><\/p>\n<p><a href=\"http:\/\/museumek.eu\/?attachment_id=31171\" rel=\"attachment wp-att-31171\"><img loading=\"lazy\" src=\"http:\/\/museumek.eu\/wp-content\/uploads\/2014\/05\/640-300x269.jpg\" alt=\"\" title=\"640\" width=\"300\" height=\"269\" class=\"alignnone size-medium wp-image-31171\" srcset=\"http:\/\/museumek.eu\/wp-content\/uploads\/2014\/05\/640-300x269.jpg 300w, http:\/\/museumek.eu\/wp-content\/uploads\/2014\/05\/640-150x134.jpg 150w, http:\/\/museumek.eu\/wp-content\/uploads\/2014\/05\/640-333x300.jpg 333w, http:\/\/museumek.eu\/wp-content\/uploads\/2014\/05\/640.jpg 584w\" sizes=\"(max-width: 300px) 100vw, 300px\" \/><\/a><\/p>\n<p><a href=\"http:\/\/museumek.eu\/?attachment_id=31172\" rel=\"attachment wp-att-31172\"><img loading=\"lazy\" src=\"http:\/\/museumek.eu\/wp-content\/uploads\/2014\/05\/641-247x300.jpg\" alt=\"\" title=\"641\" width=\"247\" height=\"300\" class=\"alignnone size-medium wp-image-31172\" srcset=\"http:\/\/museumek.eu\/wp-content\/uploads\/2014\/05\/641-247x300.jpg 247w, http:\/\/museumek.eu\/wp-content\/uploads\/2014\/05\/641-123x150.jpg 123w, http:\/\/museumek.eu\/wp-content\/uploads\/2014\/05\/641.jpg 410w\" sizes=\"(max-width: 247px) 100vw, 247px\" \/><\/a><\/p>\n<p><a href=\"http:\/\/museumek.eu\/?attachment_id=31178\" rel=\"attachment wp-att-31178\"><img loading=\"lazy\" src=\"http:\/\/museumek.eu\/wp-content\/uploads\/2014\/05\/6421-300x261.jpg\" alt=\"\" title=\"642\" width=\"300\" height=\"261\" class=\"alignnone size-medium wp-image-31178\" srcset=\"http:\/\/museumek.eu\/wp-content\/uploads\/2014\/05\/6421-300x261.jpg 300w, http:\/\/museumek.eu\/wp-content\/uploads\/2014\/05\/6421-150x130.jpg 150w, http:\/\/museumek.eu\/wp-content\/uploads\/2014\/05\/6421-344x300.jpg 344w, http:\/\/museumek.eu\/wp-content\/uploads\/2014\/05\/6421.jpg 564w\" sizes=\"(max-width: 300px) 100vw, 300px\" \/><\/a><\/p>\n<p><a href=\"http:\/\/museumek.eu\/?attachment_id=31179\" rel=\"attachment wp-att-31179\"><img loading=\"lazy\" src=\"http:\/\/museumek.eu\/wp-content\/uploads\/2014\/05\/643-300x280.jpg\" alt=\"\" title=\"643\" width=\"300\" height=\"280\" class=\"alignnone size-medium wp-image-31179\" srcset=\"http:\/\/museumek.eu\/wp-content\/uploads\/2014\/05\/643-300x280.jpg 300w, http:\/\/museumek.eu\/wp-content\/uploads\/2014\/05\/643-150x140.jpg 150w, http:\/\/museumek.eu\/wp-content\/uploads\/2014\/05\/643-321x300.jpg 321w, http:\/\/museumek.eu\/wp-content\/uploads\/2014\/05\/643.jpg 485w\" sizes=\"(max-width: 300px) 100vw, 300px\" \/><\/a><\/p>\n<p><a href=\"http:\/\/museumek.eu\/?attachment_id=31180\" rel=\"attachment wp-att-31180\"><img loading=\"lazy\" src=\"http:\/\/museumek.eu\/wp-content\/uploads\/2014\/05\/644-300x284.jpg\" alt=\"\" title=\"644\" width=\"300\" height=\"284\" class=\"alignnone size-medium wp-image-31180\" srcset=\"http:\/\/museumek.eu\/wp-content\/uploads\/2014\/05\/644-300x284.jpg 300w, http:\/\/museumek.eu\/wp-content\/uploads\/2014\/05\/644-150x142.jpg 150w, http:\/\/museumek.eu\/wp-content\/uploads\/2014\/05\/644-316x300.jpg 316w, http:\/\/museumek.eu\/wp-content\/uploads\/2014\/05\/644.jpg 471w\" sizes=\"(max-width: 300px) 100vw, 300px\" \/><\/a><\/p>\n","protected":false},"excerpt":{"rendered":"<p>Abteilung Deutschland, Keramik 1860 \u2013 1960, Inventarnummer D\/LIII\/12 Steingut- und Steinzeugfabrik, Kunstt\u00f6pferei, Zinngie\u00dferei Merkelbach &#038; Wick und Nachfolger Steingutfabrik Wick Werke AG, Vereinigte Fabriken Merkelbach &#038; Wick und Merkelbach, Stadelmann &#038; Co., Deutschland, Grenzhausen, um 1930, Seidel, K\u00fcnstler unbekannt, Werks.-Nr. &hellip; <a href=\"http:\/\/museumek.eu\/?page_id=31169\">Weiterlesen <span class=\"meta-nav\">&rarr;<\/span><\/a><\/p>\n","protected":false},"author":1,"featured_media":0,"parent":30852,"menu_order":12,"comment_status":"closed","ping_status":"open","template":"","meta":[],"_links":{"self":[{"href":"http:\/\/museumek.eu\/index.php?rest_route=\/wp\/v2\/pages\/31169"}],"collection":[{"href":"http:\/\/museumek.eu\/index.php?rest_route=\/wp\/v2\/pages"}],"about":[{"href":"http:\/\/museumek.eu\/index.php?rest_route=\/wp\/v2\/types\/page"}],"author":[{"embeddable":true,"href":"http:\/\/museumek.eu\/index.php?rest_route=\/wp\/v2\/users\/1"}],"replies":[{"embeddable":true,"href":"http:\/\/museumek.eu\/index.php?rest_route=%2Fwp%2Fv2%2Fcomments&post=31169"}],"version-history":[{"count":10,"href":"http:\/\/museumek.eu\/index.php?rest_route=\/wp\/v2\/pages\/31169\/revisions"}],"predecessor-version":[{"id":40025,"href":"http:\/\/museumek.eu\/index.php?rest_route=\/wp\/v2\/pages\/31169\/revisions\/40025"}],"up":[{"embeddable":true,"href":"http:\/\/museumek.eu\/index.php?rest_route=\/wp\/v2\/pages\/30852"}],"wp:attachment":[{"href":"http:\/\/museumek.eu\/index.php?rest_route=%2Fwp%2Fv2%2Fmedia&parent=31169"}],"curies":[{"name":"wp","href":"https:\/\/api.w.org\/{rel}","templated":true}]}}