{"id":31202,"date":"2014-06-01T17:18:13","date_gmt":"2014-06-01T15:18:13","guid":{"rendered":"http:\/\/museumek.eu\/?page_id=31202"},"modified":"2021-02-14T18:11:37","modified_gmt":"2021-02-14T17:11:37","slug":"dxvii2","status":"publish","type":"page","link":"http:\/\/museumek.eu\/?page_id=31202","title":{"rendered":"D\/XVII\/2"},"content":{"rendered":"<p><strong>Abteilung Deutschland, Keramik 1860 \u2013 1960, Inventarnummer D\/XVII\/2<\/strong><\/p>\n<p>R\u00fcppurr Fayence-Fabrik GmbH, Deutschland, R\u00fcppurr und Neureut, um 1925, Figur Mann, K\u00fcnstler Heinrich Braun, Werks.-Nr. 25 (?), Exemplar Nr. ohne, gemarkt Firmenmarke diese nicht aufgel\u00f6st (in nachfolgender Literatur ist die Firmenmarke teils falsch waagerecht dargestellt, daraus ergibt sich, dass die Firmenmarke als Buchstabenfolge interpretiert werden kann, richtig ist aber, dass die Firmenmarke senkrecht zu lesen ist, in allen 3 MEK Exemplaren steht die Firmenmarke senkrecht zu MADE IN GERMANY und zu sonstigen Buchstaben und Zahlen, daraus ergibt sich eine Abbildung, welche das MEK bisher noch nicht interpretieren konnte) sowie MADE IN GERMANY gepresst, 25 mit Bleistift gemalt, nicht signiert, Literatur: Gisela Reineking von Bock, Meister der deutschen Keramik 1900 &#8211; 1950, Seite 267, kurze unvollst\u00e4ndige Beschreibung der Fabrik sowie Seite 327, Marke Nr. 180 identisch (falsch waagerecht abgebildet), weitere Literatur: Dieter Z\u00fchlsdorff, Markenlexikon. Band 1, Porzellan und Keramik Report 1885 &#8211; 1935, Seite 77, Werk-Teil 1., Gruppennummer des Werkteils 1., laufende Nummer innerhalb der Gruppe 1515 identische Marke (dort verkehrt waagerecht abgebildet, dort g\u00fcltig f\u00fcr die Zeit ab 1923 sowie Seite 532, Werk-Teil 3. laufende Nummer des Werkteils 590, dort Beschreibung der Fabrik, dort auch ein Foto einer Werbeanzeige der Fabrik mit senkrecht dargestellter Fabrikmarke, Anm. MEK: Z\u00fchlsdorff hat das wohl \u00fcbersehen), weitere Literatur: J. G. Th. Graesse und E. Jaennicke, F\u00fchrer f\u00fcr Sammler von Porzellan und Fayence, Seite 132, Marke Nr. 1 identisch (dort richtig senkrecht abgebildet), 1923 Gr\u00fcndung der Fabrik durch den Karlsruher Kaufmann C. F. Otto M\u00fcller (C. F. Otto M\u00fcller betrieb eine Kunsthandlung in Karlsruhe, er vertrieb u. a. die Keramiken von Johann Lipp in Mering und die Keramiken von Max Laeuger in Kandern und fertige auch selbst Entw\u00fcrfe) in R\u00fcppur bei Karlsruhe, die Fabrik wurde bereits 1924 nach Neureuth, ebenfalls bei Karlsruhe verlegt, k\u00fcnstlerischer Leiter der Fabrik war Heinrich Braun (Maler und Keramiker), 1950 wurde die Fabrik geschlossen,<br \/>\nH\u00f6he 17 cm, Breite 5 cm<\/p>\n<p><a href=\"http:\/\/museumek.eu\/?attachment_id=31240\" rel=\"attachment wp-att-31240\"><img loading=\"lazy\" src=\"http:\/\/museumek.eu\/wp-content\/uploads\/2013\/05\/487-170x300.jpg\" alt=\"\" title=\"487\" width=\"170\" height=\"300\" class=\"alignnone size-medium wp-image-31240\" srcset=\"http:\/\/museumek.eu\/wp-content\/uploads\/2013\/05\/487-170x300.jpg 170w, http:\/\/museumek.eu\/wp-content\/uploads\/2013\/05\/487-85x150.jpg 85w, http:\/\/museumek.eu\/wp-content\/uploads\/2013\/05\/487.jpg 378w\" sizes=\"(max-width: 170px) 100vw, 170px\" \/><\/a><\/p>\n<p><a href=\"http:\/\/museumek.eu\/?attachment_id=31243\" rel=\"attachment wp-att-31243\"><img loading=\"lazy\" src=\"http:\/\/museumek.eu\/wp-content\/uploads\/2013\/05\/488-103x300.jpg\" alt=\"\" title=\"488\" width=\"103\" height=\"300\" class=\"alignnone size-medium wp-image-31243\" srcset=\"http:\/\/museumek.eu\/wp-content\/uploads\/2013\/05\/488-103x300.jpg 103w, http:\/\/museumek.eu\/wp-content\/uploads\/2013\/05\/488-51x150.jpg 51w\" sizes=\"(max-width: 103px) 100vw, 103px\" \/><\/a><\/p>\n<p><a href=\"http:\/\/museumek.eu\/?attachment_id=31245\" rel=\"attachment wp-att-31245\"><img loading=\"lazy\" src=\"http:\/\/museumek.eu\/wp-content\/uploads\/2013\/05\/490-241x300.jpg\" alt=\"\" title=\"490\" width=\"241\" height=\"300\" class=\"alignnone size-medium wp-image-31245\" srcset=\"http:\/\/museumek.eu\/wp-content\/uploads\/2013\/05\/490-241x300.jpg 241w, http:\/\/museumek.eu\/wp-content\/uploads\/2013\/05\/490-120x150.jpg 120w, http:\/\/museumek.eu\/wp-content\/uploads\/2013\/05\/490.jpg 600w\" sizes=\"(max-width: 241px) 100vw, 241px\" \/><a><\/p>\n","protected":false},"excerpt":{"rendered":"<p>Abteilung Deutschland, Keramik 1860 \u2013 1960, Inventarnummer D\/XVII\/2 R\u00fcppurr Fayence-Fabrik GmbH, Deutschland, R\u00fcppurr und Neureut, um 1925, Figur Mann, K\u00fcnstler Heinrich Braun, Werks.-Nr. 25 (?), Exemplar Nr. ohne, gemarkt Firmenmarke diese nicht aufgel\u00f6st (in nachfolgender Literatur ist die Firmenmarke teils &hellip; <a href=\"http:\/\/museumek.eu\/?page_id=31202\">Weiterlesen <span class=\"meta-nav\">&rarr;<\/span><\/a><\/p>\n","protected":false},"author":1,"featured_media":0,"parent":2104,"menu_order":2,"comment_status":"closed","ping_status":"open","template":"","meta":[],"_links":{"self":[{"href":"http:\/\/museumek.eu\/index.php?rest_route=\/wp\/v2\/pages\/31202"}],"collection":[{"href":"http:\/\/museumek.eu\/index.php?rest_route=\/wp\/v2\/pages"}],"about":[{"href":"http:\/\/museumek.eu\/index.php?rest_route=\/wp\/v2\/types\/page"}],"author":[{"embeddable":true,"href":"http:\/\/museumek.eu\/index.php?rest_route=\/wp\/v2\/users\/1"}],"replies":[{"embeddable":true,"href":"http:\/\/museumek.eu\/index.php?rest_route=%2Fwp%2Fv2%2Fcomments&post=31202"}],"version-history":[{"count":10,"href":"http:\/\/museumek.eu\/index.php?rest_route=\/wp\/v2\/pages\/31202\/revisions"}],"predecessor-version":[{"id":53461,"href":"http:\/\/museumek.eu\/index.php?rest_route=\/wp\/v2\/pages\/31202\/revisions\/53461"}],"up":[{"embeddable":true,"href":"http:\/\/museumek.eu\/index.php?rest_route=\/wp\/v2\/pages\/2104"}],"wp:attachment":[{"href":"http:\/\/museumek.eu\/index.php?rest_route=%2Fwp%2Fv2%2Fmedia&parent=31202"}],"curies":[{"name":"wp","href":"https:\/\/api.w.org\/{rel}","templated":true}]}}