{"id":31318,"date":"2014-06-03T23:08:09","date_gmt":"2014-06-03T21:08:09","guid":{"rendered":"http:\/\/museumek.eu\/?page_id=31318"},"modified":"2015-02-07T19:26:18","modified_gmt":"2015-02-07T18:26:18","slug":"dxxxvii20","status":"publish","type":"page","link":"http:\/\/museumek.eu\/?page_id=31318","title":{"rendered":"D\/XXXVII\/20"},"content":{"rendered":"<p><strong>Abteilung Deutschland, Keramik 1860 \u2013 1960, Inventarnummer D\/XXXVII\/20<\/strong><\/p>\n<p>Thonwaaren \u2013 Fabrik Marzi &#038; Remy, Deutschland, H\u00f6hr, um 1920, Seidel, K\u00fcnstler unbekannt, Werks.-Nr. ohne, Exemplar Nr. ohne, gemarkt keine Fabrikmarke aber 0,5 l \u00fcber Eichstrich gepresst, nicht signiert, Literatur: J\u00fcrgen Schimanski, Braun geflammt und grau gesalzen, Seite 203, Beschreibung der Fabrik, au\u00dferdem dort beschrieben, dass eine eigene Firmenmarke erst Anfang der 1920\u2018 Jahre eingef\u00fchrt worden ist und dass Erzeugnisse der fr\u00fcheren Jahre oft mit dem Schriftzug Gesetzl. Gesch\u00fctzt gemarkt sind, diese Beschreibung stellt das MEK bez\u00fcglich der Fabrikmarke in Frage, da unter http:\/\/www.steinmarks.co.uk\/pages\/pv.asp?p=stein164, verschiedene Fabrikmarken mit fr\u00fchen Werksnummern aus dem 1900 Jahrhundert abgebildet sind, eine Fabrikmarke sogar mit dem Zusatz Gesetzl. Gesch\u00fctzt, die Fabrik wurde 1879 von Anton Marzi und seinem Schwager Simon Peter Remy in H\u00f6hr gegr\u00fcndet und firmierte als Thonwaaren \u2013 Fabrik Marzi &#038; Remy, ab 1881 wurde eine eigene Zinngie\u00dferei angeschafft und ab 1883 neben dem grau \u2013 blau salzglasiertem Steinzeug auch Elfenbeinsteinzeug produziert, Simon Peter Remy verstarb 1919 und sein Sohn Werner Remy trat in die Fabrik ein, 1924 verstarb Anton Marzi und sein Schwiegersohn Johann Otto B\u00fchler trat in die Fabrik ein, Werner Remy verlie\u00df 1931 die Fabrik, 1941 trat Johann Otto B\u00fchlers Sohn Otto B\u00fchler in die Fabrik ein und 1953 dessen Sohn Otto Georg B\u00fchler, die Fabrik war bis zum Konkurs in den 1990\u2018 Jahren immer in Familienbesitz, Zuschreibung: fast identische Stempelart und identische Stempelgr\u00f6\u00dfe des Literstempels wie MEK D\/XXXVII\/26, H\u00f6he 12,5 cm, Breite 14 cm (nur die Keramik)<\/p>\n<p><a href=\"http:\/\/museumek.eu\/?attachment_id=33364\" rel=\"attachment wp-att-33364\"><img loading=\"lazy\" src=\"http:\/\/museumek.eu\/wp-content\/uploads\/2014\/09\/1152-177x300.jpg\" alt=\"\" title=\"1152\" width=\"177\" height=\"300\" class=\"alignnone size-medium wp-image-33364\" srcset=\"http:\/\/museumek.eu\/wp-content\/uploads\/2014\/09\/1152-177x300.jpg 177w, http:\/\/museumek.eu\/wp-content\/uploads\/2014\/09\/1152-88x150.jpg 88w, http:\/\/museumek.eu\/wp-content\/uploads\/2014\/09\/1152.jpg 473w\" sizes=\"(max-width: 177px) 100vw, 177px\" \/><\/a><\/p>\n<p><a href=\"http:\/\/museumek.eu\/?attachment_id=33365\" rel=\"attachment wp-att-33365\"><img loading=\"lazy\" src=\"http:\/\/museumek.eu\/wp-content\/uploads\/2014\/09\/1155-243x300.jpg\" alt=\"\" title=\"1155\" width=\"243\" height=\"300\" class=\"alignnone size-medium wp-image-33365\" srcset=\"http:\/\/museumek.eu\/wp-content\/uploads\/2014\/09\/1155-243x300.jpg 243w, http:\/\/museumek.eu\/wp-content\/uploads\/2014\/09\/1155-121x150.jpg 121w, http:\/\/museumek.eu\/wp-content\/uploads\/2014\/09\/1155.jpg 600w\" sizes=\"(max-width: 243px) 100vw, 243px\" \/><\/a><\/p>\n<p><a href=\"http:\/\/museumek.eu\/?attachment_id=33366\" rel=\"attachment wp-att-33366\"><img loading=\"lazy\" src=\"http:\/\/museumek.eu\/wp-content\/uploads\/2014\/09\/1153-223x300.jpg\" alt=\"\" title=\"1153\" width=\"223\" height=\"300\" class=\"alignnone size-medium wp-image-33366\" srcset=\"http:\/\/museumek.eu\/wp-content\/uploads\/2014\/09\/1153-223x300.jpg 223w, http:\/\/museumek.eu\/wp-content\/uploads\/2014\/09\/1153-111x150.jpg 111w, http:\/\/museumek.eu\/wp-content\/uploads\/2014\/09\/1153.jpg 595w\" sizes=\"(max-width: 223px) 100vw, 223px\" \/><\/a><\/p>\n<p><a href=\"http:\/\/museumek.eu\/?attachment_id=33367\" rel=\"attachment wp-att-33367\"><img loading=\"lazy\" src=\"http:\/\/museumek.eu\/wp-content\/uploads\/2014\/09\/1154-221x300.jpg\" alt=\"\" title=\"1154\" width=\"221\" height=\"300\" class=\"alignnone size-medium wp-image-33367\" srcset=\"http:\/\/museumek.eu\/wp-content\/uploads\/2014\/09\/1154-221x300.jpg 221w, http:\/\/museumek.eu\/wp-content\/uploads\/2014\/09\/1154-110x150.jpg 110w, http:\/\/museumek.eu\/wp-content\/uploads\/2014\/09\/1154.jpg 590w\" sizes=\"(max-width: 221px) 100vw, 221px\" \/><\/a><\/p>\n<p><a href=\"http:\/\/museumek.eu\/?attachment_id=33368\" rel=\"attachment wp-att-33368\"><img loading=\"lazy\" src=\"http:\/\/museumek.eu\/wp-content\/uploads\/2014\/09\/1156-300x257.jpg\" alt=\"\" title=\"1156\" width=\"300\" height=\"257\" class=\"alignnone size-medium wp-image-33368\" srcset=\"http:\/\/museumek.eu\/wp-content\/uploads\/2014\/09\/1156-300x257.jpg 300w, http:\/\/museumek.eu\/wp-content\/uploads\/2014\/09\/1156-150x128.jpg 150w, http:\/\/museumek.eu\/wp-content\/uploads\/2014\/09\/1156.jpg 577w\" sizes=\"(max-width: 300px) 100vw, 300px\" \/><\/a><\/p>\n","protected":false},"excerpt":{"rendered":"<p>Abteilung Deutschland, Keramik 1860 \u2013 1960, Inventarnummer D\/XXXVII\/20 Thonwaaren \u2013 Fabrik Marzi &#038; Remy, Deutschland, H\u00f6hr, um 1920, Seidel, K\u00fcnstler unbekannt, Werks.-Nr. ohne, Exemplar Nr. ohne, gemarkt keine Fabrikmarke aber 0,5 l \u00fcber Eichstrich gepresst, nicht signiert, Literatur: J\u00fcrgen Schimanski, &hellip; <a href=\"http:\/\/museumek.eu\/?page_id=31318\">Weiterlesen <span class=\"meta-nav\">&rarr;<\/span><\/a><\/p>\n","protected":false},"author":1,"featured_media":0,"parent":29153,"menu_order":20,"comment_status":"closed","ping_status":"open","template":"","meta":[],"_links":{"self":[{"href":"http:\/\/museumek.eu\/index.php?rest_route=\/wp\/v2\/pages\/31318"}],"collection":[{"href":"http:\/\/museumek.eu\/index.php?rest_route=\/wp\/v2\/pages"}],"about":[{"href":"http:\/\/museumek.eu\/index.php?rest_route=\/wp\/v2\/types\/page"}],"author":[{"embeddable":true,"href":"http:\/\/museumek.eu\/index.php?rest_route=\/wp\/v2\/users\/1"}],"replies":[{"embeddable":true,"href":"http:\/\/museumek.eu\/index.php?rest_route=%2Fwp%2Fv2%2Fcomments&post=31318"}],"version-history":[{"count":6,"href":"http:\/\/museumek.eu\/index.php?rest_route=\/wp\/v2\/pages\/31318\/revisions"}],"predecessor-version":[{"id":36323,"href":"http:\/\/museumek.eu\/index.php?rest_route=\/wp\/v2\/pages\/31318\/revisions\/36323"}],"up":[{"embeddable":true,"href":"http:\/\/museumek.eu\/index.php?rest_route=\/wp\/v2\/pages\/29153"}],"wp:attachment":[{"href":"http:\/\/museumek.eu\/index.php?rest_route=%2Fwp%2Fv2%2Fmedia&parent=31318"}],"curies":[{"name":"wp","href":"https:\/\/api.w.org\/{rel}","templated":true}]}}