{"id":31426,"date":"2014-06-07T00:01:44","date_gmt":"2014-06-06T22:01:44","guid":{"rendered":"http:\/\/museumek.eu\/?page_id=31426"},"modified":"2015-03-28T21:59:42","modified_gmt":"2015-03-28T20:59:42","slug":"dlxx4","status":"publish","type":"page","link":"http:\/\/museumek.eu\/?page_id=31426","title":{"rendered":"D\/LXX\/4"},"content":{"rendered":"<p><strong>Abteilung Deutschland, Keramik 1860 \u2013 1960, Inventarnummer D\/LXX\/4<\/strong><\/p>\n<p>Reinhold Hanke Fabrik fein verzierter Steinzeugwaaren, vormals Reinhold Hanke Fabrik altdeutscher Steinzeug-Kr\u00fcge, Deutschland, H\u00f6hr, um 1884, Seidel, K\u00fcnstler unbekannt, Werks.-Nr. 1259, Exemplar Nr. ohne, gemarkt Firmenmarke als Wappenmarke, links Mensch ein Wappen haltend, daneben Wappen von einem L\u00f6wen gehalten, \u00fcber den beiden Wappen eine Krone, darunter wohl eine Waage oder Wippe, die Gleichgewicht (der Kr\u00e4fte) symbolisiert, GERMANY., 1259 sowie 0,5 L \u00fcber Eichstrich gepresst, nicht signiert, Literatur: J\u00fcrgen Schimanski und J\u00fcrgen Erlebach, Westerw\u00e4lder Steinzeug, Die Neue \u00c4ra, Seite 60, Fabrikbeschreibung, weitere Literatur: J\u00fcrgen Schimanski, Braun geflammt und grau gesalzen, Seite 202, Beschreibung der Fabrik, weitere Literatur: Wolfgang Venzmer, Jugendstil im Landesmuseum Mainz, Seite 342, Beschreibung der Fabrik, weitere Literatur: Johannes und Peter Vogt, Alte Bierkr\u00fcge, Von der Renaissance bis zum Jugendstil, Seite 14, Fabrikbeschreibung und Benennung des Fabriknamens Reinhold Hanke Fabrik altdeutscher Steinzeug-Kr\u00fcge, 1864 gr\u00fcndete der aus B\u00f6hmen (Ausbildung bei Maresch, Siderolithsteinzeug) zugewanderte Reinhold Hanke zusammen mit Ottmar Speyser eine Siderolithwaarenfabrik in H\u00f6hr, 1868 trennte sich Reinhold Hanke von Ottmar Speyser (ob dieser die Siderlithwaarenfabrik allein weiterf\u00fchrte oder ob diese in Konkurs ging ist noch nicht gekl\u00e4rt) und gr\u00fcndete seine eigene Fabrik, die als Fabrik altdeutscher Steinzeug-Kr\u00fcge firmierte, 1876 wurde die Fabrik von Kaiserin Augusta, Gattin Kaiser Wilhelm des I. zum Hoflieferanten ernannt, ab dieser Zeit wurde wohl auch die Marke des MEK Exemplares eingef\u00fchrt, allerdings hat dieser Seidel bereits eine Literangabe mit Eichstrich, da im Deutschen Kaiserreich erst 1881 (20.07.1881) das Gesetz zur Aichung der Schankgef\u00e4\u00dfe beschlossen wurde und dieses Gesetz erst am 01.01.1884 endg\u00fcltig in Kraft trat, ist der MEK Seidel wohl in die fr\u00fchen 1880\u2018 Jahre zu datieren, bis 1882 wurde ausschlie\u00dflich graues Steinzeug produziert, welches blau bemalt wurde, ab 1883 wurde auch Elfenbeinsteinzeug produziert, dies best\u00e4tigt die Datierung des MEK Seidels, Reinhold Hanke starb am 22.06.1886 und seine Witwe Maria Hanke f\u00fchrte die Fabrik fort, gem\u00e4\u00df des Musterbuches von ca. 1888 firmierte die Fabrik ab ca. 1888 als Reinhold Hanke Fabrik feinverzierter Steinzeugwaaren, ab 1901 f\u00fchrten die S\u00f6hne August und Carl Hanke die Fabrik, 1911 bis 1918 schloss sich die Fabrik mit den Fabriken Reinhold Merkelbach, Walter M\u00fcller und S. P. Gerz vertriebstechnisch zu der Steinzeugwerke H\u00f6hr-Grenzhausen GmbH zusammen, Hanke schied aber bereits vor 1918 wieder aus der GmbH aus, w\u00e4hrend der GmbH Zeit wurden Formen getauscht und auf die mit fremden Formen hergestellten Erzeugnisse, die eigene Herstellermarke angebracht, es gibt deshalb bei Reinhold Hanke hergestellte Ware nach Vorlagen von Reinhold Merkelbach (siehe dazu auch der Bartmannkrug MEK D\/LXX\/5) und umgedreht, 1921 wurden bei einem Brand die Fabrikgeb\u00e4ude zerst\u00f6rt und danach in kleinerem Umfang wieder aufgebaut, 1938, zum Tode von August Hanke wurde die Hank\u2019sche Fabrik endg\u00fcltig stillgelegt, das Fabrikgel\u00e4nde und die Fabrikgeb\u00e4ude wurden aber bis 1983 noch zur Erzeugung keramischer Produkte wohl unter Pacht von den Hank\u2018schen Erben von anderen Fabrikanten zum Beispiel Jean Maas genutzt, <strong>der 2 cm breite und 0,5 cm hohe Zusatzstempel GERMANY. (mit Punkt) dient dem MEK als Identifizierungsstempel f\u00fcr nicht mit der Fabrikmarke versehene Fabrikate von Hanke<\/strong>, Ausf\u00fchrung als Elfenbeinsteinzeug sowie als Hohlbodenseidel, die durch das Dekor zerst\u00fcckelten Spr\u00fcche lauten: \u201eWer rennt u. w\u00fchlt, mit Geld nur klingt und stehend nur sein\u2018 Schoppen trinkt den treff des Wortes Vollgewicht Ruh\u2018 ist die erste B\u00fcrgerpflicht.\u201e und \u201eDem Gl\u00fccklichen schlagt keine Stunde\u201c,<br \/>\nH\u00f6he 18,5 cm, Breite 13,5 cm<\/p>\n<p><a href=\"http:\/\/museumek.eu\/?attachment_id=31427\" rel=\"attachment wp-att-31427\"><img loading=\"lazy\" src=\"http:\/\/museumek.eu\/wp-content\/uploads\/2014\/06\/702-167x300.jpg\" alt=\"\" title=\"702\" width=\"167\" height=\"300\" class=\"alignnone size-medium wp-image-31427\" srcset=\"http:\/\/museumek.eu\/wp-content\/uploads\/2014\/06\/702-167x300.jpg 167w, http:\/\/museumek.eu\/wp-content\/uploads\/2014\/06\/702-83x150.jpg 83w\" sizes=\"(max-width: 167px) 100vw, 167px\" \/><\/a><\/p>\n<p><a href=\"http:\/\/museumek.eu\/?attachment_id=31428\" rel=\"attachment wp-att-31428\"><img loading=\"lazy\" src=\"http:\/\/museumek.eu\/wp-content\/uploads\/2014\/06\/703-190x300.jpg\" alt=\"\" title=\"703\" width=\"190\" height=\"300\" class=\"alignnone size-medium wp-image-31428\" srcset=\"http:\/\/museumek.eu\/wp-content\/uploads\/2014\/06\/703-190x300.jpg 190w, http:\/\/museumek.eu\/wp-content\/uploads\/2014\/06\/703-95x150.jpg 95w, http:\/\/museumek.eu\/wp-content\/uploads\/2014\/06\/703.jpg 451w\" sizes=\"(max-width: 190px) 100vw, 190px\" \/><\/a><\/p>\n<p><a href=\"http:\/\/museumek.eu\/?attachment_id=31429\" rel=\"attachment wp-att-31429\"><img loading=\"lazy\" src=\"http:\/\/museumek.eu\/wp-content\/uploads\/2014\/06\/704-196x300.jpg\" alt=\"\" title=\"704\" width=\"196\" height=\"300\" class=\"alignnone size-medium wp-image-31429\" srcset=\"http:\/\/museumek.eu\/wp-content\/uploads\/2014\/06\/704-196x300.jpg 196w, http:\/\/museumek.eu\/wp-content\/uploads\/2014\/06\/704-98x150.jpg 98w, http:\/\/museumek.eu\/wp-content\/uploads\/2014\/06\/704.jpg 445w\" sizes=\"(max-width: 196px) 100vw, 196px\" \/><\/a><\/p>\n<p><a href=\"http:\/\/museumek.eu\/?attachment_id=31430\" rel=\"attachment wp-att-31430\"><img loading=\"lazy\" src=\"http:\/\/museumek.eu\/wp-content\/uploads\/2014\/06\/705-178x300.jpg\" alt=\"\" title=\"705\" width=\"178\" height=\"300\" class=\"alignnone size-medium wp-image-31430\" srcset=\"http:\/\/museumek.eu\/wp-content\/uploads\/2014\/06\/705-178x300.jpg 178w, http:\/\/museumek.eu\/wp-content\/uploads\/2014\/06\/705-89x150.jpg 89w, http:\/\/museumek.eu\/wp-content\/uploads\/2014\/06\/705.jpg 477w\" sizes=\"(max-width: 178px) 100vw, 178px\" \/><\/a><\/p>\n<p><a href=\"http:\/\/museumek.eu\/?attachment_id=31431\" rel=\"attachment wp-att-31431\"><img loading=\"lazy\" src=\"http:\/\/museumek.eu\/wp-content\/uploads\/2014\/06\/706-297x300.jpg\" alt=\"\" title=\"706\" width=\"297\" height=\"300\" class=\"alignnone size-medium wp-image-31431\" srcset=\"http:\/\/museumek.eu\/wp-content\/uploads\/2014\/06\/706-297x300.jpg 297w, http:\/\/museumek.eu\/wp-content\/uploads\/2014\/06\/706-148x150.jpg 148w, http:\/\/museumek.eu\/wp-content\/uploads\/2014\/06\/706.jpg 594w\" sizes=\"(max-width: 297px) 100vw, 297px\" \/><\/a><\/p>\n<p><a href=\"http:\/\/museumek.eu\/?attachment_id=31432\" rel=\"attachment wp-att-31432\"><img loading=\"lazy\" src=\"http:\/\/museumek.eu\/wp-content\/uploads\/2014\/06\/707-279x300.jpg\" alt=\"\" title=\"707\" width=\"279\" height=\"300\" class=\"alignnone size-medium wp-image-31432\" srcset=\"http:\/\/museumek.eu\/wp-content\/uploads\/2014\/06\/707-279x300.jpg 279w, http:\/\/museumek.eu\/wp-content\/uploads\/2014\/06\/707-139x150.jpg 139w, http:\/\/museumek.eu\/wp-content\/uploads\/2014\/06\/707.jpg 559w\" sizes=\"(max-width: 279px) 100vw, 279px\" \/><\/a><\/p>\n<p><a href=\"http:\/\/museumek.eu\/?attachment_id=31433\" rel=\"attachment wp-att-31433\"><img loading=\"lazy\" src=\"http:\/\/museumek.eu\/wp-content\/uploads\/2014\/06\/708-300x265.jpg\" alt=\"\" title=\"708\" width=\"300\" height=\"265\" class=\"alignnone size-medium wp-image-31433\" srcset=\"http:\/\/museumek.eu\/wp-content\/uploads\/2014\/06\/708-300x265.jpg 300w, http:\/\/museumek.eu\/wp-content\/uploads\/2014\/06\/708-150x132.jpg 150w, http:\/\/museumek.eu\/wp-content\/uploads\/2014\/06\/708-338x300.jpg 338w, http:\/\/museumek.eu\/wp-content\/uploads\/2014\/06\/708.jpg 677w\" sizes=\"(max-width: 300px) 100vw, 300px\" \/><\/a><\/p>\n<p><a href=\"http:\/\/museumek.eu\/?attachment_id=31434\" rel=\"attachment wp-att-31434\"><img loading=\"lazy\" src=\"http:\/\/museumek.eu\/wp-content\/uploads\/2014\/06\/709-300x245.jpg\" alt=\"\" title=\"709\" width=\"300\" height=\"245\" class=\"alignnone size-medium wp-image-31434\" srcset=\"http:\/\/museumek.eu\/wp-content\/uploads\/2014\/06\/709-300x245.jpg 300w, http:\/\/museumek.eu\/wp-content\/uploads\/2014\/06\/709-150x122.jpg 150w, http:\/\/museumek.eu\/wp-content\/uploads\/2014\/06\/709-366x300.jpg 366w, http:\/\/museumek.eu\/wp-content\/uploads\/2014\/06\/709.jpg 733w\" sizes=\"(max-width: 300px) 100vw, 300px\" \/><\/a><\/p>\n<p><a href=\"http:\/\/museumek.eu\/?attachment_id=31435\" rel=\"attachment wp-att-31435\"><img loading=\"lazy\" src=\"http:\/\/museumek.eu\/wp-content\/uploads\/2014\/06\/710-300x227.jpg\" alt=\"\" title=\"710\" width=\"300\" height=\"227\" class=\"alignnone size-medium wp-image-31435\" srcset=\"http:\/\/museumek.eu\/wp-content\/uploads\/2014\/06\/710-300x227.jpg 300w, http:\/\/museumek.eu\/wp-content\/uploads\/2014\/06\/710-150x113.jpg 150w, http:\/\/museumek.eu\/wp-content\/uploads\/2014\/06\/710-396x300.jpg 396w, http:\/\/museumek.eu\/wp-content\/uploads\/2014\/06\/710.jpg 792w\" sizes=\"(max-width: 300px) 100vw, 300px\" \/><\/a><\/p>\n<p><a href=\"http:\/\/museumek.eu\/?attachment_id=31436\" rel=\"attachment wp-att-31436\"><img loading=\"lazy\" src=\"http:\/\/museumek.eu\/wp-content\/uploads\/2014\/06\/711-280x300.jpg\" alt=\"\" title=\"711\" width=\"280\" height=\"300\" class=\"alignnone size-medium wp-image-31436\" srcset=\"http:\/\/museumek.eu\/wp-content\/uploads\/2014\/06\/711-280x300.jpg 280w, http:\/\/museumek.eu\/wp-content\/uploads\/2014\/06\/711-140x150.jpg 140w, http:\/\/museumek.eu\/wp-content\/uploads\/2014\/06\/711.jpg 481w\" sizes=\"(max-width: 280px) 100vw, 280px\" \/><\/a><\/p>\n<p><a href=\"http:\/\/museumek.eu\/?attachment_id=31437\" rel=\"attachment wp-att-31437\"><img loading=\"lazy\" src=\"http:\/\/museumek.eu\/wp-content\/uploads\/2014\/06\/712-300x150.jpg\" alt=\"\" title=\"712\" width=\"300\" height=\"150\" class=\"alignnone size-medium wp-image-31437\" srcset=\"http:\/\/museumek.eu\/wp-content\/uploads\/2014\/06\/712-300x150.jpg 300w, http:\/\/museumek.eu\/wp-content\/uploads\/2014\/06\/712-150x75.jpg 150w, http:\/\/museumek.eu\/wp-content\/uploads\/2014\/06\/712-500x250.jpg 500w, http:\/\/museumek.eu\/wp-content\/uploads\/2014\/06\/712.jpg 800w\" sizes=\"(max-width: 300px) 100vw, 300px\" \/><\/a><\/p>\n<p><a href=\"http:\/\/museumek.eu\/?attachment_id=31438\" rel=\"attachment wp-att-31438\"><img loading=\"lazy\" src=\"http:\/\/museumek.eu\/wp-content\/uploads\/2014\/06\/713-260x300.jpg\" alt=\"\" title=\"713\" width=\"260\" height=\"300\" class=\"alignnone size-medium wp-image-31438\" srcset=\"http:\/\/museumek.eu\/wp-content\/uploads\/2014\/06\/713-260x300.jpg 260w, http:\/\/museumek.eu\/wp-content\/uploads\/2014\/06\/713-130x150.jpg 130w, http:\/\/museumek.eu\/wp-content\/uploads\/2014\/06\/713-890x1024.jpg 890w, http:\/\/museumek.eu\/wp-content\/uploads\/2014\/06\/713.jpg 1329w\" sizes=\"(max-width: 260px) 100vw, 260px\" \/><\/a><\/p>\n<p><strong>deutlichere Marke aus dem www<\/strong><\/p>\n<p><a href=\"http:\/\/museumek.eu\/?attachment_id=31439\" rel=\"attachment wp-att-31439\"><img loading=\"lazy\" src=\"http:\/\/museumek.eu\/wp-content\/uploads\/2014\/06\/AAA-Reinhold-Hanke-Marke-als-kgl.-Hoflieferant-300x246.jpg\" alt=\"\" title=\"AAA Reinhold Hanke Marke  als kgl. Hoflieferant\" width=\"300\" height=\"246\" class=\"alignnone size-medium wp-image-31439\" srcset=\"http:\/\/museumek.eu\/wp-content\/uploads\/2014\/06\/AAA-Reinhold-Hanke-Marke-als-kgl.-Hoflieferant-300x246.jpg 300w, http:\/\/museumek.eu\/wp-content\/uploads\/2014\/06\/AAA-Reinhold-Hanke-Marke-als-kgl.-Hoflieferant-150x123.jpg 150w, http:\/\/museumek.eu\/wp-content\/uploads\/2014\/06\/AAA-Reinhold-Hanke-Marke-als-kgl.-Hoflieferant-365x300.jpg 365w, http:\/\/museumek.eu\/wp-content\/uploads\/2014\/06\/AAA-Reinhold-Hanke-Marke-als-kgl.-Hoflieferant.jpg 543w\" sizes=\"(max-width: 300px) 100vw, 300px\" \/><\/a><\/p>\n","protected":false},"excerpt":{"rendered":"<p>Abteilung Deutschland, Keramik 1860 \u2013 1960, Inventarnummer D\/LXX\/4 Reinhold Hanke Fabrik fein verzierter Steinzeugwaaren, vormals Reinhold Hanke Fabrik altdeutscher Steinzeug-Kr\u00fcge, Deutschland, H\u00f6hr, um 1884, Seidel, K\u00fcnstler unbekannt, Werks.-Nr. 1259, Exemplar Nr. ohne, gemarkt Firmenmarke als Wappenmarke, links Mensch ein Wappen &hellip; <a href=\"http:\/\/museumek.eu\/?page_id=31426\">Weiterlesen <span class=\"meta-nav\">&rarr;<\/span><\/a><\/p>\n","protected":false},"author":1,"featured_media":0,"parent":17731,"menu_order":4,"comment_status":"closed","ping_status":"open","template":"","meta":[],"_links":{"self":[{"href":"http:\/\/museumek.eu\/index.php?rest_route=\/wp\/v2\/pages\/31426"}],"collection":[{"href":"http:\/\/museumek.eu\/index.php?rest_route=\/wp\/v2\/pages"}],"about":[{"href":"http:\/\/museumek.eu\/index.php?rest_route=\/wp\/v2\/types\/page"}],"author":[{"embeddable":true,"href":"http:\/\/museumek.eu\/index.php?rest_route=\/wp\/v2\/users\/1"}],"replies":[{"embeddable":true,"href":"http:\/\/museumek.eu\/index.php?rest_route=%2Fwp%2Fv2%2Fcomments&post=31426"}],"version-history":[{"count":9,"href":"http:\/\/museumek.eu\/index.php?rest_route=\/wp\/v2\/pages\/31426\/revisions"}],"predecessor-version":[{"id":38158,"href":"http:\/\/museumek.eu\/index.php?rest_route=\/wp\/v2\/pages\/31426\/revisions\/38158"}],"up":[{"embeddable":true,"href":"http:\/\/museumek.eu\/index.php?rest_route=\/wp\/v2\/pages\/17731"}],"wp:attachment":[{"href":"http:\/\/museumek.eu\/index.php?rest_route=%2Fwp%2Fv2%2Fmedia&parent=31426"}],"curies":[{"name":"wp","href":"https:\/\/api.w.org\/{rel}","templated":true}]}}