{"id":31450,"date":"2014-06-07T00:32:48","date_gmt":"2014-06-06T22:32:48","guid":{"rendered":"http:\/\/museumek.eu\/?page_id=31450"},"modified":"2014-08-24T15:57:07","modified_gmt":"2014-08-24T13:57:07","slug":"dlxx5","status":"publish","type":"page","link":"http:\/\/museumek.eu\/?page_id=31450","title":{"rendered":"D\/LXX\/5"},"content":{"rendered":"<p><strong>Abteilung Deutschland, Keramik 1860 \u2013 1960, Inventarnummer D\/LXX\/5<\/strong><\/p>\n<p>Reinhold Hanke Fabrik fein verzierter Steinzeugwaaren, vormals Reinhold Hanke Fabrik altdeutscher Steinzeug-Kr\u00fcge, Deutschland, H\u00f6hr, 1911 bis 1918, Bartmannkrug, K\u00fcnstler unbekannt, Werks.-Nr. ohne, Exemplar Nr. ohne, gemarkt Firmenmarke HANKE gepresst, nicht signiert, Literatur: J\u00fcrgen Schimanski und J\u00fcrgen Erlebach, Westerw\u00e4lder Steinzeug, Die Neue \u00c4ra, Seite 60, Fabrikbeschreibung, weitere Literatur: Beate Dry-v. Zezschwitz, Westerw\u00e4lder Steinzeug des Jugendstils I, R. Merkelbach Grenzhausen und M\u00fcnchen, Nachdruck der Spezialpreisliste 1905, Seite 29, Abbildung 14 sowie Abbildung 15, identischer Bartmannkrug, dort beschrieben, dass die Fabrik von Reinhold Merkelbach diesen Bartmannkrug vor 1916 nach einem Original aus dem Kunstgewerbemuseum K\u00f6ln f\u00fcr die Firma Jacob Auer S\u00f6hne als grauen in die Form gedrehten Scherben mit Reliefdekor, braun engobiert (k\u00f6lnisch-braun) produziert hat, siehe auch MEK D\/XLV\/40, dort der Originalkrug (allerdings aus der Zeit um 1916) der Steinzeugfabrik Reinhold Merkelbach im Inventar, weitere Literatur: J\u00fcrgen Schimanski, Braun geflammt und grau gesalzen, Seite 202, Beschreibung der Fabrik und Marke Nr. 10 identisch sowie Seite 240, Abbildung Nr. 6, dort das Merkelbach Original, welches als Vorlage f\u00fcr den Auer &#038; S\u00f6hne Krug diente, weitere Literatur: Wolfgang Venzmer, Jugendstil im Landesmuseum Mainz, Seite 342, Beschreibung der Fabrik, weitere Literatur: Gisela Reineking von Bock, Meister der deutschen Keramik 1900 \u2013 1950, Seite 321, Marke Nr. 72 identisch (f\u00fcr die Zeit um 1900) weitere Literatur: Johannes und Peter Vogt, Alte Bierkr\u00fcge, Von der Renaissance bis zum Jugendstil, Seite 14, Fabrikbeschreibung und Benennung des Fabriknamens Reinhold Hanke Fabrik altdeutscher Steinzeug-Kr\u00fcge, 1864 gr\u00fcndete der aus B\u00f6hmen (Ausbildung bei Maresch, Siderolithsteinzeug) zugewanderte Reinhold Hanke zusammen mit Ottmar Speyser eine Siderolithwaarenfabrik in H\u00f6hr, 1868 trennte sich Reinhold Hanke von Ottmar Speyser (ob dieser die Siderlithwaarenfabrik allein weiterf\u00fchrte oder ob diese in Konkurs ging ist noch nicht gekl\u00e4rt) und gr\u00fcndete seine eigene Fabrik, die als Fabrik altdeutscher Steinzeug-Kr\u00fcge firmierte, 1876 wurde die Fabrik von Kaiserin Augusta, Gattin Kaiser Wilhelm des I. zum Hoflieferanten ernannt, ab dieser Zeit wurde wohl auch die Marke des MEK Exemplares eingef\u00fchrt, der MEK Seidel hat bereits eine Literangabe mit Eichstrich, da im Deutschen Kaiserreich erst 1881 (20.07.1881) das Gesetz zur Aichung der Schankgef\u00e4\u00dfe beschlossen wurde und dieses Gesetz erst am 01.01.1884 endg\u00fcltig in Kraft trat, ist der MEK Seidel wohl in die fr\u00fchen 1880\u2018 Jahre zu datieren, bis 1882 wurde ausschlie\u00dflich graues Steinzeug produziert, welches blau bemalt wurde, ab 1883 wurde auch Elfenbeinsteinzeug produziert, dies best\u00e4tigt die Datierung des MEK Seidels, Reinhold Hanke starb am 22.06.1886 und seine Witwe Maria Hanke f\u00fchrte die Fabrik fort, gem\u00e4\u00df des Musterbuches von ca. 1888 firmierte die Fabrik ab ca. 1888 als Reinhold Hanke Fabrik feinverzierter Steinzeugwaaren, ab 1901 f\u00fchrten die S\u00f6hne August und Carl Hanke die Fabrik, 1911 bis 1918 schloss sich die Fabrik mit den Fabriken Reinhold Merkelbach, Walter M\u00fcller und S. P. Gerz vertriebstechnisch zu der Steinzeugwerke H\u00f6hr-Grenzhausen GmbH zusammen, Hanke schied aber bereits vor 1918 wieder aus der GmbH aus, w\u00e4hrend der GmbH Zeit wurden Formen getauscht und auf die mit fremden Formen hergestellten Erzeugnisse, die eigene Herstellermarke angebracht, es gibt deshalb bei Reinhold Hanke hergestellte Ware nach Vorlagen von Reinhold Merkelbach und umgedreht, 1921 wurden bei einem Brand die Fabrikgeb\u00e4ude zerst\u00f6rt und danach in kleinerem Umfang wieder aufgebaut, 1938, zum Tode von August Hanke wurde die Hank\u2019sche Fabrik endg\u00fcltig stillgelegt, das Fabrikgel\u00e4nde und die Fabrikgeb\u00e4ude wurden aber bis 1983 noch zur Erzeugung keramischer Produkte wohl unter Pacht von den Hank\u2018schen Erben von anderen Fabrikanten zum Beispiel Jean Maas genutzt, Ausf\u00fchrung wie oben bei R. Merkelbach beschrieben, H\u00f6he 16 cm, Breite 14,5 cm<\/p>\n<p><a href=\"http:\/\/museumek.eu\/?attachment_id=31451\" rel=\"attachment wp-att-31451\"><img loading=\"lazy\" src=\"http:\/\/museumek.eu\/wp-content\/uploads\/2014\/06\/746-238x300.jpg\" alt=\"\" title=\"746\" width=\"238\" height=\"300\" class=\"alignnone size-medium wp-image-31451\" srcset=\"http:\/\/museumek.eu\/wp-content\/uploads\/2014\/06\/746-238x300.jpg 238w, http:\/\/museumek.eu\/wp-content\/uploads\/2014\/06\/746-119x150.jpg 119w, http:\/\/museumek.eu\/wp-content\/uploads\/2014\/06\/746.jpg 563w\" sizes=\"(max-width: 238px) 100vw, 238px\" \/><\/a><\/p>\n<p><a href=\"http:\/\/museumek.eu\/?attachment_id=31457\" rel=\"attachment wp-att-31457\"><img loading=\"lazy\" src=\"http:\/\/museumek.eu\/wp-content\/uploads\/2014\/06\/7471-241x300.jpg\" alt=\"\" title=\"747\" width=\"241\" height=\"300\" class=\"alignnone size-medium wp-image-31457\" srcset=\"http:\/\/museumek.eu\/wp-content\/uploads\/2014\/06\/7471-241x300.jpg 241w, http:\/\/museumek.eu\/wp-content\/uploads\/2014\/06\/7471-120x150.jpg 120w, http:\/\/museumek.eu\/wp-content\/uploads\/2014\/06\/7471.jpg 494w\" sizes=\"(max-width: 241px) 100vw, 241px\" \/><\/a><\/p>\n<p><a href=\"http:\/\/museumek.eu\/?attachment_id=31458\" rel=\"attachment wp-att-31458\"><img loading=\"lazy\" src=\"http:\/\/museumek.eu\/wp-content\/uploads\/2014\/06\/748-229x300.jpg\" alt=\"\" title=\"748\" width=\"229\" height=\"300\" class=\"alignnone size-medium wp-image-31458\" srcset=\"http:\/\/museumek.eu\/wp-content\/uploads\/2014\/06\/748-229x300.jpg 229w, http:\/\/museumek.eu\/wp-content\/uploads\/2014\/06\/748-114x150.jpg 114w, http:\/\/museumek.eu\/wp-content\/uploads\/2014\/06\/748.jpg 545w\" sizes=\"(max-width: 229px) 100vw, 229px\" \/><\/a><\/p>\n<p><a href=\"http:\/\/museumek.eu\/?attachment_id=31459\" rel=\"attachment wp-att-31459\"><img loading=\"lazy\" src=\"http:\/\/museumek.eu\/wp-content\/uploads\/2014\/06\/749-254x300.jpg\" alt=\"\" title=\"749\" width=\"254\" height=\"300\" class=\"alignnone size-medium wp-image-31459\" srcset=\"http:\/\/museumek.eu\/wp-content\/uploads\/2014\/06\/749-254x300.jpg 254w, http:\/\/museumek.eu\/wp-content\/uploads\/2014\/06\/749-127x150.jpg 127w, http:\/\/museumek.eu\/wp-content\/uploads\/2014\/06\/749.jpg 498w\" sizes=\"(max-width: 254px) 100vw, 254px\" \/><\/a><\/p>\n<p><a href=\"http:\/\/museumek.eu\/?attachment_id=31460\" rel=\"attachment wp-att-31460\"><img loading=\"lazy\" src=\"http:\/\/museumek.eu\/wp-content\/uploads\/2014\/06\/750-300x287.jpg\" alt=\"\" title=\"750\" width=\"300\" height=\"287\" class=\"alignnone size-medium wp-image-31460\" srcset=\"http:\/\/museumek.eu\/wp-content\/uploads\/2014\/06\/750-300x287.jpg 300w, http:\/\/museumek.eu\/wp-content\/uploads\/2014\/06\/750-150x143.jpg 150w, http:\/\/museumek.eu\/wp-content\/uploads\/2014\/06\/750-312x300.jpg 312w, http:\/\/museumek.eu\/wp-content\/uploads\/2014\/06\/750.jpg 572w\" sizes=\"(max-width: 300px) 100vw, 300px\" \/><\/a><\/p>\n<p><a href=\"http:\/\/museumek.eu\/?attachment_id=31462\" rel=\"attachment wp-att-31462\"><img loading=\"lazy\" src=\"http:\/\/museumek.eu\/wp-content\/uploads\/2014\/06\/751-284x300.jpg\" alt=\"\" title=\"751\" width=\"284\" height=\"300\" class=\"alignnone size-medium wp-image-31462\" srcset=\"http:\/\/museumek.eu\/wp-content\/uploads\/2014\/06\/751-284x300.jpg 284w, http:\/\/museumek.eu\/wp-content\/uploads\/2014\/06\/751-142x150.jpg 142w, http:\/\/museumek.eu\/wp-content\/uploads\/2014\/06\/751.jpg 600w\" sizes=\"(max-width: 284px) 100vw, 284px\" \/><\/a><\/p>\n<p><a href=\"http:\/\/museumek.eu\/?attachment_id=31463\" rel=\"attachment wp-att-31463\"><img loading=\"lazy\" src=\"http:\/\/museumek.eu\/wp-content\/uploads\/2014\/06\/752-300x164.jpg\" alt=\"\" title=\"752\" width=\"300\" height=\"164\" class=\"alignnone size-medium wp-image-31463\" srcset=\"http:\/\/museumek.eu\/wp-content\/uploads\/2014\/06\/752-300x164.jpg 300w, http:\/\/museumek.eu\/wp-content\/uploads\/2014\/06\/752-150x82.jpg 150w, http:\/\/museumek.eu\/wp-content\/uploads\/2014\/06\/752-500x274.jpg 500w, http:\/\/museumek.eu\/wp-content\/uploads\/2014\/06\/752.jpg 512w\" sizes=\"(max-width: 300px) 100vw, 300px\" \/><\/a><\/p>\n","protected":false},"excerpt":{"rendered":"<p>Abteilung Deutschland, Keramik 1860 \u2013 1960, Inventarnummer D\/LXX\/5 Reinhold Hanke Fabrik fein verzierter Steinzeugwaaren, vormals Reinhold Hanke Fabrik altdeutscher Steinzeug-Kr\u00fcge, Deutschland, H\u00f6hr, 1911 bis 1918, Bartmannkrug, K\u00fcnstler unbekannt, Werks.-Nr. ohne, Exemplar Nr. ohne, gemarkt Firmenmarke HANKE gepresst, nicht signiert, Literatur: &hellip; <a href=\"http:\/\/museumek.eu\/?page_id=31450\">Weiterlesen <span class=\"meta-nav\">&rarr;<\/span><\/a><\/p>\n","protected":false},"author":1,"featured_media":0,"parent":17731,"menu_order":5,"comment_status":"closed","ping_status":"open","template":"","meta":[],"_links":{"self":[{"href":"http:\/\/museumek.eu\/index.php?rest_route=\/wp\/v2\/pages\/31450"}],"collection":[{"href":"http:\/\/museumek.eu\/index.php?rest_route=\/wp\/v2\/pages"}],"about":[{"href":"http:\/\/museumek.eu\/index.php?rest_route=\/wp\/v2\/types\/page"}],"author":[{"embeddable":true,"href":"http:\/\/museumek.eu\/index.php?rest_route=\/wp\/v2\/users\/1"}],"replies":[{"embeddable":true,"href":"http:\/\/museumek.eu\/index.php?rest_route=%2Fwp%2Fv2%2Fcomments&post=31450"}],"version-history":[{"count":9,"href":"http:\/\/museumek.eu\/index.php?rest_route=\/wp\/v2\/pages\/31450\/revisions"}],"predecessor-version":[{"id":33170,"href":"http:\/\/museumek.eu\/index.php?rest_route=\/wp\/v2\/pages\/31450\/revisions\/33170"}],"up":[{"embeddable":true,"href":"http:\/\/museumek.eu\/index.php?rest_route=\/wp\/v2\/pages\/17731"}],"wp:attachment":[{"href":"http:\/\/museumek.eu\/index.php?rest_route=%2Fwp%2Fv2%2Fmedia&parent=31450"}],"curies":[{"name":"wp","href":"https:\/\/api.w.org\/{rel}","templated":true}]}}