{"id":31503,"date":"2014-06-07T20:47:22","date_gmt":"2014-06-07T18:47:22","guid":{"rendered":"http:\/\/museumek.eu\/?page_id=31503"},"modified":"2014-10-15T19:49:05","modified_gmt":"2014-10-15T17:49:05","slug":"dcxv1","status":"publish","type":"page","link":"http:\/\/museumek.eu\/?page_id=31503","title":{"rendered":"D\/CXV\/1"},"content":{"rendered":"<p><strong>Abteilung Deutschland, Keramik 1860 \u2013 1960, Inventarnummer D\/CXV\/1<\/strong><\/p>\n<p>Steinzeugfabrik Hauber &#038; Reuther, vormals Steinzeugfabrik Albert Hauber &#038; Co., vormals Steinzeugfabrik Sch\u00f6n &#038; Hauber, vormals Steinzeugfabrik Sch\u00f6n &#038; Borho, Deutschland, Freising, um 1886, Krug, K\u00fcnstler unbekannt, Werks.-Nr. 432, Exemplar Nr. ohne, gemarkt Firmenmarke mit HR (f\u00fcr Hauber &#038; Reuther), 432, B (blau) sowie 1 L. \u00fcber Eichstrich gepresst, B. im Dekor geritzt, gesetzlich gesch\u00fctzt. rot gestempelt, nicht gedeuteter blauer Punkt, signiert B., Literatur: Irmgard und Werner Endres, Regensburger Steinzeug, S 13, Beschreibung zu Max Borho und zu Hauber &#038; Reuther sowie Seite 48, HR Marke als Hauber &#038; Reuther vermutet (erst 1988\/90 wurde durch Grabungen auf dem ehemaligen Fabrikgel\u00e4nde diverse keramische Abf\u00e4lle gefunden, die mit HR gemarkt waren und somit den Beweis f\u00fcr die Zuordnung der Marke HR zu Hauber &#038; Reuther lieferten), der um 1870 in der Westerw\u00e4lder keramischen Industrie arbeitende Max (Maximilian) Borho gr\u00fcndete 1874 zusammen mit August Zinkl und dessen Schwager Rudolf Thaller in Regensburg die keramische Fabrik Borho Zinkl &#038; Comp. Steinzeug-Manufactur &#038; Fabrikation imitirter alterth\u00fcmlicher Schau- &#038; Trinkgef\u00e4\u00dfe, die sp\u00e4tere Steinzeugfabrik von Gustav Friedrich Thenn, da es in der Regensburger Gegend keine hochwertigen Tone gab, war es sicher Borho, der Tonlieferung aus dem Westerwald organisierte, mit hoher Wahrscheinlichkeit ausschlie\u00dflich von der Firma Reinhold Hanke Fabrik altdeutscher Steinzeug-Kr\u00fcge, diese Vorgeschichte zu Max Borho ist insofern wichtig, weil Borho bereits im September 1875 seine Anteile an der Regensburger Firma verkauft und ab 1876 in Freising Mitbegr\u00fcnder der Steinzeugfabrik Adam Sch\u00f6n &#038; Max Borho wird, auch diese Fabrik bezieht das Tonmaterial aus dem Westerwald, sicher auch nur von der Firma Reinhold Hanke Fabrik altdeutscher Steinzeug-Kr\u00fcge, Borho verl\u00e4\u00dft diese Fabrik noch im Gr\u00fcndungsjahr und Albert Hauber aus Ludwigsburg wird Miteigent\u00fcmer, die Fabrik firmiert als Steinzeugfabrik Sch\u00f6n &#038; Hauber, 1878 verkauft Adam Sch\u00f6n seine Anteile an Albert Hauber, die Firmierung lautet nun Steinzeugfabrik Albert Hauber &#038; Co., ab 1882 wird Hans Reuther Miteigent\u00fcmer, die Fabrik firmiert als Steinzeugfabrik Hauber &#038; Reuther, im Jahre 1886 verloren auf Grund auslaufender Vertr\u00e4ge und mit dem Tode von Reinhold Hanke (22.06.1886) sowohl die o. g. Regensburger Fabrik als auch die Steinzeugfabrik Hauber &#038; Reuther die Gesch\u00e4ftsgrundlage, da kein Ton aus dem Westerwald mehr bezogen werden konnte, die Thenn\u2019sche Fabrik in Regensburg stellte die Produktion ein und die Steinzeugfabrik Hauber &#038; Reuther stellte die Produktion auf Porzellan um, gleichzeitig verschaffte sich die Fabrik Liefervertr\u00e4ge f\u00fcr Halbfertigprodukte mit folgenden Westerw\u00e4lder Fabriken, erstens, der Steingut- und Steinzeugfabrik, Kunstt\u00f6pferei, Zinngie\u00dferei Merkelbach und Wick (Lieferung von 1886 bis 1897), zweitens, Simon Peter Gerz I. Fabrik antiker reichverzierter Steinzeugwaaren und drittens, Albert Jacob Thewalt, Fabrik fein verzierter Steinzeugwaren, die Steinzeugfabrik Hauber &#038; Reuther dekorierte und veredelte die Halbfertigprodukte, nicht recherchiert werden konnte, ob die Fabrik ab Zulieferung der Halbfertigprodukte aus dem Westerwald nur noch als Veredler t\u00e4tig war oder ob auch weiterhin Porzellan produziert wurde, sicher ist, dass ab 1886 keine eigenen Steinzeugartikel mehr hergestellt worden sind, bis 1882 war keine Fabrikmarke im Gebrauch, die Produkte vor 1882 sind nur durch die Art und Weise der Literung erkennbar, soweit \u00fcberhaupt eine solche angebracht worden ist, ab 1882 erfolgte die Markung mit sich \u00e4ndernden HR Stempeln und HR Aufmalungen, manchmal in Kombination mit Marken der o. g. Westerw\u00e4lder Halbfertigfabrikatproduzenten, die Fabrik stellte 1907 die Produktion ein, das MEK Exemplar wurde als Halbfertigfabrikat von der Firma Steingut- und Steinzeugfabrik, Kunstt\u00f6pferei, Zinngie\u00dferei Merkelbach und Wick bezogen (die Zuordnung ergibt sich aus dem Stempel der Literung) und von der Steinzeugfabrik Hauber &#038; Reuther mit einem Ritzdekor versehen, welches mit kr\u00e4ftigen Emailfarben bemalt wurde, die K\u00fcnstlersignatur B. konnte nicht aufgel\u00f6st werden, Ausf\u00fchrung als Elfenbeinsteinzeug, auf der homepage http:\/\/home.kendra.com\/altekruge\/pss\/marksetc.htm findet sich eine von John McGregor zusammengestellte \u00dcbersicht \u00fcber die verschiedenen Literstempel und Fabrikmarken, der MEK Exemplar Literstempel wurde in der Zeit von 1886 bis 1897 von der Fabrik Merkelbach &#038; Wick verwendet, die HR Marke wurde von Hauber &#038; Reuther in der Zeit um 1886 f\u00fcr alle von M &#038; W bezogenen Hablbfertigfabrikate verwendet,<br \/>\nH\u00f6he 19 cm, Breite 15 cm (nur die Keramik)<\/p>\n<p><a href=\"http:\/\/museumek.eu\/?attachment_id=31504\" rel=\"attachment wp-att-31504\"><img loading=\"lazy\" src=\"http:\/\/museumek.eu\/wp-content\/uploads\/2014\/06\/731-129x300.jpg\" alt=\"\" title=\"731\" width=\"129\" height=\"300\" class=\"alignnone size-medium wp-image-31504\" srcset=\"http:\/\/museumek.eu\/wp-content\/uploads\/2014\/06\/731-129x300.jpg 129w, http:\/\/museumek.eu\/wp-content\/uploads\/2014\/06\/731-64x150.jpg 64w, http:\/\/museumek.eu\/wp-content\/uploads\/2014\/06\/731.jpg 333w\" sizes=\"(max-width: 129px) 100vw, 129px\" \/><\/a><\/p>\n<p><a href=\"http:\/\/museumek.eu\/?attachment_id=31505\" rel=\"attachment wp-att-31505\"><img loading=\"lazy\" src=\"http:\/\/museumek.eu\/wp-content\/uploads\/2014\/06\/730-130x300.jpg\" alt=\"\" title=\"730\" width=\"130\" height=\"300\" class=\"alignnone size-medium wp-image-31505\" srcset=\"http:\/\/museumek.eu\/wp-content\/uploads\/2014\/06\/730-130x300.jpg 130w, http:\/\/museumek.eu\/wp-content\/uploads\/2014\/06\/730-65x150.jpg 65w, http:\/\/museumek.eu\/wp-content\/uploads\/2014\/06\/730.jpg 309w\" sizes=\"(max-width: 130px) 100vw, 130px\" \/><\/a><\/p>\n<p><a href=\"http:\/\/museumek.eu\/?attachment_id=31506\" rel=\"attachment wp-att-31506\"><img loading=\"lazy\" src=\"http:\/\/museumek.eu\/wp-content\/uploads\/2014\/06\/732-177x300.jpg\" alt=\"\" title=\"732\" width=\"177\" height=\"300\" class=\"alignnone size-medium wp-image-31506\" srcset=\"http:\/\/museumek.eu\/wp-content\/uploads\/2014\/06\/732-177x300.jpg 177w, http:\/\/museumek.eu\/wp-content\/uploads\/2014\/06\/732-88x150.jpg 88w, http:\/\/museumek.eu\/wp-content\/uploads\/2014\/06\/732.jpg 474w\" sizes=\"(max-width: 177px) 100vw, 177px\" \/><\/a><\/p>\n<p><a href=\"http:\/\/museumek.eu\/?attachment_id=31507\" rel=\"attachment wp-att-31507\"><img loading=\"lazy\" src=\"http:\/\/museumek.eu\/wp-content\/uploads\/2014\/06\/733-167x300.jpg\" alt=\"\" title=\"733\" width=\"167\" height=\"300\" class=\"alignnone size-medium wp-image-31507\" srcset=\"http:\/\/museumek.eu\/wp-content\/uploads\/2014\/06\/733-167x300.jpg 167w, http:\/\/museumek.eu\/wp-content\/uploads\/2014\/06\/733-83x150.jpg 83w, http:\/\/museumek.eu\/wp-content\/uploads\/2014\/06\/733.jpg 414w\" sizes=\"(max-width: 167px) 100vw, 167px\" \/><\/a><\/p>\n<p><a href=\"http:\/\/museumek.eu\/?attachment_id=31508\" rel=\"attachment wp-att-31508\"><img loading=\"lazy\" src=\"http:\/\/museumek.eu\/wp-content\/uploads\/2014\/06\/734-113x300.jpg\" alt=\"\" title=\"734\" width=\"113\" height=\"300\" class=\"alignnone size-medium wp-image-31508\" srcset=\"http:\/\/museumek.eu\/wp-content\/uploads\/2014\/06\/734-113x300.jpg 113w, http:\/\/museumek.eu\/wp-content\/uploads\/2014\/06\/734-56x150.jpg 56w, http:\/\/museumek.eu\/wp-content\/uploads\/2014\/06\/734.jpg 281w\" sizes=\"(max-width: 113px) 100vw, 113px\" \/><\/a><\/p>\n<p><a href=\"http:\/\/museumek.eu\/?attachment_id=31514\" rel=\"attachment wp-att-31514\"><img loading=\"lazy\" src=\"http:\/\/museumek.eu\/wp-content\/uploads\/2014\/06\/7351-171x300.jpg\" alt=\"\" title=\"735\" width=\"171\" height=\"300\" class=\"alignnone size-medium wp-image-31514\" srcset=\"http:\/\/museumek.eu\/wp-content\/uploads\/2014\/06\/7351-171x300.jpg 171w, http:\/\/museumek.eu\/wp-content\/uploads\/2014\/06\/7351-85x150.jpg 85w, http:\/\/museumek.eu\/wp-content\/uploads\/2014\/06\/7351.jpg 430w\" sizes=\"(max-width: 171px) 100vw, 171px\" \/><\/a><\/p>\n<p><a href=\"http:\/\/museumek.eu\/?attachment_id=31515\" rel=\"attachment wp-att-31515\"><img loading=\"lazy\" src=\"http:\/\/museumek.eu\/wp-content\/uploads\/2014\/06\/736-196x300.jpg\" alt=\"\" title=\"736\" width=\"196\" height=\"300\" class=\"alignnone size-medium wp-image-31515\" srcset=\"http:\/\/museumek.eu\/wp-content\/uploads\/2014\/06\/736-196x300.jpg 196w, http:\/\/museumek.eu\/wp-content\/uploads\/2014\/06\/736-98x150.jpg 98w, http:\/\/museumek.eu\/wp-content\/uploads\/2014\/06\/736.jpg 525w\" sizes=\"(max-width: 196px) 100vw, 196px\" \/><\/a><\/p>\n<p><a href=\"http:\/\/museumek.eu\/?attachment_id=31516\" rel=\"attachment wp-att-31516\"><img loading=\"lazy\" src=\"http:\/\/museumek.eu\/wp-content\/uploads\/2014\/06\/737-300x239.jpg\" alt=\"\" title=\"737\" width=\"300\" height=\"239\" class=\"alignnone size-medium wp-image-31516\" srcset=\"http:\/\/museumek.eu\/wp-content\/uploads\/2014\/06\/737-300x239.jpg 300w, http:\/\/museumek.eu\/wp-content\/uploads\/2014\/06\/737-150x119.jpg 150w, http:\/\/museumek.eu\/wp-content\/uploads\/2014\/06\/737-375x300.jpg 375w, http:\/\/museumek.eu\/wp-content\/uploads\/2014\/06\/737.jpg 751w\" sizes=\"(max-width: 300px) 100vw, 300px\" \/><\/a><\/p>\n<p><a href=\"http:\/\/museumek.eu\/?attachment_id=31517\" rel=\"attachment wp-att-31517\"><img loading=\"lazy\" src=\"http:\/\/museumek.eu\/wp-content\/uploads\/2014\/06\/738-300x273.jpg\" alt=\"\" title=\"738\" width=\"300\" height=\"273\" class=\"alignnone size-medium wp-image-31517\" srcset=\"http:\/\/museumek.eu\/wp-content\/uploads\/2014\/06\/738-300x273.jpg 300w, http:\/\/museumek.eu\/wp-content\/uploads\/2014\/06\/738-150x136.jpg 150w, http:\/\/museumek.eu\/wp-content\/uploads\/2014\/06\/738-328x300.jpg 328w, http:\/\/museumek.eu\/wp-content\/uploads\/2014\/06\/738.jpg 657w\" sizes=\"(max-width: 300px) 100vw, 300px\" \/><\/a><\/p>\n<p><a href=\"http:\/\/museumek.eu\/?attachment_id=31518\" rel=\"attachment wp-att-31518\"><img loading=\"lazy\" src=\"http:\/\/museumek.eu\/wp-content\/uploads\/2014\/06\/739-191x300.jpg\" alt=\"\" title=\"739\" width=\"191\" height=\"300\" class=\"alignnone size-medium wp-image-31518\" srcset=\"http:\/\/museumek.eu\/wp-content\/uploads\/2014\/06\/739-191x300.jpg 191w, http:\/\/museumek.eu\/wp-content\/uploads\/2014\/06\/739-95x150.jpg 95w, http:\/\/museumek.eu\/wp-content\/uploads\/2014\/06\/739.jpg 483w\" sizes=\"(max-width: 191px) 100vw, 191px\" \/><\/a><\/p>\n<p><a href=\"http:\/\/museumek.eu\/?attachment_id=31519\" rel=\"attachment wp-att-31519\"><img loading=\"lazy\" src=\"http:\/\/museumek.eu\/wp-content\/uploads\/2014\/06\/740-292x300.jpg\" alt=\"\" title=\"740\" width=\"292\" height=\"300\" class=\"alignnone size-medium wp-image-31519\" srcset=\"http:\/\/museumek.eu\/wp-content\/uploads\/2014\/06\/740-292x300.jpg 292w, http:\/\/museumek.eu\/wp-content\/uploads\/2014\/06\/740-146x150.jpg 146w, http:\/\/museumek.eu\/wp-content\/uploads\/2014\/06\/740.jpg 600w\" sizes=\"(max-width: 292px) 100vw, 292px\" \/><\/a><\/p>\n","protected":false},"excerpt":{"rendered":"<p>Abteilung Deutschland, Keramik 1860 \u2013 1960, Inventarnummer D\/CXV\/1 Steinzeugfabrik Hauber &#038; Reuther, vormals Steinzeugfabrik Albert Hauber &#038; Co., vormals Steinzeugfabrik Sch\u00f6n &#038; Hauber, vormals Steinzeugfabrik Sch\u00f6n &#038; Borho, Deutschland, Freising, um 1886, Krug, K\u00fcnstler unbekannt, Werks.-Nr. 432, Exemplar Nr. ohne, &hellip; <a href=\"http:\/\/museumek.eu\/?page_id=31503\">Weiterlesen <span class=\"meta-nav\">&rarr;<\/span><\/a><\/p>\n","protected":false},"author":1,"featured_media":0,"parent":31500,"menu_order":1,"comment_status":"closed","ping_status":"open","template":"","meta":[],"_links":{"self":[{"href":"http:\/\/museumek.eu\/index.php?rest_route=\/wp\/v2\/pages\/31503"}],"collection":[{"href":"http:\/\/museumek.eu\/index.php?rest_route=\/wp\/v2\/pages"}],"about":[{"href":"http:\/\/museumek.eu\/index.php?rest_route=\/wp\/v2\/types\/page"}],"author":[{"embeddable":true,"href":"http:\/\/museumek.eu\/index.php?rest_route=\/wp\/v2\/users\/1"}],"replies":[{"embeddable":true,"href":"http:\/\/museumek.eu\/index.php?rest_route=%2Fwp%2Fv2%2Fcomments&post=31503"}],"version-history":[{"count":10,"href":"http:\/\/museumek.eu\/index.php?rest_route=\/wp\/v2\/pages\/31503\/revisions"}],"predecessor-version":[{"id":33763,"href":"http:\/\/museumek.eu\/index.php?rest_route=\/wp\/v2\/pages\/31503\/revisions\/33763"}],"up":[{"embeddable":true,"href":"http:\/\/museumek.eu\/index.php?rest_route=\/wp\/v2\/pages\/31500"}],"wp:attachment":[{"href":"http:\/\/museumek.eu\/index.php?rest_route=%2Fwp%2Fv2%2Fmedia&parent=31503"}],"curies":[{"name":"wp","href":"https:\/\/api.w.org\/{rel}","templated":true}]}}