{"id":31550,"date":"2014-06-08T20:15:27","date_gmt":"2014-06-08T18:15:27","guid":{"rendered":"http:\/\/museumek.eu\/?page_id=31550"},"modified":"2014-06-08T20:54:13","modified_gmt":"2014-06-08T18:54:13","slug":"fotos-und-beschreibung","status":"publish","type":"page","link":"http:\/\/museumek.eu\/?page_id=31550","title":{"rendered":"Fotos und Beschreibung"},"content":{"rendered":"<p><strong>Abteilung Austria\/Ungarn\/B\u00f6hmen, Keramik 1860 \u2013 1960, Inventarnummer A\/XXVII\/1<\/strong><\/p>\n<p>T\u00f6pferei Karl F\u00f6dinger, Austria, Gmunden, vor 1950, Vase, K\u00fcnstler Karl F\u00f6dinger, Werks.-Nr. ohne, Exemplar Nr. ohne, gemarkt Firmenmarke als Gmundner Stadtwappen (erstes Wappen der Stadt Gmunden, stammt noch aus dem Mittelalter) bestehend aus Dreieckschild, darin mittig unten auf gewelltem Schildfu\u00df ein F\u00fcnfberg, dessen Mittelkuppe mit 3 Bl\u00e4ttern besteckt ist, links oben ein aufrecht abgewendeter Fisch, rechts oben ein Salzk\u00fcfel (Transportbeh\u00e4ltnis f\u00fcr Salz) gepresst (siehe auch Foto mit Originalwappen aus dem www), Gmunden Handarbeit sowie ligiertes FS (?) daneben ein Punkt braun gemalt, signiert FS, Literatur: Irmgard Gollner, Gmundner Keramik T\u00f6pfertradition einst und jetzt, Seite 26, Kurzbiografie Karl F\u00f6diger, Beschreibung der T\u00f6pferei sowie gedruckte Zeichnung der Marke (altes Gmundner Stadtwappen), weitere Literatur: Irmgard Gollner, Gmundner Keramik Kunst aus Ton, Feuer &#038; Farbe, Seite 107, Sch\u00fclerverzeichnis der Schleiss Schule, dort Karl F\u00f6dinger eingetragen, weitere Literatur: J. G. Th. Graesse und E. Jaenicke, F\u00fchrer f\u00fcr Sammler von Porzellan und Fayence, Steinzeug, Steingut usw., Seite 722, Beschreibung der T\u00f6pferei sowie Hinweise auf zwei Marken, erstens wurde eine Schwanenmarke verwendet und zweitens, wurde das alte Gmunder Stadtwappen als Marke verwendet, der am 26.11.1906 (oder am 26.02.1906) in Gmunden geborene Karl F\u00f6dinger war in der Zeit vom September 1920 bis zum 01.07.1923 Sch\u00fcler der Kunstschule Schleiss, danach trat er in die Schleiss\u2019sche Lehrwerkst\u00e4tte ein, Karl F\u00f6dinger gr\u00fcndete um 1930 eine eigene T\u00f6pferei in Gmunden, der beh\u00f6rdliche Eintrag erfolgte am 15.09.1931, am 30.11.1977 ging Karl F\u00f6dinger in den Ruhestand und sein Sohn Wolfgang F\u00f6dinger (geb. 07.12.1942) \u00fcbernahm die Leitung der T\u00f6pferei, welche er in eine GmbH umwandelte, die als T\u00f6pferei F\u00f6dinger Ges. m. b. H. firmierte, Wolfgang F\u00f6dinger T\u00f6chter arbeiten in der T\u00f6pferei mit, Karl F\u00f6dinger verstarb am 02.07.1984,<br \/>\nH\u00f6he 24 cm, Breite 13 cm<\/p>\n<p><a href=\"http:\/\/museumek.eu\/wp-content\/uploads\/2011\/08\/Museum-Europ\u00e4ischer-Keramikkunst-Qualit\u00e4tsfotos-143.jpg\"><img loading=\"lazy\" src=\"http:\/\/museumek.eu\/wp-content\/uploads\/2011\/08\/Museum-Europ\u00e4ischer-Keramikkunst-Qualit\u00e4tsfotos-143-171x300.jpg\" alt=\"\" title=\"Museum Europ\u00e4ischer Keramikkunst Qualit\u00e4tsfotos 143\" width=\"171\" height=\"300\" class=\"alignnone size-medium wp-image-818\" srcset=\"http:\/\/museumek.eu\/wp-content\/uploads\/2011\/08\/Museum-Europ\u00e4ischer-Keramikkunst-Qualit\u00e4tsfotos-143-171x300.jpg 171w, http:\/\/museumek.eu\/wp-content\/uploads\/2011\/08\/Museum-Europ\u00e4ischer-Keramikkunst-Qualit\u00e4tsfotos-143.jpg 530w\" sizes=\"(max-width: 171px) 100vw, 171px\" \/><\/a><\/p>\n<p><a href=\"http:\/\/museumek.eu\/wp-content\/uploads\/2011\/09\/F\u00f6dinger.jpg\"><img loading=\"lazy\" src=\"http:\/\/museumek.eu\/wp-content\/uploads\/2011\/09\/F\u00f6dinger-300x202.jpg\" alt=\"\" title=\"F\u00f6dinger\" width=\"300\" height=\"202\" class=\"alignnone size-medium wp-image-3594\" srcset=\"http:\/\/museumek.eu\/wp-content\/uploads\/2011\/09\/F\u00f6dinger-300x202.jpg 300w, http:\/\/museumek.eu\/wp-content\/uploads\/2011\/09\/F\u00f6dinger.jpg 393w\" sizes=\"(max-width: 300px) 100vw, 300px\" \/><\/a><\/p>\n<p><a href=\"http:\/\/museumek.eu\/?attachment_id=31539\" rel=\"attachment wp-att-31539\"><img loading=\"lazy\" src=\"http:\/\/museumek.eu\/wp-content\/uploads\/2011\/09\/F\u00f6dinger-2-202x300.jpg\" alt=\"\" title=\"F\u00f6dinger 2\" width=\"202\" height=\"300\" class=\"alignnone size-medium wp-image-31539\" srcset=\"http:\/\/museumek.eu\/wp-content\/uploads\/2011\/09\/F\u00f6dinger-2-202x300.jpg 202w, http:\/\/museumek.eu\/wp-content\/uploads\/2011\/09\/F\u00f6dinger-2-101x150.jpg 101w, http:\/\/museumek.eu\/wp-content\/uploads\/2011\/09\/F\u00f6dinger-2.jpg 265w\" sizes=\"(max-width: 202px) 100vw, 202px\" \/><\/a><\/p>\n<p><a href=\"http:\/\/museumek.eu\/?attachment_id=31540\" rel=\"attachment wp-att-31540\"><img loading=\"lazy\" src=\"http:\/\/museumek.eu\/wp-content\/uploads\/2011\/09\/AAAA-Karl-F\u00f6dinger-hier-echtes-Stadtwappen-von-Gmunden-300x294.jpg\" alt=\"\" title=\"AAAA Karl F\u00f6dinger hier echtes Stadtwappen von Gmunden\" width=\"300\" height=\"294\" class=\"alignnone size-medium wp-image-31540\" srcset=\"http:\/\/museumek.eu\/wp-content\/uploads\/2011\/09\/AAAA-Karl-F\u00f6dinger-hier-echtes-Stadtwappen-von-Gmunden-300x294.jpg 300w, http:\/\/museumek.eu\/wp-content\/uploads\/2011\/09\/AAAA-Karl-F\u00f6dinger-hier-echtes-Stadtwappen-von-Gmunden-150x147.jpg 150w, http:\/\/museumek.eu\/wp-content\/uploads\/2011\/09\/AAAA-Karl-F\u00f6dinger-hier-echtes-Stadtwappen-von-Gmunden-305x300.jpg 305w, http:\/\/museumek.eu\/wp-content\/uploads\/2011\/09\/AAAA-Karl-F\u00f6dinger-hier-echtes-Stadtwappen-von-Gmunden.jpg 388w\" sizes=\"(max-width: 300px) 100vw, 300px\" \/><\/a><\/p>\n<p><strong>Abteilung Austria\/Ungarn\/B\u00f6hmen, Keramik 1860 \u2013 1960, Inventarnummer A\/XXVII\/2<\/strong><\/p>\n<p>T\u00f6pferei Karl F\u00f6dinger, Austria, Gmunden, um 1930, dreiarmiger Kerzenhalter, K\u00fcnstler Karl F\u00f6dinger, Werks.-Nr. ohne, Exemplar Nr. ohne, gemarkt Firmenmarke mit Salzk\u00fcferl, links daneben W, dar\u00fcber K, rechts daneben F, darunter Gmunden, (WKF f\u00fcr Werkstatt Karl F\u00f6dinger, der Salzk\u00fcferl, ein Transportbeh\u00e4ltnis f\u00fcr Salz, vom ersten Gmundner Stadtwappen entnommen) gepresst, nicht signiert, Literatur: Irmgard Gollner, Gmundner Keramik T\u00f6pfertradition einst und jetzt, Seite 26, Kurzbiografie Karl F\u00f6diger, Beschreibung der T\u00f6pferei sowie gedruckte Zeichnung der Marke (altes Gmundner Stadtwappen), weitere Literatur: Irmgard Gollner, Gmundner Keramik Kunst aus Ton, Feuer &#038; Farbe, Seite 107, Sch\u00fclerverzeichnis der Schleiss Schule, dort Karl F\u00f6dinger eingetragen, weitere Literatur: J. G. Th. Graesse und E. Jaenicke, F\u00fchrer f\u00fcr Sammler von Porzellan und Fayence, Steinzeug, Steingut usw., Seite 722, Beschreibung der T\u00f6pferei sowie Hinweise auf zwei Marken, erstens wurde eine Schwanenmarke verwendet und zweitens, wurde das alte Gmunder Stadtwappen als Marke verwendet, der am 26.11.1906 (oder am 26.02.1906) in Gmunden geborene Karl F\u00f6dinger war in der Zeit vom September 1920 bis zum 01.07.1923 Sch\u00fcler der Kunstschule Schleiss, danach trat er in die Schleiss\u2019sche Lehrwerkst\u00e4tte ein, Karl F\u00f6dinger gr\u00fcndete um 1930 eine eigene T\u00f6pferei in Gmunden, der beh\u00f6rdliche Eintrag erfolgte am 15.09.1931, am 30.11.1977 ging Karl F\u00f6dinger in den Ruhestand und sein Sohn Wolfgang F\u00f6dinger (geb. 07.12.1942) \u00fcbernahm die Leitung der T\u00f6pferei, welche er in eine GmbH umwandelte, die als T\u00f6pferei F\u00f6dinger Ges. m. b. H. firmierte, Wolfgang F\u00f6dinger T\u00f6chter arbeiten in der T\u00f6pferei mit, Karl F\u00f6dinger verstarb am 02.07.1984, die Marke konnte in keiner Literatur nachgewiesen werden, das MEK schreibt die Marke auf Grund der oben vorgenommenen Markenbeschreibung der T\u00f6pferei F\u00f6dinger zu, H\u00f6he 21,5 cm, Breite 31,5 cm<\/p>\n<p><a href=\"http:\/\/museumek.eu\/?attachment_id=31592\" rel=\"attachment wp-att-31592\"><img loading=\"lazy\" src=\"http:\/\/museumek.eu\/wp-content\/uploads\/2014\/06\/251-300x192.jpg\" alt=\"\" title=\"251\" width=\"300\" height=\"192\" class=\"alignnone size-medium wp-image-31592\" srcset=\"http:\/\/museumek.eu\/wp-content\/uploads\/2014\/06\/251-300x192.jpg 300w, http:\/\/museumek.eu\/wp-content\/uploads\/2014\/06\/251-150x96.jpg 150w, http:\/\/museumek.eu\/wp-content\/uploads\/2014\/06\/251-467x300.jpg 467w, http:\/\/museumek.eu\/wp-content\/uploads\/2014\/06\/251.jpg 768w\" sizes=\"(max-width: 300px) 100vw, 300px\" \/><\/a><\/p>\n<p><a href=\"http:\/\/museumek.eu\/?attachment_id=31593\" rel=\"attachment wp-att-31593\"><img loading=\"lazy\" src=\"http:\/\/museumek.eu\/wp-content\/uploads\/2014\/06\/252-239x300.jpg\" alt=\"\" title=\"252\" width=\"239\" height=\"300\" class=\"alignnone size-medium wp-image-31593\" srcset=\"http:\/\/museumek.eu\/wp-content\/uploads\/2014\/06\/252-239x300.jpg 239w, http:\/\/museumek.eu\/wp-content\/uploads\/2014\/06\/252-119x150.jpg 119w, http:\/\/museumek.eu\/wp-content\/uploads\/2014\/06\/252.jpg 442w\" sizes=\"(max-width: 239px) 100vw, 239px\" \/><\/a><\/p>\n<p><a href=\"http:\/\/museumek.eu\/?attachment_id=31594\" rel=\"attachment wp-att-31594\"><img loading=\"lazy\" src=\"http:\/\/museumek.eu\/wp-content\/uploads\/2014\/06\/253.jpg\" alt=\"\" title=\"253\" width=\"224\" height=\"298\" class=\"alignnone size-full wp-image-31594\" srcset=\"http:\/\/museumek.eu\/wp-content\/uploads\/2014\/06\/253.jpg 224w, http:\/\/museumek.eu\/wp-content\/uploads\/2014\/06\/253-112x150.jpg 112w\" sizes=\"(max-width: 224px) 100vw, 224px\" \/><\/a><\/p>\n","protected":false},"excerpt":{"rendered":"<p>Abteilung Austria\/Ungarn\/B\u00f6hmen, Keramik 1860 \u2013 1960, Inventarnummer A\/XXVII\/1 T\u00f6pferei Karl F\u00f6dinger, Austria, Gmunden, vor 1950, Vase, K\u00fcnstler Karl F\u00f6dinger, Werks.-Nr. ohne, Exemplar Nr. ohne, gemarkt Firmenmarke als Gmundner Stadtwappen (erstes Wappen der Stadt Gmunden, stammt noch aus dem Mittelalter) bestehend &hellip; <a href=\"http:\/\/museumek.eu\/?page_id=31550\">Weiterlesen <span class=\"meta-nav\">&rarr;<\/span><\/a><\/p>\n","protected":false},"author":1,"featured_media":0,"parent":31547,"menu_order":1,"comment_status":"closed","ping_status":"open","template":"","meta":[],"_links":{"self":[{"href":"http:\/\/museumek.eu\/index.php?rest_route=\/wp\/v2\/pages\/31550"}],"collection":[{"href":"http:\/\/museumek.eu\/index.php?rest_route=\/wp\/v2\/pages"}],"about":[{"href":"http:\/\/museumek.eu\/index.php?rest_route=\/wp\/v2\/types\/page"}],"author":[{"embeddable":true,"href":"http:\/\/museumek.eu\/index.php?rest_route=\/wp\/v2\/users\/1"}],"replies":[{"embeddable":true,"href":"http:\/\/museumek.eu\/index.php?rest_route=%2Fwp%2Fv2%2Fcomments&post=31550"}],"version-history":[{"count":6,"href":"http:\/\/museumek.eu\/index.php?rest_route=\/wp\/v2\/pages\/31550\/revisions"}],"predecessor-version":[{"id":31605,"href":"http:\/\/museumek.eu\/index.php?rest_route=\/wp\/v2\/pages\/31550\/revisions\/31605"}],"up":[{"embeddable":true,"href":"http:\/\/museumek.eu\/index.php?rest_route=\/wp\/v2\/pages\/31547"}],"wp:attachment":[{"href":"http:\/\/museumek.eu\/index.php?rest_route=%2Fwp%2Fv2%2Fmedia&parent=31550"}],"curies":[{"name":"wp","href":"https:\/\/api.w.org\/{rel}","templated":true}]}}