{"id":31649,"date":"2014-06-09T15:29:08","date_gmt":"2014-06-09T13:29:08","guid":{"rendered":"http:\/\/museumek.eu\/?page_id=31649"},"modified":"2014-06-09T15:46:22","modified_gmt":"2014-06-09T13:46:22","slug":"dcxvi2","status":"publish","type":"page","link":"http:\/\/museumek.eu\/?page_id=31649","title":{"rendered":"D\/CXVI\/2"},"content":{"rendered":"<p><strong>Abteilung Deutschland, Keramik 1860 \u2013 1960, Inventarnummer D\/CXVI\/2<\/strong><\/p>\n<p>Steinzeugfabrik Otto Blum, vormals Steinzeugfabrik Wilhelm Johann Blum und Nachfolger Steinzeugfabrik Otto Blum, Inh. Hans Fetz, Deutschland, Grenzhausen, vor 1900, Kanne, K\u00fcnstler unbekannt, Werks.-Nr. 327, Exemplar Nr. ohne, gemarkt Firmenmarke mit O.B. geritzt, 327 sowie 1,5 L (ohne Eichstrich) gepresst, nicht signiert, Literatur: J\u00fcrgen Schimanski und J\u00fcrgen Erlebach, Westerw\u00e4lder Steinzeug, Die Neue \u00c4ra, Seite 37, Beschreibung der Fabrik, weitere Literatur: J\u00fcrgen Schimanski, Braun geflammt und grau gesalzen, Seite 195 Beschreibung der Fabrik sowie Marke Nr. 45 identisch, Wilhelm Johann Blum betrieb 1861 eine Steinzeugfabrik in Grenzhausen (Gr\u00fcndungsdatum 1861 (?) nicht gekl\u00e4rt), im Zeitraum vom 18.11.1864 bis 11.12.1864 (konnte amtlich nicht genau ermittelt werden) wurde ihm sein erstes Kind, ein Sohn geboren, dieser wurde auf die Namen Friedrich Wilhelm Otto Blum getauft, anl\u00e4\u00dflich der Geburt seines Sohnes benannte Wilhelm Johann Blum seine Fabrik 1864 in Steinzeugfabrik Otto Blum um und markte mit O.B. geritzt, Wilhelm Johann Blum verstarb 1882 und Otto Blum \u00fcbernahm die Fabrik noch in jungen Jahren, offizielle amtliche \u00c4nderung der Eigentumsverh\u00e4ltnisse wohl erst 1893\/1994 bzw. 1901, Otto Blum\u2018s S\u00f6hne Karl Blum und Reinhold Blum arbeiteten in der Fabrik mit, Reinhold Blum (25.04.1891 bis 1916, gefallen in der Schlacht bei Verdun) zeichnet um 1910 f\u00fcr eigene Jugendstilentw\u00fcrfe der Fabrik verantwortlich, Otto Blum verstarb 1933 und sein Sohn Karl Blum \u00fcbernahm die Fabrik, nach WK II lieferte die Fabrik auch Halbfertigprodukte an den Veredler Sahm in Rastal, Karl Blum verstarb 1977 und seine Witwe Erika Blum f\u00fchrte die Fabrik ein Jahr weiter, danach verpachtete Sie die Fabrik an Hans Fetz, Hans Fetz firmierte als Steinzeugfabrik Otto Blum, Inh. Hans Fetz, am 13.05.1985 lie\u00df Hans Fetz folgende Wortmarke patentieren: Eulerei Otto Blum, 1989 wurde die Fabrik geschlossen, Ausf\u00fchrung als Elfenbeinsteinzeug, H\u00f6he 22,5 cm, Breite 18 cm<\/p>\n<p><a href=\"http:\/\/museumek.eu\/?attachment_id=31650\" rel=\"attachment wp-att-31650\"><img loading=\"lazy\" src=\"http:\/\/museumek.eu\/wp-content\/uploads\/2014\/06\/757-190x300.jpg\" alt=\"\" title=\"757\" width=\"190\" height=\"300\" class=\"alignnone size-medium wp-image-31650\" srcset=\"http:\/\/museumek.eu\/wp-content\/uploads\/2014\/06\/757-190x300.jpg 190w, http:\/\/museumek.eu\/wp-content\/uploads\/2014\/06\/757-95x150.jpg 95w, http:\/\/museumek.eu\/wp-content\/uploads\/2014\/06\/757.jpg 436w\" sizes=\"(max-width: 190px) 100vw, 190px\" \/><\/a><\/p>\n<p><a href=\"http:\/\/museumek.eu\/?attachment_id=31651\" rel=\"attachment wp-att-31651\"><img loading=\"lazy\" src=\"http:\/\/museumek.eu\/wp-content\/uploads\/2014\/06\/758-205x300.jpg\" alt=\"\" title=\"758\" width=\"205\" height=\"300\" class=\"alignnone size-medium wp-image-31651\" srcset=\"http:\/\/museumek.eu\/wp-content\/uploads\/2014\/06\/758-205x300.jpg 205w, http:\/\/museumek.eu\/wp-content\/uploads\/2014\/06\/758-102x150.jpg 102w, http:\/\/museumek.eu\/wp-content\/uploads\/2014\/06\/758.jpg 473w\" sizes=\"(max-width: 205px) 100vw, 205px\" \/><\/a><\/p>\n<p><a href=\"http:\/\/museumek.eu\/?attachment_id=31652\" rel=\"attachment wp-att-31652\"><img loading=\"lazy\" src=\"http:\/\/museumek.eu\/wp-content\/uploads\/2014\/06\/759-185x300.jpg\" alt=\"\" title=\"759\" width=\"185\" height=\"300\" class=\"alignnone size-medium wp-image-31652\" srcset=\"http:\/\/museumek.eu\/wp-content\/uploads\/2014\/06\/759-185x300.jpg 185w, http:\/\/museumek.eu\/wp-content\/uploads\/2014\/06\/759-92x150.jpg 92w, http:\/\/museumek.eu\/wp-content\/uploads\/2014\/06\/759.jpg 443w\" sizes=\"(max-width: 185px) 100vw, 185px\" \/><\/a><\/p>\n<p><a href=\"http:\/\/museumek.eu\/?attachment_id=31653\" rel=\"attachment wp-att-31653\"><img loading=\"lazy\" src=\"http:\/\/museumek.eu\/wp-content\/uploads\/2014\/06\/760-229x300.jpg\" alt=\"\" title=\"760\" width=\"229\" height=\"300\" class=\"alignnone size-medium wp-image-31653\" srcset=\"http:\/\/museumek.eu\/wp-content\/uploads\/2014\/06\/760-229x300.jpg 229w, http:\/\/museumek.eu\/wp-content\/uploads\/2014\/06\/760-114x150.jpg 114w, http:\/\/museumek.eu\/wp-content\/uploads\/2014\/06\/760.jpg 521w\" sizes=\"(max-width: 229px) 100vw, 229px\" \/><\/a><\/p>\n<p><a href=\"http:\/\/museumek.eu\/?attachment_id=31654\" rel=\"attachment wp-att-31654\"><img loading=\"lazy\" src=\"http:\/\/museumek.eu\/wp-content\/uploads\/2014\/06\/761-300x264.jpg\" alt=\"\" title=\"761\" width=\"300\" height=\"264\" class=\"alignnone size-medium wp-image-31654\" srcset=\"http:\/\/museumek.eu\/wp-content\/uploads\/2014\/06\/761-300x264.jpg 300w, http:\/\/museumek.eu\/wp-content\/uploads\/2014\/06\/761-150x132.jpg 150w, http:\/\/museumek.eu\/wp-content\/uploads\/2014\/06\/761-340x300.jpg 340w, http:\/\/museumek.eu\/wp-content\/uploads\/2014\/06\/761.jpg 680w\" sizes=\"(max-width: 300px) 100vw, 300px\" \/><\/a><\/p>\n<p><a href=\"http:\/\/museumek.eu\/?attachment_id=31655\" rel=\"attachment wp-att-31655\"><img loading=\"lazy\" src=\"http:\/\/museumek.eu\/wp-content\/uploads\/2014\/06\/762-300x115.jpg\" alt=\"\" title=\"762\" width=\"300\" height=\"115\" class=\"alignnone size-medium wp-image-31655\" srcset=\"http:\/\/museumek.eu\/wp-content\/uploads\/2014\/06\/762-300x115.jpg 300w, http:\/\/museumek.eu\/wp-content\/uploads\/2014\/06\/762-150x57.jpg 150w, http:\/\/museumek.eu\/wp-content\/uploads\/2014\/06\/762-500x191.jpg 500w, http:\/\/museumek.eu\/wp-content\/uploads\/2014\/06\/762.jpg 636w\" sizes=\"(max-width: 300px) 100vw, 300px\" \/><\/a><\/p>\n","protected":false},"excerpt":{"rendered":"<p>Abteilung Deutschland, Keramik 1860 \u2013 1960, Inventarnummer D\/CXVI\/2 Steinzeugfabrik Otto Blum, vormals Steinzeugfabrik Wilhelm Johann Blum und Nachfolger Steinzeugfabrik Otto Blum, Inh. Hans Fetz, Deutschland, Grenzhausen, vor 1900, Kanne, K\u00fcnstler unbekannt, Werks.-Nr. 327, Exemplar Nr. ohne, gemarkt Firmenmarke mit O.B. &hellip; <a href=\"http:\/\/museumek.eu\/?page_id=31649\">Weiterlesen <span class=\"meta-nav\">&rarr;<\/span><\/a><\/p>\n","protected":false},"author":1,"featured_media":0,"parent":31618,"menu_order":2,"comment_status":"closed","ping_status":"open","template":"","meta":[],"_links":{"self":[{"href":"http:\/\/museumek.eu\/index.php?rest_route=\/wp\/v2\/pages\/31649"}],"collection":[{"href":"http:\/\/museumek.eu\/index.php?rest_route=\/wp\/v2\/pages"}],"about":[{"href":"http:\/\/museumek.eu\/index.php?rest_route=\/wp\/v2\/types\/page"}],"author":[{"embeddable":true,"href":"http:\/\/museumek.eu\/index.php?rest_route=\/wp\/v2\/users\/1"}],"replies":[{"embeddable":true,"href":"http:\/\/museumek.eu\/index.php?rest_route=%2Fwp%2Fv2%2Fcomments&post=31649"}],"version-history":[{"count":6,"href":"http:\/\/museumek.eu\/index.php?rest_route=\/wp\/v2\/pages\/31649\/revisions"}],"predecessor-version":[{"id":31669,"href":"http:\/\/museumek.eu\/index.php?rest_route=\/wp\/v2\/pages\/31649\/revisions\/31669"}],"up":[{"embeddable":true,"href":"http:\/\/museumek.eu\/index.php?rest_route=\/wp\/v2\/pages\/31618"}],"wp:attachment":[{"href":"http:\/\/museumek.eu\/index.php?rest_route=%2Fwp%2Fv2%2Fmedia&parent=31649"}],"curies":[{"name":"wp","href":"https:\/\/api.w.org\/{rel}","templated":true}]}}