{"id":31728,"date":"2014-06-12T14:02:28","date_gmt":"2014-06-12T12:02:28","guid":{"rendered":"http:\/\/museumek.eu\/?page_id=31728"},"modified":"2015-02-07T19:26:45","modified_gmt":"2015-02-07T18:26:45","slug":"dxxxvii21","status":"publish","type":"page","link":"http:\/\/museumek.eu\/?page_id=31728","title":{"rendered":"D\/XXXVII\/21"},"content":{"rendered":"<p><strong>Abteilung Deutschland, Keramik 1860 \u2013 1960, Inventarnummer D\/XXXVII\/21<\/strong><\/p>\n<p>Thonwaaren \u2013 Fabrik Marzi &#038; Remy, Deutschland, H\u00f6hr, 1907, Seidel, K\u00fcnstler unbekannt, Werks.-Nr. 1834, Exemplar Nr. ohne, gemarkt keine Firmenmarke aber GESETZL. GESCH\u00dcTZT, 1834 sowie 0,5 L \u00fcber Eichstrich gepresst, 1834 zus\u00e4tzlich unter dem Henkel gepresst , 4 schwarz gemalt, nicht signiert, Literatur: J\u00fcrgen Erlebach, J\u00fcrgen Schimanski, Westerw\u00e4lder Steinzeug, Die Neue \u00c4ra 1900 \u2013 1930, Jugendstil und Werkbund, Seite 72, Marke Nr. 16 identisch, weitere Literatur: J\u00fcrgen Schimanski, Braun geflammt und grau gesalzen, Seite 203, Beschreibung der Fabrik sowie Marke Nr. 16 identisch, au\u00dferdem dort beschrieben, dass eine eigene Firmenmarke erst Anfang der 1920\u2018 Jahre eingef\u00fchrt worden ist und dass Erzeugnisse der fr\u00fcheren Jahre oft mit dem Schriftzug Gesetzl. Gesch\u00fctzt gemarkt sind, diese Beschreibung stellt das MEK bez\u00fcglich der Fabrikmarke in Frage, da unter http:\/\/www.steinmarks.co.uk\/pages\/pv.asp?p=stein164, verschiedene Fabrikmarken mit fr\u00fchen Werksnummern aus dem 1900 Jahrhundert abgebildet sind, eine Fabrikmarke sogar mit dem Zusatz Gesetzl. Gesch\u00fctzt, die Fabrik wurde 1879 von Anton Marzi und seinem Schwager Simon Peter Remy in H\u00f6hr gegr\u00fcndet und firmierte als Thonwaaren \u2013 Fabrik Marzi &#038; Remy, ab 1881 wurde eine eigene Zinngie\u00dferei angeschafft und ab 1883 neben dem grau \u2013 blau salzglasiertem Steinzeug auch Elfenbeinsteinzeug produziert, Simon Peter Remy verstarb 1919 und sein Sohn Werner Remy trat in die Fabrik ein, 1924 verstarb Anton Marzi und sein Schwiegersohn Johann Otto B\u00fchler trat in die Fabrik ein, Werner Remy verlie\u00df 1931 die Fabrik, 1941 trat Johann Otto B\u00fchlers Sohn Otto B\u00fchler in die Fabrik ein und 1953 dessen Sohn Otto Georg B\u00fchler, die Fabrik war bis zum Konkurs in den 1990\u2018 Jahren immer in Familienbesitz, Deckeldatierung 1907, H\u00f6he 12,3 cm, Breite 13 cm (nur die Keramik)<\/p>\n<p><a href=\"http:\/\/museumek.eu\/?attachment_id=31729\" rel=\"attachment wp-att-31729\"><img loading=\"lazy\" src=\"http:\/\/museumek.eu\/wp-content\/uploads\/2014\/06\/837-189x300.jpg\" alt=\"\" title=\"837\" width=\"189\" height=\"300\" class=\"alignnone size-medium wp-image-31729\" srcset=\"http:\/\/museumek.eu\/wp-content\/uploads\/2014\/06\/837-189x300.jpg 189w, http:\/\/museumek.eu\/wp-content\/uploads\/2014\/06\/837-94x150.jpg 94w, http:\/\/museumek.eu\/wp-content\/uploads\/2014\/06\/837.jpg 424w\" sizes=\"(max-width: 189px) 100vw, 189px\" \/><\/a><\/p>\n<p><a href=\"http:\/\/museumek.eu\/?attachment_id=31730\" rel=\"attachment wp-att-31730\"><img loading=\"lazy\" src=\"http:\/\/museumek.eu\/wp-content\/uploads\/2014\/06\/840-245x300.jpg\" alt=\"\" title=\"840\" width=\"245\" height=\"300\" class=\"alignnone size-medium wp-image-31730\" srcset=\"http:\/\/museumek.eu\/wp-content\/uploads\/2014\/06\/840-245x300.jpg 245w, http:\/\/museumek.eu\/wp-content\/uploads\/2014\/06\/840-122x150.jpg 122w, http:\/\/museumek.eu\/wp-content\/uploads\/2014\/06\/840.jpg 468w\" sizes=\"(max-width: 245px) 100vw, 245px\" \/><\/a><\/p>\n<p><a href=\"http:\/\/museumek.eu\/?attachment_id=31731\" rel=\"attachment wp-att-31731\"><img loading=\"lazy\" src=\"http:\/\/museumek.eu\/wp-content\/uploads\/2014\/06\/838-253x300.jpg\" alt=\"\" title=\"838\" width=\"253\" height=\"300\" class=\"alignnone size-medium wp-image-31731\" srcset=\"http:\/\/museumek.eu\/wp-content\/uploads\/2014\/06\/838-253x300.jpg 253w, http:\/\/museumek.eu\/wp-content\/uploads\/2014\/06\/838-126x150.jpg 126w, http:\/\/museumek.eu\/wp-content\/uploads\/2014\/06\/838.jpg 505w\" sizes=\"(max-width: 253px) 100vw, 253px\" \/><\/a><\/p>\n<p><a href=\"http:\/\/museumek.eu\/?attachment_id=31732\" rel=\"attachment wp-att-31732\"><img loading=\"lazy\" src=\"http:\/\/museumek.eu\/wp-content\/uploads\/2014\/06\/839-185x300.jpg\" alt=\"\" title=\"839\" width=\"185\" height=\"300\" class=\"alignnone size-medium wp-image-31732\" srcset=\"http:\/\/museumek.eu\/wp-content\/uploads\/2014\/06\/839-185x300.jpg 185w, http:\/\/museumek.eu\/wp-content\/uploads\/2014\/06\/839-92x150.jpg 92w, http:\/\/museumek.eu\/wp-content\/uploads\/2014\/06\/839.jpg 399w\" sizes=\"(max-width: 185px) 100vw, 185px\" \/><\/a><\/p>\n<p><a href=\"http:\/\/museumek.eu\/?attachment_id=31733\" rel=\"attachment wp-att-31733\"><img loading=\"lazy\" src=\"http:\/\/museumek.eu\/wp-content\/uploads\/2014\/06\/842-294x300.jpg\" alt=\"\" title=\"842\" width=\"294\" height=\"300\" class=\"alignnone size-medium wp-image-31733\" srcset=\"http:\/\/museumek.eu\/wp-content\/uploads\/2014\/06\/842-294x300.jpg 294w, http:\/\/museumek.eu\/wp-content\/uploads\/2014\/06\/842-147x150.jpg 147w, http:\/\/museumek.eu\/wp-content\/uploads\/2014\/06\/842.jpg 600w\" sizes=\"(max-width: 294px) 100vw, 294px\" \/><\/a><\/p>\n<p><a href=\"http:\/\/museumek.eu\/?attachment_id=31734\" rel=\"attachment wp-att-31734\"><img loading=\"lazy\" src=\"http:\/\/museumek.eu\/wp-content\/uploads\/2014\/06\/841-300x248.jpg\" alt=\"\" title=\"841\" width=\"300\" height=\"248\" class=\"alignnone size-medium wp-image-31734\" srcset=\"http:\/\/museumek.eu\/wp-content\/uploads\/2014\/06\/841-300x248.jpg 300w, http:\/\/museumek.eu\/wp-content\/uploads\/2014\/06\/841-150x124.jpg 150w, http:\/\/museumek.eu\/wp-content\/uploads\/2014\/06\/841-361x300.jpg 361w, http:\/\/museumek.eu\/wp-content\/uploads\/2014\/06\/841.jpg 535w\" sizes=\"(max-width: 300px) 100vw, 300px\" \/><\/a><\/p>\n<p><a href=\"http:\/\/museumek.eu\/?attachment_id=31735\" rel=\"attachment wp-att-31735\"><img loading=\"lazy\" src=\"http:\/\/museumek.eu\/wp-content\/uploads\/2014\/06\/843-282x300.jpg\" alt=\"\" title=\"843\" width=\"282\" height=\"300\" class=\"alignnone size-medium wp-image-31735\" srcset=\"http:\/\/museumek.eu\/wp-content\/uploads\/2014\/06\/843-282x300.jpg 282w, http:\/\/museumek.eu\/wp-content\/uploads\/2014\/06\/843-141x150.jpg 141w, http:\/\/museumek.eu\/wp-content\/uploads\/2014\/06\/843.jpg 517w\" sizes=\"(max-width: 282px) 100vw, 282px\" \/><\/a><\/p>\n<p><a href=\"http:\/\/museumek.eu\/?attachment_id=31736\" rel=\"attachment wp-att-31736\"><img loading=\"lazy\" src=\"http:\/\/museumek.eu\/wp-content\/uploads\/2014\/06\/844-300x280.jpg\" alt=\"\" title=\"844\" width=\"300\" height=\"280\" class=\"alignnone size-medium wp-image-31736\" srcset=\"http:\/\/museumek.eu\/wp-content\/uploads\/2014\/06\/844-300x280.jpg 300w, http:\/\/museumek.eu\/wp-content\/uploads\/2014\/06\/844-150x140.jpg 150w, http:\/\/museumek.eu\/wp-content\/uploads\/2014\/06\/844-320x300.jpg 320w, http:\/\/museumek.eu\/wp-content\/uploads\/2014\/06\/844.jpg 641w\" sizes=\"(max-width: 300px) 100vw, 300px\" \/><\/a><\/p>\n","protected":false},"excerpt":{"rendered":"<p>Abteilung Deutschland, Keramik 1860 \u2013 1960, Inventarnummer D\/XXXVII\/21 Thonwaaren \u2013 Fabrik Marzi &#038; Remy, Deutschland, H\u00f6hr, 1907, Seidel, K\u00fcnstler unbekannt, Werks.-Nr. 1834, Exemplar Nr. ohne, gemarkt keine Firmenmarke aber GESETZL. GESCH\u00dcTZT, 1834 sowie 0,5 L \u00fcber Eichstrich gepresst, 1834 zus\u00e4tzlich &hellip; <a href=\"http:\/\/museumek.eu\/?page_id=31728\">Weiterlesen <span class=\"meta-nav\">&rarr;<\/span><\/a><\/p>\n","protected":false},"author":1,"featured_media":0,"parent":31725,"menu_order":21,"comment_status":"closed","ping_status":"open","template":"","meta":[],"_links":{"self":[{"href":"http:\/\/museumek.eu\/index.php?rest_route=\/wp\/v2\/pages\/31728"}],"collection":[{"href":"http:\/\/museumek.eu\/index.php?rest_route=\/wp\/v2\/pages"}],"about":[{"href":"http:\/\/museumek.eu\/index.php?rest_route=\/wp\/v2\/types\/page"}],"author":[{"embeddable":true,"href":"http:\/\/museumek.eu\/index.php?rest_route=\/wp\/v2\/users\/1"}],"replies":[{"embeddable":true,"href":"http:\/\/museumek.eu\/index.php?rest_route=%2Fwp%2Fv2%2Fcomments&post=31728"}],"version-history":[{"count":8,"href":"http:\/\/museumek.eu\/index.php?rest_route=\/wp\/v2\/pages\/31728\/revisions"}],"predecessor-version":[{"id":36325,"href":"http:\/\/museumek.eu\/index.php?rest_route=\/wp\/v2\/pages\/31728\/revisions\/36325"}],"up":[{"embeddable":true,"href":"http:\/\/museumek.eu\/index.php?rest_route=\/wp\/v2\/pages\/31725"}],"wp:attachment":[{"href":"http:\/\/museumek.eu\/index.php?rest_route=%2Fwp%2Fv2%2Fmedia&parent=31728"}],"curies":[{"name":"wp","href":"https:\/\/api.w.org\/{rel}","templated":true}]}}