{"id":31778,"date":"2014-06-13T18:27:30","date_gmt":"2014-06-13T16:27:30","guid":{"rendered":"http:\/\/museumek.eu\/?page_id=31778"},"modified":"2014-06-13T18:28:28","modified_gmt":"2014-06-13T16:28:28","slug":"dlxxi2","status":"publish","type":"page","link":"http:\/\/museumek.eu\/?page_id=31778","title":{"rendered":"D\/LXXI\/2"},"content":{"rendered":"<p><strong>Abteilung Deutschland, Keramik 1860 \u2013 1960, Inventarnummer D\/LXXI\/2<\/strong><\/p>\n<p>Steinzeugfabrik Walter M\u00fcller (attr.), Deutschland, Grenzhausen, um 1905, Kanne, K\u00fcnstler Karl G\u00f6rig, Werks.-Nr. ohne, Exemplar Nr. ohne, gemarkt keine Firmenmarke aber 4 gepresst, nicht signiert, Literatur: J\u00fcrgen Schimanski, Braun geflammt und grau gesalzen, Seite 219, Fabrikbeschreibung sowie Seite 149, Abbildung Nr. 306, Krug mit identischem Dekor, dort als Hersteller Walter M\u00fcller, Werks.-Nr. 148 und als K\u00fcnstler Karl G\u00f6rig angegeben, Walter M\u00fcller gr\u00fcndete 1858 in Grenzhausen eine Steinzeugfabrik, Firmierung wohl Steinzeugfabrik Walter M\u00fcller, sein am 23.04.1889 geborener Sohn Erich M\u00fcller arbeitete in der Fabrik mit und besuchte au\u00dferdem die K\u00f6nigliche Keramische Fachschule in H\u00f6hr, um 1910 schuf Erich M\u00fcller wohl Jugendstilentw\u00fcrfe f\u00fcr die Fabrik, um 1908 gr\u00fcndete Walter M\u00fcller zusammen mit Wilhelm Werner eine zweite Fabrik in Grenzhausen, Firmierung Steinzeugfabrik Walter M\u00fcller, Inhaber M\u00fcller und Werner oder Wilhelm Werner wurde lediglich Mitinhaber der Steinzeugfabrik Walter M\u00fcller und M\u00fcller gr\u00fcndete keine zweite Fabrik, 1912 schloss sich die Fabrik zusammen mit den Steinzeugfabriken, Gerz, Merkelbach und Hanke zu der Vereinigte Steinzeugfabriken Grenzhausen GmbH zusammen, 1914 trat Walter M\u00fcller in den Ruhestand, Wilhelm Werner verlie\u00df die Fabrik und Erich M\u00fcller wurde als Soldat eingezogen, die Produktion wurde eingestellt und die Fabrik geschlossen, gleichfalls schied die Steinzeugfabrik Walter M\u00fcller aus der o. g. GmbH aus, das MEK Exemplar besitzt keine Literung, eigenes Messergebnis: 1,5 Liter, von der evtl. dreistelligen Werks.-Nr. ist nur eine 4 zu erkennen,<br \/>\nH\u00f6he 19 cm, Breite 15,5 cm (nur die Keramik)<\/p>\n<p><a href=\"http:\/\/museumek.eu\/?attachment_id=31779\" rel=\"attachment wp-att-31779\"><img loading=\"lazy\" src=\"http:\/\/museumek.eu\/wp-content\/uploads\/2014\/06\/772-156x300.jpg\" alt=\"\" title=\"772\" width=\"156\" height=\"300\" class=\"alignnone size-medium wp-image-31779\" srcset=\"http:\/\/museumek.eu\/wp-content\/uploads\/2014\/06\/772-156x300.jpg 156w, http:\/\/museumek.eu\/wp-content\/uploads\/2014\/06\/772-78x150.jpg 78w\" sizes=\"(max-width: 156px) 100vw, 156px\" \/><\/a><\/p>\n<p><a href=\"http:\/\/museumek.eu\/?attachment_id=31780\" rel=\"attachment wp-att-31780\"><img loading=\"lazy\" src=\"http:\/\/museumek.eu\/wp-content\/uploads\/2014\/06\/773-200x300.jpg\" alt=\"\" title=\"773\" width=\"200\" height=\"300\" class=\"alignnone size-medium wp-image-31780\" srcset=\"http:\/\/museumek.eu\/wp-content\/uploads\/2014\/06\/773-200x300.jpg 200w, http:\/\/museumek.eu\/wp-content\/uploads\/2014\/06\/773-100x150.jpg 100w, http:\/\/museumek.eu\/wp-content\/uploads\/2014\/06\/773.jpg 466w\" sizes=\"(max-width: 200px) 100vw, 200px\" \/><\/a><\/p>\n<p><a href=\"http:\/\/museumek.eu\/?attachment_id=31781\" rel=\"attachment wp-att-31781\"><img loading=\"lazy\" src=\"http:\/\/museumek.eu\/wp-content\/uploads\/2014\/06\/774-183x300.jpg\" alt=\"\" title=\"774\" width=\"183\" height=\"300\" class=\"alignnone size-medium wp-image-31781\" srcset=\"http:\/\/museumek.eu\/wp-content\/uploads\/2014\/06\/774-183x300.jpg 183w, http:\/\/museumek.eu\/wp-content\/uploads\/2014\/06\/774-91x150.jpg 91w, http:\/\/museumek.eu\/wp-content\/uploads\/2014\/06\/774.jpg 443w\" sizes=\"(max-width: 183px) 100vw, 183px\" \/><\/a><\/p>\n<p><a href=\"http:\/\/museumek.eu\/?attachment_id=31782\" rel=\"attachment wp-att-31782\"><img loading=\"lazy\" src=\"http:\/\/museumek.eu\/wp-content\/uploads\/2014\/06\/775-185x300.jpg\" alt=\"\" title=\"775\" width=\"185\" height=\"300\" class=\"alignnone size-medium wp-image-31782\" srcset=\"http:\/\/museumek.eu\/wp-content\/uploads\/2014\/06\/775-185x300.jpg 185w, http:\/\/museumek.eu\/wp-content\/uploads\/2014\/06\/775-92x150.jpg 92w, http:\/\/museumek.eu\/wp-content\/uploads\/2014\/06\/775.jpg 436w\" sizes=\"(max-width: 185px) 100vw, 185px\" \/><\/a><\/p>\n<p><a href=\"http:\/\/museumek.eu\/?attachment_id=31783\" rel=\"attachment wp-att-31783\"><img loading=\"lazy\" src=\"http:\/\/museumek.eu\/wp-content\/uploads\/2014\/06\/776-191x300.jpg\" alt=\"\" title=\"776\" width=\"191\" height=\"300\" class=\"alignnone size-medium wp-image-31783\" srcset=\"http:\/\/museumek.eu\/wp-content\/uploads\/2014\/06\/776-191x300.jpg 191w, http:\/\/museumek.eu\/wp-content\/uploads\/2014\/06\/776-95x150.jpg 95w, http:\/\/museumek.eu\/wp-content\/uploads\/2014\/06\/776.jpg 510w\" sizes=\"(max-width: 191px) 100vw, 191px\" \/><\/a><\/p>\n<p><a href=\"http:\/\/museumek.eu\/?attachment_id=31784\" rel=\"attachment wp-att-31784\"><img loading=\"lazy\" src=\"http:\/\/museumek.eu\/wp-content\/uploads\/2014\/06\/777-237x300.jpg\" alt=\"\" title=\"777\" width=\"237\" height=\"300\" class=\"alignnone size-medium wp-image-31784\" srcset=\"http:\/\/museumek.eu\/wp-content\/uploads\/2014\/06\/777-237x300.jpg 237w, http:\/\/museumek.eu\/wp-content\/uploads\/2014\/06\/777-118x150.jpg 118w, http:\/\/museumek.eu\/wp-content\/uploads\/2014\/06\/777.jpg 497w\" sizes=\"(max-width: 237px) 100vw, 237px\" \/><\/a><\/p>\n<p><a href=\"http:\/\/museumek.eu\/?attachment_id=31785\" rel=\"attachment wp-att-31785\"><img loading=\"lazy\" src=\"http:\/\/museumek.eu\/wp-content\/uploads\/2014\/06\/778.jpg\" alt=\"\" title=\"778\" width=\"210\" height=\"172\" class=\"alignnone size-full wp-image-31785\" srcset=\"http:\/\/museumek.eu\/wp-content\/uploads\/2014\/06\/778.jpg 210w, http:\/\/museumek.eu\/wp-content\/uploads\/2014\/06\/778-150x122.jpg 150w\" sizes=\"(max-width: 210px) 100vw, 210px\" \/><\/a><\/p>\n","protected":false},"excerpt":{"rendered":"<p>Abteilung Deutschland, Keramik 1860 \u2013 1960, Inventarnummer D\/LXXI\/2 Steinzeugfabrik Walter M\u00fcller (attr.), Deutschland, Grenzhausen, um 1905, Kanne, K\u00fcnstler Karl G\u00f6rig, Werks.-Nr. ohne, Exemplar Nr. ohne, gemarkt keine Firmenmarke aber 4 gepresst, nicht signiert, Literatur: J\u00fcrgen Schimanski, Braun geflammt und grau &hellip; <a href=\"http:\/\/museumek.eu\/?page_id=31778\">Weiterlesen <span class=\"meta-nav\">&rarr;<\/span><\/a><\/p>\n","protected":false},"author":1,"featured_media":0,"parent":20698,"menu_order":2,"comment_status":"closed","ping_status":"open","template":"","meta":[],"_links":{"self":[{"href":"http:\/\/museumek.eu\/index.php?rest_route=\/wp\/v2\/pages\/31778"}],"collection":[{"href":"http:\/\/museumek.eu\/index.php?rest_route=\/wp\/v2\/pages"}],"about":[{"href":"http:\/\/museumek.eu\/index.php?rest_route=\/wp\/v2\/types\/page"}],"author":[{"embeddable":true,"href":"http:\/\/museumek.eu\/index.php?rest_route=\/wp\/v2\/users\/1"}],"replies":[{"embeddable":true,"href":"http:\/\/museumek.eu\/index.php?rest_route=%2Fwp%2Fv2%2Fcomments&post=31778"}],"version-history":[{"count":6,"href":"http:\/\/museumek.eu\/index.php?rest_route=\/wp\/v2\/pages\/31778\/revisions"}],"predecessor-version":[{"id":31791,"href":"http:\/\/museumek.eu\/index.php?rest_route=\/wp\/v2\/pages\/31778\/revisions\/31791"}],"up":[{"embeddable":true,"href":"http:\/\/museumek.eu\/index.php?rest_route=\/wp\/v2\/pages\/20698"}],"wp:attachment":[{"href":"http:\/\/museumek.eu\/index.php?rest_route=%2Fwp%2Fv2%2Fmedia&parent=31778"}],"curies":[{"name":"wp","href":"https:\/\/api.w.org\/{rel}","templated":true}]}}