{"id":31801,"date":"2014-06-14T12:17:54","date_gmt":"2014-06-14T10:17:54","guid":{"rendered":"http:\/\/museumek.eu\/?page_id=31801"},"modified":"2014-06-14T12:29:04","modified_gmt":"2014-06-14T10:29:04","slug":"ai125","status":"publish","type":"page","link":"http:\/\/museumek.eu\/?page_id=31801","title":{"rendered":"A\/I\/125"},"content":{"rendered":"<p><strong>Abteilung Austria\/Ungarn\/B\u00f6hmen, Keramik 1860 &#8211; 1960, Inventarnummer A\/I\/125<\/strong><\/p>\n<p>Friedrich Goldscheider Erste Wiener Terrakottafabrik, Austria, Wien, ca. 1892\/1900, Vase mit Frauenakt, K\u00fcnstler Segul (?), Werks.-Nr. (0)818, Exemplar Nr. 16, Modelleur Nr. 10, gemarkt Firmenmarke mit Friedrich Goldscheider Wien, REPRODUCTION RESERVEE, 0818, 16 sowie 10 alles gepresst, Segul (?) geritzt, signiert SEgul (?), Literatur: Robert E. Dechant\/Filipp Goldscheider, Firmengeschichte und Werkverzeichnis, Seite 24, Erkl\u00e4rung, dass die der Werksnummer (hier (0)818) vorangestellte Null als Unterscheidungsmerkmal f\u00fcr Vasen dient, Seite 302, dort noch nicht erfasst, dort unter Werks.-Nr. 818 eine Groupe \u201eSur la Gr\u00e9ve\u201c, K\u00fcnstler \u00c9mile Joseph Carlier erfasst, somit handelt es sich um eine Werks.-Nr. \u00dcberschneidung der Wiener Produktion und der Pariser Produktion, das MEK Exemplar entstammt der Pariser Produktion, Seite 604, Firmenmarke Nr. GS 7 (f\u00fcr die Zeit 1895 \u2013 1910) identisch sowie Seite 606, Zusatzzeichen GS Z 11 (f\u00fcr die Zeit 1885 \u2013 1922) identisch, die Urspr\u00fcnge der Firma gehen zur\u00fcck auf das Pilsener Handelsunternehmen Moritz Goldscheider der 1860\u2018 Jahre, nach dem Tode von Moritz Goldscheider werden die Br\u00fcder Eduard und Friedrich Goldscheider Eigent\u00fcmer und firmieren ab 1877 als M. Goldscheider\u2019s Erben, Thon-und Kunststeinmanufactur Werk Moldau und ab 1878 als Br\u00fcder Goldscheider, im Jahre 1878 wandert Friedrich Goldscheider nach Wien aus und Eduard f\u00fchrt die Firma in Pilsen bis zum Konkurs 1892 allein weiter, Friedrich Goldscheider firmiert in Wien ab 1880 als Goldscheider\u2019sche Porzellan-Manufaktur und Porzellanmalerei, neben Handelsgesch\u00e4ften betreibt die Firma vorwiegend die Porzellanmalerei, das Porzellan wird von b\u00f6hmischen Manufakturen bezogen und teilweise auch in B\u00f6hmen bemalt, ab 1885 \u00e4ndert sich die Firmierung in Goldscheider\u2019sche Porzellan-Manufaktur und Majolicafabrik, das Jahr 1885 gilt als das offizielle Gr\u00fcndungsjahr, ab 1887 bezeichnet Friedrich Goldscheider seine Fabrik als Erste Wiener Terracotta- und Majolika-Fabrik Friedrich Goldscheider oder als Erste Wiener Kunst-Terracotta-Fabrik und kunstgewerbliche Ateliers Friedrich Goldscheider und offiziell ab 1894 als Friedrich Goldscheider Erste Wiener Terrakottafabrik, Friedrich Goldscheider stirbt im Jahre 1897, seine Ehefrau Regine Goldscheider wird Alleineigent\u00fcmer und firmiert ab 1899 als Friedrich Goldscheider in Wien, Berlin und Leipzig, ab 1907 firmiert die Firma als Erste Wiener Terrakottafabrik und Atelier f\u00fcr k\u00fcnstlerische Fayencen Friedrich Goldscheider, im Jahre 1918 stirbt Regine und die S\u00f6hne Walter und Marcell Goldscheider werden Inhaber, ab 1921 \u00e4ndert sich die Firmierung in Wiener Manufaktur Friedrich Goldscheider, 1928 scheidet Marcell Goldscheider aus und gr\u00fcndet seine eigene Firma in Wien, 1939 wird die Firma arisiert und Josef Schuster wird Inhaber, Firmierung ab 1939, Wiener Manufaktur Friedrich Goldscheider Nachf., Inhaber Josef Schuster, ab 1941 lautet die Firmierung Wiener Manufaktur Josef Schuster, vorm. Friedrich Goldscheider, nach dem WK II erh\u00e4lt Friedrich Goldscheider seine Firma zur\u00fcck und firmiert ab 1950 wieder als Wiener Manufaktur Friedrich Goldscheider, in dieser Zeit verkauft er die Firma an die Majolikafabrik Carstens, in Fredelsloh, die in Fredelsloh Wiederauflagen alter Modelle in minderwertigem braunem Ton aber auch neue Modelle ebenfalls in dieser Tonart produziert, ab 1953 firmiert die Firma als Kunstkeramische Manufaktur Goldscheider GmbH und 1960 wird die Produktion in Fredelsloh eingestellt, der K\u00fcnstler, dessen Signum schwer zu identifizieren ist, ist nicht in o. g. Werkverzeichnis aufgelistet, <strong>das MEK Exemplar dieser Vase ist eines der Wenigen, wenn nicht das Letzte weltweit erhalten gebliebene Exemplar<\/strong>, H\u00f6he 60 cm, Breite 22 cm<\/p>\n<p><a href=\"http:\/\/museumek.eu\/?attachment_id=31806\" rel=\"attachment wp-att-31806\"><img loading=\"lazy\" src=\"http:\/\/museumek.eu\/wp-content\/uploads\/2014\/06\/7982-124x300.jpg\" alt=\"\" title=\"798\" width=\"124\" height=\"300\" class=\"alignnone size-medium wp-image-31806\" srcset=\"http:\/\/museumek.eu\/wp-content\/uploads\/2014\/06\/7982-124x300.jpg 124w, http:\/\/museumek.eu\/wp-content\/uploads\/2014\/06\/7982-62x150.jpg 62w, http:\/\/museumek.eu\/wp-content\/uploads\/2014\/06\/7982.jpg 331w\" sizes=\"(max-width: 124px) 100vw, 124px\" \/><\/a><\/p>\n<p><a href=\"http:\/\/museumek.eu\/?attachment_id=31807\" rel=\"attachment wp-att-31807\"><img loading=\"lazy\" src=\"http:\/\/museumek.eu\/wp-content\/uploads\/2014\/06\/799-127x300.jpg\" alt=\"\" title=\"799\" width=\"127\" height=\"300\" class=\"alignnone size-medium wp-image-31807\" srcset=\"http:\/\/museumek.eu\/wp-content\/uploads\/2014\/06\/799-127x300.jpg 127w, http:\/\/museumek.eu\/wp-content\/uploads\/2014\/06\/799-63x150.jpg 63w, http:\/\/museumek.eu\/wp-content\/uploads\/2014\/06\/799.jpg 340w\" sizes=\"(max-width: 127px) 100vw, 127px\" \/><\/a><\/p>\n<p><a href=\"http:\/\/museumek.eu\/?attachment_id=31808\" rel=\"attachment wp-att-31808\"><img loading=\"lazy\" src=\"http:\/\/museumek.eu\/wp-content\/uploads\/2014\/06\/800-110x300.jpg\" alt=\"\" title=\"800\" width=\"110\" height=\"300\" class=\"alignnone size-medium wp-image-31808\" srcset=\"http:\/\/museumek.eu\/wp-content\/uploads\/2014\/06\/800-110x300.jpg 110w, http:\/\/museumek.eu\/wp-content\/uploads\/2014\/06\/800-55x150.jpg 55w\" sizes=\"(max-width: 110px) 100vw, 110px\" \/><\/a><\/p>\n<p><a href=\"http:\/\/museumek.eu\/?attachment_id=31809\" rel=\"attachment wp-att-31809\"><img loading=\"lazy\" src=\"http:\/\/museumek.eu\/wp-content\/uploads\/2014\/06\/801-118x300.jpg\" alt=\"\" title=\"801\" width=\"118\" height=\"300\" class=\"alignnone size-medium wp-image-31809\" srcset=\"http:\/\/museumek.eu\/wp-content\/uploads\/2014\/06\/801-118x300.jpg 118w, http:\/\/museumek.eu\/wp-content\/uploads\/2014\/06\/801-59x150.jpg 59w\" sizes=\"(max-width: 118px) 100vw, 118px\" \/><\/a><\/p>\n<p><a href=\"http:\/\/museumek.eu\/?attachment_id=31811\" rel=\"attachment wp-att-31811\"><img loading=\"lazy\" src=\"http:\/\/museumek.eu\/wp-content\/uploads\/2014\/06\/802-99x300.jpg\" alt=\"\" title=\"802\" width=\"99\" height=\"300\" class=\"alignnone size-medium wp-image-31811\" \/><\/a><\/p>\n<p><a href=\"http:\/\/museumek.eu\/?attachment_id=31812\" rel=\"attachment wp-att-31812\"><img loading=\"lazy\" src=\"http:\/\/museumek.eu\/wp-content\/uploads\/2014\/06\/803-155x300.jpg\" alt=\"\" title=\"803\" width=\"155\" height=\"300\" class=\"alignnone size-medium wp-image-31812\" srcset=\"http:\/\/museumek.eu\/wp-content\/uploads\/2014\/06\/803-155x300.jpg 155w, http:\/\/museumek.eu\/wp-content\/uploads\/2014\/06\/803-77x150.jpg 77w, http:\/\/museumek.eu\/wp-content\/uploads\/2014\/06\/803.jpg 415w\" sizes=\"(max-width: 155px) 100vw, 155px\" \/><\/a><\/p>\n<p><a href=\"http:\/\/museumek.eu\/?attachment_id=31813\" rel=\"attachment wp-att-31813\"><img loading=\"lazy\" src=\"http:\/\/museumek.eu\/wp-content\/uploads\/2014\/06\/804-300x232.jpg\" alt=\"\" title=\"804\" width=\"300\" height=\"232\" class=\"alignnone size-medium wp-image-31813\" srcset=\"http:\/\/museumek.eu\/wp-content\/uploads\/2014\/06\/804-300x232.jpg 300w, http:\/\/museumek.eu\/wp-content\/uploads\/2014\/06\/804-150x116.jpg 150w, http:\/\/museumek.eu\/wp-content\/uploads\/2014\/06\/804-387x300.jpg 387w, http:\/\/museumek.eu\/wp-content\/uploads\/2014\/06\/804.jpg 774w\" sizes=\"(max-width: 300px) 100vw, 300px\" \/><\/a><\/p>\n<p><a href=\"http:\/\/museumek.eu\/?attachment_id=31814\" rel=\"attachment wp-att-31814\"><img loading=\"lazy\" src=\"http:\/\/museumek.eu\/wp-content\/uploads\/2014\/06\/805-300x264.jpg\" alt=\"\" title=\"805\" width=\"300\" height=\"264\" class=\"alignnone size-medium wp-image-31814\" srcset=\"http:\/\/museumek.eu\/wp-content\/uploads\/2014\/06\/805-300x264.jpg 300w, http:\/\/museumek.eu\/wp-content\/uploads\/2014\/06\/805-150x132.jpg 150w, http:\/\/museumek.eu\/wp-content\/uploads\/2014\/06\/805-340x300.jpg 340w, http:\/\/museumek.eu\/wp-content\/uploads\/2014\/06\/805.jpg 680w\" sizes=\"(max-width: 300px) 100vw, 300px\" \/><\/a><\/p>\n<p><a href=\"http:\/\/museumek.eu\/?attachment_id=31815\" rel=\"attachment wp-att-31815\"><img loading=\"lazy\" src=\"http:\/\/museumek.eu\/wp-content\/uploads\/2014\/06\/806-300x185.jpg\" alt=\"\" title=\"806\" width=\"300\" height=\"185\" class=\"alignnone size-medium wp-image-31815\" srcset=\"http:\/\/museumek.eu\/wp-content\/uploads\/2014\/06\/806-300x185.jpg 300w, http:\/\/museumek.eu\/wp-content\/uploads\/2014\/06\/806-150x92.jpg 150w, http:\/\/museumek.eu\/wp-content\/uploads\/2014\/06\/806-485x300.jpg 485w, http:\/\/museumek.eu\/wp-content\/uploads\/2014\/06\/806.jpg 800w\" sizes=\"(max-width: 300px) 100vw, 300px\" \/><\/a><\/p>\n<p><a href=\"http:\/\/museumek.eu\/?attachment_id=31816\" rel=\"attachment wp-att-31816\"><img loading=\"lazy\" src=\"http:\/\/museumek.eu\/wp-content\/uploads\/2014\/06\/807-300x273.jpg\" alt=\"\" title=\"807\" width=\"300\" height=\"273\" class=\"alignnone size-medium wp-image-31816\" srcset=\"http:\/\/museumek.eu\/wp-content\/uploads\/2014\/06\/807-300x273.jpg 300w, http:\/\/museumek.eu\/wp-content\/uploads\/2014\/06\/807-150x136.jpg 150w, http:\/\/museumek.eu\/wp-content\/uploads\/2014\/06\/807-329x300.jpg 329w, http:\/\/museumek.eu\/wp-content\/uploads\/2014\/06\/807.jpg 659w\" sizes=\"(max-width: 300px) 100vw, 300px\" \/><\/a><\/p>\n<p><a href=\"http:\/\/museumek.eu\/?attachment_id=31817\" rel=\"attachment wp-att-31817\"><img loading=\"lazy\" src=\"http:\/\/museumek.eu\/wp-content\/uploads\/2014\/06\/808-300x171.jpg\" alt=\"\" title=\"808\" width=\"300\" height=\"171\" class=\"alignnone size-medium wp-image-31817\" srcset=\"http:\/\/museumek.eu\/wp-content\/uploads\/2014\/06\/808-300x171.jpg 300w, http:\/\/museumek.eu\/wp-content\/uploads\/2014\/06\/808-150x85.jpg 150w, http:\/\/museumek.eu\/wp-content\/uploads\/2014\/06\/808-500x285.jpg 500w, http:\/\/museumek.eu\/wp-content\/uploads\/2014\/06\/808.jpg 800w\" sizes=\"(max-width: 300px) 100vw, 300px\" \/><\/a><\/p>\n<p><a href=\"http:\/\/museumek.eu\/?attachment_id=31818\" rel=\"attachment wp-att-31818\"><img loading=\"lazy\" src=\"http:\/\/museumek.eu\/wp-content\/uploads\/2014\/06\/809-300x278.jpg\" alt=\"\" title=\"809\" width=\"300\" height=\"278\" class=\"alignnone size-medium wp-image-31818\" srcset=\"http:\/\/museumek.eu\/wp-content\/uploads\/2014\/06\/809-300x278.jpg 300w, http:\/\/museumek.eu\/wp-content\/uploads\/2014\/06\/809-150x139.jpg 150w, http:\/\/museumek.eu\/wp-content\/uploads\/2014\/06\/809-323x300.jpg 323w, http:\/\/museumek.eu\/wp-content\/uploads\/2014\/06\/809.jpg 647w\" sizes=\"(max-width: 300px) 100vw, 300px\" \/><\/a><\/p>\n<p><a href=\"http:\/\/museumek.eu\/?attachment_id=31819\" rel=\"attachment wp-att-31819\"><img loading=\"lazy\" src=\"http:\/\/museumek.eu\/wp-content\/uploads\/2014\/06\/810-300x161.jpg\" alt=\"\" title=\"810\" width=\"300\" height=\"161\" class=\"alignnone size-medium wp-image-31819\" srcset=\"http:\/\/museumek.eu\/wp-content\/uploads\/2014\/06\/810-300x161.jpg 300w, http:\/\/museumek.eu\/wp-content\/uploads\/2014\/06\/810-150x80.jpg 150w, http:\/\/museumek.eu\/wp-content\/uploads\/2014\/06\/810-500x269.jpg 500w, http:\/\/museumek.eu\/wp-content\/uploads\/2014\/06\/810.jpg 619w\" sizes=\"(max-width: 300px) 100vw, 300px\" \/><\/a><\/p>\n","protected":false},"excerpt":{"rendered":"<p>Abteilung Austria\/Ungarn\/B\u00f6hmen, Keramik 1860 &#8211; 1960, Inventarnummer A\/I\/125 Friedrich Goldscheider Erste Wiener Terrakottafabrik, Austria, Wien, ca. 1892\/1900, Vase mit Frauenakt, K\u00fcnstler Segul (?), Werks.-Nr. (0)818, Exemplar Nr. 16, Modelleur Nr. 10, gemarkt Firmenmarke mit Friedrich Goldscheider Wien, REPRODUCTION RESERVEE, 0818, &hellip; <a href=\"http:\/\/museumek.eu\/?page_id=31801\">Weiterlesen <span class=\"meta-nav\">&rarr;<\/span><\/a><\/p>\n","protected":false},"author":1,"featured_media":0,"parent":28405,"menu_order":125,"comment_status":"closed","ping_status":"open","template":"","meta":[],"_links":{"self":[{"href":"http:\/\/museumek.eu\/index.php?rest_route=\/wp\/v2\/pages\/31801"}],"collection":[{"href":"http:\/\/museumek.eu\/index.php?rest_route=\/wp\/v2\/pages"}],"about":[{"href":"http:\/\/museumek.eu\/index.php?rest_route=\/wp\/v2\/types\/page"}],"author":[{"embeddable":true,"href":"http:\/\/museumek.eu\/index.php?rest_route=\/wp\/v2\/users\/1"}],"replies":[{"embeddable":true,"href":"http:\/\/museumek.eu\/index.php?rest_route=%2Fwp%2Fv2%2Fcomments&post=31801"}],"version-history":[{"count":6,"href":"http:\/\/museumek.eu\/index.php?rest_route=\/wp\/v2\/pages\/31801\/revisions"}],"predecessor-version":[{"id":31821,"href":"http:\/\/museumek.eu\/index.php?rest_route=\/wp\/v2\/pages\/31801\/revisions\/31821"}],"up":[{"embeddable":true,"href":"http:\/\/museumek.eu\/index.php?rest_route=\/wp\/v2\/pages\/28405"}],"wp:attachment":[{"href":"http:\/\/museumek.eu\/index.php?rest_route=%2Fwp%2Fv2%2Fmedia&parent=31801"}],"curies":[{"name":"wp","href":"https:\/\/api.w.org\/{rel}","templated":true}]}}