{"id":31825,"date":"2014-06-14T18:17:53","date_gmt":"2014-06-14T16:17:53","guid":{"rendered":"http:\/\/museumek.eu\/?page_id=31825"},"modified":"2014-10-13T14:30:41","modified_gmt":"2014-10-13T12:30:41","slug":"dliii14","status":"publish","type":"page","link":"http:\/\/museumek.eu\/?page_id=31825","title":{"rendered":"D\/LIII\/14"},"content":{"rendered":"<p><strong>Abteilung Deutschland, Keramik 1860 \u2013 1960, Inventarnummer D\/LIII\/14<\/strong><\/p>\n<p>Steingut- und Steinzeugfabrik, Kunstt\u00f6pferei, Zinngie\u00dferei Merkelbach &#038; Wick und Nachfolger Steingutfabrik Wick Werke AG, Vereinigte Fabriken Merkelbach &#038; Wick und Merkelbach, Stadelmann &#038; Co., Deutschland, Grenzhausen, um 1900, Seidel, K\u00fcnstler (nach Motiven von Patriz Huber, Werks.-Nr. 2110, Exemplar Nr. ohne, gemarkt Firmenmarke Rundstempel mit M &#038; W sowie Gr. (f\u00fcr Merkelbach, Wick, Grenzhausen), B (?) sowie \u00bd L \u00fcber Eichstrich gepresst, 2110 unter dem Henkel gepresst, nicht signiert, Literatur: Gisela Reineking von Bock, Meister der deutschen Keramik, Seite 311, Abbildung Nr. 664 Mitte, identischer Seidel, als Entwerfer Albin M\u00fcller vermutet sowie Seite 329, Marke Nr. 214 identisch, weitere Literatur: J\u00fcrgen Schimanski und J\u00fcrgen Erlebach, Westerw\u00e4lder Steinzeug, Die Neue \u00c4ra, Seite 109, Fabrikbeschreibung, Abbildung Nr. 265, identischer Seidel (nach Motiven von Patriz Huber) sowie Marke Nr. 36 identisch, weitere Literatur: J\u00fcrgen Schimanski, Braun geflammt und grau gesalzen, Seite 215, Beschreibung der Fabrik, Seite 216, Marke Nr. 36 identisch sowie Seite 218, Abbildung Nr. 562, identischer Seidel (nach Motiven von Patriz Huber), weitere Literatur: Institut Mathildenh\u00f6he Darmstadt, Museum K\u00fcnstlerkolonie Darmstadt, Seite 119, \u00e4hnlicher Entwurf von Patritz Huber, der 1840 geborene Friedrich Wilhelm Merkelbach (gest. 1896) betrieb eine Kannenb\u00e4ckerei oder bereits eine keramische Fabrik, die unter dem Namen F. W. Merkelbach II. firmierte, 1872 (oder 1874) nimmt Friedrich Wilhelm Merkelbach den Bildhauer (Johann) Georg Peter Wick (geb. 1837, gest. 1914) in die Firma auf, die Firmierung \u00e4ndert sich in Steingut- und Steinzeugfabrik, Kunstt\u00f6pferei, Zinngie\u00dferei Merkelbach &#038; Wick, ab 1882\/1883 produzieren Sie als eine der ersten Westerw\u00e4lder Fabriken Elfenbeinsteinzeug, \u00fcber die H\u00e4lfte der Produktion wird in die USA exportiert, in der Zeit von 1886 bis 1897 liefert die Fabrik Halbfertigerzeugnisse an die keramische Fabrik von Hauber &#038; Reuther, Jugenstilk\u00fcnstler wie Peter Behrens und Henry van de Velde liefern um 1900 herausragende Entw\u00fcrfe, 1895 tritt Wicks Sohn (und evtl. gleichzeitig Merkelbachs Schwiegersohn) Ludwig Konrad Wick in die Fabrik ein und \u00fcbernimmt sicher zeitnah auch deren Leitung, bis er 1910\/1911 die Leitung an seine Frau Emma abgibt, 1921\/1922 fusioniert die Fabrik mit der um 1867 in Grenzhausen von Friedrich Wilhelm Merkelbach, Theodor Stadelmann und Julius Schr\u00f6der als Mahl- und Schleifsteinfabrik gegr\u00fcndeten Fabrik Merkelbach, Stadelmann &#038; Co. (wahrscheinlich war Konrad Wicks Frau Emma bereits Miteigent\u00fcmer dieser Fabrik) zur Steingutfabrik Wick Werke AG, Vereinigte Fabriken Merkelbach &#038; Wick und Merkelbach, Stadelmann &#038; Co., die Fabrik bestand rund 100 Jahre, Ausf\u00fchrung als Feinsteinzeug grau-blau (neublau) glasiert, siehe auch MEK D\/LIII\/19, identischer Seidel mit etwas abweichender Farbgebung und mit Zinnmontur, H\u00f6he 10 cm, Breite 14,5 cm<\/p>\n<p><a href=\"http:\/\/museumek.eu\/?attachment_id=31826\" rel=\"attachment wp-att-31826\"><img loading=\"lazy\" src=\"http:\/\/museumek.eu\/wp-content\/uploads\/2014\/06\/828-244x300.jpg\" alt=\"\" title=\"828\" width=\"244\" height=\"300\" class=\"alignnone size-medium wp-image-31826\" srcset=\"http:\/\/museumek.eu\/wp-content\/uploads\/2014\/06\/828-244x300.jpg 244w, http:\/\/museumek.eu\/wp-content\/uploads\/2014\/06\/828-122x150.jpg 122w, http:\/\/museumek.eu\/wp-content\/uploads\/2014\/06\/828.jpg 462w\" sizes=\"(max-width: 244px) 100vw, 244px\" \/><\/a><\/p>\n<p><a href=\"http:\/\/museumek.eu\/?attachment_id=31827\" rel=\"attachment wp-att-31827\"><img loading=\"lazy\" src=\"http:\/\/museumek.eu\/wp-content\/uploads\/2014\/06\/829-300x256.jpg\" alt=\"\" title=\"829\" width=\"300\" height=\"256\" class=\"alignnone size-medium wp-image-31827\" srcset=\"http:\/\/museumek.eu\/wp-content\/uploads\/2014\/06\/829-300x256.jpg 300w, http:\/\/museumek.eu\/wp-content\/uploads\/2014\/06\/829-150x128.jpg 150w, http:\/\/museumek.eu\/wp-content\/uploads\/2014\/06\/829-351x300.jpg 351w, http:\/\/museumek.eu\/wp-content\/uploads\/2014\/06\/829.jpg 582w\" sizes=\"(max-width: 300px) 100vw, 300px\" \/><\/a><\/p>\n<p><a href=\"http:\/\/museumek.eu\/?attachment_id=31828\" rel=\"attachment wp-att-31828\"><img loading=\"lazy\" src=\"http:\/\/museumek.eu\/wp-content\/uploads\/2014\/06\/830-300x276.jpg\" alt=\"\" title=\"830\" width=\"300\" height=\"276\" class=\"alignnone size-medium wp-image-31828\" srcset=\"http:\/\/museumek.eu\/wp-content\/uploads\/2014\/06\/830-300x276.jpg 300w, http:\/\/museumek.eu\/wp-content\/uploads\/2014\/06\/830-150x138.jpg 150w, http:\/\/museumek.eu\/wp-content\/uploads\/2014\/06\/830-325x300.jpg 325w, http:\/\/museumek.eu\/wp-content\/uploads\/2014\/06\/830.jpg 565w\" sizes=\"(max-width: 300px) 100vw, 300px\" \/><\/a><\/p>\n<p><a href=\"http:\/\/museumek.eu\/?attachment_id=31829\" rel=\"attachment wp-att-31829\"><img loading=\"lazy\" src=\"http:\/\/museumek.eu\/wp-content\/uploads\/2014\/06\/831-300x248.jpg\" alt=\"\" title=\"831\" width=\"300\" height=\"248\" class=\"alignnone size-medium wp-image-31829\" srcset=\"http:\/\/museumek.eu\/wp-content\/uploads\/2014\/06\/831-300x248.jpg 300w, http:\/\/museumek.eu\/wp-content\/uploads\/2014\/06\/831-150x124.jpg 150w, http:\/\/museumek.eu\/wp-content\/uploads\/2014\/06\/831-362x300.jpg 362w, http:\/\/museumek.eu\/wp-content\/uploads\/2014\/06\/831.jpg 579w\" sizes=\"(max-width: 300px) 100vw, 300px\" \/><\/a><\/p>\n<p><a href=\"http:\/\/museumek.eu\/?attachment_id=31831\" rel=\"attachment wp-att-31831\"><img loading=\"lazy\" src=\"http:\/\/museumek.eu\/wp-content\/uploads\/2014\/06\/833-222x300.jpg\" alt=\"\" title=\"833\" width=\"222\" height=\"300\" class=\"alignnone size-medium wp-image-31831\" srcset=\"http:\/\/museumek.eu\/wp-content\/uploads\/2014\/06\/833-222x300.jpg 222w, http:\/\/museumek.eu\/wp-content\/uploads\/2014\/06\/833-111x150.jpg 111w, http:\/\/museumek.eu\/wp-content\/uploads\/2014\/06\/833.jpg 388w\" sizes=\"(max-width: 222px) 100vw, 222px\" \/><\/a><\/p>\n<p><a href=\"http:\/\/museumek.eu\/?attachment_id=31830\" rel=\"attachment wp-att-31830\"><img loading=\"lazy\" src=\"http:\/\/museumek.eu\/wp-content\/uploads\/2014\/06\/832-300x266.jpg\" alt=\"\" title=\"832\" width=\"300\" height=\"266\" class=\"alignnone size-medium wp-image-31830\" srcset=\"http:\/\/museumek.eu\/wp-content\/uploads\/2014\/06\/832-300x266.jpg 300w, http:\/\/museumek.eu\/wp-content\/uploads\/2014\/06\/832-150x133.jpg 150w, http:\/\/museumek.eu\/wp-content\/uploads\/2014\/06\/832-337x300.jpg 337w, http:\/\/museumek.eu\/wp-content\/uploads\/2014\/06\/832.jpg 675w\" sizes=\"(max-width: 300px) 100vw, 300px\" \/><\/a><\/p>\n<p><a href=\"http:\/\/museumek.eu\/?attachment_id=31832\" rel=\"attachment wp-att-31832\"><img loading=\"lazy\" src=\"http:\/\/museumek.eu\/wp-content\/uploads\/2014\/06\/834-300x168.jpg\" alt=\"\" title=\"834\" width=\"300\" height=\"168\" class=\"alignnone size-medium wp-image-31832\" srcset=\"http:\/\/museumek.eu\/wp-content\/uploads\/2014\/06\/834-300x168.jpg 300w, http:\/\/museumek.eu\/wp-content\/uploads\/2014\/06\/834-150x84.jpg 150w, http:\/\/museumek.eu\/wp-content\/uploads\/2014\/06\/834-500x280.jpg 500w, http:\/\/museumek.eu\/wp-content\/uploads\/2014\/06\/834.jpg 800w\" sizes=\"(max-width: 300px) 100vw, 300px\" \/><\/a><\/p>\n<p><a href=\"http:\/\/museumek.eu\/?attachment_id=31833\" rel=\"attachment wp-att-31833\"><img loading=\"lazy\" src=\"http:\/\/museumek.eu\/wp-content\/uploads\/2014\/06\/835-300x238.jpg\" alt=\"\" title=\"835\" width=\"300\" height=\"238\" class=\"alignnone size-medium wp-image-31833\" srcset=\"http:\/\/museumek.eu\/wp-content\/uploads\/2014\/06\/835-300x238.jpg 300w, http:\/\/museumek.eu\/wp-content\/uploads\/2014\/06\/835-150x119.jpg 150w, http:\/\/museumek.eu\/wp-content\/uploads\/2014\/06\/835-377x300.jpg 377w, http:\/\/museumek.eu\/wp-content\/uploads\/2014\/06\/835.jpg 754w\" sizes=\"(max-width: 300px) 100vw, 300px\" \/><\/a><\/p>\n<p><a href=\"http:\/\/museumek.eu\/?attachment_id=31834\" rel=\"attachment wp-att-31834\"><img loading=\"lazy\" src=\"http:\/\/museumek.eu\/wp-content\/uploads\/2014\/06\/836-290x300.jpg\" alt=\"\" title=\"836\" width=\"290\" height=\"300\" class=\"alignnone size-medium wp-image-31834\" srcset=\"http:\/\/museumek.eu\/wp-content\/uploads\/2014\/06\/836-290x300.jpg 290w, http:\/\/museumek.eu\/wp-content\/uploads\/2014\/06\/836-145x150.jpg 145w, http:\/\/museumek.eu\/wp-content\/uploads\/2014\/06\/836.jpg 301w\" sizes=\"(max-width: 290px) 100vw, 290px\" \/><\/a><\/p>\n","protected":false},"excerpt":{"rendered":"<p>Abteilung Deutschland, Keramik 1860 \u2013 1960, Inventarnummer D\/LIII\/14 Steingut- und Steinzeugfabrik, Kunstt\u00f6pferei, Zinngie\u00dferei Merkelbach &#038; Wick und Nachfolger Steingutfabrik Wick Werke AG, Vereinigte Fabriken Merkelbach &#038; Wick und Merkelbach, Stadelmann &#038; Co., Deutschland, Grenzhausen, um 1900, Seidel, K\u00fcnstler (nach Motiven &hellip; <a href=\"http:\/\/museumek.eu\/?page_id=31825\">Weiterlesen <span class=\"meta-nav\">&rarr;<\/span><\/a><\/p>\n","protected":false},"author":1,"featured_media":0,"parent":30852,"menu_order":14,"comment_status":"closed","ping_status":"open","template":"","meta":[],"_links":{"self":[{"href":"http:\/\/museumek.eu\/index.php?rest_route=\/wp\/v2\/pages\/31825"}],"collection":[{"href":"http:\/\/museumek.eu\/index.php?rest_route=\/wp\/v2\/pages"}],"about":[{"href":"http:\/\/museumek.eu\/index.php?rest_route=\/wp\/v2\/types\/page"}],"author":[{"embeddable":true,"href":"http:\/\/museumek.eu\/index.php?rest_route=\/wp\/v2\/users\/1"}],"replies":[{"embeddable":true,"href":"http:\/\/museumek.eu\/index.php?rest_route=%2Fwp%2Fv2%2Fcomments&post=31825"}],"version-history":[{"count":6,"href":"http:\/\/museumek.eu\/index.php?rest_route=\/wp\/v2\/pages\/31825\/revisions"}],"predecessor-version":[{"id":33595,"href":"http:\/\/museumek.eu\/index.php?rest_route=\/wp\/v2\/pages\/31825\/revisions\/33595"}],"up":[{"embeddable":true,"href":"http:\/\/museumek.eu\/index.php?rest_route=\/wp\/v2\/pages\/30852"}],"wp:attachment":[{"href":"http:\/\/museumek.eu\/index.php?rest_route=%2Fwp%2Fv2%2Fmedia&parent=31825"}],"curies":[{"name":"wp","href":"https:\/\/api.w.org\/{rel}","templated":true}]}}