{"id":32187,"date":"2014-07-13T15:51:34","date_gmt":"2014-07-13T13:51:34","guid":{"rendered":"http:\/\/museumek.eu\/?page_id=32187"},"modified":"2014-07-13T15:51:34","modified_gmt":"2014-07-13T13:51:34","slug":"ai130","status":"publish","type":"page","link":"http:\/\/museumek.eu\/?page_id=32187","title":{"rendered":"A\/I\/130"},"content":{"rendered":"<p><strong>Abteilung Austria\/Ungarn\/B\u00f6hmen, Keramik 1860 &#8211; 1960, Inventarnummer A\/I\/130<\/strong><\/p>\n<p>Wiener Manufaktur Friedrich Goldscheider, Austria, Wien, 1929, Figur Mozart, K\u00fcnstler Perigot, Werks.-Nr. 5519\/Exemplar Nr. 234\/Modelleur Nr. 8, gemarkt Firmenmarke mit Goldscheider Wien, GWM (Wiener Manufaktur Goldscheider), Made in Austria sowie Hand-Decorated schwarze Stempel, 5519, 234, 8 sowie P gepresst, B 1 sowie Perigot geritzt, KA, LE2 sowie Weihnachten 1929 schwarz gemalt, AJ oder CN braun gemalt, signiert Perigot, Literatur: Robert E. Dechant\/Filipp Goldscheider, Firmengeschichte und Werkverzeichnis, Seite 409, dort als Werks.-Nr. 5519 F erfasst, Seite 604, Firmenmarke GS 19 (f\u00fcr die Zeit 1922 \u2013 1941) identisch sowie Seite 606, Firmenmarkenzusatzzeichen GS Z 16 identisch, die Urspr\u00fcnge der Firma gehen zur\u00fcck auf das Pilsener Handelsunternehmen Moritz Goldscheider der 1860\u2018 Jahre, nach dem Tode von Moritz Goldscheider werden die Br\u00fcder Eduard und Friedrich Goldscheider Eigent\u00fcmer und firmieren ab 1877 als M. Goldscheider\u2019s Erben, Thon-und Kunststeinmanufactur Werk Moldau und ab 1878 als Br\u00fcder Goldscheider, im Jahre 1878 wandert Friedrich Goldscheider nach Wien aus und Eduard f\u00fchrt die Firma in Pilsen bis zum Konkurs 1892 allein weiter, Friedrich Goldscheider firmiert in Wien ab 1880 als Goldscheider\u2019sche Porzellan-Manufaktur und Porzellanmalerei, neben Handelsgesch\u00e4ften betreibt die Firma vorwiegend die Porzellanmalerei, das Porzellan wird von b\u00f6hmischen Manufakturen bezogen und teilweise auch in B\u00f6hmen bemalt, ab 1885 \u00e4ndert sich die Firmierung in Goldscheider\u2019sche Porzellan-Manufaktur und Majolicafabrik, das Jahr 1885 gilt als das offizielle Gr\u00fcndungsjahr, ab 1887 bezeichnet Friedrich Goldscheider seine Fabrik als Erste Wiener Terracotta- und Majolika-Fabrik Friedrich Goldscheider oder als Erste Wiener Kunst-Terracotta-Fabrik und kunstgewerbliche Ateliers Friedrich Goldscheider und offiziell ab 1894 als Friedrich Goldscheider Erste Wiener Terrakottafabrik, Friedrich Goldscheider stirbt im Jahre 1897, seine Ehefrau Regine Goldscheider wird Alleineigent\u00fcmer und firmiert ab 1899 als Friedrich Goldscheider in Wien, Berlin und Leipzig, ab 1907 firmiert die Firma als Erste Wiener Terrakottafabrik und Atelier f\u00fcr k\u00fcnstlerische Fayencen Friedrich Goldscheider, im Jahre 1918 stirbt Regine und die S\u00f6hne Walter und Marcell Goldscheider werden Inhaber, ab 1921 \u00e4ndert sich die Firmierung in Wiener Manufaktur Friedrich Goldscheider, 1928 scheidet Marcell Goldscheider aus und gr\u00fcndet seine eigene Firma in Wien, 1939 wird die Firma arisiert und Josef Schuster wird Inhaber, Firmierung ab 1939, Wiener Manufaktur Friedrich Goldscheider Nachf., Inhaber Josef Schuster, ab 1941 lautet die Firmierung Wiener Manufaktur Josef Schuster, vorm. Friedrich Goldscheider, nach dem WK II erh\u00e4lt Friedrich Goldscheider seine Firma zur\u00fcck und firmiert ab 1950 wieder als Wiener Manufaktur Friedrich Goldscheider, in dieser Zeit verkauft er die Firma an die Majolikafabrik Carstens, in Fredelsloh, die in Fredelsloh Wiederauflagen alter Modelle in minderwertigem braunem Ton aber auch neue Modelle ebenfalls in dieser Tonart produziert, ab 1953 firmiert die Firma als Kunstkeramische Manufaktur Goldscheider GmbH und 1960 wird die Produktion in Fredelsloh eingestellt, siehe auch MEK A\/I\/71, etwas gr\u00f6\u00dfere Dublette dieser Figur, H\u00f6he 23 cm, Breite 9,3 cm<\/p>\n<p><a href=\"http:\/\/museumek.eu\/?attachment_id=32188\" rel=\"attachment wp-att-32188\"><img loading=\"lazy\" src=\"http:\/\/museumek.eu\/wp-content\/uploads\/2014\/07\/921-128x300.jpg\" alt=\"\" title=\"921\" width=\"128\" height=\"300\" class=\"alignnone size-medium wp-image-32188\" srcset=\"http:\/\/museumek.eu\/wp-content\/uploads\/2014\/07\/921-128x300.jpg 128w, http:\/\/museumek.eu\/wp-content\/uploads\/2014\/07\/921-64x150.jpg 64w, http:\/\/museumek.eu\/wp-content\/uploads\/2014\/07\/921.jpg 318w\" sizes=\"(max-width: 128px) 100vw, 128px\" \/><\/a><\/p>\n<p><a href=\"http:\/\/museumek.eu\/?attachment_id=32189\" rel=\"attachment wp-att-32189\"><img loading=\"lazy\" src=\"http:\/\/museumek.eu\/wp-content\/uploads\/2014\/07\/922-107x300.jpg\" alt=\"\" title=\"922\" width=\"107\" height=\"300\" class=\"alignnone size-medium wp-image-32189\" srcset=\"http:\/\/museumek.eu\/wp-content\/uploads\/2014\/07\/922-107x300.jpg 107w, http:\/\/museumek.eu\/wp-content\/uploads\/2014\/07\/922-53x150.jpg 53w\" sizes=\"(max-width: 107px) 100vw, 107px\" \/><\/a><\/p>\n<p><a href=\"http:\/\/museumek.eu\/?attachment_id=32190\" rel=\"attachment wp-att-32190\"><img loading=\"lazy\" src=\"http:\/\/museumek.eu\/wp-content\/uploads\/2014\/07\/923-112x300.jpg\" alt=\"\" title=\"923\" width=\"112\" height=\"300\" class=\"alignnone size-medium wp-image-32190\" srcset=\"http:\/\/museumek.eu\/wp-content\/uploads\/2014\/07\/923-112x300.jpg 112w, http:\/\/museumek.eu\/wp-content\/uploads\/2014\/07\/923-56x150.jpg 56w, http:\/\/museumek.eu\/wp-content\/uploads\/2014\/07\/923.jpg 278w\" sizes=\"(max-width: 112px) 100vw, 112px\" \/><\/a><\/p>\n<p><a href=\"http:\/\/museumek.eu\/?attachment_id=32191\" rel=\"attachment wp-att-32191\"><img loading=\"lazy\" src=\"http:\/\/museumek.eu\/wp-content\/uploads\/2014\/07\/924-118x300.jpg\" alt=\"\" title=\"924\" width=\"118\" height=\"300\" class=\"alignnone size-medium wp-image-32191\" srcset=\"http:\/\/museumek.eu\/wp-content\/uploads\/2014\/07\/924-118x300.jpg 118w, http:\/\/museumek.eu\/wp-content\/uploads\/2014\/07\/924-59x150.jpg 59w, http:\/\/museumek.eu\/wp-content\/uploads\/2014\/07\/924.jpg 282w\" sizes=\"(max-width: 118px) 100vw, 118px\" \/><\/a><\/p>\n<p><a href=\"http:\/\/museumek.eu\/?attachment_id=32192\" rel=\"attachment wp-att-32192\"><img loading=\"lazy\" src=\"http:\/\/museumek.eu\/wp-content\/uploads\/2014\/07\/925-300x264.jpg\" alt=\"\" title=\"925\" width=\"300\" height=\"264\" class=\"alignnone size-medium wp-image-32192\" srcset=\"http:\/\/museumek.eu\/wp-content\/uploads\/2014\/07\/925-300x264.jpg 300w, http:\/\/museumek.eu\/wp-content\/uploads\/2014\/07\/925-150x132.jpg 150w, http:\/\/museumek.eu\/wp-content\/uploads\/2014\/07\/925-339x300.jpg 339w, http:\/\/museumek.eu\/wp-content\/uploads\/2014\/07\/925.jpg 572w\" sizes=\"(max-width: 300px) 100vw, 300px\" \/><\/a><\/p>\n<p><a href=\"http:\/\/museumek.eu\/?attachment_id=32193\" rel=\"attachment wp-att-32193\"><img loading=\"lazy\" src=\"http:\/\/museumek.eu\/wp-content\/uploads\/2014\/07\/926-300x265.jpg\" alt=\"\" title=\"926\" width=\"300\" height=\"265\" class=\"alignnone size-medium wp-image-32193\" srcset=\"http:\/\/museumek.eu\/wp-content\/uploads\/2014\/07\/926-300x265.jpg 300w, http:\/\/museumek.eu\/wp-content\/uploads\/2014\/07\/926-150x132.jpg 150w, http:\/\/museumek.eu\/wp-content\/uploads\/2014\/07\/926-339x300.jpg 339w, http:\/\/museumek.eu\/wp-content\/uploads\/2014\/07\/926.jpg 678w\" sizes=\"(max-width: 300px) 100vw, 300px\" \/><\/a><\/p>\n<p><a href=\"http:\/\/museumek.eu\/?attachment_id=32194\" rel=\"attachment wp-att-32194\"><img loading=\"lazy\" src=\"http:\/\/museumek.eu\/wp-content\/uploads\/2014\/07\/927-300x225.jpg\" alt=\"\" title=\"927\" width=\"300\" height=\"225\" class=\"alignnone size-medium wp-image-32194\" srcset=\"http:\/\/museumek.eu\/wp-content\/uploads\/2014\/07\/927-300x225.jpg 300w, http:\/\/museumek.eu\/wp-content\/uploads\/2014\/07\/927-150x112.jpg 150w, http:\/\/museumek.eu\/wp-content\/uploads\/2014\/07\/927-400x300.jpg 400w, http:\/\/museumek.eu\/wp-content\/uploads\/2014\/07\/927.jpg 800w\" sizes=\"(max-width: 300px) 100vw, 300px\" \/><\/a><\/p>\n","protected":false},"excerpt":{"rendered":"<p>Abteilung Austria\/Ungarn\/B\u00f6hmen, Keramik 1860 &#8211; 1960, Inventarnummer A\/I\/130 Wiener Manufaktur Friedrich Goldscheider, Austria, Wien, 1929, Figur Mozart, K\u00fcnstler Perigot, Werks.-Nr. 5519\/Exemplar Nr. 234\/Modelleur Nr. 8, gemarkt Firmenmarke mit Goldscheider Wien, GWM (Wiener Manufaktur Goldscheider), Made in Austria sowie Hand-Decorated schwarze &hellip; <a href=\"http:\/\/museumek.eu\/?page_id=32187\">Weiterlesen <span class=\"meta-nav\">&rarr;<\/span><\/a><\/p>\n","protected":false},"author":1,"featured_media":0,"parent":28405,"menu_order":130,"comment_status":"closed","ping_status":"open","template":"","meta":[],"_links":{"self":[{"href":"http:\/\/museumek.eu\/index.php?rest_route=\/wp\/v2\/pages\/32187"}],"collection":[{"href":"http:\/\/museumek.eu\/index.php?rest_route=\/wp\/v2\/pages"}],"about":[{"href":"http:\/\/museumek.eu\/index.php?rest_route=\/wp\/v2\/types\/page"}],"author":[{"embeddable":true,"href":"http:\/\/museumek.eu\/index.php?rest_route=\/wp\/v2\/users\/1"}],"replies":[{"embeddable":true,"href":"http:\/\/museumek.eu\/index.php?rest_route=%2Fwp%2Fv2%2Fcomments&post=32187"}],"version-history":[{"count":4,"href":"http:\/\/museumek.eu\/index.php?rest_route=\/wp\/v2\/pages\/32187\/revisions"}],"predecessor-version":[{"id":32198,"href":"http:\/\/museumek.eu\/index.php?rest_route=\/wp\/v2\/pages\/32187\/revisions\/32198"}],"up":[{"embeddable":true,"href":"http:\/\/museumek.eu\/index.php?rest_route=\/wp\/v2\/pages\/28405"}],"wp:attachment":[{"href":"http:\/\/museumek.eu\/index.php?rest_route=%2Fwp%2Fv2%2Fmedia&parent=32187"}],"curies":[{"name":"wp","href":"https:\/\/api.w.org\/{rel}","templated":true}]}}