{"id":3219,"date":"2011-09-08T23:32:39","date_gmt":"2011-09-08T21:32:39","guid":{"rendered":"http:\/\/museumek.eu\/?page_id=3219"},"modified":"2021-04-05T21:30:16","modified_gmt":"2021-04-05T19:30:16","slug":"dxx1","status":"publish","type":"page","link":"http:\/\/museumek.eu\/?page_id=3219","title":{"rendered":"D\/XX\/1"},"content":{"rendered":"<p><strong>Abteilung Deutschland, Keramik 1860 \u2013 1960, Inventarnummer D\/XX\/1<\/strong><\/p>\n<p>Porzellanfabrik Gebr. Heubach und Nachf. Porzellanfabrik Gebr. Heubach AG und Nachf. Porzellanfabrik Gebr. Heubach Nachfolger, Inhaber Otto Friedrich F\u00fcrst zu Ysenburg und B\u00fcdingen, Lichte, um 1910, Vase floral bemalt, K\u00fcnstler M Kies (Name nicht eindeutig lesbar, wohl der Maler), Werks.-Nr. ohne, Exemplar Nr. ohne, gemarkt Firmenmarke mit Heubach gr\u00fcner Stempel unter Glasur, signiert M Kies auf der Vase gr\u00fcn gemalt, Literatur: J. G. Th. Graesse und E. Jaennicke, F\u00fchrer f\u00fcr Sammler von Porzellan und Fayence, Steinzeug, Steingut usw., Seite 470, Marke Nr. 5 identisch, weitere Literatur: Otto Pelka, Keramik der Neuzeit, Markentafel V, identische Marke im Markenkasten 79 abgebildet, weitere Literatur: Museum f\u00fcr Kunst und Gewerbe Hamburg, Die Jugendstilsammlung Band 2: K\u00fcnstler G \u2013 K, Seite 150, Beschreibung der Fabrik sowie Beschreibung und Abbildung der identischen Marke f\u00fcr die Zeit um 1910 an Hand einer Bestandsvase, Abbilduung und Beschreibung Nr. 917, Inv.Nr. 1980.200., weitere Literatur: Dr. Gerhard P. Woeckel, Jugendstilsammlung, Katalog Nr. 23, Beschreibung der Fabrik und Beschreibung der identischen Marke f\u00fcr die Zeit nach 1906, weitere Literatur: Gustav Wei\u00df, Ullstein Porzellanbuch, Seite 272, Marke Nr. 10 identisch, die Porzellanfabrik wurde 1822 von Johann Heinrich Leder gegr\u00fcndet, 1824 wurden die Vettern von Leder, Wilhelm und Heinrich Liebmann, Eigent\u00fcmer, 1830 \u2013 1843 ist Wilhelm Liebmann Alleineigent\u00fcmer, 1843 kauften die Br\u00fcder Christoph und Philipp Heubach aus Lauscha die Porzellanfabrik, diese bleibt bis 1938, dem Konkursjahr, in Familienbesitz, als Konkurskauf erwirbt Otto Friedrich F\u00fcrst zu Ysenburg und B\u00fcdingen die Fabrik und firmiert als Gebr. Heubach Nachf., 1948 wird die Fabrik verstaatlicht, Ausf\u00fchrung in Porzellan, H\u00f6he 19 cm, Breite 5,5 cm<\/p>\n<p><a href=\"http:\/\/museumek.eu\/wp-content\/uploads\/2011\/09\/Museum-Europ\u00e4ischer-Keramikkunst-979.jpg\"><img loading=\"lazy\" src=\"http:\/\/museumek.eu\/wp-content\/uploads\/2011\/09\/Museum-Europ\u00e4ischer-Keramikkunst-979-108x300.jpg\" alt=\"\" title=\"Museum Europ\u00e4ischer Keramikkunst 979\" width=\"108\" height=\"300\" class=\"alignnone size-medium wp-image-3220\" srcset=\"http:\/\/museumek.eu\/wp-content\/uploads\/2011\/09\/Museum-Europ\u00e4ischer-Keramikkunst-979-108x300.jpg 108w, http:\/\/museumek.eu\/wp-content\/uploads\/2011\/09\/Museum-Europ\u00e4ischer-Keramikkunst-979.jpg 281w\" sizes=\"(max-width: 108px) 100vw, 108px\" \/><\/a><\/p>\n<p><a href=\"http:\/\/museumek.eu\/wp-content\/uploads\/2011\/09\/Museum-Europ\u00e4ischer-Keramikkunst-9821.jpg\"><img loading=\"lazy\" src=\"http:\/\/museumek.eu\/wp-content\/uploads\/2011\/09\/Museum-Europ\u00e4ischer-Keramikkunst-9821-300x255.jpg\" alt=\"\" title=\"Museum Europ\u00e4ischer Keramikkunst 982\" width=\"300\" height=\"255\" class=\"alignnone size-medium wp-image-3222\" srcset=\"http:\/\/museumek.eu\/wp-content\/uploads\/2011\/09\/Museum-Europ\u00e4ischer-Keramikkunst-9821-300x255.jpg 300w, http:\/\/museumek.eu\/wp-content\/uploads\/2011\/09\/Museum-Europ\u00e4ischer-Keramikkunst-9821.jpg 340w\" sizes=\"(max-width: 300px) 100vw, 300px\" \/><\/a><\/p>\n<p><a href=\"http:\/\/museumek.eu\/wp-content\/uploads\/2011\/09\/Museum-Europ\u00e4ischer-Keramikkunst-983.jpg\"><img loading=\"lazy\" src=\"http:\/\/museumek.eu\/wp-content\/uploads\/2011\/09\/Museum-Europ\u00e4ischer-Keramikkunst-983.jpg\" alt=\"\" title=\"Museum Europ\u00e4ischer Keramikkunst 983\" width=\"250\" height=\"164\" class=\"alignnone size-full wp-image-3223\" \/><\/a><\/p>\n","protected":false},"excerpt":{"rendered":"<p>Abteilung Deutschland, Keramik 1860 \u2013 1960, Inventarnummer D\/XX\/1 Porzellanfabrik Gebr. Heubach und Nachf. Porzellanfabrik Gebr. Heubach AG und Nachf. Porzellanfabrik Gebr. Heubach Nachfolger, Inhaber Otto Friedrich F\u00fcrst zu Ysenburg und B\u00fcdingen, Lichte, um 1910, Vase floral bemalt, K\u00fcnstler M Kies &hellip; <a href=\"http:\/\/museumek.eu\/?page_id=3219\">Weiterlesen <span class=\"meta-nav\">&rarr;<\/span><\/a><\/p>\n","protected":false},"author":1,"featured_media":0,"parent":3216,"menu_order":1,"comment_status":"open","ping_status":"open","template":"","meta":[],"_links":{"self":[{"href":"http:\/\/museumek.eu\/index.php?rest_route=\/wp\/v2\/pages\/3219"}],"collection":[{"href":"http:\/\/museumek.eu\/index.php?rest_route=\/wp\/v2\/pages"}],"about":[{"href":"http:\/\/museumek.eu\/index.php?rest_route=\/wp\/v2\/types\/page"}],"author":[{"embeddable":true,"href":"http:\/\/museumek.eu\/index.php?rest_route=\/wp\/v2\/users\/1"}],"replies":[{"embeddable":true,"href":"http:\/\/museumek.eu\/index.php?rest_route=%2Fwp%2Fv2%2Fcomments&post=3219"}],"version-history":[{"count":9,"href":"http:\/\/museumek.eu\/index.php?rest_route=\/wp\/v2\/pages\/3219\/revisions"}],"predecessor-version":[{"id":55586,"href":"http:\/\/museumek.eu\/index.php?rest_route=\/wp\/v2\/pages\/3219\/revisions\/55586"}],"up":[{"embeddable":true,"href":"http:\/\/museumek.eu\/index.php?rest_route=\/wp\/v2\/pages\/3216"}],"wp:attachment":[{"href":"http:\/\/museumek.eu\/index.php?rest_route=%2Fwp%2Fv2%2Fmedia&parent=3219"}],"curies":[{"name":"wp","href":"https:\/\/api.w.org\/{rel}","templated":true}]}}