{"id":3240,"date":"2011-09-09T00:08:28","date_gmt":"2011-09-08T22:08:28","guid":{"rendered":"http:\/\/museumek.eu\/?page_id=3240"},"modified":"2013-07-19T18:54:36","modified_gmt":"2013-07-19T16:54:36","slug":"nii1","status":"publish","type":"page","link":"http:\/\/museumek.eu\/?page_id=3240","title":{"rendered":"N\/II\/1"},"content":{"rendered":"<p><strong>Abteilung Niederlande, Keramik 1860 \u2013 1960, Inventarnummer N\/II\/1<\/strong><\/p>\n<p>Plateelbakkerij Zuid-Holland Egbert Esti\u00e9 &#038; Co. sowie NV Koninklijke Plateelbakkerij Zuid Holland Egbert Esti\u00e9 &#038; Co., Niederlande, Gouda, 1922, Vase Dekor Belona, K\u00fcnstler unbekannt, Werks-Nr. 501 (?), Exemplar Nr. ohne, gemarkt Firmenmarke mit Lazaruspoortje schwarzer Stempel, 3924 (Kunden- oder Bestellnummer), Belona (Dekorname), A (Entwerfersignatur ?), 501 (Modellnummer) sowie Raute (Jahreszeichen f\u00fcr 1922) alles in Gold gemalt, 5 (Marke des Glasierers ?) geritzt, nicht signiert, Literatur: Kreismuseum Zons, Niederl\u00e4ndische Keramik des Jugendstils 1900 \u2013 1925 aus der Sammlung Douma, Seite 5 ff., Beschreibung der Fabrik, Seite 8, Marke Raute gleich Jahreszeichen f\u00fcr Jahr 1922 identisch (Widerspruch Seite 10, dort erw\u00e4hnt, dass die Fabrik erst im Jahr 1930 die Auszeichnung Koninklijk (f\u00fcr k\u00f6niglich) erhielt, dies passt nicht zum Jahreszeichen Raute aber Seite 9, Abbildung b, Firmenmarkung mit Raute, dazu Erkl\u00e4rung: Raute = Jahr 1922),<br \/>\nH\u00f6he 16,5 cm, Breite 17 cm<\/p>\n<p><a href=\"http:\/\/museumek.eu\/wp-content\/uploads\/2011\/09\/Museum-Europ\u00e4ischer-Keramikkunst-9841.jpg\"><img loading=\"lazy\" src=\"http:\/\/museumek.eu\/wp-content\/uploads\/2011\/09\/Museum-Europ\u00e4ischer-Keramikkunst-9841-294x300.jpg\" alt=\"\" title=\"Museum Europ\u00e4ischer Keramikkunst 984\" width=\"294\" height=\"300\" class=\"alignnone size-medium wp-image-3241\" srcset=\"http:\/\/museumek.eu\/wp-content\/uploads\/2011\/09\/Museum-Europ\u00e4ischer-Keramikkunst-9841-294x300.jpg 294w, http:\/\/museumek.eu\/wp-content\/uploads\/2011\/09\/Museum-Europ\u00e4ischer-Keramikkunst-9841.jpg 581w\" sizes=\"(max-width: 294px) 100vw, 294px\" \/><\/a><\/p>\n<p><a href=\"http:\/\/museumek.eu\/wp-content\/uploads\/2011\/09\/Museum-Europ\u00e4ischer-Keramikkunst-9851.jpg\"><img loading=\"lazy\" src=\"http:\/\/museumek.eu\/wp-content\/uploads\/2011\/09\/Museum-Europ\u00e4ischer-Keramikkunst-9851-300x295.jpg\" alt=\"\" title=\"Museum Europ\u00e4ischer Keramikkunst 985\" width=\"300\" height=\"295\" class=\"alignnone size-medium wp-image-3242\" srcset=\"http:\/\/museumek.eu\/wp-content\/uploads\/2011\/09\/Museum-Europ\u00e4ischer-Keramikkunst-9851-300x295.jpg 300w, http:\/\/museumek.eu\/wp-content\/uploads\/2011\/09\/Museum-Europ\u00e4ischer-Keramikkunst-9851-304x300.jpg 304w, http:\/\/museumek.eu\/wp-content\/uploads\/2011\/09\/Museum-Europ\u00e4ischer-Keramikkunst-9851.jpg 673w\" sizes=\"(max-width: 300px) 100vw, 300px\" \/><\/a><\/p>\n","protected":false},"excerpt":{"rendered":"<p>Abteilung Niederlande, Keramik 1860 \u2013 1960, Inventarnummer N\/II\/1 Plateelbakkerij Zuid-Holland Egbert Esti\u00e9 &#038; Co. sowie NV Koninklijke Plateelbakkerij Zuid Holland Egbert Esti\u00e9 &#038; Co., Niederlande, Gouda, 1922, Vase Dekor Belona, K\u00fcnstler unbekannt, Werks-Nr. 501 (?), Exemplar Nr. ohne, gemarkt Firmenmarke &hellip; <a href=\"http:\/\/museumek.eu\/?page_id=3240\">Weiterlesen <span class=\"meta-nav\">&rarr;<\/span><\/a><\/p>\n","protected":false},"author":1,"featured_media":0,"parent":3234,"menu_order":1,"comment_status":"open","ping_status":"open","template":"","meta":[],"_links":{"self":[{"href":"http:\/\/museumek.eu\/index.php?rest_route=\/wp\/v2\/pages\/3240"}],"collection":[{"href":"http:\/\/museumek.eu\/index.php?rest_route=\/wp\/v2\/pages"}],"about":[{"href":"http:\/\/museumek.eu\/index.php?rest_route=\/wp\/v2\/types\/page"}],"author":[{"embeddable":true,"href":"http:\/\/museumek.eu\/index.php?rest_route=\/wp\/v2\/users\/1"}],"replies":[{"embeddable":true,"href":"http:\/\/museumek.eu\/index.php?rest_route=%2Fwp%2Fv2%2Fcomments&post=3240"}],"version-history":[{"count":7,"href":"http:\/\/museumek.eu\/index.php?rest_route=\/wp\/v2\/pages\/3240\/revisions"}],"predecessor-version":[{"id":25342,"href":"http:\/\/museumek.eu\/index.php?rest_route=\/wp\/v2\/pages\/3240\/revisions\/25342"}],"up":[{"embeddable":true,"href":"http:\/\/museumek.eu\/index.php?rest_route=\/wp\/v2\/pages\/3234"}],"wp:attachment":[{"href":"http:\/\/museumek.eu\/index.php?rest_route=%2Fwp%2Fv2%2Fmedia&parent=3240"}],"curies":[{"name":"wp","href":"https:\/\/api.w.org\/{rel}","templated":true}]}}