{"id":32429,"date":"2014-08-02T18:02:56","date_gmt":"2014-08-02T16:02:56","guid":{"rendered":"http:\/\/museumek.eu\/?page_id=32429"},"modified":"2015-01-03T19:06:39","modified_gmt":"2015-01-03T18:06:39","slug":"dxlviii10","status":"publish","type":"page","link":"http:\/\/museumek.eu\/?page_id=32429","title":{"rendered":"D\/XLVIII\/10"},"content":{"rendered":"<p><strong>Abteilung Deutschland, Keramik 1860 \u2013 1960, Inventarnummer D\/XLVIII\/10<\/strong><\/p>\n<p>Albert Jacob Thewalt, Fabrik fein verzierter Steinzeugwaren (attr.), Deutschland, H\u00f6hr, um 1900, Krug, K\u00fcnstler (Anton) Kilian (Karl) Beuler, Werks.-Nr. ohne, Exemplar Nr. ohne, gemarkt keine Fabrikmarke aber 3 L. \u00fcber Eichstrich sowie GERMANY gepresst, KB. (f\u00fcr Karl Beuler) geritzt, signiert KB, Literatur: J\u00fcrgen Schimanski, Braun geflammt und grau gesalzen, Seite 226, Beschreibung der Fabrik sowie Beschreibung, dass fast alle Entw\u00fcrfe von Wilhelm Anton Kamp stammen, der zweite Sohn von Joahnn Peter Thewalt jr., Albert Jacob Thewalt (1857 \u2013 1939) gr\u00fcndete 1882 zusammen mit seinem Schwager Jean Paulus die keramische Fabrik Paulus und Thewalt, trennt sich dann von Jean Paulus und gr\u00fcndet 1894 seine eigene Fabrik, die als Albert Jacob Thewalt, Fabrik fein verzierter Steinzeugwaren firmiert, nach Albert Jacobs\u2019s Tod f\u00fchren sein Sohn Albert Johann Thewalt und danach sein Enkel Albert Jakob Thewalt die Fabrik fort, Zuordnung: die Zuordnung wurde von der homepage http:\/\/www.steinmarks.co.uk\/pages\/pv.asp?p=stein470 hergeleitet, dort Karl Beuler und Thewalt Nachweis, soweit die Zuordnung zu Thewalt nicht richtig ist, sind folgende Hersteller f\u00fcr die Beuler auch entworfen hat m\u00f6glich: Ro\u00dfkopf &#038; Gerz, Simon Peter Gerz , Adolf Diesinger und Matthias Girmscheid, weitere Zuordnung: der Literungsstempel entspricht eher den Stempeln von Thewalt, der GERMANY Stempel entspricht nicht Girmscheid, der Zuordnung steht entgegen, dass gem\u00e4\u00df o. g. Literatur fast alle Thewalt Entw\u00fcrfe von Kamp stammen, <strong>H\u00f6he 39,5 cm, Breite 19 cm<\/strong><\/p>\n<p><a href=\"http:\/\/museumek.eu\/?attachment_id=32430\" rel=\"attachment wp-att-32430\"><img loading=\"lazy\" src=\"http:\/\/museumek.eu\/wp-content\/uploads\/2014\/08\/657-135x300.jpg\" alt=\"\" title=\"657\" width=\"135\" height=\"300\" class=\"alignnone size-medium wp-image-32430\" srcset=\"http:\/\/museumek.eu\/wp-content\/uploads\/2014\/08\/657-135x300.jpg 135w, http:\/\/museumek.eu\/wp-content\/uploads\/2014\/08\/657-67x150.jpg 67w, http:\/\/museumek.eu\/wp-content\/uploads\/2014\/08\/657.jpg 334w\" sizes=\"(max-width: 135px) 100vw, 135px\" \/><\/a><\/p>\n<p><a href=\"http:\/\/museumek.eu\/?attachment_id=32431\" rel=\"attachment wp-att-32431\"><img loading=\"lazy\" src=\"http:\/\/museumek.eu\/wp-content\/uploads\/2014\/08\/658-157x300.jpg\" alt=\"\" title=\"658\" width=\"157\" height=\"300\" class=\"alignnone size-medium wp-image-32431\" srcset=\"http:\/\/museumek.eu\/wp-content\/uploads\/2014\/08\/658-157x300.jpg 157w, http:\/\/museumek.eu\/wp-content\/uploads\/2014\/08\/658-78x150.jpg 78w, http:\/\/museumek.eu\/wp-content\/uploads\/2014\/08\/658.jpg 353w\" sizes=\"(max-width: 157px) 100vw, 157px\" \/><\/a><\/p>\n<p><a href=\"http:\/\/museumek.eu\/?attachment_id=32432\" rel=\"attachment wp-att-32432\"><img loading=\"lazy\" src=\"http:\/\/museumek.eu\/wp-content\/uploads\/2014\/08\/659-138x300.jpg\" alt=\"\" title=\"659\" width=\"138\" height=\"300\" class=\"alignnone size-medium wp-image-32432\" srcset=\"http:\/\/museumek.eu\/wp-content\/uploads\/2014\/08\/659-138x300.jpg 138w, http:\/\/museumek.eu\/wp-content\/uploads\/2014\/08\/659-69x150.jpg 69w, http:\/\/museumek.eu\/wp-content\/uploads\/2014\/08\/659.jpg 312w\" sizes=\"(max-width: 138px) 100vw, 138px\" \/><\/a><\/p>\n<p><a href=\"http:\/\/museumek.eu\/?attachment_id=32433\" rel=\"attachment wp-att-32433\"><img loading=\"lazy\" src=\"http:\/\/museumek.eu\/wp-content\/uploads\/2014\/08\/660-173x300.jpg\" alt=\"\" title=\"660\" width=\"173\" height=\"300\" class=\"alignnone size-medium wp-image-32433\" srcset=\"http:\/\/museumek.eu\/wp-content\/uploads\/2014\/08\/660-173x300.jpg 173w, http:\/\/museumek.eu\/wp-content\/uploads\/2014\/08\/660-86x150.jpg 86w, http:\/\/museumek.eu\/wp-content\/uploads\/2014\/08\/660.jpg 385w\" sizes=\"(max-width: 173px) 100vw, 173px\" \/><\/a><\/p>\n<p><a href=\"http:\/\/museumek.eu\/?attachment_id=32434\" rel=\"attachment wp-att-32434\"><img loading=\"lazy\" src=\"http:\/\/museumek.eu\/wp-content\/uploads\/2014\/08\/661-183x300.jpg\" alt=\"\" title=\"661\" width=\"183\" height=\"300\" class=\"alignnone size-medium wp-image-32434\" srcset=\"http:\/\/museumek.eu\/wp-content\/uploads\/2014\/08\/661-183x300.jpg 183w, http:\/\/museumek.eu\/wp-content\/uploads\/2014\/08\/661-91x150.jpg 91w, http:\/\/museumek.eu\/wp-content\/uploads\/2014\/08\/661.jpg 490w\" sizes=\"(max-width: 183px) 100vw, 183px\" \/><\/a><\/p>\n<p><a href=\"http:\/\/museumek.eu\/?attachment_id=32435\" rel=\"attachment wp-att-32435\"><img loading=\"lazy\" src=\"http:\/\/museumek.eu\/wp-content\/uploads\/2014\/08\/662-189x300.jpg\" alt=\"\" title=\"662\" width=\"189\" height=\"300\" class=\"alignnone size-medium wp-image-32435\" srcset=\"http:\/\/museumek.eu\/wp-content\/uploads\/2014\/08\/662-189x300.jpg 189w, http:\/\/museumek.eu\/wp-content\/uploads\/2014\/08\/662-94x150.jpg 94w, http:\/\/museumek.eu\/wp-content\/uploads\/2014\/08\/662.jpg 506w\" sizes=\"(max-width: 189px) 100vw, 189px\" \/><\/a><\/p>\n<p><a href=\"http:\/\/museumek.eu\/?attachment_id=32436\" rel=\"attachment wp-att-32436\"><img loading=\"lazy\" src=\"http:\/\/museumek.eu\/wp-content\/uploads\/2014\/08\/664-225x300.jpg\" alt=\"\" title=\"664\" width=\"225\" height=\"300\" class=\"alignnone size-medium wp-image-32436\" srcset=\"http:\/\/museumek.eu\/wp-content\/uploads\/2014\/08\/664-225x300.jpg 225w, http:\/\/museumek.eu\/wp-content\/uploads\/2014\/08\/664-112x150.jpg 112w, http:\/\/museumek.eu\/wp-content\/uploads\/2014\/08\/664.jpg 600w\" sizes=\"(max-width: 225px) 100vw, 225px\" \/><\/a><\/p>\n<p><a href=\"http:\/\/museumek.eu\/?attachment_id=32437\" rel=\"attachment wp-att-32437\"><img loading=\"lazy\" src=\"http:\/\/museumek.eu\/wp-content\/uploads\/2014\/08\/665-157x300.jpg\" alt=\"\" title=\"665\" width=\"157\" height=\"300\" class=\"alignnone size-medium wp-image-32437\" srcset=\"http:\/\/museumek.eu\/wp-content\/uploads\/2014\/08\/665-157x300.jpg 157w, http:\/\/museumek.eu\/wp-content\/uploads\/2014\/08\/665-78x150.jpg 78w\" sizes=\"(max-width: 157px) 100vw, 157px\" \/><\/a><\/p>\n<p><a href=\"http:\/\/museumek.eu\/?attachment_id=32438\" rel=\"attachment wp-att-32438\"><img loading=\"lazy\" src=\"http:\/\/museumek.eu\/wp-content\/uploads\/2014\/08\/663-300x238.jpg\" alt=\"\" title=\"663\" width=\"300\" height=\"238\" class=\"alignnone size-medium wp-image-32438\" srcset=\"http:\/\/museumek.eu\/wp-content\/uploads\/2014\/08\/663-300x238.jpg 300w, http:\/\/museumek.eu\/wp-content\/uploads\/2014\/08\/663-150x119.jpg 150w, http:\/\/museumek.eu\/wp-content\/uploads\/2014\/08\/663-377x300.jpg 377w, http:\/\/museumek.eu\/wp-content\/uploads\/2014\/08\/663.jpg 755w\" sizes=\"(max-width: 300px) 100vw, 300px\" \/><\/a><\/p>\n<p><a href=\"http:\/\/museumek.eu\/?attachment_id=32439\" rel=\"attachment wp-att-32439\"><img loading=\"lazy\" src=\"http:\/\/museumek.eu\/wp-content\/uploads\/2014\/08\/667-138x300.jpg\" alt=\"\" title=\"667\" width=\"138\" height=\"300\" class=\"alignnone size-medium wp-image-32439\" srcset=\"http:\/\/museumek.eu\/wp-content\/uploads\/2014\/08\/667-138x300.jpg 138w, http:\/\/museumek.eu\/wp-content\/uploads\/2014\/08\/667-69x150.jpg 69w\" sizes=\"(max-width: 138px) 100vw, 138px\" \/><\/a><\/p>\n<p><a href=\"http:\/\/museumek.eu\/?attachment_id=32440\" rel=\"attachment wp-att-32440\"><img loading=\"lazy\" src=\"http:\/\/museumek.eu\/wp-content\/uploads\/2014\/08\/666-300x98.jpg\" alt=\"\" title=\"666\" width=\"300\" height=\"98\" class=\"alignnone size-medium wp-image-32440\" srcset=\"http:\/\/museumek.eu\/wp-content\/uploads\/2014\/08\/666-300x98.jpg 300w, http:\/\/museumek.eu\/wp-content\/uploads\/2014\/08\/666-150x49.jpg 150w, http:\/\/museumek.eu\/wp-content\/uploads\/2014\/08\/666-500x164.jpg 500w, http:\/\/museumek.eu\/wp-content\/uploads\/2014\/08\/666.jpg 742w\" sizes=\"(max-width: 300px) 100vw, 300px\" \/><\/a><\/p>\n","protected":false},"excerpt":{"rendered":"<p>Abteilung Deutschland, Keramik 1860 \u2013 1960, Inventarnummer D\/XLVIII\/10 Albert Jacob Thewalt, Fabrik fein verzierter Steinzeugwaren (attr.), Deutschland, H\u00f6hr, um 1900, Krug, K\u00fcnstler (Anton) Kilian (Karl) Beuler, Werks.-Nr. ohne, Exemplar Nr. ohne, gemarkt keine Fabrikmarke aber 3 L. \u00fcber Eichstrich sowie &hellip; <a href=\"http:\/\/museumek.eu\/?page_id=32429\">Weiterlesen <span class=\"meta-nav\">&rarr;<\/span><\/a><\/p>\n","protected":false},"author":1,"featured_media":0,"parent":11506,"menu_order":10,"comment_status":"closed","ping_status":"open","template":"","meta":[],"_links":{"self":[{"href":"http:\/\/museumek.eu\/index.php?rest_route=\/wp\/v2\/pages\/32429"}],"collection":[{"href":"http:\/\/museumek.eu\/index.php?rest_route=\/wp\/v2\/pages"}],"about":[{"href":"http:\/\/museumek.eu\/index.php?rest_route=\/wp\/v2\/types\/page"}],"author":[{"embeddable":true,"href":"http:\/\/museumek.eu\/index.php?rest_route=\/wp\/v2\/users\/1"}],"replies":[{"embeddable":true,"href":"http:\/\/museumek.eu\/index.php?rest_route=%2Fwp%2Fv2%2Fcomments&post=32429"}],"version-history":[{"count":6,"href":"http:\/\/museumek.eu\/index.php?rest_route=\/wp\/v2\/pages\/32429\/revisions"}],"predecessor-version":[{"id":35699,"href":"http:\/\/museumek.eu\/index.php?rest_route=\/wp\/v2\/pages\/32429\/revisions\/35699"}],"up":[{"embeddable":true,"href":"http:\/\/museumek.eu\/index.php?rest_route=\/wp\/v2\/pages\/11506"}],"wp:attachment":[{"href":"http:\/\/museumek.eu\/index.php?rest_route=%2Fwp%2Fv2%2Fmedia&parent=32429"}],"curies":[{"name":"wp","href":"https:\/\/api.w.org\/{rel}","templated":true}]}}