{"id":32564,"date":"2014-08-06T00:18:56","date_gmt":"2014-08-05T22:18:56","guid":{"rendered":"http:\/\/museumek.eu\/?page_id=32564"},"modified":"2014-08-06T00:19:56","modified_gmt":"2014-08-05T22:19:56","slug":"dciii3","status":"publish","type":"page","link":"http:\/\/museumek.eu\/?page_id=32564","title":{"rendered":"D\/CIII\/3"},"content":{"rendered":"<p><strong>Abteilung Deutschland, Keramik 1860 \u2013 1960, Inventarnummer D\/CIII\/3<\/strong><\/p>\n<p>Steinzeugfabrik Matthias Girmscheid, Deutschland, H\u00f6hr, um 1900, Krug, K\u00fcnstler unbekannt, Werks.-Nr. 635, Exemplar Nr. ohne, gemarkt Firmenmarke mit MG (ligiert f\u00fcr Matthias Girmscheid) darunter H (f\u00fcr H\u00f6hr), 635, 0 sowie GERMANY gepresst, nicht signiert, die Fabrik wurde 1884 von Matthias Girmscheid gegr\u00fcndet, nach dessen Tod 1928 \u00fcbernahm dessen Sohn Karl Girmscheid die Fabrikleitung, nach dessen Tod 1949 leitete Cornelia Girmscheid die Fabrik, die Fabrik Girmscheid besteht noch heute, die Fabrik markte mit zwei verschiedenen Fabrikstempeln, f\u00fcr den anderen Fabrikstempel siehe MEK D\/CIII\/1, au\u00dferdem ist der GERMANY Stempel so markant, hinsichtlich Schriftart, als auch in Bezug auf die Stempelma\u00dfe (0,5 cm hoch und 2,5 cm breit), dass dieser als Indentifizierungsmerkmal f\u00fcr nicht mit einer der beiden Fabrikmarken versehenen Fabrikate verwendet werden kann, da die Fabrik nicht alle Fabrikate mit einer Fabrikmarke versehen hat, keine Liter Angabe, MEK Nachmessung 3 Liter,<br \/>\n<strong>H\u00f6he 37 cm, Breite 20,5 cm<\/strong><\/p>\n<p><a href=\"http:\/\/museumek.eu\/?attachment_id=32565\" rel=\"attachment wp-att-32565\"><img loading=\"lazy\" src=\"http:\/\/museumek.eu\/wp-content\/uploads\/2014\/08\/979-147x300.jpg\" alt=\"\" title=\"979\" width=\"147\" height=\"300\" class=\"alignnone size-medium wp-image-32565\" srcset=\"http:\/\/museumek.eu\/wp-content\/uploads\/2014\/08\/979-147x300.jpg 147w, http:\/\/museumek.eu\/wp-content\/uploads\/2014\/08\/979-73x150.jpg 73w\" sizes=\"(max-width: 147px) 100vw, 147px\" \/><\/a><\/p>\n<p><a href=\"http:\/\/museumek.eu\/?attachment_id=32566\" rel=\"attachment wp-att-32566\"><img loading=\"lazy\" src=\"http:\/\/museumek.eu\/wp-content\/uploads\/2014\/08\/980-197x300.jpg\" alt=\"\" title=\"980\" width=\"197\" height=\"300\" class=\"alignnone size-medium wp-image-32566\" srcset=\"http:\/\/museumek.eu\/wp-content\/uploads\/2014\/08\/980-197x300.jpg 197w, http:\/\/museumek.eu\/wp-content\/uploads\/2014\/08\/980-98x150.jpg 98w, http:\/\/museumek.eu\/wp-content\/uploads\/2014\/08\/980.jpg 445w\" sizes=\"(max-width: 197px) 100vw, 197px\" \/><\/a><\/p>\n<p><a href=\"http:\/\/museumek.eu\/?attachment_id=32567\" rel=\"attachment wp-att-32567\"><img loading=\"lazy\" src=\"http:\/\/museumek.eu\/wp-content\/uploads\/2014\/08\/981-130x300.jpg\" alt=\"\" title=\"981\" width=\"130\" height=\"300\" class=\"alignnone size-medium wp-image-32567\" srcset=\"http:\/\/museumek.eu\/wp-content\/uploads\/2014\/08\/981-130x300.jpg 130w, http:\/\/museumek.eu\/wp-content\/uploads\/2014\/08\/981-65x150.jpg 65w, http:\/\/museumek.eu\/wp-content\/uploads\/2014\/08\/981.jpg 287w\" sizes=\"(max-width: 130px) 100vw, 130px\" \/><\/a><\/p>\n<p><a href=\"http:\/\/museumek.eu\/?attachment_id=32568\" rel=\"attachment wp-att-32568\"><img loading=\"lazy\" src=\"http:\/\/museumek.eu\/wp-content\/uploads\/2014\/08\/982-197x300.jpg\" alt=\"\" title=\"982\" width=\"197\" height=\"300\" class=\"alignnone size-medium wp-image-32568\" srcset=\"http:\/\/museumek.eu\/wp-content\/uploads\/2014\/08\/982-197x300.jpg 197w, http:\/\/museumek.eu\/wp-content\/uploads\/2014\/08\/982-98x150.jpg 98w, http:\/\/museumek.eu\/wp-content\/uploads\/2014\/08\/982.jpg 438w\" sizes=\"(max-width: 197px) 100vw, 197px\" \/><\/a><\/p>\n<p><a href=\"http:\/\/museumek.eu\/?attachment_id=32571\" rel=\"attachment wp-att-32571\"><img loading=\"lazy\" src=\"http:\/\/museumek.eu\/wp-content\/uploads\/2014\/08\/987-160x300.jpg\" alt=\"\" title=\"987\" width=\"160\" height=\"300\" class=\"alignnone size-medium wp-image-32571\" srcset=\"http:\/\/museumek.eu\/wp-content\/uploads\/2014\/08\/987-160x300.jpg 160w, http:\/\/museumek.eu\/wp-content\/uploads\/2014\/08\/987-80x150.jpg 80w, http:\/\/museumek.eu\/wp-content\/uploads\/2014\/08\/987.jpg 427w\" sizes=\"(max-width: 160px) 100vw, 160px\" \/><\/a><\/p>\n<p><a href=\"http:\/\/museumek.eu\/?attachment_id=32569\" rel=\"attachment wp-att-32569\"><img loading=\"lazy\" src=\"http:\/\/museumek.eu\/wp-content\/uploads\/2014\/08\/983-199x300.jpg\" alt=\"\" title=\"983\" width=\"199\" height=\"300\" class=\"alignnone size-medium wp-image-32569\" srcset=\"http:\/\/museumek.eu\/wp-content\/uploads\/2014\/08\/983-199x300.jpg 199w, http:\/\/museumek.eu\/wp-content\/uploads\/2014\/08\/983-99x150.jpg 99w, http:\/\/museumek.eu\/wp-content\/uploads\/2014\/08\/983.jpg 531w\" sizes=\"(max-width: 199px) 100vw, 199px\" \/><\/a><\/p>\n<p><a href=\"http:\/\/museumek.eu\/?attachment_id=32570\" rel=\"attachment wp-att-32570\"><img loading=\"lazy\" src=\"http:\/\/museumek.eu\/wp-content\/uploads\/2014\/08\/984-204x300.jpg\" alt=\"\" title=\"984\" width=\"204\" height=\"300\" class=\"alignnone size-medium wp-image-32570\" srcset=\"http:\/\/museumek.eu\/wp-content\/uploads\/2014\/08\/984-204x300.jpg 204w, http:\/\/museumek.eu\/wp-content\/uploads\/2014\/08\/984-102x150.jpg 102w, http:\/\/museumek.eu\/wp-content\/uploads\/2014\/08\/984.jpg 545w\" sizes=\"(max-width: 204px) 100vw, 204px\" \/><\/a><\/p>\n<p><a href=\"http:\/\/museumek.eu\/?attachment_id=32572\" rel=\"attachment wp-att-32572\"><img loading=\"lazy\" src=\"http:\/\/museumek.eu\/wp-content\/uploads\/2014\/08\/985-298x300.jpg\" alt=\"\" title=\"985\" width=\"298\" height=\"300\" class=\"alignnone size-medium wp-image-32572\" srcset=\"http:\/\/museumek.eu\/wp-content\/uploads\/2014\/08\/985-298x300.jpg 298w, http:\/\/museumek.eu\/wp-content\/uploads\/2014\/08\/985-150x150.jpg 150w, http:\/\/museumek.eu\/wp-content\/uploads\/2014\/08\/985.jpg 596w\" sizes=\"(max-width: 298px) 100vw, 298px\" \/><\/a><\/p>\n<p><a href=\"http:\/\/museumek.eu\/?attachment_id=32573\" rel=\"attachment wp-att-32573\"><img loading=\"lazy\" src=\"http:\/\/museumek.eu\/wp-content\/uploads\/2014\/08\/986-300x267.jpg\" alt=\"\" title=\"986\" width=\"300\" height=\"267\" class=\"alignnone size-medium wp-image-32573\" srcset=\"http:\/\/museumek.eu\/wp-content\/uploads\/2014\/08\/986-300x267.jpg 300w, http:\/\/museumek.eu\/wp-content\/uploads\/2014\/08\/986-150x133.jpg 150w, http:\/\/museumek.eu\/wp-content\/uploads\/2014\/08\/986-336x300.jpg 336w, http:\/\/museumek.eu\/wp-content\/uploads\/2014\/08\/986.jpg 673w\" sizes=\"(max-width: 300px) 100vw, 300px\" \/><\/a><\/p>\n<p><a href=\"http:\/\/museumek.eu\/?attachment_id=32574\" rel=\"attachment wp-att-32574\"><img loading=\"lazy\" src=\"http:\/\/museumek.eu\/wp-content\/uploads\/2014\/08\/988-193x300.jpg\" alt=\"\" title=\"988\" width=\"193\" height=\"300\" class=\"alignnone size-medium wp-image-32574\" srcset=\"http:\/\/museumek.eu\/wp-content\/uploads\/2014\/08\/988-193x300.jpg 193w, http:\/\/museumek.eu\/wp-content\/uploads\/2014\/08\/988-96x150.jpg 96w, http:\/\/museumek.eu\/wp-content\/uploads\/2014\/08\/988.jpg 517w\" sizes=\"(max-width: 193px) 100vw, 193px\" \/><\/a><\/p>\n","protected":false},"excerpt":{"rendered":"<p>Abteilung Deutschland, Keramik 1860 \u2013 1960, Inventarnummer D\/CIII\/3 Steinzeugfabrik Matthias Girmscheid, Deutschland, H\u00f6hr, um 1900, Krug, K\u00fcnstler unbekannt, Werks.-Nr. 635, Exemplar Nr. ohne, gemarkt Firmenmarke mit MG (ligiert f\u00fcr Matthias Girmscheid) darunter H (f\u00fcr H\u00f6hr), 635, 0 sowie GERMANY gepresst, &hellip; <a href=\"http:\/\/museumek.eu\/?page_id=32564\">Weiterlesen <span class=\"meta-nav\">&rarr;<\/span><\/a><\/p>\n","protected":false},"author":1,"featured_media":0,"parent":27091,"menu_order":3,"comment_status":"closed","ping_status":"open","template":"","meta":[],"_links":{"self":[{"href":"http:\/\/museumek.eu\/index.php?rest_route=\/wp\/v2\/pages\/32564"}],"collection":[{"href":"http:\/\/museumek.eu\/index.php?rest_route=\/wp\/v2\/pages"}],"about":[{"href":"http:\/\/museumek.eu\/index.php?rest_route=\/wp\/v2\/types\/page"}],"author":[{"embeddable":true,"href":"http:\/\/museumek.eu\/index.php?rest_route=\/wp\/v2\/users\/1"}],"replies":[{"embeddable":true,"href":"http:\/\/museumek.eu\/index.php?rest_route=%2Fwp%2Fv2%2Fcomments&post=32564"}],"version-history":[{"count":6,"href":"http:\/\/museumek.eu\/index.php?rest_route=\/wp\/v2\/pages\/32564\/revisions"}],"predecessor-version":[{"id":32580,"href":"http:\/\/museumek.eu\/index.php?rest_route=\/wp\/v2\/pages\/32564\/revisions\/32580"}],"up":[{"embeddable":true,"href":"http:\/\/museumek.eu\/index.php?rest_route=\/wp\/v2\/pages\/27091"}],"wp:attachment":[{"href":"http:\/\/museumek.eu\/index.php?rest_route=%2Fwp%2Fv2%2Fmedia&parent=32564"}],"curies":[{"name":"wp","href":"https:\/\/api.w.org\/{rel}","templated":true}]}}