{"id":3268,"date":"2011-09-09T18:20:59","date_gmt":"2011-09-09T16:20:59","guid":{"rendered":"http:\/\/museumek.eu\/?page_id=3268"},"modified":"2013-04-20T00:56:04","modified_gmt":"2013-04-19T22:56:04","slug":"dviii5","status":"publish","type":"page","link":"http:\/\/museumek.eu\/?page_id=3268","title":{"rendered":"D\/VIII\/5"},"content":{"rendered":"<p><strong>Abteilung Deutschland, Keramik 1860 \u2013 1960, Inventarnummer D\/VIII\/5<\/strong><\/p>\n<p>Manufaktur Villeroy &#038; Boch, Deutschland, Mettlach, 1916, Teller mit stilisiertem Floraldekor, K\u00fcnstler unbekannt, Werks.-Nr. 3096 (Formnummer), Exemplar Nr. ohne, gemarkt Firmenmarke mit Turm, Mettlach sowie VB, \u201eGES. GESCH.\u201c, REG. U.S. Pat. Off. (registriert beim US Patent B\u00fcro, bedeutet, dass der Artikel u. a. f\u00fcr den Export in die USA bestimmt war), Made in Germany (seit 1891, gesetzliche Markierungsvorschrift in Deutschland, Kennzeichnung vorwiegend f\u00fcr den Export in die USA), 3096, 16, II, 16 (Jahr 1916) alles gepresst, Literatur: Villeroy &#038; Boch AG, Mettlach, 1998, Villeroy &#038; Boch, Ein Vierteljahrtausend europ\u00e4ische Industriegeschichte 1748 &#8211; 1998, Seite 148, fast identischer Teller des abgebildeten Teeservice sowie Seite 102, abgebildete Turmmarke f\u00fcr die Zeit von 1885 \u2013 ca. 1930, weitere Literatur: Gary Kirsner, The Mettlach Book, Seite 18, Abbildung und Erkl\u00e4rung der Turmmarke, Seite 23 ff., Datierungssystem, Seite 26, Erkl\u00e4rung Reg.U.S. Pat. Off und Erkl\u00e4rung Made in Germany sowie Seite 418, Kategorie: other wares, Dinnerware, Art Nouveau and Art Deco, Teller dort abgebildet, weitere Literatur: Jana Kybalov\u00e1, Keramik-Marken aus aller Welt, Marke Nr. 1643 identisch, siehe auch 3 weitere Teller MEK D\/VIII\/2 bis MEK D\/VIII\/4, Durchmesser 19 cm<\/p>\n<p><a href=\"http:\/\/museumek.eu\/wp-content\/uploads\/2011\/09\/Museum-Europ\u00e4ischer-Keramikkunst-1016.jpg\"><img loading=\"lazy\" src=\"http:\/\/museumek.eu\/wp-content\/uploads\/2011\/09\/Museum-Europ\u00e4ischer-Keramikkunst-1016-295x300.jpg\" alt=\"\" title=\"Museum Europ\u00e4ischer Keramikkunst 1016\" width=\"295\" height=\"300\" class=\"alignnone size-medium wp-image-3269\" srcset=\"http:\/\/museumek.eu\/wp-content\/uploads\/2011\/09\/Museum-Europ\u00e4ischer-Keramikkunst-1016-295x300.jpg 295w, http:\/\/museumek.eu\/wp-content\/uploads\/2011\/09\/Museum-Europ\u00e4ischer-Keramikkunst-1016.jpg 611w\" sizes=\"(max-width: 295px) 100vw, 295px\" \/><\/a><\/p>\n<p><a href=\"http:\/\/museumek.eu\/wp-content\/uploads\/2011\/09\/Museum-Europ\u00e4ischer-Keramikkunst-1019.jpg\"><img loading=\"lazy\" src=\"http:\/\/museumek.eu\/wp-content\/uploads\/2011\/09\/Museum-Europ\u00e4ischer-Keramikkunst-1019-213x300.jpg\" alt=\"\" title=\"Museum Europ\u00e4ischer Keramikkunst 1019\" width=\"213\" height=\"300\" class=\"alignnone size-medium wp-image-3270\" srcset=\"http:\/\/museumek.eu\/wp-content\/uploads\/2011\/09\/Museum-Europ\u00e4ischer-Keramikkunst-1019-213x300.jpg 213w, http:\/\/museumek.eu\/wp-content\/uploads\/2011\/09\/Museum-Europ\u00e4ischer-Keramikkunst-1019.jpg 403w\" sizes=\"(max-width: 213px) 100vw, 213px\" \/><\/a><\/p>\n","protected":false},"excerpt":{"rendered":"<p>Abteilung Deutschland, Keramik 1860 \u2013 1960, Inventarnummer D\/VIII\/5 Manufaktur Villeroy &#038; Boch, Deutschland, Mettlach, 1916, Teller mit stilisiertem Floraldekor, K\u00fcnstler unbekannt, Werks.-Nr. 3096 (Formnummer), Exemplar Nr. ohne, gemarkt Firmenmarke mit Turm, Mettlach sowie VB, \u201eGES. GESCH.\u201c, REG. U.S. Pat. Off. &hellip; <a href=\"http:\/\/museumek.eu\/?page_id=3268\">Weiterlesen <span class=\"meta-nav\">&rarr;<\/span><\/a><\/p>\n","protected":false},"author":1,"featured_media":0,"parent":1986,"menu_order":5,"comment_status":"open","ping_status":"open","template":"","meta":[],"_links":{"self":[{"href":"http:\/\/museumek.eu\/index.php?rest_route=\/wp\/v2\/pages\/3268"}],"collection":[{"href":"http:\/\/museumek.eu\/index.php?rest_route=\/wp\/v2\/pages"}],"about":[{"href":"http:\/\/museumek.eu\/index.php?rest_route=\/wp\/v2\/types\/page"}],"author":[{"embeddable":true,"href":"http:\/\/museumek.eu\/index.php?rest_route=\/wp\/v2\/users\/1"}],"replies":[{"embeddable":true,"href":"http:\/\/museumek.eu\/index.php?rest_route=%2Fwp%2Fv2%2Fcomments&post=3268"}],"version-history":[{"count":6,"href":"http:\/\/museumek.eu\/index.php?rest_route=\/wp\/v2\/pages\/3268\/revisions"}],"predecessor-version":[{"id":20015,"href":"http:\/\/museumek.eu\/index.php?rest_route=\/wp\/v2\/pages\/3268\/revisions\/20015"}],"up":[{"embeddable":true,"href":"http:\/\/museumek.eu\/index.php?rest_route=\/wp\/v2\/pages\/1986"}],"wp:attachment":[{"href":"http:\/\/museumek.eu\/index.php?rest_route=%2Fwp%2Fv2%2Fmedia&parent=3268"}],"curies":[{"name":"wp","href":"https:\/\/api.w.org\/{rel}","templated":true}]}}