{"id":3279,"date":"2011-09-09T20:28:29","date_gmt":"2011-09-09T18:28:29","guid":{"rendered":"http:\/\/museumek.eu\/?page_id=3279"},"modified":"2012-01-10T23:37:14","modified_gmt":"2012-01-10T22:37:14","slug":"fv9","status":"publish","type":"page","link":"http:\/\/museumek.eu\/?page_id=3279","title":{"rendered":"F\/V\/9"},"content":{"rendered":"<p><strong>Abteilung Frankreich, Keramik 1860 \u2013 1960, Inventarnummer F\/V\/9<\/strong><\/p>\n<p>Manufaktur Massier, Frankreich, Vallauris, vor 1900, Schale dreipassig mit floralen Motiven, K\u00fcnstler J\u00e9rome Massier, Werks.-Nr. ohne, Exemplar Nr. ohne, nicht gemarkt, signiert J. Massier gemalt, Literatur: Dieter Z\u00fchlsdorf, Keramik-Marken-Lexikon, Nr. 1303,<br \/>\nH\u00f6he 26 cm, Breite 26 cm<\/p>\n<p><a href=\"http:\/\/museumek.eu\/wp-content\/uploads\/2011\/09\/Museum-Europ\u00e4ischer-Keramikkunst-993.jpg\"><img loading=\"lazy\" src=\"http:\/\/museumek.eu\/wp-content\/uploads\/2011\/09\/Museum-Europ\u00e4ischer-Keramikkunst-993-300x300.jpg\" alt=\"\" title=\"Museum Europ\u00e4ischer Keramikkunst 993\" width=\"300\" height=\"300\" class=\"alignnone size-medium wp-image-3280\" srcset=\"http:\/\/museumek.eu\/wp-content\/uploads\/2011\/09\/Museum-Europ\u00e4ischer-Keramikkunst-993-300x300.jpg 300w, http:\/\/museumek.eu\/wp-content\/uploads\/2011\/09\/Museum-Europ\u00e4ischer-Keramikkunst-993-150x150.jpg 150w, http:\/\/museumek.eu\/wp-content\/uploads\/2011\/09\/Museum-Europ\u00e4ischer-Keramikkunst-993.jpg 694w\" sizes=\"(max-width: 300px) 100vw, 300px\" \/><\/a><\/p>\n<p><a href=\"http:\/\/museumek.eu\/wp-content\/uploads\/2011\/09\/Museum-Europ\u00e4ischer-Keramikkunst-995.jpg\"><img loading=\"lazy\" src=\"http:\/\/museumek.eu\/wp-content\/uploads\/2011\/09\/Museum-Europ\u00e4ischer-Keramikkunst-995-300x101.jpg\" alt=\"\" title=\"Museum Europ\u00e4ischer Keramikkunst 995\" width=\"300\" height=\"101\" class=\"alignnone size-medium wp-image-3281\" srcset=\"http:\/\/museumek.eu\/wp-content\/uploads\/2011\/09\/Museum-Europ\u00e4ischer-Keramikkunst-995-300x101.jpg 300w, http:\/\/museumek.eu\/wp-content\/uploads\/2011\/09\/Museum-Europ\u00e4ischer-Keramikkunst-995-500x168.jpg 500w, http:\/\/museumek.eu\/wp-content\/uploads\/2011\/09\/Museum-Europ\u00e4ischer-Keramikkunst-995.jpg 601w\" sizes=\"(max-width: 300px) 100vw, 300px\" \/><\/a><\/p>\n<p><a href=\"http:\/\/museumek.eu\/wp-content\/uploads\/2011\/09\/Firmenbeschreibung-Massier1.jpg\"><img loading=\"lazy\" src=\"http:\/\/museumek.eu\/wp-content\/uploads\/2011\/09\/Firmenbeschreibung-Massier1-230x300.jpg\" alt=\"\" title=\"Firmenbeschreibung Massier\" width=\"230\" height=\"300\" class=\"alignnone size-medium wp-image-3282\" srcset=\"http:\/\/museumek.eu\/wp-content\/uploads\/2011\/09\/Firmenbeschreibung-Massier1-230x300.jpg 230w, http:\/\/museumek.eu\/wp-content\/uploads\/2011\/09\/Firmenbeschreibung-Massier1.jpg 525w\" sizes=\"(max-width: 230px) 100vw, 230px\" \/><\/a><\/p>\n","protected":false},"excerpt":{"rendered":"<p>Abteilung Frankreich, Keramik 1860 \u2013 1960, Inventarnummer F\/V\/9 Manufaktur Massier, Frankreich, Vallauris, vor 1900, Schale dreipassig mit floralen Motiven, K\u00fcnstler J\u00e9rome Massier, Werks.-Nr. ohne, Exemplar Nr. ohne, nicht gemarkt, signiert J. Massier gemalt, Literatur: Dieter Z\u00fchlsdorf, Keramik-Marken-Lexikon, Nr. 1303, H\u00f6he &hellip; <a href=\"http:\/\/museumek.eu\/?page_id=3279\">Weiterlesen <span class=\"meta-nav\">&rarr;<\/span><\/a><\/p>\n","protected":false},"author":1,"featured_media":0,"parent":2309,"menu_order":9,"comment_status":"closed","ping_status":"closed","template":"","meta":[],"_links":{"self":[{"href":"http:\/\/museumek.eu\/index.php?rest_route=\/wp\/v2\/pages\/3279"}],"collection":[{"href":"http:\/\/museumek.eu\/index.php?rest_route=\/wp\/v2\/pages"}],"about":[{"href":"http:\/\/museumek.eu\/index.php?rest_route=\/wp\/v2\/types\/page"}],"author":[{"embeddable":true,"href":"http:\/\/museumek.eu\/index.php?rest_route=\/wp\/v2\/users\/1"}],"replies":[{"embeddable":true,"href":"http:\/\/museumek.eu\/index.php?rest_route=%2Fwp%2Fv2%2Fcomments&post=3279"}],"version-history":[{"count":3,"href":"http:\/\/museumek.eu\/index.php?rest_route=\/wp\/v2\/pages\/3279\/revisions"}],"predecessor-version":[{"id":7535,"href":"http:\/\/museumek.eu\/index.php?rest_route=\/wp\/v2\/pages\/3279\/revisions\/7535"}],"up":[{"embeddable":true,"href":"http:\/\/museumek.eu\/index.php?rest_route=\/wp\/v2\/pages\/2309"}],"wp:attachment":[{"href":"http:\/\/museumek.eu\/index.php?rest_route=%2Fwp%2Fv2%2Fmedia&parent=3279"}],"curies":[{"name":"wp","href":"https:\/\/api.w.org\/{rel}","templated":true}]}}