{"id":3285,"date":"2011-09-09T20:33:19","date_gmt":"2011-09-09T18:33:19","guid":{"rendered":"http:\/\/museumek.eu\/?page_id=3285"},"modified":"2012-01-10T23:36:27","modified_gmt":"2012-01-10T22:36:27","slug":"fv10","status":"publish","type":"page","link":"http:\/\/museumek.eu\/?page_id=3285","title":{"rendered":"F\/V\/10"},"content":{"rendered":"<p><strong>Abteilung Frankreich, Keramik 1860 \u2013 1960, Inventarnummer F\/V\/10<\/strong><\/p>\n<p>Manufaktur Massier, Frankreich, Vallauris, vor 1900, Krug mit floralen Motiven, K\u00fcnstler J\u00e9rome Massier, Werks.-Nr. ohne, Exemplar Nr. ohne, gemarkt J\u00e9rome Massier Vallauris sowie France gepresst, signiert J. Massier auf den Krug geritzt, Literatur: Dieter Z\u00fchlsdorf, Keramik-Marken-Lexikon, Nr. 1303, H\u00f6he 14 cm, Breite 12 cm<\/p>\n<p><a href=\"http:\/\/museumek.eu\/wp-content\/uploads\/2011\/09\/Museum-Europ\u00e4ischer-Keramikkunst-997.jpg\"><img loading=\"lazy\" src=\"http:\/\/museumek.eu\/wp-content\/uploads\/2011\/09\/Museum-Europ\u00e4ischer-Keramikkunst-997-258x300.jpg\" alt=\"\" title=\"Museum Europ\u00e4ischer Keramikkunst 997\" width=\"258\" height=\"300\" class=\"alignnone size-medium wp-image-3286\" srcset=\"http:\/\/museumek.eu\/wp-content\/uploads\/2011\/09\/Museum-Europ\u00e4ischer-Keramikkunst-997-258x300.jpg 258w, http:\/\/museumek.eu\/wp-content\/uploads\/2011\/09\/Museum-Europ\u00e4ischer-Keramikkunst-997.jpg 608w\" sizes=\"(max-width: 258px) 100vw, 258px\" \/><\/a><\/p>\n<p><a href=\"http:\/\/museumek.eu\/wp-content\/uploads\/2011\/09\/Museum-Europ\u00e4ischer-Keramikkunst-999.jpg\"><img loading=\"lazy\" src=\"http:\/\/museumek.eu\/wp-content\/uploads\/2011\/09\/Museum-Europ\u00e4ischer-Keramikkunst-999-300x179.jpg\" alt=\"\" title=\"Museum Europ\u00e4ischer Keramikkunst 999\" width=\"300\" height=\"179\" class=\"alignnone size-medium wp-image-3287\" srcset=\"http:\/\/museumek.eu\/wp-content\/uploads\/2011\/09\/Museum-Europ\u00e4ischer-Keramikkunst-999-300x179.jpg 300w, http:\/\/museumek.eu\/wp-content\/uploads\/2011\/09\/Museum-Europ\u00e4ischer-Keramikkunst-999-500x300.jpg 500w, http:\/\/museumek.eu\/wp-content\/uploads\/2011\/09\/Museum-Europ\u00e4ischer-Keramikkunst-999.jpg 626w\" sizes=\"(max-width: 300px) 100vw, 300px\" \/><\/a><\/p>\n<p><a href=\"http:\/\/museumek.eu\/wp-content\/uploads\/2011\/09\/Museum-Europ\u00e4ischer-Keramikkunst-998.jpg\"><img loading=\"lazy\" src=\"http:\/\/museumek.eu\/wp-content\/uploads\/2011\/09\/Museum-Europ\u00e4ischer-Keramikkunst-998-300x102.jpg\" alt=\"\" title=\"Museum Europ\u00e4ischer Keramikkunst 998\" width=\"300\" height=\"102\" class=\"alignnone size-medium wp-image-3288\" srcset=\"http:\/\/museumek.eu\/wp-content\/uploads\/2011\/09\/Museum-Europ\u00e4ischer-Keramikkunst-998-300x102.jpg 300w, http:\/\/museumek.eu\/wp-content\/uploads\/2011\/09\/Museum-Europ\u00e4ischer-Keramikkunst-998-500x171.jpg 500w, http:\/\/museumek.eu\/wp-content\/uploads\/2011\/09\/Museum-Europ\u00e4ischer-Keramikkunst-998.jpg 665w\" sizes=\"(max-width: 300px) 100vw, 300px\" \/><\/a><\/p>\n<p><a href=\"http:\/\/museumek.eu\/wp-content\/uploads\/2011\/09\/Firmenbeschreibung-Massier2.jpg\"><img loading=\"lazy\" src=\"http:\/\/museumek.eu\/wp-content\/uploads\/2011\/09\/Firmenbeschreibung-Massier2-230x300.jpg\" alt=\"\" title=\"Firmenbeschreibung Massier\" width=\"230\" height=\"300\" class=\"alignnone size-medium wp-image-3289\" srcset=\"http:\/\/museumek.eu\/wp-content\/uploads\/2011\/09\/Firmenbeschreibung-Massier2-230x300.jpg 230w, http:\/\/museumek.eu\/wp-content\/uploads\/2011\/09\/Firmenbeschreibung-Massier2.jpg 525w\" sizes=\"(max-width: 230px) 100vw, 230px\" \/><\/a><\/p>\n","protected":false},"excerpt":{"rendered":"<p>Abteilung Frankreich, Keramik 1860 \u2013 1960, Inventarnummer F\/V\/10 Manufaktur Massier, Frankreich, Vallauris, vor 1900, Krug mit floralen Motiven, K\u00fcnstler J\u00e9rome Massier, Werks.-Nr. ohne, Exemplar Nr. ohne, gemarkt J\u00e9rome Massier Vallauris sowie France gepresst, signiert J. Massier auf den Krug geritzt, &hellip; <a href=\"http:\/\/museumek.eu\/?page_id=3285\">Weiterlesen <span class=\"meta-nav\">&rarr;<\/span><\/a><\/p>\n","protected":false},"author":1,"featured_media":0,"parent":2309,"menu_order":10,"comment_status":"closed","ping_status":"closed","template":"","meta":[],"_links":{"self":[{"href":"http:\/\/museumek.eu\/index.php?rest_route=\/wp\/v2\/pages\/3285"}],"collection":[{"href":"http:\/\/museumek.eu\/index.php?rest_route=\/wp\/v2\/pages"}],"about":[{"href":"http:\/\/museumek.eu\/index.php?rest_route=\/wp\/v2\/types\/page"}],"author":[{"embeddable":true,"href":"http:\/\/museumek.eu\/index.php?rest_route=\/wp\/v2\/users\/1"}],"replies":[{"embeddable":true,"href":"http:\/\/museumek.eu\/index.php?rest_route=%2Fwp%2Fv2%2Fcomments&post=3285"}],"version-history":[{"count":3,"href":"http:\/\/museumek.eu\/index.php?rest_route=\/wp\/v2\/pages\/3285\/revisions"}],"predecessor-version":[{"id":7534,"href":"http:\/\/museumek.eu\/index.php?rest_route=\/wp\/v2\/pages\/3285\/revisions\/7534"}],"up":[{"embeddable":true,"href":"http:\/\/museumek.eu\/index.php?rest_route=\/wp\/v2\/pages\/2309"}],"wp:attachment":[{"href":"http:\/\/museumek.eu\/index.php?rest_route=%2Fwp%2Fv2%2Fmedia&parent=3285"}],"curies":[{"name":"wp","href":"https:\/\/api.w.org\/{rel}","templated":true}]}}