{"id":33318,"date":"2014-09-12T16:46:30","date_gmt":"2014-09-12T14:46:30","guid":{"rendered":"http:\/\/museumek.eu\/?page_id=33318"},"modified":"2014-09-12T16:46:30","modified_gmt":"2014-09-12T14:46:30","slug":"dcxviii1","status":"publish","type":"page","link":"http:\/\/museumek.eu\/?page_id=33318","title":{"rendered":"D\/CXVIII\/1"},"content":{"rendered":"<p><strong>Abteilung Deutschland, Keramik 1860 \u2013 1960, Inventarnummer D\/CXVIII\/1<\/strong><\/p>\n<p>Rheinische Steinzeugwerke GmbH (RSW), Deutschland, Grenzhausen, 1930, Bowle, K\u00fcnstler unbekannt, Werks.-Nr. 200, Exemplar Nr. ohne, gemarkt Firmenmarke mit kreisrundem Wellenband, darin ein Kreis, darin Rheinische Steinzeugwerke G.M.B.H., RSW (f\u00fcr Rheinische Steinzeugwerke), Schiff auf dem Rhein sowie Grenzhausen bei Koblenz schwarzer Stempel, darunter schwarzer Schriftzug Durch D.R.G.M. (f\u00fcr Deutsches Reich Gebrauchs Muster) 1122131, darunter schwarzer Schriftzug Gesetzlich gesch\u00fctzt, darunter schwarzer Stempel Fabr. Nr. 200., nicht signiert, die Fabrik wurde wahrscheinlich 1921 gegr\u00fcndet und bestand bis Anfang der 1970\u2018 Jahre, keine Literangabe, MEK Nachmessung 8 Liter, H\u00f6he 27 cm, Breite 28 cm<\/p>\n<p><a href=\"http:\/\/museumek.eu\/?attachment_id=33319\" rel=\"attachment wp-att-33319\"><img loading=\"lazy\" src=\"http:\/\/museumek.eu\/wp-content\/uploads\/2014\/09\/1534-286x300.jpg\" alt=\"\" title=\"1534\" width=\"286\" height=\"300\" class=\"alignnone size-medium wp-image-33319\" srcset=\"http:\/\/museumek.eu\/wp-content\/uploads\/2014\/09\/1534-286x300.jpg 286w, http:\/\/museumek.eu\/wp-content\/uploads\/2014\/09\/1534-143x150.jpg 143w, http:\/\/museumek.eu\/wp-content\/uploads\/2014\/09\/1534.jpg 600w\" sizes=\"(max-width: 286px) 100vw, 286px\" \/><\/a><\/p>\n<p><a href=\"http:\/\/museumek.eu\/?attachment_id=33320\" rel=\"attachment wp-att-33320\"><img loading=\"lazy\" src=\"http:\/\/museumek.eu\/wp-content\/uploads\/2014\/09\/1533-283x300.jpg\" alt=\"\" title=\"1533\" width=\"283\" height=\"300\" class=\"alignnone size-medium wp-image-33320\" srcset=\"http:\/\/museumek.eu\/wp-content\/uploads\/2014\/09\/1533-283x300.jpg 283w, http:\/\/museumek.eu\/wp-content\/uploads\/2014\/09\/1533-141x150.jpg 141w, http:\/\/museumek.eu\/wp-content\/uploads\/2014\/09\/1533.jpg 600w\" sizes=\"(max-width: 283px) 100vw, 283px\" \/><\/a><\/p>\n<p><a href=\"http:\/\/museumek.eu\/?attachment_id=33321\" rel=\"attachment wp-att-33321\"><img loading=\"lazy\" src=\"http:\/\/museumek.eu\/wp-content\/uploads\/2014\/09\/1536-282x300.jpg\" alt=\"\" title=\"1536\" width=\"282\" height=\"300\" class=\"alignnone size-medium wp-image-33321\" srcset=\"http:\/\/museumek.eu\/wp-content\/uploads\/2014\/09\/1536-282x300.jpg 282w, http:\/\/museumek.eu\/wp-content\/uploads\/2014\/09\/1536-141x150.jpg 141w, http:\/\/museumek.eu\/wp-content\/uploads\/2014\/09\/1536.jpg 600w\" sizes=\"(max-width: 282px) 100vw, 282px\" \/><\/a><\/p>\n<p><a href=\"http:\/\/museumek.eu\/?attachment_id=33322\" rel=\"attachment wp-att-33322\"><img loading=\"lazy\" src=\"http:\/\/museumek.eu\/wp-content\/uploads\/2014\/09\/1535-249x300.jpg\" alt=\"\" title=\"1535\" width=\"249\" height=\"300\" class=\"alignnone size-medium wp-image-33322\" srcset=\"http:\/\/museumek.eu\/wp-content\/uploads\/2014\/09\/1535-249x300.jpg 249w, http:\/\/museumek.eu\/wp-content\/uploads\/2014\/09\/1535-124x150.jpg 124w, http:\/\/museumek.eu\/wp-content\/uploads\/2014\/09\/1535.jpg 600w\" sizes=\"(max-width: 249px) 100vw, 249px\" \/><\/a><\/p>\n<p><a href=\"http:\/\/museumek.eu\/?attachment_id=33323\" rel=\"attachment wp-att-33323\"><img loading=\"lazy\" src=\"http:\/\/museumek.eu\/wp-content\/uploads\/2014\/09\/1537-300x163.jpg\" alt=\"\" title=\"1537\" width=\"300\" height=\"163\" class=\"alignnone size-medium wp-image-33323\" srcset=\"http:\/\/museumek.eu\/wp-content\/uploads\/2014\/09\/1537-300x163.jpg 300w, http:\/\/museumek.eu\/wp-content\/uploads\/2014\/09\/1537-150x81.jpg 150w, http:\/\/museumek.eu\/wp-content\/uploads\/2014\/09\/1537-500x273.jpg 500w, http:\/\/museumek.eu\/wp-content\/uploads\/2014\/09\/1537.jpg 800w\" sizes=\"(max-width: 300px) 100vw, 300px\" \/><\/a><\/p>\n<p><a href=\"http:\/\/museumek.eu\/?attachment_id=33324\" rel=\"attachment wp-att-33324\"><img loading=\"lazy\" src=\"http:\/\/museumek.eu\/wp-content\/uploads\/2014\/09\/1538-300x182.jpg\" alt=\"\" title=\"1538\" width=\"300\" height=\"182\" class=\"alignnone size-medium wp-image-33324\" srcset=\"http:\/\/museumek.eu\/wp-content\/uploads\/2014\/09\/1538-300x182.jpg 300w, http:\/\/museumek.eu\/wp-content\/uploads\/2014\/09\/1538-150x91.jpg 150w, http:\/\/museumek.eu\/wp-content\/uploads\/2014\/09\/1538-493x300.jpg 493w, http:\/\/museumek.eu\/wp-content\/uploads\/2014\/09\/1538.jpg 800w\" sizes=\"(max-width: 300px) 100vw, 300px\" \/><\/a><\/p>\n<p><a href=\"http:\/\/museumek.eu\/?attachment_id=33325\" rel=\"attachment wp-att-33325\"><img loading=\"lazy\" src=\"http:\/\/museumek.eu\/wp-content\/uploads\/2014\/09\/1539-300x141.jpg\" alt=\"\" title=\"1539\" width=\"300\" height=\"141\" class=\"alignnone size-medium wp-image-33325\" srcset=\"http:\/\/museumek.eu\/wp-content\/uploads\/2014\/09\/1539-300x141.jpg 300w, http:\/\/museumek.eu\/wp-content\/uploads\/2014\/09\/1539-150x70.jpg 150w, http:\/\/museumek.eu\/wp-content\/uploads\/2014\/09\/1539-500x235.jpg 500w, http:\/\/museumek.eu\/wp-content\/uploads\/2014\/09\/1539.jpg 800w\" sizes=\"(max-width: 300px) 100vw, 300px\" \/><\/a><\/p>\n<p><a href=\"http:\/\/museumek.eu\/?attachment_id=33326\" rel=\"attachment wp-att-33326\"><img loading=\"lazy\" src=\"http:\/\/museumek.eu\/wp-content\/uploads\/2014\/09\/1540-300x174.jpg\" alt=\"\" title=\"1540\" width=\"300\" height=\"174\" class=\"alignnone size-medium wp-image-33326\" srcset=\"http:\/\/museumek.eu\/wp-content\/uploads\/2014\/09\/1540-300x174.jpg 300w, http:\/\/museumek.eu\/wp-content\/uploads\/2014\/09\/1540-150x87.jpg 150w, http:\/\/museumek.eu\/wp-content\/uploads\/2014\/09\/1540-500x290.jpg 500w, http:\/\/museumek.eu\/wp-content\/uploads\/2014\/09\/1540.jpg 800w\" sizes=\"(max-width: 300px) 100vw, 300px\" \/><\/a><\/p>\n<p><a href=\"http:\/\/museumek.eu\/?attachment_id=33327\" rel=\"attachment wp-att-33327\"><img loading=\"lazy\" src=\"http:\/\/museumek.eu\/wp-content\/uploads\/2014\/09\/1541-300x183.jpg\" alt=\"\" title=\"1541\" width=\"300\" height=\"183\" class=\"alignnone size-medium wp-image-33327\" srcset=\"http:\/\/museumek.eu\/wp-content\/uploads\/2014\/09\/1541-300x183.jpg 300w, http:\/\/museumek.eu\/wp-content\/uploads\/2014\/09\/1541-150x91.jpg 150w, http:\/\/museumek.eu\/wp-content\/uploads\/2014\/09\/1541-489x300.jpg 489w, http:\/\/museumek.eu\/wp-content\/uploads\/2014\/09\/1541.jpg 752w\" sizes=\"(max-width: 300px) 100vw, 300px\" \/><\/a><\/p>\n<p><a href=\"http:\/\/museumek.eu\/?attachment_id=33328\" rel=\"attachment wp-att-33328\"><img loading=\"lazy\" src=\"http:\/\/museumek.eu\/wp-content\/uploads\/2014\/09\/1542-300x147.jpg\" alt=\"\" title=\"1542\" width=\"300\" height=\"147\" class=\"alignnone size-medium wp-image-33328\" srcset=\"http:\/\/museumek.eu\/wp-content\/uploads\/2014\/09\/1542-300x147.jpg 300w, http:\/\/museumek.eu\/wp-content\/uploads\/2014\/09\/1542-150x73.jpg 150w, http:\/\/museumek.eu\/wp-content\/uploads\/2014\/09\/1542-500x246.jpg 500w, http:\/\/museumek.eu\/wp-content\/uploads\/2014\/09\/1542.jpg 800w\" sizes=\"(max-width: 300px) 100vw, 300px\" \/><\/a><\/p>\n<p><a href=\"http:\/\/museumek.eu\/?attachment_id=33329\" rel=\"attachment wp-att-33329\"><img loading=\"lazy\" src=\"http:\/\/museumek.eu\/wp-content\/uploads\/2014\/09\/1543-300x221.jpg\" alt=\"\" title=\"1543\" width=\"300\" height=\"221\" class=\"alignnone size-medium wp-image-33329\" srcset=\"http:\/\/museumek.eu\/wp-content\/uploads\/2014\/09\/1543-300x221.jpg 300w, http:\/\/museumek.eu\/wp-content\/uploads\/2014\/09\/1543-150x110.jpg 150w, http:\/\/museumek.eu\/wp-content\/uploads\/2014\/09\/1543-406x300.jpg 406w, http:\/\/museumek.eu\/wp-content\/uploads\/2014\/09\/1543.jpg 800w\" sizes=\"(max-width: 300px) 100vw, 300px\" \/><\/a><\/p>\n<p><a href=\"http:\/\/museumek.eu\/?attachment_id=33330\" rel=\"attachment wp-att-33330\"><img loading=\"lazy\" src=\"http:\/\/museumek.eu\/wp-content\/uploads\/2014\/09\/1544-300x242.jpg\" alt=\"\" title=\"1544\" width=\"300\" height=\"242\" class=\"alignnone size-medium wp-image-33330\" srcset=\"http:\/\/museumek.eu\/wp-content\/uploads\/2014\/09\/1544-300x242.jpg 300w, http:\/\/museumek.eu\/wp-content\/uploads\/2014\/09\/1544-150x121.jpg 150w, http:\/\/museumek.eu\/wp-content\/uploads\/2014\/09\/1544-370x300.jpg 370w, http:\/\/museumek.eu\/wp-content\/uploads\/2014\/09\/1544.jpg 741w\" sizes=\"(max-width: 300px) 100vw, 300px\" \/><\/a><\/p>\n<p><a href=\"http:\/\/museumek.eu\/?attachment_id=33331\" rel=\"attachment wp-att-33331\"><img loading=\"lazy\" src=\"http:\/\/museumek.eu\/wp-content\/uploads\/2014\/09\/1545-300x237.jpg\" alt=\"\" title=\"1545\" width=\"300\" height=\"237\" class=\"alignnone size-medium wp-image-33331\" srcset=\"http:\/\/museumek.eu\/wp-content\/uploads\/2014\/09\/1545-300x237.jpg 300w, http:\/\/museumek.eu\/wp-content\/uploads\/2014\/09\/1545-150x118.jpg 150w, http:\/\/museumek.eu\/wp-content\/uploads\/2014\/09\/1545-378x300.jpg 378w, http:\/\/museumek.eu\/wp-content\/uploads\/2014\/09\/1545.jpg 757w\" sizes=\"(max-width: 300px) 100vw, 300px\" \/><\/a><\/p>\n<p><a href=\"http:\/\/museumek.eu\/?attachment_id=33332\" rel=\"attachment wp-att-33332\"><img loading=\"lazy\" src=\"http:\/\/museumek.eu\/wp-content\/uploads\/2014\/09\/1546-300x269.jpg\" alt=\"\" title=\"1546\" width=\"300\" height=\"269\" class=\"alignnone size-medium wp-image-33332\" srcset=\"http:\/\/museumek.eu\/wp-content\/uploads\/2014\/09\/1546-300x269.jpg 300w, http:\/\/museumek.eu\/wp-content\/uploads\/2014\/09\/1546-150x134.jpg 150w, http:\/\/museumek.eu\/wp-content\/uploads\/2014\/09\/1546-334x300.jpg 334w, http:\/\/museumek.eu\/wp-content\/uploads\/2014\/09\/1546.jpg 669w\" sizes=\"(max-width: 300px) 100vw, 300px\" \/><\/a><\/p>\n<p><a href=\"http:\/\/museumek.eu\/?attachment_id=33333\" rel=\"attachment wp-att-33333\"><img loading=\"lazy\" src=\"http:\/\/museumek.eu\/wp-content\/uploads\/2014\/09\/1547-300x236.jpg\" alt=\"\" title=\"1547\" width=\"300\" height=\"236\" class=\"alignnone size-medium wp-image-33333\" srcset=\"http:\/\/museumek.eu\/wp-content\/uploads\/2014\/09\/1547-300x236.jpg 300w, http:\/\/museumek.eu\/wp-content\/uploads\/2014\/09\/1547-150x118.jpg 150w, http:\/\/museumek.eu\/wp-content\/uploads\/2014\/09\/1547-380x300.jpg 380w, http:\/\/museumek.eu\/wp-content\/uploads\/2014\/09\/1547.jpg 761w\" sizes=\"(max-width: 300px) 100vw, 300px\" \/><\/a><\/p>\n<p><a href=\"http:\/\/museumek.eu\/?attachment_id=33334\" rel=\"attachment wp-att-33334\"><img loading=\"lazy\" src=\"http:\/\/museumek.eu\/wp-content\/uploads\/2014\/09\/1548-300x203.jpg\" alt=\"\" title=\"1548\" width=\"300\" height=\"203\" class=\"alignnone size-medium wp-image-33334\" srcset=\"http:\/\/museumek.eu\/wp-content\/uploads\/2014\/09\/1548-300x203.jpg 300w, http:\/\/museumek.eu\/wp-content\/uploads\/2014\/09\/1548-150x101.jpg 150w, http:\/\/museumek.eu\/wp-content\/uploads\/2014\/09\/1548-442x300.jpg 442w, http:\/\/museumek.eu\/wp-content\/uploads\/2014\/09\/1548.jpg 800w\" sizes=\"(max-width: 300px) 100vw, 300px\" \/><\/a><\/p>\n<p><a href=\"http:\/\/museumek.eu\/?attachment_id=33335\" rel=\"attachment wp-att-33335\"><img loading=\"lazy\" src=\"http:\/\/museumek.eu\/wp-content\/uploads\/2014\/09\/1549-176x300.jpg\" alt=\"\" title=\"1549\" width=\"176\" height=\"300\" class=\"alignnone size-medium wp-image-33335\" srcset=\"http:\/\/museumek.eu\/wp-content\/uploads\/2014\/09\/1549-176x300.jpg 176w, http:\/\/museumek.eu\/wp-content\/uploads\/2014\/09\/1549-88x150.jpg 88w, http:\/\/museumek.eu\/wp-content\/uploads\/2014\/09\/1549.jpg 471w\" sizes=\"(max-width: 176px) 100vw, 176px\" \/><\/a><\/p>\n<p><a href=\"http:\/\/museumek.eu\/?attachment_id=33336\" rel=\"attachment wp-att-33336\"><img loading=\"lazy\" src=\"http:\/\/museumek.eu\/wp-content\/uploads\/2014\/09\/1550-175x300.jpg\" alt=\"\" title=\"1550\" width=\"175\" height=\"300\" class=\"alignnone size-medium wp-image-33336\" srcset=\"http:\/\/museumek.eu\/wp-content\/uploads\/2014\/09\/1550-175x300.jpg 175w, http:\/\/museumek.eu\/wp-content\/uploads\/2014\/09\/1550-87x150.jpg 87w, http:\/\/museumek.eu\/wp-content\/uploads\/2014\/09\/1550.jpg 468w\" sizes=\"(max-width: 175px) 100vw, 175px\" \/><\/a><\/p>\n<p><a href=\"http:\/\/museumek.eu\/?attachment_id=33337\" rel=\"attachment wp-att-33337\"><img loading=\"lazy\" src=\"http:\/\/museumek.eu\/wp-content\/uploads\/2014\/09\/1551-242x300.jpg\" alt=\"\" title=\"1551\" width=\"242\" height=\"300\" class=\"alignnone size-medium wp-image-33337\" srcset=\"http:\/\/museumek.eu\/wp-content\/uploads\/2014\/09\/1551-242x300.jpg 242w, http:\/\/museumek.eu\/wp-content\/uploads\/2014\/09\/1551-121x150.jpg 121w, http:\/\/museumek.eu\/wp-content\/uploads\/2014\/09\/1551.jpg 489w\" sizes=\"(max-width: 242px) 100vw, 242px\" \/><\/a><\/p>\n","protected":false},"excerpt":{"rendered":"<p>Abteilung Deutschland, Keramik 1860 \u2013 1960, Inventarnummer D\/CXVIII\/1 Rheinische Steinzeugwerke GmbH (RSW), Deutschland, Grenzhausen, 1930, Bowle, K\u00fcnstler unbekannt, Werks.-Nr. 200, Exemplar Nr. ohne, gemarkt Firmenmarke mit kreisrundem Wellenband, darin ein Kreis, darin Rheinische Steinzeugwerke G.M.B.H., RSW (f\u00fcr Rheinische Steinzeugwerke), Schiff &hellip; <a href=\"http:\/\/museumek.eu\/?page_id=33318\">Weiterlesen <span class=\"meta-nav\">&rarr;<\/span><\/a><\/p>\n","protected":false},"author":1,"featured_media":0,"parent":33315,"menu_order":1,"comment_status":"closed","ping_status":"open","template":"","meta":[],"_links":{"self":[{"href":"http:\/\/museumek.eu\/index.php?rest_route=\/wp\/v2\/pages\/33318"}],"collection":[{"href":"http:\/\/museumek.eu\/index.php?rest_route=\/wp\/v2\/pages"}],"about":[{"href":"http:\/\/museumek.eu\/index.php?rest_route=\/wp\/v2\/types\/page"}],"author":[{"embeddable":true,"href":"http:\/\/museumek.eu\/index.php?rest_route=\/wp\/v2\/users\/1"}],"replies":[{"embeddable":true,"href":"http:\/\/museumek.eu\/index.php?rest_route=%2Fwp%2Fv2%2Fcomments&post=33318"}],"version-history":[{"count":4,"href":"http:\/\/museumek.eu\/index.php?rest_route=\/wp\/v2\/pages\/33318\/revisions"}],"predecessor-version":[{"id":33341,"href":"http:\/\/museumek.eu\/index.php?rest_route=\/wp\/v2\/pages\/33318\/revisions\/33341"}],"up":[{"embeddable":true,"href":"http:\/\/museumek.eu\/index.php?rest_route=\/wp\/v2\/pages\/33315"}],"wp:attachment":[{"href":"http:\/\/museumek.eu\/index.php?rest_route=%2Fwp%2Fv2%2Fmedia&parent=33318"}],"curies":[{"name":"wp","href":"https:\/\/api.w.org\/{rel}","templated":true}]}}