{"id":33363,"date":"2014-09-12T20:49:17","date_gmt":"2014-09-12T18:49:17","guid":{"rendered":"http:\/\/museumek.eu\/?page_id=33363"},"modified":"2015-01-05T17:57:05","modified_gmt":"2015-01-05T16:57:05","slug":"dlxxxii20","status":"publish","type":"page","link":"http:\/\/museumek.eu\/?page_id=33363","title":{"rendered":"D\/LXXXII\/20"},"content":{"rendered":"<p><strong>Abteilung Deutschland, Keramik 1860 \u2013 1960, Inventarnummer D\/LXXXII\/20<\/strong><\/p>\n<p>Westerw\u00e4lder Steinzeug ohne Fabrikzuordnung, Deutschland, Westerwald, um 1900, Seidel, K\u00fcnstler unbekannt, Werks.-Nr. 960, Exemplar Nr. 6 (?), gemarkt keine Fabrikmarke aber 960, 6 sowie 0,3 L. \u00fcber Eichstrich gepresst, im Zinndeckel R.Z. (f\u00fcr Reichszinn) gepresst, nicht signiert, Dekor Hand geritzt und gemalt,<br \/>\nH\u00f6he 11 cm, Breite, 11,5 cm (nur die Keramik)<\/p>\n<p><a href=\"http:\/\/museumek.eu\/?attachment_id=35830\" rel=\"attachment wp-att-35830\"><img loading=\"lazy\" src=\"http:\/\/museumek.eu\/wp-content\/uploads\/2014\/09\/1566-137x300.jpg\" alt=\"\" title=\"1566\" width=\"137\" height=\"300\" class=\"alignnone size-medium wp-image-35830\" srcset=\"http:\/\/museumek.eu\/wp-content\/uploads\/2014\/09\/1566-137x300.jpg 137w, http:\/\/museumek.eu\/wp-content\/uploads\/2014\/09\/1566-68x150.jpg 68w, http:\/\/museumek.eu\/wp-content\/uploads\/2014\/09\/1566.jpg 366w\" sizes=\"(max-width: 137px) 100vw, 137px\" \/><\/a><\/p>\n<p><a href=\"http:\/\/museumek.eu\/?attachment_id=35831\" rel=\"attachment wp-att-35831\"><img loading=\"lazy\" src=\"http:\/\/museumek.eu\/wp-content\/uploads\/2014\/09\/1565-156x300.jpg\" alt=\"\" title=\"1565\" width=\"156\" height=\"300\" class=\"alignnone size-medium wp-image-35831\" srcset=\"http:\/\/museumek.eu\/wp-content\/uploads\/2014\/09\/1565-156x300.jpg 156w, http:\/\/museumek.eu\/wp-content\/uploads\/2014\/09\/1565-78x150.jpg 78w, http:\/\/museumek.eu\/wp-content\/uploads\/2014\/09\/1565.jpg 416w\" sizes=\"(max-width: 156px) 100vw, 156px\" \/><\/a><\/p>\n<p><a href=\"http:\/\/museumek.eu\/?attachment_id=35832\" rel=\"attachment wp-att-35832\"><img loading=\"lazy\" src=\"http:\/\/museumek.eu\/wp-content\/uploads\/2014\/09\/1567-207x300.jpg\" alt=\"\" title=\"1567\" width=\"207\" height=\"300\" class=\"alignnone size-medium wp-image-35832\" srcset=\"http:\/\/museumek.eu\/wp-content\/uploads\/2014\/09\/1567-207x300.jpg 207w, http:\/\/museumek.eu\/wp-content\/uploads\/2014\/09\/1567-103x150.jpg 103w, http:\/\/museumek.eu\/wp-content\/uploads\/2014\/09\/1567.jpg 461w\" sizes=\"(max-width: 207px) 100vw, 207px\" \/><\/a><\/p>\n<p><a href=\"http:\/\/museumek.eu\/?attachment_id=35833\" rel=\"attachment wp-att-35833\"><img loading=\"lazy\" src=\"http:\/\/museumek.eu\/wp-content\/uploads\/2014\/09\/1568-210x300.jpg\" alt=\"\" title=\"1568\" width=\"210\" height=\"300\" class=\"alignnone size-medium wp-image-35833\" srcset=\"http:\/\/museumek.eu\/wp-content\/uploads\/2014\/09\/1568-210x300.jpg 210w, http:\/\/museumek.eu\/wp-content\/uploads\/2014\/09\/1568-105x150.jpg 105w, http:\/\/museumek.eu\/wp-content\/uploads\/2014\/09\/1568.jpg 464w\" sizes=\"(max-width: 210px) 100vw, 210px\" \/><\/a><\/p>\n<p><a href=\"http:\/\/museumek.eu\/?attachment_id=35834\" rel=\"attachment wp-att-35834\"><img loading=\"lazy\" src=\"http:\/\/museumek.eu\/wp-content\/uploads\/2014\/09\/1569-145x300.jpg\" alt=\"\" title=\"1569\" width=\"145\" height=\"300\" class=\"alignnone size-medium wp-image-35834\" srcset=\"http:\/\/museumek.eu\/wp-content\/uploads\/2014\/09\/1569-145x300.jpg 145w, http:\/\/museumek.eu\/wp-content\/uploads\/2014\/09\/1569-72x150.jpg 72w, http:\/\/museumek.eu\/wp-content\/uploads\/2014\/09\/1569.jpg 264w\" sizes=\"(max-width: 145px) 100vw, 145px\" \/><\/a><\/p>\n<p><a href=\"http:\/\/museumek.eu\/?attachment_id=35835\" rel=\"attachment wp-att-35835\"><img loading=\"lazy\" src=\"http:\/\/museumek.eu\/wp-content\/uploads\/2014\/09\/1570-212x300.jpg\" alt=\"\" title=\"1570\" width=\"212\" height=\"300\" class=\"alignnone size-medium wp-image-35835\" srcset=\"http:\/\/museumek.eu\/wp-content\/uploads\/2014\/09\/1570-212x300.jpg 212w, http:\/\/museumek.eu\/wp-content\/uploads\/2014\/09\/1570-106x150.jpg 106w, http:\/\/museumek.eu\/wp-content\/uploads\/2014\/09\/1570.jpg 493w\" sizes=\"(max-width: 212px) 100vw, 212px\" \/><\/a><\/p>\n<p><a href=\"http:\/\/museumek.eu\/?attachment_id=35837\" rel=\"attachment wp-att-35837\"><img loading=\"lazy\" src=\"http:\/\/museumek.eu\/wp-content\/uploads\/2014\/09\/1571-300x270.jpg\" alt=\"\" title=\"1571\" width=\"300\" height=\"270\" class=\"alignnone size-medium wp-image-35837\" srcset=\"http:\/\/museumek.eu\/wp-content\/uploads\/2014\/09\/1571-300x270.jpg 300w, http:\/\/museumek.eu\/wp-content\/uploads\/2014\/09\/1571-150x135.jpg 150w, http:\/\/museumek.eu\/wp-content\/uploads\/2014\/09\/1571-333x300.jpg 333w, http:\/\/museumek.eu\/wp-content\/uploads\/2014\/09\/1571.jpg 382w\" sizes=\"(max-width: 300px) 100vw, 300px\" \/><\/a><\/p>\n<p><a href=\"http:\/\/museumek.eu\/?attachment_id=35838\" rel=\"attachment wp-att-35838\"><img loading=\"lazy\" src=\"http:\/\/museumek.eu\/wp-content\/uploads\/2014\/09\/1572.jpg\" alt=\"\" title=\"1572\" width=\"258\" height=\"162\" class=\"alignnone size-full wp-image-35838\" srcset=\"http:\/\/museumek.eu\/wp-content\/uploads\/2014\/09\/1572.jpg 258w, http:\/\/museumek.eu\/wp-content\/uploads\/2014\/09\/1572-150x94.jpg 150w\" sizes=\"(max-width: 258px) 100vw, 258px\" \/><\/a><\/p>\n","protected":false},"excerpt":{"rendered":"<p>Abteilung Deutschland, Keramik 1860 \u2013 1960, Inventarnummer D\/LXXXII\/20 Westerw\u00e4lder Steinzeug ohne Fabrikzuordnung, Deutschland, Westerwald, um 1900, Seidel, K\u00fcnstler unbekannt, Werks.-Nr. 960, Exemplar Nr. 6 (?), gemarkt keine Fabrikmarke aber 960, 6 sowie 0,3 L. \u00fcber Eichstrich gepresst, im Zinndeckel R.Z. &hellip; <a href=\"http:\/\/museumek.eu\/?page_id=33363\">Weiterlesen <span class=\"meta-nav\">&rarr;<\/span><\/a><\/p>\n","protected":false},"author":1,"featured_media":0,"parent":27686,"menu_order":20,"comment_status":"closed","ping_status":"open","template":"","meta":[],"_links":{"self":[{"href":"http:\/\/museumek.eu\/index.php?rest_route=\/wp\/v2\/pages\/33363"}],"collection":[{"href":"http:\/\/museumek.eu\/index.php?rest_route=\/wp\/v2\/pages"}],"about":[{"href":"http:\/\/museumek.eu\/index.php?rest_route=\/wp\/v2\/types\/page"}],"author":[{"embeddable":true,"href":"http:\/\/museumek.eu\/index.php?rest_route=\/wp\/v2\/users\/1"}],"replies":[{"embeddable":true,"href":"http:\/\/museumek.eu\/index.php?rest_route=%2Fwp%2Fv2%2Fcomments&post=33363"}],"version-history":[{"count":15,"href":"http:\/\/museumek.eu\/index.php?rest_route=\/wp\/v2\/pages\/33363\/revisions"}],"predecessor-version":[{"id":35846,"href":"http:\/\/museumek.eu\/index.php?rest_route=\/wp\/v2\/pages\/33363\/revisions\/35846"}],"up":[{"embeddable":true,"href":"http:\/\/museumek.eu\/index.php?rest_route=\/wp\/v2\/pages\/27686"}],"wp:attachment":[{"href":"http:\/\/museumek.eu\/index.php?rest_route=%2Fwp%2Fv2%2Fmedia&parent=33363"}],"curies":[{"name":"wp","href":"https:\/\/api.w.org\/{rel}","templated":true}]}}