{"id":33379,"date":"2014-09-13T13:04:31","date_gmt":"2014-09-13T11:04:31","guid":{"rendered":"http:\/\/museumek.eu\/?page_id=33379"},"modified":"2015-05-17T21:43:25","modified_gmt":"2015-05-17T19:43:25","slug":"dliii16","status":"publish","type":"page","link":"http:\/\/museumek.eu\/?page_id=33379","title":{"rendered":"D\/LIII\/16"},"content":{"rendered":"<p><strong>Abteilung Deutschland, Keramik 1860 \u2013 1960, Inventarnummer D\/LIII\/16<\/strong><\/p>\n<p>Steingut- und Steinzeugfabrik, Kunstt\u00f6pferei, Zinngie\u00dferei Merkelbach &#038; Wick und Nachfolger Steingutfabrik Wick Werke AG, Vereinigte Fabriken Merkelbach &#038; Wick und Merkelbach, Stadelmann &#038; Co., Deutschland, Grenzhausen, 1934, Krug, K\u00fcnstler unbekannt, Werks.-Nr. 49, Exemplar Nr. ohne, gemarkt Firmenmarke mit A, in dem A befindet sich der Buchstabe G (f\u00fcr AG, bei diesem MEK Exemplar nicht erkennbar, siehe vollst\u00e4ndige Marke bei MEK D\/LIII\/10 und MEK D\/LIII\/12) darunter WW (f\u00fcr Wick Werke), (Marke ab 1921\/1922 g\u00fcltig), 2 x 49 sowie 1 L \u00fcber Eichstrich gepresst, nicht signiert, Literatur: J\u00fcrgen Schimanski und J\u00fcrgen Erlebach, Westerw\u00e4lder Steinzeug, Die Neue \u00c4ra, Seite 109, Fabrikbeschreibung sowie Marke Nr. 38 identisch, weitere Literatur: J\u00fcrgen Schimanski, Braun geflammt und grau gesalzen, Seite 216, Marke Nr. 38 identisch, weitere Literatur: Beate Dry-von Zezschwitz, Westerw\u00e4lder Steinzug des Jugendstils I, Reinhold Merkelbach, Spezialpreisliste 1905, Seite 10 ff., Fabrikbeschreibung, weitere Literatur: J. G. Th. Graesse, F\u00fchrer f\u00fcr Sammler von Porzellan und Fayence, Seite 104, Marke Nr. 2 identisch, der 1840 geborene Friedrich Wilhelm Merkelbach (gest. 1896) betrieb eine Kannenb\u00e4ckerei oder bereits eine keramische Fabrik, die unter dem Namen F. W. Merkelbach II. firmierte, 1872 (oder 1874) nimmt Friedrich Wilhelm Merkelbach den Bildhauer (Johann) Georg Peter Wick (geb. 1837, gest. 1914) in die Firma auf, die Firmierung \u00e4ndert sich in Steingut- und Steinzeugfabrik, Kunstt\u00f6pferei, Zinngie\u00dferei Merkelbach &#038; Wick, ab 1882\/1883 produzieren Sie als eine der ersten Westerw\u00e4lder Fabriken Elfenbeinsteinzeug, \u00fcber die H\u00e4lfte der Produktion wird in die USA exportiert, in der Zeit von 1886 bis 1897 liefert die Fabrik Halbfertigerzeugnisse an die keramische Fabrik von Hauber &#038; Reuther, Jugenstilk\u00fcnstler wie Peter Behrens und Henry van de Velde liefern um 1900 herausragende Entw\u00fcrfe, 1895 tritt Wicks Sohn (und evtl. gleichzeitig Merkelbachs Schwiegersohn) Ludwig Konrad Wick in die Fabrik ein und \u00fcbernimmt sicher zeitnah auch deren Leitung, bis er 1910\/1911 die Leitung an seine Frau Emma abgibt, 1921\/1922 fusioniert die Fabrik mit der um 1867 in Grenzhausen von Friedrich Wilhelm Merkelbach, Theodor Stadelmann und Julius Schr\u00f6der als Mahl- und Schleifsteinfabrik gegr\u00fcndeten Fabrik Merkelbach, Stadelmann &#038; Co. (wahrscheinlich war Konrad Wicks Frau Emma bereits Miteigent\u00fcmer dieser Fabrik) zur Steingutfabrik Wick Werke AG, Vereinigte Fabriken Merkelbach &#038; Wick und Merkelbach, Stadelmann &#038; Co., die Fabrik bestand rund 100 Jahre, Zinnmontur mit datiertem Blechdeckel, dieser evtl. auch sp\u00e4ter, so dass der Krug auch vor 1934 hergestellt sein kann,<br \/>\nH\u00f6he 19 cm, Breite 15,5 cm (nur die Keramik)<\/p>\n<p><a href=\"http:\/\/museumek.eu\/?attachment_id=33380\" rel=\"attachment wp-att-33380\"><img loading=\"lazy\" src=\"http:\/\/museumek.eu\/wp-content\/uploads\/2014\/09\/1459-164x300.jpg\" alt=\"\" title=\"1459\" width=\"164\" height=\"300\" class=\"alignnone size-medium wp-image-33380\" srcset=\"http:\/\/museumek.eu\/wp-content\/uploads\/2014\/09\/1459-164x300.jpg 164w, http:\/\/museumek.eu\/wp-content\/uploads\/2014\/09\/1459-82x150.jpg 82w, http:\/\/museumek.eu\/wp-content\/uploads\/2014\/09\/1459.jpg 438w\" sizes=\"(max-width: 164px) 100vw, 164px\" \/><\/a><\/p>\n<p><a href=\"http:\/\/museumek.eu\/?attachment_id=33381\" rel=\"attachment wp-att-33381\"><img loading=\"lazy\" src=\"http:\/\/museumek.eu\/wp-content\/uploads\/2014\/09\/1460-169x300.jpg\" alt=\"\" title=\"1460\" width=\"169\" height=\"300\" class=\"alignnone size-medium wp-image-33381\" srcset=\"http:\/\/museumek.eu\/wp-content\/uploads\/2014\/09\/1460-169x300.jpg 169w, http:\/\/museumek.eu\/wp-content\/uploads\/2014\/09\/1460-84x150.jpg 84w\" sizes=\"(max-width: 169px) 100vw, 169px\" \/><\/a><\/p>\n<p><a href=\"http:\/\/museumek.eu\/?attachment_id=33382\" rel=\"attachment wp-att-33382\"><img loading=\"lazy\" src=\"http:\/\/museumek.eu\/wp-content\/uploads\/2014\/09\/1461-194x300.jpg\" alt=\"\" title=\"1461\" width=\"194\" height=\"300\" class=\"alignnone size-medium wp-image-33382\" srcset=\"http:\/\/museumek.eu\/wp-content\/uploads\/2014\/09\/1461-194x300.jpg 194w, http:\/\/museumek.eu\/wp-content\/uploads\/2014\/09\/1461-97x150.jpg 97w, http:\/\/museumek.eu\/wp-content\/uploads\/2014\/09\/1461.jpg 463w\" sizes=\"(max-width: 194px) 100vw, 194px\" \/><\/a><\/p>\n<p><a href=\"http:\/\/museumek.eu\/?attachment_id=33383\" rel=\"attachment wp-att-33383\"><img loading=\"lazy\" src=\"http:\/\/museumek.eu\/wp-content\/uploads\/2014\/09\/1462-193x300.jpg\" alt=\"\" title=\"1462\" width=\"193\" height=\"300\" class=\"alignnone size-medium wp-image-33383\" srcset=\"http:\/\/museumek.eu\/wp-content\/uploads\/2014\/09\/1462-193x300.jpg 193w, http:\/\/museumek.eu\/wp-content\/uploads\/2014\/09\/1462-96x150.jpg 96w, http:\/\/museumek.eu\/wp-content\/uploads\/2014\/09\/1462.jpg 461w\" sizes=\"(max-width: 193px) 100vw, 193px\" \/><\/a><\/p>\n<p><a href=\"http:\/\/museumek.eu\/?attachment_id=33384\" rel=\"attachment wp-att-33384\"><img loading=\"lazy\" src=\"http:\/\/museumek.eu\/wp-content\/uploads\/2014\/09\/1463-137x300.jpg\" alt=\"\" title=\"1463\" width=\"137\" height=\"300\" class=\"alignnone size-medium wp-image-33384\" srcset=\"http:\/\/museumek.eu\/wp-content\/uploads\/2014\/09\/1463-137x300.jpg 137w, http:\/\/museumek.eu\/wp-content\/uploads\/2014\/09\/1463-68x150.jpg 68w\" sizes=\"(max-width: 137px) 100vw, 137px\" \/><\/a><\/p>\n<p><a href=\"http:\/\/museumek.eu\/?attachment_id=33385\" rel=\"attachment wp-att-33385\"><img loading=\"lazy\" src=\"http:\/\/museumek.eu\/wp-content\/uploads\/2014\/09\/1464-300x285.jpg\" alt=\"\" title=\"1464\" width=\"300\" height=\"285\" class=\"alignnone size-medium wp-image-33385\" srcset=\"http:\/\/museumek.eu\/wp-content\/uploads\/2014\/09\/1464-300x285.jpg 300w, http:\/\/museumek.eu\/wp-content\/uploads\/2014\/09\/1464-150x142.jpg 150w, http:\/\/museumek.eu\/wp-content\/uploads\/2014\/09\/1464-315x300.jpg 315w, http:\/\/museumek.eu\/wp-content\/uploads\/2014\/09\/1464.jpg 348w\" sizes=\"(max-width: 300px) 100vw, 300px\" \/><\/a><\/p>\n<p><a href=\"http:\/\/museumek.eu\/?attachment_id=33386\" rel=\"attachment wp-att-33386\"><img loading=\"lazy\" src=\"http:\/\/museumek.eu\/wp-content\/uploads\/2014\/09\/1466-132x300.jpg\" alt=\"\" title=\"1466\" width=\"132\" height=\"300\" class=\"alignnone size-medium wp-image-33386\" srcset=\"http:\/\/museumek.eu\/wp-content\/uploads\/2014\/09\/1466-132x300.jpg 132w, http:\/\/museumek.eu\/wp-content\/uploads\/2014\/09\/1466-66x150.jpg 66w\" sizes=\"(max-width: 132px) 100vw, 132px\" \/><\/a><\/p>\n<p><a href=\"http:\/\/museumek.eu\/?attachment_id=33387\" rel=\"attachment wp-att-33387\"><img loading=\"lazy\" src=\"http:\/\/museumek.eu\/wp-content\/uploads\/2014\/09\/1465-300x222.jpg\" alt=\"\" title=\"1465\" width=\"300\" height=\"222\" class=\"alignnone size-medium wp-image-33387\" srcset=\"http:\/\/museumek.eu\/wp-content\/uploads\/2014\/09\/1465-300x222.jpg 300w, http:\/\/museumek.eu\/wp-content\/uploads\/2014\/09\/1465-150x111.jpg 150w, http:\/\/museumek.eu\/wp-content\/uploads\/2014\/09\/1465-404x300.jpg 404w, http:\/\/museumek.eu\/wp-content\/uploads\/2014\/09\/1465.jpg 800w\" sizes=\"(max-width: 300px) 100vw, 300px\" \/><\/a><\/p>\n","protected":false},"excerpt":{"rendered":"<p>Abteilung Deutschland, Keramik 1860 \u2013 1960, Inventarnummer D\/LIII\/16 Steingut- und Steinzeugfabrik, Kunstt\u00f6pferei, Zinngie\u00dferei Merkelbach &#038; Wick und Nachfolger Steingutfabrik Wick Werke AG, Vereinigte Fabriken Merkelbach &#038; Wick und Merkelbach, Stadelmann &#038; Co., Deutschland, Grenzhausen, 1934, Krug, K\u00fcnstler unbekannt, Werks.-Nr. 49, &hellip; <a href=\"http:\/\/museumek.eu\/?page_id=33379\">Weiterlesen <span class=\"meta-nav\">&rarr;<\/span><\/a><\/p>\n","protected":false},"author":1,"featured_media":0,"parent":30852,"menu_order":16,"comment_status":"closed","ping_status":"open","template":"","meta":[],"_links":{"self":[{"href":"http:\/\/museumek.eu\/index.php?rest_route=\/wp\/v2\/pages\/33379"}],"collection":[{"href":"http:\/\/museumek.eu\/index.php?rest_route=\/wp\/v2\/pages"}],"about":[{"href":"http:\/\/museumek.eu\/index.php?rest_route=\/wp\/v2\/types\/page"}],"author":[{"embeddable":true,"href":"http:\/\/museumek.eu\/index.php?rest_route=\/wp\/v2\/users\/1"}],"replies":[{"embeddable":true,"href":"http:\/\/museumek.eu\/index.php?rest_route=%2Fwp%2Fv2%2Fcomments&post=33379"}],"version-history":[{"count":8,"href":"http:\/\/museumek.eu\/index.php?rest_route=\/wp\/v2\/pages\/33379\/revisions"}],"predecessor-version":[{"id":40021,"href":"http:\/\/museumek.eu\/index.php?rest_route=\/wp\/v2\/pages\/33379\/revisions\/40021"}],"up":[{"embeddable":true,"href":"http:\/\/museumek.eu\/index.php?rest_route=\/wp\/v2\/pages\/30852"}],"wp:attachment":[{"href":"http:\/\/museumek.eu\/index.php?rest_route=%2Fwp%2Fv2%2Fmedia&parent=33379"}],"curies":[{"name":"wp","href":"https:\/\/api.w.org\/{rel}","templated":true}]}}