{"id":33574,"date":"2014-10-13T14:22:38","date_gmt":"2014-10-13T12:22:38","guid":{"rendered":"http:\/\/museumek.eu\/?page_id=33574"},"modified":"2014-12-31T15:04:35","modified_gmt":"2014-12-31T14:04:35","slug":"dliii18","status":"publish","type":"page","link":"http:\/\/museumek.eu\/?page_id=33574","title":{"rendered":"D\/LIII\/18"},"content":{"rendered":"<p><strong>Abteilung Deutschland, Keramik 1860 \u2013 1960, Inventarnummer D\/LIII\/18<\/strong><\/p>\n<p>Steingut- und Steinzeugfabrik, Kunstt\u00f6pferei, Zinngie\u00dferei Merkelbach &#038; Wick und Nachfolger Steingutfabrik Wick Werke AG, Vereinigte Fabriken Merkelbach &#038; Wick und Merkelbach, Stadelmann &#038; Co., Deutschland, Grenzhausen, um 1910, Seidel, K\u00fcnstler unbekannt, Werks.-Nr. ohne, Exemplar Nr. ohne, gemarkt Firmenmarke Rundstempel mit M &#038; W sowie Gr. (f\u00fcr Merkelbach, Wick, Grenzhausen), Z sowie \u00bd L \u00fcber Eichstrich gepresst, nicht signiert, Literatur: Gisela Reineking von Bock, Meister der deutschen Keramik, Seite 329, Marke Nr. 214 identisch, weitere Literatur: J\u00fcrgen Schimanski und J\u00fcrgen Erlebach, Westerw\u00e4lder Steinzeug, Die Neue \u00c4ra, Seite 109, Fabrikbeschreibung sowie Marke Nr. 36 identisch, weitere Literatur: J\u00fcrgen Schimanski, Braun geflammt und grau gesalzen, Seite 215, Beschreibung der Fabrik sowie Seite 216, Marke Nr. 36 identisch, weitere Literatur: Beate Dry-von Zezschwitz, Westerw\u00e4lder Steinzug des Jugendstils I, Reinhold Merkelbach, Spezialpreisliste 1905, Seite 10 ff., Fabrikbeschreibung, der 1840 geborene Friedrich Wilhelm Merkelbach (gest. 1896) betrieb eine Kannenb\u00e4ckerei oder bereits eine keramische Fabrik, die unter dem Namen F. W. Merkelbach II. firmierte, 1872 (oder 1874) nimmt Friedrich Wilhelm Merkelbach den Bildhauer (Johann) Georg Peter Wick (geb. 1837, gest. 1914) in die Firma auf, die Firmierung \u00e4ndert sich in Steingut- und Steinzeugfabrik, Kunstt\u00f6pferei, Zinngie\u00dferei Merkelbach &#038; Wick, ab 1882\/1883 produzieren Sie als eine der ersten Westerw\u00e4lder Fabriken Elfenbeinsteinzeug, \u00fcber die H\u00e4lfte der Produktion wird in die USA exportiert, in der Zeit von 1886 bis 1897 liefert die Fabrik Halbfertigerzeugnisse an die keramische Fabrik von Hauber &#038; Reuther, Jugenstilk\u00fcnstler wie Peter Behrens und Henry van de Velde liefern um 1900 herausragende Entw\u00fcrfe, 1895 tritt Wicks Sohn (und evtl. gleichzeitig Merkelbachs Schwiegersohn) Ludwig Konrad Wick in die Fabrik ein und \u00fcbernimmt sicher zeitnah auch deren Leitung, bis er 1910\/1911 die Leitung an seine Frau Emma abgibt, 1921\/1922 fusioniert die Fabrik mit der um 1867 in Grenzhausen von Friedrich Wilhelm Merkelbach, Theodor Stadelmann und Julius Schr\u00f6der als Mahl- und Schleifsteinfabrik gegr\u00fcndeten Fabrik Merkelbach, Stadelmann &#038; Co. (wahrscheinlich war Konrad Wicks Frau Emma bereits Miteigent\u00fcmer dieser Fabrik) zur Steingutfabrik Wick Werke AG, Vereinigte Fabriken Merkelbach &#038; Wick und Merkelbach, Stadelmann &#038; Co., die Fabrik bestand rund 100 Jahre, <strong>das MEK verwendet den 1,0 cm hohen und 1,5 cm breiten Literungsstempel als Identifizierungsstempel f\u00fcr nicht mit der Fabrikmarke versehene Fabrikate von Merkelbach &#038; Wick<\/strong>, das MEK Exemplar ist sicher eine Einzelanfertigung hinsichtlich der Bemalung, sicher von einem bayrischen Veredelungsbetrieb, welcher Westerw\u00e4lder Steinzeug als Halbfertigfabrikat dann gem\u00e4\u00df Kundenwunsch bemalte und in der Regel auch mit einer Zinnmontierung versah, sicher der Krug eines Studenten namens Markus Priller, der verwendete Text entstammt dem Allgemeinen Deutschen Kommersbuch (Liederbuch f\u00fcr den Gebrauch auf der studentischen Kneipe),<br \/>\nH\u00f6he 12 cm, Breite 13 cm (nur die Keramik)<\/p>\n<p><a href=\"http:\/\/museumek.eu\/?attachment_id=35439\" rel=\"attachment wp-att-35439\"><img loading=\"lazy\" src=\"http:\/\/museumek.eu\/wp-content\/uploads\/2014\/10\/1656-185x300.jpg\" alt=\"\" title=\"1656\" width=\"185\" height=\"300\" class=\"alignnone size-medium wp-image-35439\" srcset=\"http:\/\/museumek.eu\/wp-content\/uploads\/2014\/10\/1656-185x300.jpg 185w, http:\/\/museumek.eu\/wp-content\/uploads\/2014\/10\/1656-92x150.jpg 92w, http:\/\/museumek.eu\/wp-content\/uploads\/2014\/10\/1656.jpg 494w\" sizes=\"(max-width: 185px) 100vw, 185px\" \/><\/a><\/p>\n<p><a href=\"http:\/\/museumek.eu\/?attachment_id=35440\" rel=\"attachment wp-att-35440\"><img loading=\"lazy\" src=\"http:\/\/museumek.eu\/wp-content\/uploads\/2014\/10\/1657-248x300.jpg\" alt=\"\" title=\"1657\" width=\"248\" height=\"300\" class=\"alignnone size-medium wp-image-35440\" srcset=\"http:\/\/museumek.eu\/wp-content\/uploads\/2014\/10\/1657-248x300.jpg 248w, http:\/\/museumek.eu\/wp-content\/uploads\/2014\/10\/1657-124x150.jpg 124w, http:\/\/museumek.eu\/wp-content\/uploads\/2014\/10\/1657.jpg 600w\" sizes=\"(max-width: 248px) 100vw, 248px\" \/><\/a><\/p>\n<p><a href=\"http:\/\/museumek.eu\/?attachment_id=35441\" rel=\"attachment wp-att-35441\"><img loading=\"lazy\" src=\"http:\/\/museumek.eu\/wp-content\/uploads\/2014\/10\/1658-242x300.jpg\" alt=\"\" title=\"1658\" width=\"242\" height=\"300\" class=\"alignnone size-medium wp-image-35441\" srcset=\"http:\/\/museumek.eu\/wp-content\/uploads\/2014\/10\/1658-242x300.jpg 242w, http:\/\/museumek.eu\/wp-content\/uploads\/2014\/10\/1658-121x150.jpg 121w, http:\/\/museumek.eu\/wp-content\/uploads\/2014\/10\/1658.jpg 600w\" sizes=\"(max-width: 242px) 100vw, 242px\" \/><\/a><\/p>\n<p><a href=\"http:\/\/museumek.eu\/?attachment_id=35442\" rel=\"attachment wp-att-35442\"><img loading=\"lazy\" src=\"http:\/\/museumek.eu\/wp-content\/uploads\/2014\/10\/1659-238x300.jpg\" alt=\"\" title=\"1659\" width=\"238\" height=\"300\" class=\"alignnone size-medium wp-image-35442\" srcset=\"http:\/\/museumek.eu\/wp-content\/uploads\/2014\/10\/1659-238x300.jpg 238w, http:\/\/museumek.eu\/wp-content\/uploads\/2014\/10\/1659-119x150.jpg 119w, http:\/\/museumek.eu\/wp-content\/uploads\/2014\/10\/1659.jpg 600w\" sizes=\"(max-width: 238px) 100vw, 238px\" \/><\/a><\/p>\n<p><a href=\"http:\/\/museumek.eu\/?attachment_id=35443\" rel=\"attachment wp-att-35443\"><img loading=\"lazy\" src=\"http:\/\/museumek.eu\/wp-content\/uploads\/2014\/10\/1660-300x213.jpg\" alt=\"\" title=\"1660\" width=\"300\" height=\"213\" class=\"alignnone size-medium wp-image-35443\" srcset=\"http:\/\/museumek.eu\/wp-content\/uploads\/2014\/10\/1660-300x213.jpg 300w, http:\/\/museumek.eu\/wp-content\/uploads\/2014\/10\/1660-150x106.jpg 150w, http:\/\/museumek.eu\/wp-content\/uploads\/2014\/10\/1660-422x300.jpg 422w, http:\/\/museumek.eu\/wp-content\/uploads\/2014\/10\/1660.jpg 800w\" sizes=\"(max-width: 300px) 100vw, 300px\" \/><\/a><\/p>\n<p><a href=\"http:\/\/museumek.eu\/?attachment_id=35444\" rel=\"attachment wp-att-35444\"><img loading=\"lazy\" src=\"http:\/\/museumek.eu\/wp-content\/uploads\/2014\/10\/1661-183x300.jpg\" alt=\"\" title=\"1661\" width=\"183\" height=\"300\" class=\"alignnone size-medium wp-image-35444\" srcset=\"http:\/\/museumek.eu\/wp-content\/uploads\/2014\/10\/1661-183x300.jpg 183w, http:\/\/museumek.eu\/wp-content\/uploads\/2014\/10\/1661-91x150.jpg 91w\" sizes=\"(max-width: 183px) 100vw, 183px\" \/><\/a><\/p>\n","protected":false},"excerpt":{"rendered":"<p>Abteilung Deutschland, Keramik 1860 \u2013 1960, Inventarnummer D\/LIII\/18 Steingut- und Steinzeugfabrik, Kunstt\u00f6pferei, Zinngie\u00dferei Merkelbach &#038; Wick und Nachfolger Steingutfabrik Wick Werke AG, Vereinigte Fabriken Merkelbach &#038; Wick und Merkelbach, Stadelmann &#038; Co., Deutschland, Grenzhausen, um 1910, Seidel, K\u00fcnstler unbekannt, Werks.-Nr. &hellip; <a href=\"http:\/\/museumek.eu\/?page_id=33574\">Weiterlesen <span class=\"meta-nav\">&rarr;<\/span><\/a><\/p>\n","protected":false},"author":1,"featured_media":0,"parent":30852,"menu_order":18,"comment_status":"closed","ping_status":"open","template":"","meta":[],"_links":{"self":[{"href":"http:\/\/museumek.eu\/index.php?rest_route=\/wp\/v2\/pages\/33574"}],"collection":[{"href":"http:\/\/museumek.eu\/index.php?rest_route=\/wp\/v2\/pages"}],"about":[{"href":"http:\/\/museumek.eu\/index.php?rest_route=\/wp\/v2\/types\/page"}],"author":[{"embeddable":true,"href":"http:\/\/museumek.eu\/index.php?rest_route=\/wp\/v2\/users\/1"}],"replies":[{"embeddable":true,"href":"http:\/\/museumek.eu\/index.php?rest_route=%2Fwp%2Fv2%2Fcomments&post=33574"}],"version-history":[{"count":14,"href":"http:\/\/museumek.eu\/index.php?rest_route=\/wp\/v2\/pages\/33574\/revisions"}],"predecessor-version":[{"id":35450,"href":"http:\/\/museumek.eu\/index.php?rest_route=\/wp\/v2\/pages\/33574\/revisions\/35450"}],"up":[{"embeddable":true,"href":"http:\/\/museumek.eu\/index.php?rest_route=\/wp\/v2\/pages\/30852"}],"wp:attachment":[{"href":"http:\/\/museumek.eu\/index.php?rest_route=%2Fwp%2Fv2%2Fmedia&parent=33574"}],"curies":[{"name":"wp","href":"https:\/\/api.w.org\/{rel}","templated":true}]}}