{"id":33643,"date":"2014-10-14T20:39:43","date_gmt":"2014-10-14T18:39:43","guid":{"rendered":"http:\/\/museumek.eu\/?page_id=33643"},"modified":"2014-10-14T20:39:43","modified_gmt":"2014-10-14T18:39:43","slug":"chi4","status":"publish","type":"page","link":"http:\/\/museumek.eu\/?page_id=33643","title":{"rendered":"CH\/I\/4"},"content":{"rendered":"<p><strong>Abteilung Schweiz, Keramik 1860 \u2013 1960, Inventarnummer CH\/I\/4<\/strong><\/p>\n<p>Fabrique C\u00e9ramique J. Wanzenried, Ing\u00e9nieur \u00e0 Thoune und Nachfolger Fabrique C\u00e9ramique J. Wanzenried, Ing\u00e9nieur \u00e0 Thoune, Inh. Marie Luise Wanzenried Wwe. und Nachfolger Kunstt\u00f6pferei Emil Lengacher und Nachfolger Kunstt\u00f6pferei Emil Loder &#038; Adolf Schweizer und Nachfolger Kunstt\u00f6pferei Adolf Schweizer, Schweiz, Kanton Bern, Thun\/Steffisburg, ca. 1930, Vase, K\u00fcnstler unbekannt, Werks.-Nr. 146\/654, Exemplar Nr. ohne, gemarkt Firmenmarke mit AS (f\u00fcr Adolf Schweizer) ligiert, Steffisburg sowie 146\/654 schwarz unter Glasur gemaltt, nicht signiert, Johann Wanzenried \u00fcbernahm 1872 die Glasurwerkstatt seines Vaters in Thoune\/Steffisburg und baute diese zu einer keramischen Fabrik aus, deren offizielles Gr\u00fcndungsjahr wohl 1876 war, ab ca. 1882 gab Johann die Leitung der Fabrik aus gesundheitlichen Gr\u00fcnden an seine Ehefrau Marie Luise ab, 1895 verstarb Johann Wanzenried und seine Witwe f\u00fchrte die Fabrik allein weiter, zwischen 1912 und 1915 scheint die Fabrik im Besitz von Emil Lengacher gewesen zu sein, ab 1918 \u00fcbernehmen Emil Loder und Adolf Schweizer die Fabrik, Firmierung Kunstt\u00f6pferei Loder &#038; Schweizer, Marke ligiertes LS, ab 1923 ist Adolf Schweizer Alleineigent\u00fcmer, Firmierung Kunstt\u00f6pferei Adolf Schweizer, Marke ligiertes AS und \u00e4hnliche Ritzungen, Emil Loders gr\u00fcndet 1924 seine eigene T\u00f6pferwerkstatt in Malters\/Luzern, Adolf Schweizer produzierte wohl bis Anfang der 1960\u2018 Jahre, die franz\u00f6sische Fabrikbezeichnung wurde von einer Werbeanzeige des Jahres 1888 \u00fcbernommen, H\u00f6he 10,5 cm, Breite 9,7 cm<\/p>\n<p><a href=\"http:\/\/museumek.eu\/?attachment_id=33644\" rel=\"attachment wp-att-33644\"><img loading=\"lazy\" src=\"http:\/\/museumek.eu\/wp-content\/uploads\/2014\/10\/1663-248x300.jpg\" alt=\"\" title=\"1663\" width=\"248\" height=\"300\" class=\"alignnone size-medium wp-image-33644\" srcset=\"http:\/\/museumek.eu\/wp-content\/uploads\/2014\/10\/1663-248x300.jpg 248w, http:\/\/museumek.eu\/wp-content\/uploads\/2014\/10\/1663-124x150.jpg 124w, http:\/\/museumek.eu\/wp-content\/uploads\/2014\/10\/1663.jpg 600w\" sizes=\"(max-width: 248px) 100vw, 248px\" \/><\/a><\/p>\n<p><a href=\"http:\/\/museumek.eu\/?attachment_id=33645\" rel=\"attachment wp-att-33645\"><img loading=\"lazy\" src=\"http:\/\/museumek.eu\/wp-content\/uploads\/2014\/10\/1662-240x300.jpg\" alt=\"\" title=\"1662\" width=\"240\" height=\"300\" class=\"alignnone size-medium wp-image-33645\" srcset=\"http:\/\/museumek.eu\/wp-content\/uploads\/2014\/10\/1662-240x300.jpg 240w, http:\/\/museumek.eu\/wp-content\/uploads\/2014\/10\/1662-120x150.jpg 120w, http:\/\/museumek.eu\/wp-content\/uploads\/2014\/10\/1662.jpg 600w\" sizes=\"(max-width: 240px) 100vw, 240px\" \/><\/a><\/p>\n<p><a href=\"http:\/\/museumek.eu\/?attachment_id=33646\" rel=\"attachment wp-att-33646\"><img loading=\"lazy\" src=\"http:\/\/museumek.eu\/wp-content\/uploads\/2014\/10\/1664-271x300.jpg\" alt=\"\" title=\"1664\" width=\"271\" height=\"300\" class=\"alignnone size-medium wp-image-33646\" srcset=\"http:\/\/museumek.eu\/wp-content\/uploads\/2014\/10\/1664-271x300.jpg 271w, http:\/\/museumek.eu\/wp-content\/uploads\/2014\/10\/1664-135x150.jpg 135w, http:\/\/museumek.eu\/wp-content\/uploads\/2014\/10\/1664.jpg 600w\" sizes=\"(max-width: 271px) 100vw, 271px\" \/><\/a><\/p>\n<p><a href=\"http:\/\/museumek.eu\/?attachment_id=33647\" rel=\"attachment wp-att-33647\"><img loading=\"lazy\" src=\"http:\/\/museumek.eu\/wp-content\/uploads\/2014\/10\/1665-298x300.jpg\" alt=\"\" title=\"1665\" width=\"298\" height=\"300\" class=\"alignnone size-medium wp-image-33647\" srcset=\"http:\/\/museumek.eu\/wp-content\/uploads\/2014\/10\/1665-298x300.jpg 298w, http:\/\/museumek.eu\/wp-content\/uploads\/2014\/10\/1665-150x150.jpg 150w, http:\/\/museumek.eu\/wp-content\/uploads\/2014\/10\/1665.jpg 653w\" sizes=\"(max-width: 298px) 100vw, 298px\" \/><\/a><\/p>\n","protected":false},"excerpt":{"rendered":"<p>Abteilung Schweiz, Keramik 1860 \u2013 1960, Inventarnummer CH\/I\/4 Fabrique C\u00e9ramique J. Wanzenried, Ing\u00e9nieur \u00e0 Thoune und Nachfolger Fabrique C\u00e9ramique J. Wanzenried, Ing\u00e9nieur \u00e0 Thoune, Inh. Marie Luise Wanzenried Wwe. und Nachfolger Kunstt\u00f6pferei Emil Lengacher und Nachfolger Kunstt\u00f6pferei Emil Loder &#038; &hellip; <a href=\"http:\/\/museumek.eu\/?page_id=33643\">Weiterlesen <span class=\"meta-nav\">&rarr;<\/span><\/a><\/p>\n","protected":false},"author":1,"featured_media":0,"parent":7110,"menu_order":4,"comment_status":"closed","ping_status":"open","template":"","meta":[],"_links":{"self":[{"href":"http:\/\/museumek.eu\/index.php?rest_route=\/wp\/v2\/pages\/33643"}],"collection":[{"href":"http:\/\/museumek.eu\/index.php?rest_route=\/wp\/v2\/pages"}],"about":[{"href":"http:\/\/museumek.eu\/index.php?rest_route=\/wp\/v2\/types\/page"}],"author":[{"embeddable":true,"href":"http:\/\/museumek.eu\/index.php?rest_route=\/wp\/v2\/users\/1"}],"replies":[{"embeddable":true,"href":"http:\/\/museumek.eu\/index.php?rest_route=%2Fwp%2Fv2%2Fcomments&post=33643"}],"version-history":[{"count":4,"href":"http:\/\/museumek.eu\/index.php?rest_route=\/wp\/v2\/pages\/33643\/revisions"}],"predecessor-version":[{"id":33651,"href":"http:\/\/museumek.eu\/index.php?rest_route=\/wp\/v2\/pages\/33643\/revisions\/33651"}],"up":[{"embeddable":true,"href":"http:\/\/museumek.eu\/index.php?rest_route=\/wp\/v2\/pages\/7110"}],"wp:attachment":[{"href":"http:\/\/museumek.eu\/index.php?rest_route=%2Fwp%2Fv2%2Fmedia&parent=33643"}],"curies":[{"name":"wp","href":"https:\/\/api.w.org\/{rel}","templated":true}]}}