{"id":33655,"date":"2014-10-14T20:46:25","date_gmt":"2014-10-14T18:46:25","guid":{"rendered":"http:\/\/museumek.eu\/?page_id=33655"},"modified":"2014-10-14T20:53:59","modified_gmt":"2014-10-14T18:53:59","slug":"fotos-und-beschreibung","status":"publish","type":"page","link":"http:\/\/museumek.eu\/?page_id=33655","title":{"rendered":"Fotos und Beschreibung"},"content":{"rendered":"<p><strong>Abteilung Schweiz, Keramik 1860 \u2013 1960, Inventarnummer CH\/I\/1<\/strong><\/p>\n<p>Fabrique C\u00e9ramique J. Wanzenried, Ing\u00e9nieur \u00e0 Thoune und Nachfolger Fabrique C\u00e9ramique J. Wanzenried, Ing\u00e9nieur \u00e0 Thoune, Inh. Marie Luise Wanzenried Wwe. und Nachfolger Kunstt\u00f6pferei Emil Lengacher und Nachfolger Kunstt\u00f6pferei Emil Loder &#038; Adolf Schweizer und Nachfolger Kunstt\u00f6pferei Adolf Schweizer, Schweiz, Kanton Bern, Thun\/Steffisburg, um 1880, Deckeldose, K\u00fcnstler Johann Wanzenried, Werks.-Nr. ohne, Exemplar Nr. ohne, gemarkt Firmenmarke mit ligiertem JW (f\u00fcr Johann Wanzenried) darunter eine f\u00fcnf Strich Sonne, daneben Thoune, daneben eine f\u00fcnf Strich Sonne, \u00fcber Thoune eine Schale (manchmal ist diese auch darunter), das T von Thoune ist so schr\u00e4g geritzt, dass sich durch zwei Beistriche ein Topf ergibt, alles geritzt, nicht signiert, Johann Wanzenried \u00fcbernahm 1872 die Glasurwerkstatt seines Vaters in Thoune\/Steffisburg und baute diese zu einer keramischen Fabrik aus, deren offizielles Gr\u00fcndungsjahr wohl 1876 war, ab ca. 1882 gab Johann die Leitung der Fabrik aus gesundheitlichen Gr\u00fcnden an seine Ehefrau Marie Luise ab, 1895 verstarb Johann Wanzenried und seine Witwe f\u00fchrte die Fabrik allein weiter, zwischen 1912 und 1915 scheint die Fabrik im Besitz von Emil Lengacher gewesen zu sein, ab 1918 \u00fcbernehmen Emil Loder und Adolf Schweizer die Fabrik, Firmierung Kunstt\u00f6pferei Loder &#038; Schweizer, Marke ligiertes LS, ab 1923 ist Adolf Schweizer Alleineigent\u00fcmer, Firmierung Kunstt\u00f6pferei Adolf Schweizer, Marke ligiertes AS und \u00e4hnliche Ritzungen, Emil Loders gr\u00fcndet 1924 seine eigene T\u00f6pferwerkstatt in Malters\/Luzern, Adolf Schweizer produzierte wohl bis Anfang der 1960\u2018 Jahre, die franz\u00f6sische Fabrikbezeichnung wurde von einer Werbeanzeige des Jahres 1888 \u00fcbernommen, H\u00f6he 19,5 cm, Breite 12 cm<\/p>\n<p><a href=\"http:\/\/museumek.eu\/?attachment_id=33609\" rel=\"attachment wp-att-33609\"><img loading=\"lazy\" src=\"http:\/\/museumek.eu\/wp-content\/uploads\/2014\/10\/1173-191x300.jpg\" alt=\"\" title=\"1173\" width=\"191\" height=\"300\" class=\"alignnone size-medium wp-image-33609\" srcset=\"http:\/\/museumek.eu\/wp-content\/uploads\/2014\/10\/1173-191x300.jpg 191w, http:\/\/museumek.eu\/wp-content\/uploads\/2014\/10\/1173-95x150.jpg 95w, http:\/\/museumek.eu\/wp-content\/uploads\/2014\/10\/1173.jpg 511w\" sizes=\"(max-width: 191px) 100vw, 191px\" \/><\/a><\/p>\n<p><a href=\"http:\/\/museumek.eu\/?attachment_id=33610\" rel=\"attachment wp-att-33610\"><img loading=\"lazy\" src=\"http:\/\/museumek.eu\/wp-content\/uploads\/2014\/10\/1174-170x300.jpg\" alt=\"\" title=\"1174\" width=\"170\" height=\"300\" class=\"alignnone size-medium wp-image-33610\" srcset=\"http:\/\/museumek.eu\/wp-content\/uploads\/2014\/10\/1174-170x300.jpg 170w, http:\/\/museumek.eu\/wp-content\/uploads\/2014\/10\/1174-85x150.jpg 85w, http:\/\/museumek.eu\/wp-content\/uploads\/2014\/10\/1174.jpg 406w\" sizes=\"(max-width: 170px) 100vw, 170px\" \/><\/a><\/p>\n<p><a href=\"http:\/\/museumek.eu\/?attachment_id=33616\" rel=\"attachment wp-att-33616\"><img loading=\"lazy\" src=\"http:\/\/museumek.eu\/wp-content\/uploads\/2014\/10\/11751-190x300.jpg\" alt=\"\" title=\"1175\" width=\"190\" height=\"300\" class=\"alignnone size-medium wp-image-33616\" srcset=\"http:\/\/museumek.eu\/wp-content\/uploads\/2014\/10\/11751-190x300.jpg 190w, http:\/\/museumek.eu\/wp-content\/uploads\/2014\/10\/11751-95x150.jpg 95w, http:\/\/museumek.eu\/wp-content\/uploads\/2014\/10\/11751.jpg 507w\" sizes=\"(max-width: 190px) 100vw, 190px\" \/><\/a><\/p>\n<p><a href=\"http:\/\/museumek.eu\/?attachment_id=33617\" rel=\"attachment wp-att-33617\"><img loading=\"lazy\" src=\"http:\/\/museumek.eu\/wp-content\/uploads\/2014\/10\/1176-253x300.jpg\" alt=\"\" title=\"1176\" width=\"253\" height=\"300\" class=\"alignnone size-medium wp-image-33617\" srcset=\"http:\/\/museumek.eu\/wp-content\/uploads\/2014\/10\/1176-253x300.jpg 253w, http:\/\/museumek.eu\/wp-content\/uploads\/2014\/10\/1176-126x150.jpg 126w, http:\/\/museumek.eu\/wp-content\/uploads\/2014\/10\/1176.jpg 600w\" sizes=\"(max-width: 253px) 100vw, 253px\" \/><\/a><\/p>\n<p><a href=\"http:\/\/museumek.eu\/?attachment_id=33618\" rel=\"attachment wp-att-33618\"><img loading=\"lazy\" src=\"http:\/\/museumek.eu\/wp-content\/uploads\/2014\/10\/1177-173x300.jpg\" alt=\"\" title=\"1177\" width=\"173\" height=\"300\" class=\"alignnone size-medium wp-image-33618\" srcset=\"http:\/\/museumek.eu\/wp-content\/uploads\/2014\/10\/1177-173x300.jpg 173w, http:\/\/museumek.eu\/wp-content\/uploads\/2014\/10\/1177-86x150.jpg 86w, http:\/\/museumek.eu\/wp-content\/uploads\/2014\/10\/1177.jpg 402w\" sizes=\"(max-width: 173px) 100vw, 173px\" \/><\/a><\/p>\n<p><a href=\"http:\/\/museumek.eu\/?attachment_id=33619\" rel=\"attachment wp-att-33619\"><img loading=\"lazy\" src=\"http:\/\/museumek.eu\/wp-content\/uploads\/2014\/10\/1178-258x300.jpg\" alt=\"\" title=\"1178\" width=\"258\" height=\"300\" class=\"alignnone size-medium wp-image-33619\" srcset=\"http:\/\/museumek.eu\/wp-content\/uploads\/2014\/10\/1178-258x300.jpg 258w, http:\/\/museumek.eu\/wp-content\/uploads\/2014\/10\/1178-129x150.jpg 129w, http:\/\/museumek.eu\/wp-content\/uploads\/2014\/10\/1178.jpg 600w\" sizes=\"(max-width: 258px) 100vw, 258px\" \/><\/a><\/p>\n<p><a href=\"http:\/\/museumek.eu\/?attachment_id=33620\" rel=\"attachment wp-att-33620\"><img loading=\"lazy\" src=\"http:\/\/museumek.eu\/wp-content\/uploads\/2014\/10\/1179-300x246.jpg\" alt=\"\" title=\"1179\" width=\"300\" height=\"246\" class=\"alignnone size-medium wp-image-33620\" srcset=\"http:\/\/museumek.eu\/wp-content\/uploads\/2014\/10\/1179-300x246.jpg 300w, http:\/\/museumek.eu\/wp-content\/uploads\/2014\/10\/1179-150x123.jpg 150w, http:\/\/museumek.eu\/wp-content\/uploads\/2014\/10\/1179-365x300.jpg 365w, http:\/\/museumek.eu\/wp-content\/uploads\/2014\/10\/1179.jpg 478w\" sizes=\"(max-width: 300px) 100vw, 300px\" \/><\/a><\/p>\n<p><strong>Abteilung Schweiz, Keramik 1860 \u2013 1960, Inventarnummer CH\/I\/2<\/strong><\/p>\n<p>Fabrique C\u00e9ramique J. Wanzenried, Ing\u00e9nieur \u00e0 Thoune und Nachfolger Fabrique C\u00e9ramique J. Wanzenried, Ing\u00e9nieur \u00e0 Thoune, Inh. Marie Luise Wanzenried Wwe. und Nachfolger Kunstt\u00f6pferei Emil Lengacher und Nachfolger Kunstt\u00f6pferei Emil Loder &#038; Adolf Schweizer und Nachfolger Kunstt\u00f6pferei Adolf Schweizer, Schweiz, Kanton Bern, Thun\/Steffisburg, um 1920, Vase, K\u00fcnstler unbekannt, Werks.-Nr. 58\/549, Exemplar Nr. ohne, gemarkt Firmenmarke mit LS (f\u00fcr Loder und Schweizer) ligiert, Steffisburg sowie 58\/549 geritzt, nicht signiert, Johann Wanzenried \u00fcbernahm 1872 die Glasurwerkstatt seines Vaters in Thoune\/Steffisburg und baute diese zu einer keramischen Fabrik aus, deren offizielles Gr\u00fcndungsjahr wohl 1876 war, ab ca. 1882 gab Johann die Leitung der Fabrik aus gesundheitlichen Gr\u00fcnden an seine Ehefrau Marie Luise ab, 1895 verstarb Johann Wanzenried und seine Witwe f\u00fchrte die Fabrik allein weiter, zwischen 1912 und 1915 scheint die Fabrik im Besitz von Emil Lengacher gewesen zu sein, ab 1918 \u00fcbernehmen Emil Loder und Adolf Schweizer die Fabrik, Firmierung Kunstt\u00f6pferei Loder &#038; Schweizer, Marke ligiertes LS, ab 1923 ist Adolf Schweizer Alleineigent\u00fcmer, Firmierung Kunstt\u00f6pferei Adolf Schweizer, Marke ligiertes AS und \u00e4hnliche Ritzungen, Emil Loders gr\u00fcndet 1924 seine eigene T\u00f6pferwerkstatt in Malters\/Luzern, Adolf Schweizer produzierte wohl bis Anfang der 1960\u2018 Jahre, siehe auch Auktionshaus von Zezschwitz, Auktion vom 03.11.2006, Lot 670, leicht besch\u00e4digte etwas gr\u00f6\u00dfere Vase aus der gleichen Zeit, die franz\u00f6sische Fabrikbezeichnung wurde von einer Werbeanzeige des Jahres 1888 \u00fcbernommen, H\u00f6he 9,5 cm, Breite 9,5 cm<\/p>\n<p><a href=\"http:\/\/museumek.eu\/wp-content\/uploads\/2011\/12\/Museum-Europ\u00e4ischer-Keramikkunst-1415.jpg\"><img loading=\"lazy\" src=\"http:\/\/museumek.eu\/wp-content\/uploads\/2011\/12\/Museum-Europ\u00e4ischer-Keramikkunst-1415-260x300.jpg\" alt=\"\" title=\"Museum Europ\u00e4ischer Keramikkunst 1415\" width=\"260\" height=\"300\" class=\"alignnone size-medium wp-image-7114\" srcset=\"http:\/\/museumek.eu\/wp-content\/uploads\/2011\/12\/Museum-Europ\u00e4ischer-Keramikkunst-1415-260x300.jpg 260w, http:\/\/museumek.eu\/wp-content\/uploads\/2011\/12\/Museum-Europ\u00e4ischer-Keramikkunst-1415.jpg 553w\" sizes=\"(max-width: 260px) 100vw, 260px\" \/><\/a><\/p>\n<p><a href=\"http:\/\/museumek.eu\/wp-content\/uploads\/2011\/12\/Museum-Europ\u00e4ischer-Keramikkunst-1414.jpg\"><img loading=\"lazy\" src=\"http:\/\/museumek.eu\/wp-content\/uploads\/2011\/12\/Museum-Europ\u00e4ischer-Keramikkunst-1414-233x300.jpg\" alt=\"\" title=\"Museum Europ\u00e4ischer Keramikkunst 1414\" width=\"233\" height=\"300\" class=\"alignnone size-medium wp-image-7115\" srcset=\"http:\/\/museumek.eu\/wp-content\/uploads\/2011\/12\/Museum-Europ\u00e4ischer-Keramikkunst-1414-233x300.jpg 233w, http:\/\/museumek.eu\/wp-content\/uploads\/2011\/12\/Museum-Europ\u00e4ischer-Keramikkunst-1414.jpg 533w\" sizes=\"(max-width: 233px) 100vw, 233px\" \/><\/a><\/p>\n<p><strong>Abteilung Schweiz, Keramik 1860 \u2013 1960, Inventarnummer CH\/I\/3<\/strong><\/p>\n<p>Fabrique C\u00e9ramique J. Wanzenried, Ing\u00e9nieur \u00e0 Thoune und Nachfolger Fabrique C\u00e9ramique J. Wanzenried, Ing\u00e9nieur \u00e0 Thoune, Inh. Marie Luise Wanzenried Wwe. und Nachfolger Kunstt\u00f6pferei Emil Lengacher und Nachfolger Kunstt\u00f6pferei Emil Loder &#038; Adolf Schweizer und Nachfolger Kunstt\u00f6pferei Adolf Schweizer, Schweiz, Kanton Bern, Thun\/Steffisburg, ca. 1930 &#8211; 1950, gro\u00dfer Krug, K\u00fcnstler unbekannt, Werks.-Nr. ohne, Exemplar Nr. ohne, gemarkt Firmenmarke mit AS (f\u00fcr Adolf Schweizer) ligiert sowie Steffisburg geritzt, nicht signiert, Johann Wanzenried \u00fcbernahm 1872 die Glasurwerkstatt seines Vaters in Thoune\/Steffisburg und baute diese zu einer keramischen Fabrik aus, deren offizielles Gr\u00fcndungsjahr wohl 1876 war, ab ca. 1882 gab Johann die Leitung der Fabrik aus gesundheitlichen Gr\u00fcnden an seine Ehefrau Marie Luise ab, 1895 verstarb Johann Wanzenried und seine Witwe f\u00fchrte die Fabrik allein weiter, zwischen 1912 und 1915 scheint die Fabrik im Besitz von Emil Lengacher gewesen zu sein, ab 1918 \u00fcbernehmen Emil Loder und Adolf Schweizer die Fabrik, Firmierung Kunstt\u00f6pferei Loder &#038; Schweizer, Marke ligiertes LS, ab 1923 ist Adolf Schweizer Alleineigent\u00fcmer, Firmierung Kunstt\u00f6pferei Adolf Schweizer, Marke ligiertes AS und \u00e4hnliche Ritzungen, Emil Loders gr\u00fcndet 1924 seine eigene T\u00f6pferwerkstatt in Malters\/Luzern, Adolf Schweizer produzierte wohl bis Anfang der 1960\u2018 Jahre, die franz\u00f6sische Fabrikbezeichnung wurde von einer Werbeanzeige des Jahres 1888 \u00fcbernommen, H\u00f6he 37 cm, Breite 29 cm<\/p>\n<p><a href=\"http:\/\/museumek.eu\/?attachment_id=25434\" rel=\"attachment wp-att-25434\"><img loading=\"lazy\" src=\"http:\/\/museumek.eu\/wp-content\/uploads\/2013\/07\/Museum-Europ\u00e4ischer-Keramikkunst-2249-259x300.jpg\" alt=\"\" title=\"Museum Europ\u00e4ischer Keramikkunst 2249\" width=\"259\" height=\"300\" class=\"alignnone size-medium wp-image-25434\" srcset=\"http:\/\/museumek.eu\/wp-content\/uploads\/2013\/07\/Museum-Europ\u00e4ischer-Keramikkunst-2249-259x300.jpg 259w, http:\/\/museumek.eu\/wp-content\/uploads\/2013\/07\/Museum-Europ\u00e4ischer-Keramikkunst-2249-129x150.jpg 129w, http:\/\/museumek.eu\/wp-content\/uploads\/2013\/07\/Museum-Europ\u00e4ischer-Keramikkunst-2249.jpg 656w\" sizes=\"(max-width: 259px) 100vw, 259px\" \/><\/a><\/p>\n<p><a href=\"http:\/\/museumek.eu\/?attachment_id=25435\" rel=\"attachment wp-att-25435\"><img loading=\"lazy\" src=\"http:\/\/museumek.eu\/wp-content\/uploads\/2013\/07\/Museum-Europ\u00e4ischer-Keramikkunst-2250-300x238.jpg\" alt=\"\" title=\"Museum Europ\u00e4ischer Keramikkunst 2250\" width=\"300\" height=\"238\" class=\"alignnone size-medium wp-image-25435\" srcset=\"http:\/\/museumek.eu\/wp-content\/uploads\/2013\/07\/Museum-Europ\u00e4ischer-Keramikkunst-2250-300x238.jpg 300w, http:\/\/museumek.eu\/wp-content\/uploads\/2013\/07\/Museum-Europ\u00e4ischer-Keramikkunst-2250-150x119.jpg 150w, http:\/\/museumek.eu\/wp-content\/uploads\/2013\/07\/Museum-Europ\u00e4ischer-Keramikkunst-2250-377x300.jpg 377w, http:\/\/museumek.eu\/wp-content\/uploads\/2013\/07\/Museum-Europ\u00e4ischer-Keramikkunst-2250.jpg 601w\" sizes=\"(max-width: 300px) 100vw, 300px\" \/><\/a><\/p>\n<p><strong>Abteilung Schweiz, Keramik 1860 \u2013 1960, Inventarnummer CH\/I\/4<\/strong><\/p>\n<p>Fabrique C\u00e9ramique J. Wanzenried, Ing\u00e9nieur \u00e0 Thoune und Nachfolger Fabrique C\u00e9ramique J. Wanzenried, Ing\u00e9nieur \u00e0 Thoune, Inh. Marie Luise Wanzenried Wwe. und Nachfolger Kunstt\u00f6pferei Emil Lengacher und Nachfolger Kunstt\u00f6pferei Emil Loder &#038; Adolf Schweizer und Nachfolger Kunstt\u00f6pferei Adolf Schweizer, Schweiz, Kanton Bern, Thun\/Steffisburg, ca. 1930, Vase, K\u00fcnstler unbekannt, Werks.-Nr. 146\/654, Exemplar Nr. ohne, gemarkt Firmenmarke mit AS (f\u00fcr Adolf Schweizer) ligiert, Steffisburg sowie 146\/654 schwarz unter Glasur gemaltt, nicht signiert, Johann Wanzenried \u00fcbernahm 1872 die Glasurwerkstatt seines Vaters in Thoune\/Steffisburg und baute diese zu einer keramischen Fabrik aus, deren offizielles Gr\u00fcndungsjahr wohl 1876 war, ab ca. 1882 gab Johann die Leitung der Fabrik aus gesundheitlichen Gr\u00fcnden an seine Ehefrau Marie Luise ab, 1895 verstarb Johann Wanzenried und seine Witwe f\u00fchrte die Fabrik allein weiter, zwischen 1912 und 1915 scheint die Fabrik im Besitz von Emil Lengacher gewesen zu sein, ab 1918 \u00fcbernehmen Emil Loder und Adolf Schweizer die Fabrik, Firmierung Kunstt\u00f6pferei Loder &#038; Schweizer, Marke ligiertes LS, ab 1923 ist Adolf Schweizer Alleineigent\u00fcmer, Firmierung Kunstt\u00f6pferei Adolf Schweizer, Marke ligiertes AS und \u00e4hnliche Ritzungen, Emil Loders gr\u00fcndet 1924 seine eigene T\u00f6pferwerkstatt in Malters\/Luzern, Adolf Schweizer produzierte wohl bis Anfang der 1960\u2018 Jahre, die franz\u00f6sische Fabrikbezeichnung wurde von einer Werbeanzeige des Jahres 1888 \u00fcbernommen, H\u00f6he 10,5 cm, Breite 9,7 cm<\/p>\n<p><a href=\"http:\/\/museumek.eu\/?attachment_id=33644\" rel=\"attachment wp-att-33644\"><img loading=\"lazy\" src=\"http:\/\/museumek.eu\/wp-content\/uploads\/2014\/10\/1663-248x300.jpg\" alt=\"\" title=\"1663\" width=\"248\" height=\"300\" class=\"alignnone size-medium wp-image-33644\" srcset=\"http:\/\/museumek.eu\/wp-content\/uploads\/2014\/10\/1663-248x300.jpg 248w, http:\/\/museumek.eu\/wp-content\/uploads\/2014\/10\/1663-124x150.jpg 124w, http:\/\/museumek.eu\/wp-content\/uploads\/2014\/10\/1663.jpg 600w\" sizes=\"(max-width: 248px) 100vw, 248px\" \/><\/a><\/p>\n<p><a href=\"http:\/\/museumek.eu\/?attachment_id=33645\" rel=\"attachment wp-att-33645\"><img loading=\"lazy\" src=\"http:\/\/museumek.eu\/wp-content\/uploads\/2014\/10\/1662-240x300.jpg\" alt=\"\" title=\"1662\" width=\"240\" height=\"300\" class=\"alignnone size-medium wp-image-33645\" srcset=\"http:\/\/museumek.eu\/wp-content\/uploads\/2014\/10\/1662-240x300.jpg 240w, http:\/\/museumek.eu\/wp-content\/uploads\/2014\/10\/1662-120x150.jpg 120w, http:\/\/museumek.eu\/wp-content\/uploads\/2014\/10\/1662.jpg 600w\" sizes=\"(max-width: 240px) 100vw, 240px\" \/><\/a><\/p>\n<p><a href=\"http:\/\/museumek.eu\/?attachment_id=33646\" rel=\"attachment wp-att-33646\"><img loading=\"lazy\" src=\"http:\/\/museumek.eu\/wp-content\/uploads\/2014\/10\/1664-271x300.jpg\" alt=\"\" title=\"1664\" width=\"271\" height=\"300\" class=\"alignnone size-medium wp-image-33646\" srcset=\"http:\/\/museumek.eu\/wp-content\/uploads\/2014\/10\/1664-271x300.jpg 271w, http:\/\/museumek.eu\/wp-content\/uploads\/2014\/10\/1664-135x150.jpg 135w, http:\/\/museumek.eu\/wp-content\/uploads\/2014\/10\/1664.jpg 600w\" sizes=\"(max-width: 271px) 100vw, 271px\" \/><\/a><\/p>\n<p><a href=\"http:\/\/museumek.eu\/?attachment_id=33647\" rel=\"attachment wp-att-33647\"><img loading=\"lazy\" src=\"http:\/\/museumek.eu\/wp-content\/uploads\/2014\/10\/1665-298x300.jpg\" alt=\"\" title=\"1665\" width=\"298\" height=\"300\" class=\"alignnone size-medium wp-image-33647\" srcset=\"http:\/\/museumek.eu\/wp-content\/uploads\/2014\/10\/1665-298x300.jpg 298w, http:\/\/museumek.eu\/wp-content\/uploads\/2014\/10\/1665-150x150.jpg 150w, http:\/\/museumek.eu\/wp-content\/uploads\/2014\/10\/1665.jpg 653w\" sizes=\"(max-width: 298px) 100vw, 298px\" \/><\/a><\/p>\n","protected":false},"excerpt":{"rendered":"<p>Abteilung Schweiz, Keramik 1860 \u2013 1960, Inventarnummer CH\/I\/1 Fabrique C\u00e9ramique J. Wanzenried, Ing\u00e9nieur \u00e0 Thoune und Nachfolger Fabrique C\u00e9ramique J. Wanzenried, Ing\u00e9nieur \u00e0 Thoune, Inh. Marie Luise Wanzenried Wwe. und Nachfolger Kunstt\u00f6pferei Emil Lengacher und Nachfolger Kunstt\u00f6pferei Emil Loder &#038; &hellip; <a href=\"http:\/\/museumek.eu\/?page_id=33655\">Weiterlesen <span class=\"meta-nav\">&rarr;<\/span><\/a><\/p>\n","protected":false},"author":1,"featured_media":0,"parent":33652,"menu_order":1,"comment_status":"closed","ping_status":"open","template":"","meta":[],"_links":{"self":[{"href":"http:\/\/museumek.eu\/index.php?rest_route=\/wp\/v2\/pages\/33655"}],"collection":[{"href":"http:\/\/museumek.eu\/index.php?rest_route=\/wp\/v2\/pages"}],"about":[{"href":"http:\/\/museumek.eu\/index.php?rest_route=\/wp\/v2\/types\/page"}],"author":[{"embeddable":true,"href":"http:\/\/museumek.eu\/index.php?rest_route=\/wp\/v2\/users\/1"}],"replies":[{"embeddable":true,"href":"http:\/\/museumek.eu\/index.php?rest_route=%2Fwp%2Fv2%2Fcomments&post=33655"}],"version-history":[{"count":10,"href":"http:\/\/museumek.eu\/index.php?rest_route=\/wp\/v2\/pages\/33655\/revisions"}],"predecessor-version":[{"id":33665,"href":"http:\/\/museumek.eu\/index.php?rest_route=\/wp\/v2\/pages\/33655\/revisions\/33665"}],"up":[{"embeddable":true,"href":"http:\/\/museumek.eu\/index.php?rest_route=\/wp\/v2\/pages\/33652"}],"wp:attachment":[{"href":"http:\/\/museumek.eu\/index.php?rest_route=%2Fwp%2Fv2%2Fmedia&parent=33655"}],"curies":[{"name":"wp","href":"https:\/\/api.w.org\/{rel}","templated":true}]}}