{"id":33736,"date":"2014-10-15T19:35:34","date_gmt":"2014-10-15T17:35:34","guid":{"rendered":"http:\/\/museumek.eu\/?page_id=33736"},"modified":"2014-10-15T19:39:35","modified_gmt":"2014-10-15T17:39:35","slug":"dcxv3","status":"publish","type":"page","link":"http:\/\/museumek.eu\/?page_id=33736","title":{"rendered":"D\/CXV\/3"},"content":{"rendered":"<p><strong>Abteilung Deutschland, Keramik 1860 \u2013 1960, Inventarnummer D\/CXV\/3<\/strong><\/p>\n<p>Steinzeugfabrik Hauber &#038; Reuther, vormals Steinzeugfabrik Albert Hauber &#038; Co., vormals Steinzeugfabrik Sch\u00f6n &#038; Hauber, vormals Steinzeugfabrik Sch\u00f6n &#038; Borho, Deutschland, Freising, um 1886, Kanne, K\u00fcnstler unbekannt, Werks.-Nr. 248, Exemplar Nr. ohne, gemarkt Firmenmarke mit HR (f\u00fcr Hauber &#038; Reuther) sowie 248 gepresst, nicht signiert, Literatur: Irmgard und Werner Endres, Regensburger Steinzeug, S 13, Beschreibung zu Max Borho und zu Hauber &#038; Reuther sowie Seite 48, HR Marke als Hauber &#038; Reuther vermutet (erst 1988\/90 wurde durch Grabungen auf dem ehemaligen Fabrikgel\u00e4nde diverse keramische Abf\u00e4lle gefunden, die mit HR gemarkt waren und somit den Beweis f\u00fcr die Zuordnung der Marke HR zu Hauber &#038; Reuther lieferten), der um 1870 in der Westerw\u00e4lder keramischen Industrie arbeitende Max (Maximilian) Borho gr\u00fcndete 1874 zusammen mit August Zinkl und dessen Schwager Rudolf Thaller in Regensburg die keramische Fabrik Borho Zinkl &#038; Comp. Steinzeug-Manufactur &#038; Fabrikation imitirter alterth\u00fcmlicher Schau- &#038; Trinkgef\u00e4\u00dfe, die sp\u00e4tere Steinzeugfabrik von Gustav Friedrich Thenn, da es in der Regensburger Gegend keine hochwertigen Tone gab, war es sicher Borho, der Tonlieferung aus dem Westerwald organisierte, mit hoher Wahrscheinlichkeit ausschlie\u00dflich von der Firma Reinhold Hanke Fabrik altdeutscher Steinzeug-Kr\u00fcge, diese Vorgeschichte zu Max Borho ist insofern wichtig, weil Borho bereits im September 1875 seine Anteile an der Regensburger Firma verkauft und ab 1876 in Freising Mitbegr\u00fcnder der Steinzeugfabrik Adam Sch\u00f6n &#038; Max Borho wird, auch diese Fabrik bezieht das Tonmaterial aus dem Westerwald, sicher auch nur von der Firma Reinhold Hanke Fabrik altdeutscher Steinzeug-Kr\u00fcge, Borho verl\u00e4\u00dft diese Fabrik noch im Gr\u00fcndungsjahr und Albert Hauber aus Ludwigsburg wird Miteigent\u00fcmer, die Fabrik firmiert als Steinzeugfabrik Sch\u00f6n &#038; Hauber, 1878 verkauft Adam Sch\u00f6n seine Anteile an Albert Hauber, die Firmierung lautet nun Steinzeugfabrik Albert Hauber &#038; Co., ab 1882 wird Hans Reuther Miteigent\u00fcmer, die Fabrik firmiert als Steinzeugfabrik Hauber &#038; Reuther, im Jahre 1886 verloren auf Grund auslaufender Vertr\u00e4ge und mit dem Tode von Reinhold Hanke (22.06.1886) sowohl die o. g. Regensburger Fabrik als auch die Steinzeugfabrik Hauber &#038; Reuther die Gesch\u00e4ftsgrundlage, da kein Ton aus dem Westerwald mehr bezogen werden konnte, die Thenn\u2019sche Fabrik in Regensburg stellte die Produktion ein und die Steinzeugfabrik Hauber &#038; Reuther stellte die Produktion auf Porzellan um, gleichzeitig verschaffte sich die Fabrik Liefervertr\u00e4ge f\u00fcr Halbfertigprodukte mit folgenden Westerw\u00e4lder Fabriken, erstens, der Steingut- und Steinzeugfabrik, Kunstt\u00f6pferei, Zinngie\u00dferei Merkelbach und Wick (Lieferung von 1886 bis 1897), zweitens, Simon Peter Gerz I. Fabrik antiker reichverzierter Steinzeugwaaren und drittens, Albert Jacob Thewalt, Fabrik fein verzierter Steinzeugwaren, die Steinzeugfabrik Hauber &#038; Reuther dekorierte und veredelte die Halbfertigprodukte, nicht recherchiert werden konnte, ob die Fabrik ab Zulieferung der Halbfertigprodukte aus dem Westerwald nur noch als Veredler t\u00e4tig war oder ob auch weiterhin Porzellan produziert wurde, sicher ist, dass ab 1886 keine eigenen Steinzeugartikel mehr hergestellt worden sind, bis 1882 war keine Fabrikmarke im Gebrauch, die Produkte vor 1882 sind nur durch die Art und Weise der Literung erkennbar, soweit \u00fcberhaupt eine solche angebracht worden ist, ab 1882 erfolgte die Markung mit sich \u00e4ndernden HR Stempeln und HR Aufmalungen, manchmal in Kombination mit Marken der o. g. Westerw\u00e4lder Halbfertigfabrikatproduzenten, die Fabrik stellte 1907 die Produktion ein, auf der homepage http:\/\/home.kendra.com\/altekruge\/pss\/marksetc.htm findet sich eine von John McGregor zusammengestellte \u00dcbersicht \u00fcber die verschiedenen Literstempel und Fabrikmarken, gem\u00e4\u00df dieser homepage, wurde die HR Marke des MEK Exemplares von Hauber &#038; Reuther in der Zeit um 1886 f\u00fcr alle von Merkelbach &#038; Wick bezogenen Hablbfertigfabrikate verwendet, die Zinnmontur wurde von Hauber &#038; Reuther selbst gefertigt, im Zinndeckel findet sich folgende Pressung: HR. RZ., f\u00fcr Hauber &#038; Reuther Reichs Zinn, keine Literangabe, MEK Nachmessung: 1,5 L,<br \/>\nH\u00f6he 20,5 cm, Breite 16,5 cm (nur die Keramik)<\/p>\n<p><a href=\"http:\/\/museumek.eu\/?attachment_id=33737\" rel=\"attachment wp-att-33737\"><img loading=\"lazy\" src=\"http:\/\/museumek.eu\/wp-content\/uploads\/2014\/10\/1694-147x300.jpg\" alt=\"\" title=\"1694\" width=\"147\" height=\"300\" class=\"alignnone size-medium wp-image-33737\" srcset=\"http:\/\/museumek.eu\/wp-content\/uploads\/2014\/10\/1694-147x300.jpg 147w, http:\/\/museumek.eu\/wp-content\/uploads\/2014\/10\/1694-73x150.jpg 73w, http:\/\/museumek.eu\/wp-content\/uploads\/2014\/10\/1694.jpg 393w\" sizes=\"(max-width: 147px) 100vw, 147px\" \/><\/a><\/p>\n<p><a href=\"http:\/\/museumek.eu\/?attachment_id=33738\" rel=\"attachment wp-att-33738\"><img loading=\"lazy\" src=\"http:\/\/museumek.eu\/wp-content\/uploads\/2014\/10\/1695-157x300.jpg\" alt=\"\" title=\"1695\" width=\"157\" height=\"300\" class=\"alignnone size-medium wp-image-33738\" srcset=\"http:\/\/museumek.eu\/wp-content\/uploads\/2014\/10\/1695-157x300.jpg 157w, http:\/\/museumek.eu\/wp-content\/uploads\/2014\/10\/1695-78x150.jpg 78w, http:\/\/museumek.eu\/wp-content\/uploads\/2014\/10\/1695.jpg 419w\" sizes=\"(max-width: 157px) 100vw, 157px\" \/><\/a><\/p>\n<p><a href=\"http:\/\/museumek.eu\/?attachment_id=33739\" rel=\"attachment wp-att-33739\"><img loading=\"lazy\" src=\"http:\/\/museumek.eu\/wp-content\/uploads\/2014\/10\/1696-178x300.jpg\" alt=\"\" title=\"1696\" width=\"178\" height=\"300\" class=\"alignnone size-medium wp-image-33739\" srcset=\"http:\/\/museumek.eu\/wp-content\/uploads\/2014\/10\/1696-178x300.jpg 178w, http:\/\/museumek.eu\/wp-content\/uploads\/2014\/10\/1696-89x150.jpg 89w, http:\/\/museumek.eu\/wp-content\/uploads\/2014\/10\/1696.jpg 476w\" sizes=\"(max-width: 178px) 100vw, 178px\" \/><\/a><\/p>\n<p><a href=\"http:\/\/museumek.eu\/?attachment_id=33740\" rel=\"attachment wp-att-33740\"><img loading=\"lazy\" src=\"http:\/\/museumek.eu\/wp-content\/uploads\/2014\/10\/1697-155x300.jpg\" alt=\"\" title=\"1697\" width=\"155\" height=\"300\" class=\"alignnone size-medium wp-image-33740\" srcset=\"http:\/\/museumek.eu\/wp-content\/uploads\/2014\/10\/1697-155x300.jpg 155w, http:\/\/museumek.eu\/wp-content\/uploads\/2014\/10\/1697-77x150.jpg 77w, http:\/\/museumek.eu\/wp-content\/uploads\/2014\/10\/1697.jpg 415w\" sizes=\"(max-width: 155px) 100vw, 155px\" \/><\/a><\/p>\n<p><a href=\"http:\/\/museumek.eu\/?attachment_id=33741\" rel=\"attachment wp-att-33741\"><img loading=\"lazy\" src=\"http:\/\/museumek.eu\/wp-content\/uploads\/2014\/10\/1698-171x300.jpg\" alt=\"\" title=\"1698\" width=\"171\" height=\"300\" class=\"alignnone size-medium wp-image-33741\" srcset=\"http:\/\/museumek.eu\/wp-content\/uploads\/2014\/10\/1698-171x300.jpg 171w, http:\/\/museumek.eu\/wp-content\/uploads\/2014\/10\/1698-85x150.jpg 85w, http:\/\/museumek.eu\/wp-content\/uploads\/2014\/10\/1698.jpg 458w\" sizes=\"(max-width: 171px) 100vw, 171px\" \/><\/a><\/p>\n<p><a href=\"http:\/\/museumek.eu\/?attachment_id=33742\" rel=\"attachment wp-att-33742\"><img loading=\"lazy\" src=\"http:\/\/museumek.eu\/wp-content\/uploads\/2014\/10\/1699-126x300.jpg\" alt=\"\" title=\"1699\" width=\"126\" height=\"300\" class=\"alignnone size-medium wp-image-33742\" srcset=\"http:\/\/museumek.eu\/wp-content\/uploads\/2014\/10\/1699-126x300.jpg 126w, http:\/\/museumek.eu\/wp-content\/uploads\/2014\/10\/1699-63x150.jpg 63w\" sizes=\"(max-width: 126px) 100vw, 126px\" \/><\/a><\/p>\n<p><a href=\"http:\/\/museumek.eu\/?attachment_id=33748\" rel=\"attachment wp-att-33748\"><img loading=\"lazy\" src=\"http:\/\/museumek.eu\/wp-content\/uploads\/2014\/10\/17001-209x300.jpg\" alt=\"\" title=\"1700\" width=\"209\" height=\"300\" class=\"alignnone size-medium wp-image-33748\" srcset=\"http:\/\/museumek.eu\/wp-content\/uploads\/2014\/10\/17001-209x300.jpg 209w, http:\/\/museumek.eu\/wp-content\/uploads\/2014\/10\/17001-104x150.jpg 104w, http:\/\/museumek.eu\/wp-content\/uploads\/2014\/10\/17001.jpg 559w\" sizes=\"(max-width: 209px) 100vw, 209px\" \/><\/a><\/p>\n<p><a href=\"http:\/\/museumek.eu\/?attachment_id=33749\" rel=\"attachment wp-att-33749\"><img loading=\"lazy\" src=\"http:\/\/museumek.eu\/wp-content\/uploads\/2014\/10\/1701-300x209.jpg\" alt=\"\" title=\"1701\" width=\"300\" height=\"209\" class=\"alignnone size-medium wp-image-33749\" srcset=\"http:\/\/museumek.eu\/wp-content\/uploads\/2014\/10\/1701-300x209.jpg 300w, http:\/\/museumek.eu\/wp-content\/uploads\/2014\/10\/1701-150x104.jpg 150w, http:\/\/museumek.eu\/wp-content\/uploads\/2014\/10\/1701-428x300.jpg 428w, http:\/\/museumek.eu\/wp-content\/uploads\/2014\/10\/1701.jpg 433w\" sizes=\"(max-width: 300px) 100vw, 300px\" \/><\/a><\/p>\n<p><a href=\"http:\/\/museumek.eu\/?attachment_id=33751\" rel=\"attachment wp-att-33751\"><img loading=\"lazy\" src=\"http:\/\/museumek.eu\/wp-content\/uploads\/2014\/10\/1702-218x300.jpg\" alt=\"\" title=\"1702\" width=\"218\" height=\"300\" class=\"alignnone size-medium wp-image-33751\" srcset=\"http:\/\/museumek.eu\/wp-content\/uploads\/2014\/10\/1702-218x300.jpg 218w, http:\/\/museumek.eu\/wp-content\/uploads\/2014\/10\/1702-109x150.jpg 109w, http:\/\/museumek.eu\/wp-content\/uploads\/2014\/10\/1702.jpg 328w\" sizes=\"(max-width: 218px) 100vw, 218px\" \/><\/a><\/p>\n<p><a href=\"http:\/\/museumek.eu\/?attachment_id=33752\" rel=\"attachment wp-att-33752\"><img loading=\"lazy\" src=\"http:\/\/museumek.eu\/wp-content\/uploads\/2014\/10\/1703-300x152.jpg\" alt=\"\" title=\"1703\" width=\"300\" height=\"152\" class=\"alignnone size-medium wp-image-33752\" srcset=\"http:\/\/museumek.eu\/wp-content\/uploads\/2014\/10\/1703-300x152.jpg 300w, http:\/\/museumek.eu\/wp-content\/uploads\/2014\/10\/1703-150x76.jpg 150w, http:\/\/museumek.eu\/wp-content\/uploads\/2014\/10\/1703-500x254.jpg 500w, http:\/\/museumek.eu\/wp-content\/uploads\/2014\/10\/1703.jpg 537w\" sizes=\"(max-width: 300px) 100vw, 300px\" \/><\/a><\/p>\n","protected":false},"excerpt":{"rendered":"<p>Abteilung Deutschland, Keramik 1860 \u2013 1960, Inventarnummer D\/CXV\/3 Steinzeugfabrik Hauber &#038; Reuther, vormals Steinzeugfabrik Albert Hauber &#038; Co., vormals Steinzeugfabrik Sch\u00f6n &#038; Hauber, vormals Steinzeugfabrik Sch\u00f6n &#038; Borho, Deutschland, Freising, um 1886, Kanne, K\u00fcnstler unbekannt, Werks.-Nr. 248, Exemplar Nr. ohne, &hellip; <a href=\"http:\/\/museumek.eu\/?page_id=33736\">Weiterlesen <span class=\"meta-nav\">&rarr;<\/span><\/a><\/p>\n","protected":false},"author":1,"featured_media":0,"parent":31500,"menu_order":3,"comment_status":"closed","ping_status":"open","template":"","meta":[],"_links":{"self":[{"href":"http:\/\/museumek.eu\/index.php?rest_route=\/wp\/v2\/pages\/33736"}],"collection":[{"href":"http:\/\/museumek.eu\/index.php?rest_route=\/wp\/v2\/pages"}],"about":[{"href":"http:\/\/museumek.eu\/index.php?rest_route=\/wp\/v2\/types\/page"}],"author":[{"embeddable":true,"href":"http:\/\/museumek.eu\/index.php?rest_route=\/wp\/v2\/users\/1"}],"replies":[{"embeddable":true,"href":"http:\/\/museumek.eu\/index.php?rest_route=%2Fwp%2Fv2%2Fcomments&post=33736"}],"version-history":[{"count":9,"href":"http:\/\/museumek.eu\/index.php?rest_route=\/wp\/v2\/pages\/33736\/revisions"}],"predecessor-version":[{"id":33756,"href":"http:\/\/museumek.eu\/index.php?rest_route=\/wp\/v2\/pages\/33736\/revisions\/33756"}],"up":[{"embeddable":true,"href":"http:\/\/museumek.eu\/index.php?rest_route=\/wp\/v2\/pages\/31500"}],"wp:attachment":[{"href":"http:\/\/museumek.eu\/index.php?rest_route=%2Fwp%2Fv2%2Fmedia&parent=33736"}],"curies":[{"name":"wp","href":"https:\/\/api.w.org\/{rel}","templated":true}]}}