{"id":33831,"date":"2014-10-20T19:32:14","date_gmt":"2014-10-20T17:32:14","guid":{"rendered":"http:\/\/museumek.eu\/?page_id=33831"},"modified":"2015-07-12T13:59:27","modified_gmt":"2015-07-12T11:59:27","slug":"dxxxvii27","status":"publish","type":"page","link":"http:\/\/museumek.eu\/?page_id=33831","title":{"rendered":"D\/XXXVII\/27"},"content":{"rendered":"<p><strong>Abteilung Deutschland, Keramik 1860 \u2013 1960, Inventarnummer D\/XXXVII\/27<\/strong><\/p>\n<p>Thonwaaren \u2013 Fabrik Marzi &#038; Remy, Deutschland, H\u00f6hr, um 1910, Krug, K\u00fcnstler Hans Christiansen (attr.), Werks.-Nr. 2013, Exemplar Nr. ohne, gemarkt keine Firmenmarke aber GESETZL. GESCH\u00dcTZT, 2013, 23 sowie 1 L. \u00fcber Eichstrich gepresst, nicht signiert, Literatur: J\u00fcrgen Erlebach, J\u00fcrgen Schimanski, Westerw\u00e4lder Steinzeug, Die Neue \u00c4ra 1900 \u2013 1930, Jugendstil und Werkbund, Seite 72, Marke Nr. 16 identisch sowie Abbildungen Nr. 122 sowie 126, Seidel mit identischen Motiven, weitere Literatur: J\u00fcrgen Schimanski, Braun geflammt und grau gesalzen, Seite 128, Abbildung Nr. 234 b, identischer Krug mit Zuschreibung zu Christiansen, (das MEK h\u00e4lt die Zuschreibung zu Christiansen f\u00fcr nicht nachgewiesen, Schimanski beruft sich f\u00fcr die Zuschreibung auf eine Fliese der D.T. \u2013AG f\u00fcr die Christiansen nachweislich Entw\u00fcrfe geliefert hat, das ist zwar richtig aber die von ihm angef\u00fchrte und abgebildete Fliese ist ein Fabrikat der Fabrik Utzschneider &#038; Cie., f\u00fcr die Christiansen keinerlei Entw\u00fcrfe geliefert hat, deshalb ordnet das MEK den Krug bez\u00fcglich der K\u00fcnstlerzuschreibung als Entwurf nach Christiansen ein), Seite 203, Beschreibung der Fabrik sowie Marke Nr. 16 identisch, au\u00dferdem dort beschrieben, dass eine eigene Firmenmarke (Anmerkung MEK: die stilisierte T\u00f6pfermarke, bestehend aus Mittelachse, daran Antriebstretscheibe, diese immer in einem quadratischen oder trapezf\u00f6rmigen Rahmen) erst Anfang der 1920\u2018 Jahre eingef\u00fchrt worden ist und dass Erzeugnisse der fr\u00fcheren Jahre oft mit dem Schriftzug \u201eGesetzl. Gesch\u00fctzt\u201c (Anmerkung MEK: richtige Schreibweise des Stempels eigentlich mit Gro\u00dfbuchstaben und nicht wie bei Schimanski klein geschrieben, also GESETZL. GESCH\u00dcTZT) gemarkt sind, dieser Beschreibung stimmt das MEK bez\u00fcglich der Firmenmarke nicht zu, das MEK Exemplar D\/XXXVII\/64 widerlegt diese Aussage, vor, bis um 1900, wurde der M &#038; R. darunter H. in einem Rechteck Stempel verwendet, diesen gibt es auch noch als ausgeschriebene Variante (MARZI &#038; REMY darunter H\u00d6HR.), dann nicht in einem Rechteck, sogar mit dem Zusatzstempel GESETZL. GESCH\u00dcTZT, siehe http:\/\/www.steinmarks.co.uk\/pages\/pv.asp?p=stein164, dort unter Marzi &#038; Remy diese Stempelvariante abgebildet als auch die Stempelvariante des oben genannten MEK Exemplares, M &#038; R. darunter H. steht <strong>nicht<\/strong> f\u00fcr Merkelbach &#038; Remy, einer Westerw\u00e4lder Fabrik, die in der gleichen Zeit produzierte und f\u00fcr die bisher in der Fachliteratur noch keine Firmenmarke nachgewiesen worden ist, weil sich diese Fabrik in Grenzhausen und nicht in H\u00f6hr befand, bis 1936 waren die beiden Ortschaften eigenst\u00e4ndig und wurden erst am 01.04.1936 zusammen mit der Gemeinde Grenzau zu H\u00f6hr-Grenzhausen zusammengeschlossen, die Fabrik wurde 1879 von Anton Marzi und seinem Schwager Simon Peter Remy in H\u00f6hr gegr\u00fcndet und firmierte als Thonwaaren \u2013 Fabrik Marzi &#038; Remy, ab 1881 wurde eine eigene Zinngie\u00dferei angeschafft und ab 1883 neben dem grau \u2013 blau salzglasiertem Steinzeug auch Elfenbeinsteinzeug produziert, Simon Peter Remy verstarb 1919 und sein Sohn Werner Remy trat in die Fabrik ein, 1924 verstarb Anton Marzi und sein Schwiegersohn Johann Otto B\u00fchler trat in die Fabrik ein, Werner Remy verlie\u00df 1931 die Fabrik, 1941 trat Johann Otto B\u00fchlers Sohn Otto B\u00fchler in die Fabrik ein und 1953 dessen Sohn Otto Georg B\u00fchler, die Fabrik war bis zum Konkurs in den 1990\u2018 Jahren immer in Familienbesitz, <strong>der 1,1 cm breite und 1,1 cm hohe 1 Liter \u00fcber Eichstrich Stempel, dient dem MEK als Identifizierungsstempel f\u00fcr nicht mit einer Firmenmarke versehene Fabrikate von Marzi &#038; Remy<\/strong>,  siehe auch MEK D\/XXXVII\/28, identischer Krug mit Zinndeckel, Ausf\u00fchrung als Steinzeug graublau salzglasiert,<br \/>\nH\u00f6he 18 cm, Breite 15,5 cm<\/p>\n<p><a href=\"http:\/\/museumek.eu\/?attachment_id=33832\" rel=\"attachment wp-att-33832\"><img loading=\"lazy\" src=\"http:\/\/museumek.eu\/wp-content\/uploads\/2014\/10\/1552-175x300.jpg\" alt=\"\" title=\"1552\" width=\"175\" height=\"300\" class=\"alignnone size-medium wp-image-33832\" srcset=\"http:\/\/museumek.eu\/wp-content\/uploads\/2014\/10\/1552-175x300.jpg 175w, http:\/\/museumek.eu\/wp-content\/uploads\/2014\/10\/1552-87x150.jpg 87w, http:\/\/museumek.eu\/wp-content\/uploads\/2014\/10\/1552.jpg 468w\" sizes=\"(max-width: 175px) 100vw, 175px\" \/><\/a><\/p>\n<p><a href=\"http:\/\/museumek.eu\/?attachment_id=33833\" rel=\"attachment wp-att-33833\"><img loading=\"lazy\" src=\"http:\/\/museumek.eu\/wp-content\/uploads\/2014\/10\/1553-244x300.jpg\" alt=\"\" title=\"1553\" width=\"244\" height=\"300\" class=\"alignnone size-medium wp-image-33833\" srcset=\"http:\/\/museumek.eu\/wp-content\/uploads\/2014\/10\/1553-244x300.jpg 244w, http:\/\/museumek.eu\/wp-content\/uploads\/2014\/10\/1553-122x150.jpg 122w, http:\/\/museumek.eu\/wp-content\/uploads\/2014\/10\/1553.jpg 600w\" sizes=\"(max-width: 244px) 100vw, 244px\" \/><\/a><\/p>\n<p><a href=\"http:\/\/museumek.eu\/?attachment_id=33834\" rel=\"attachment wp-att-33834\"><img loading=\"lazy\" src=\"http:\/\/museumek.eu\/wp-content\/uploads\/2014\/10\/1554-241x300.jpg\" alt=\"\" title=\"1554\" width=\"241\" height=\"300\" class=\"alignnone size-medium wp-image-33834\" srcset=\"http:\/\/museumek.eu\/wp-content\/uploads\/2014\/10\/1554-241x300.jpg 241w, http:\/\/museumek.eu\/wp-content\/uploads\/2014\/10\/1554-120x150.jpg 120w, http:\/\/museumek.eu\/wp-content\/uploads\/2014\/10\/1554.jpg 600w\" sizes=\"(max-width: 241px) 100vw, 241px\" \/><\/a><\/p>\n<p><a href=\"http:\/\/museumek.eu\/?attachment_id=33835\" rel=\"attachment wp-att-33835\"><img loading=\"lazy\" src=\"http:\/\/museumek.eu\/wp-content\/uploads\/2014\/10\/1555-169x300.jpg\" alt=\"\" title=\"1555\" width=\"169\" height=\"300\" class=\"alignnone size-medium wp-image-33835\" srcset=\"http:\/\/museumek.eu\/wp-content\/uploads\/2014\/10\/1555-169x300.jpg 169w, http:\/\/museumek.eu\/wp-content\/uploads\/2014\/10\/1555-84x150.jpg 84w\" sizes=\"(max-width: 169px) 100vw, 169px\" \/><\/a><\/p>\n<p><a href=\"http:\/\/museumek.eu\/?attachment_id=33836\" rel=\"attachment wp-att-33836\"><img loading=\"lazy\" src=\"http:\/\/museumek.eu\/wp-content\/uploads\/2014\/10\/1556-201x300.jpg\" alt=\"\" title=\"1556\" width=\"201\" height=\"300\" class=\"alignnone size-medium wp-image-33836\" srcset=\"http:\/\/museumek.eu\/wp-content\/uploads\/2014\/10\/1556-201x300.jpg 201w, http:\/\/museumek.eu\/wp-content\/uploads\/2014\/10\/1556-100x150.jpg 100w, http:\/\/museumek.eu\/wp-content\/uploads\/2014\/10\/1556.jpg 538w\" sizes=\"(max-width: 201px) 100vw, 201px\" \/><\/a><\/p>\n<p><a href=\"http:\/\/museumek.eu\/?attachment_id=33837\" rel=\"attachment wp-att-33837\"><img loading=\"lazy\" src=\"http:\/\/museumek.eu\/wp-content\/uploads\/2014\/10\/1557-300x262.jpg\" alt=\"\" title=\"1557\" width=\"300\" height=\"262\" class=\"alignnone size-medium wp-image-33837\" srcset=\"http:\/\/museumek.eu\/wp-content\/uploads\/2014\/10\/1557-300x262.jpg 300w, http:\/\/museumek.eu\/wp-content\/uploads\/2014\/10\/1557-150x131.jpg 150w, http:\/\/museumek.eu\/wp-content\/uploads\/2014\/10\/1557-343x300.jpg 343w, http:\/\/museumek.eu\/wp-content\/uploads\/2014\/10\/1557.jpg 517w\" sizes=\"(max-width: 300px) 100vw, 300px\" \/><\/a><\/p>\n","protected":false},"excerpt":{"rendered":"<p>Abteilung Deutschland, Keramik 1860 \u2013 1960, Inventarnummer D\/XXXVII\/27 Thonwaaren \u2013 Fabrik Marzi &#038; Remy, Deutschland, H\u00f6hr, um 1910, Krug, K\u00fcnstler Hans Christiansen (attr.), Werks.-Nr. 2013, Exemplar Nr. ohne, gemarkt keine Firmenmarke aber GESETZL. GESCH\u00dcTZT, 2013, 23 sowie 1 L. \u00fcber &hellip; <a href=\"http:\/\/museumek.eu\/?page_id=33831\">Weiterlesen <span class=\"meta-nav\">&rarr;<\/span><\/a><\/p>\n","protected":false},"author":1,"featured_media":0,"parent":31725,"menu_order":27,"comment_status":"closed","ping_status":"open","template":"","meta":[],"_links":{"self":[{"href":"http:\/\/museumek.eu\/index.php?rest_route=\/wp\/v2\/pages\/33831"}],"collection":[{"href":"http:\/\/museumek.eu\/index.php?rest_route=\/wp\/v2\/pages"}],"about":[{"href":"http:\/\/museumek.eu\/index.php?rest_route=\/wp\/v2\/types\/page"}],"author":[{"embeddable":true,"href":"http:\/\/museumek.eu\/index.php?rest_route=\/wp\/v2\/users\/1"}],"replies":[{"embeddable":true,"href":"http:\/\/museumek.eu\/index.php?rest_route=%2Fwp%2Fv2%2Fcomments&post=33831"}],"version-history":[{"count":19,"href":"http:\/\/museumek.eu\/index.php?rest_route=\/wp\/v2\/pages\/33831\/revisions"}],"predecessor-version":[{"id":42185,"href":"http:\/\/museumek.eu\/index.php?rest_route=\/wp\/v2\/pages\/33831\/revisions\/42185"}],"up":[{"embeddable":true,"href":"http:\/\/museumek.eu\/index.php?rest_route=\/wp\/v2\/pages\/31725"}],"wp:attachment":[{"href":"http:\/\/museumek.eu\/index.php?rest_route=%2Fwp%2Fv2%2Fmedia&parent=33831"}],"curies":[{"name":"wp","href":"https:\/\/api.w.org\/{rel}","templated":true}]}}