{"id":33855,"date":"2014-10-21T23:26:00","date_gmt":"2014-10-21T21:26:00","guid":{"rendered":"http:\/\/museumek.eu\/?page_id=33855"},"modified":"2014-10-21T23:26:50","modified_gmt":"2014-10-21T21:26:50","slug":"dxlv44","status":"publish","type":"page","link":"http:\/\/museumek.eu\/?page_id=33855","title":{"rendered":"D\/XLV\/44"},"content":{"rendered":"<p><strong>Abteilung Deutschland, Keramik 1860 \u2013 1960, Inventarnummer D\/XLV\/44<\/strong><\/p>\n<p>Steinzeug- &#038; Thonwaarenfabrik, Zinngiesserei &#038; Malerei Reinhold Merkelbach und Nachfolger Steinzeug- und Hartsteingutfabrik, Zinngie\u00dfereien und Malereien Reinhold Merkelbach, Deutschland, Grenzhausen, um 1900, Krug, K\u00fcnstler unbekannt, Werks.-Nr. 1119, Exemplar Nr. ohne, gemarkt keine Firmenmarke aber K, 1119 sowie 1 L. \u00fcber Eichstrich gepresst, 1119 unter dem Henkel geritzt, nicht signiert, Literatur: Gisela Reineking von Bock, Meister der deutschen Keramik, Seite 221 ff., Fabrikbeschreibung, 1845 gr\u00fcndete Wilhelm Merkelbach (1817 \u2013 1859) in Grenzhausen eine Kannenb\u00e4ckerei, wann sich diese zur Steinzeugfabrik weiterentwickelte und wie diese Fabrik firmierte konnte nicht recherchiert werden, nach dem fr\u00fchen Tod von Wilhelm Merkelbach \u00fcbernahm dessen Sohn Wilhelm Reinhold Merkelbach (1847 \u2013 1891) die Fabrik, wie Reinhold Merkelbach direkt nach der \u00dcbernahme firmierte konnte nicht recherchiert werden, sp\u00e4testens ab 1892 firmierte die Fabrik als Steinzeug- &#038; Thonwaarenfabrik, Zinngiesserei &#038; Malerei Reinhold Merkelbach, dies ergibt sich aus dem Preis-Courant des Jahres 1892, seit 1878 hatte die Fabrik ein Fabriklager in M\u00fcnchen, welches ab 1891 als Bierkrugfabrikniederlage, Inh. Tosca Merkelbach, Grenzhausen bezeichnet wurde, nach Reinhold Merkelbachs Tod 1891 f\u00fchrte seine Witwe Tosca Merkelbach die Fabrik weiter, bis die S\u00f6hne Paul Merkelbach (1882 \u2013 1917) und Reinhold Merkelbach (1885 \u2013 1918) am 23.05.1907 die Fabrik \u00fcbernahmen, ab 1905 firmierte die Fabrik als Steinzeug- und Hartsteingutfabrik, Zinngie\u00dfereien und Malereien Reinhold Merkelbach, dies ergibt sich aus der Spezialpreisliste des Jahres 1905, im Zuge der Fabrik\u00fcbergabe an die S\u00f6hne wurde die Niederlage in M\u00fcnchen gel\u00f6scht und daf\u00fcr als selbstst\u00e4ndiges Unternehmen neu gegr\u00fcndet, nach dem beide S\u00f6hne im WK I gefallen waren, \u00fcbernahm wieder Tosca Merkelbach die Leitung der Fabrik, 1911 gr\u00fcndete die Fabrik zusammen mit den Fabriken M\u00fcller, Hanke und Gerz die Steinzeugwerke H\u00f6hr-Grenzhausen GmbH, um sich gegenseitig im Vertrieb und in der Produktion zu bef\u00f6rdern, bis zum Jahre 1918 stiegen die Fabriken M\u00fcller, Hanke und Gerz wieder aus der GmbH aus, Merkelbach \u00fcbernahm viele der Formen der anderen Fabriken und die GmbH ging im Laufe der n\u00e4chsten Jahre in die Steinzeugfabrik Reinhold Merkelbach auf, w\u00e4hrend des Bestehens der GmbH stellten die Fabriken jeweils auch Steinzeuge nach den Formen der anderen Fabriken her, die GmbH hatte keinen eigenen Markenstempel, die Produkte, auch die nach den Formen der anderen Fabriken hergestellten, wurden mit der jeweils eigenen Marke gekennzeichnet soweit \u00fcberhaupt gemarkt worden ist, nach Tosca Merkelbachs Tod f\u00fchrte die Schwiegertochter Gertrud Merkelbach, wohl zusammen mit anderen Verwandten und nicht verwandten Gesch\u00e4ftsf\u00fchrern die Fabrik weiter, 1957 \u00fcbernahm Prof. Reinhold Paul Bernhard Merkelbach (1918 \u2013 2006), ein Enkel von Reinhold Merkelbach, die Leitung der Fabrik, ab 1970 \u00e4nderte die Fabrik mehrmals ihre Firmierung und ab 1971 stieg die Goebel\u2019sche Porzellanfabrik erst mit 50 % sp\u00e4ter dann mit 100 % in die Eigentumsverh\u00e4ltnisse der Fabrik ein, 1988 kauften Familienangeh\u00f6rige der Merkelbachs zusammen mit Investoren die Fabrik zur\u00fcck, ab 1995 bis 2007 leitete die Familienangeh\u00f6rige Judith Engelmann, geb. Merkelbach die Fabrik, 2007 wurde die Produktion aufgegeben und die Steinzeugfabrik Matthias Girmscheid \u00fcbernahm viele der Formen, sowohl Goebel als auch Girmscheid produzierten viele Jugendstilentw\u00fcrfe als Neuauflagen, Fabrikzuschreibung: gem\u00e4\u00df des 1 Liter Stempels des mit der Fabrikmarke versehenen MEK Exemplares D\/XLV\/43, Zinndeckel mit Motiv nach Vorlage eines unbekannten K\u00fcnstlers,<br \/>\nH\u00f6he 21,3 cm, Breite 18,2 cm (nur die Keramik)<\/p>\n<p><a href=\"http:\/\/museumek.eu\/?attachment_id=33856\" rel=\"attachment wp-att-33856\"><img loading=\"lazy\" src=\"http:\/\/museumek.eu\/wp-content\/uploads\/2014\/10\/1281-145x300.jpg\" alt=\"\" title=\"1281\" width=\"145\" height=\"300\" class=\"alignnone size-medium wp-image-33856\" srcset=\"http:\/\/museumek.eu\/wp-content\/uploads\/2014\/10\/1281-145x300.jpg 145w, http:\/\/museumek.eu\/wp-content\/uploads\/2014\/10\/1281-72x150.jpg 72w\" sizes=\"(max-width: 145px) 100vw, 145px\" \/><\/a><\/p>\n<p><a href=\"http:\/\/museumek.eu\/?attachment_id=33857\" rel=\"attachment wp-att-33857\"><img loading=\"lazy\" src=\"http:\/\/museumek.eu\/wp-content\/uploads\/2014\/10\/1282-177x300.jpg\" alt=\"\" title=\"1282\" width=\"177\" height=\"300\" class=\"alignnone size-medium wp-image-33857\" srcset=\"http:\/\/museumek.eu\/wp-content\/uploads\/2014\/10\/1282-177x300.jpg 177w, http:\/\/museumek.eu\/wp-content\/uploads\/2014\/10\/1282-88x150.jpg 88w, http:\/\/museumek.eu\/wp-content\/uploads\/2014\/10\/1282.jpg 428w\" sizes=\"(max-width: 177px) 100vw, 177px\" \/><\/a><\/p>\n<p><a href=\"http:\/\/museumek.eu\/?attachment_id=33858\" rel=\"attachment wp-att-33858\"><img loading=\"lazy\" src=\"http:\/\/museumek.eu\/wp-content\/uploads\/2014\/10\/1284-166x300.jpg\" alt=\"\" title=\"1284\" width=\"166\" height=\"300\" class=\"alignnone size-medium wp-image-33858\" srcset=\"http:\/\/museumek.eu\/wp-content\/uploads\/2014\/10\/1284-166x300.jpg 166w, http:\/\/museumek.eu\/wp-content\/uploads\/2014\/10\/1284-83x150.jpg 83w, http:\/\/museumek.eu\/wp-content\/uploads\/2014\/10\/1284.jpg 401w\" sizes=\"(max-width: 166px) 100vw, 166px\" \/><\/a><\/p>\n<p><a href=\"http:\/\/museumek.eu\/?attachment_id=33859\" rel=\"attachment wp-att-33859\"><img loading=\"lazy\" src=\"http:\/\/museumek.eu\/wp-content\/uploads\/2014\/10\/1283-128x300.jpg\" alt=\"\" title=\"1283\" width=\"128\" height=\"300\" class=\"alignnone size-medium wp-image-33859\" srcset=\"http:\/\/museumek.eu\/wp-content\/uploads\/2014\/10\/1283-128x300.jpg 128w, http:\/\/museumek.eu\/wp-content\/uploads\/2014\/10\/1283-64x150.jpg 64w, http:\/\/museumek.eu\/wp-content\/uploads\/2014\/10\/1283.jpg 314w\" sizes=\"(max-width: 128px) 100vw, 128px\" \/><\/a><\/p>\n<p><a href=\"http:\/\/museumek.eu\/?attachment_id=33860\" rel=\"attachment wp-att-33860\"><img loading=\"lazy\" src=\"http:\/\/museumek.eu\/wp-content\/uploads\/2014\/10\/1285-274x300.jpg\" alt=\"\" title=\"1285\" width=\"274\" height=\"300\" class=\"alignnone size-medium wp-image-33860\" srcset=\"http:\/\/museumek.eu\/wp-content\/uploads\/2014\/10\/1285-274x300.jpg 274w, http:\/\/museumek.eu\/wp-content\/uploads\/2014\/10\/1285-137x150.jpg 137w, http:\/\/museumek.eu\/wp-content\/uploads\/2014\/10\/1285.jpg 548w\" sizes=\"(max-width: 274px) 100vw, 274px\" \/><\/a><\/p>\n<p><a href=\"http:\/\/museumek.eu\/?attachment_id=33861\" rel=\"attachment wp-att-33861\"><img loading=\"lazy\" src=\"http:\/\/museumek.eu\/wp-content\/uploads\/2014\/10\/1286-278x300.jpg\" alt=\"\" title=\"1286\" width=\"278\" height=\"300\" class=\"alignnone size-medium wp-image-33861\" srcset=\"http:\/\/museumek.eu\/wp-content\/uploads\/2014\/10\/1286-278x300.jpg 278w, http:\/\/museumek.eu\/wp-content\/uploads\/2014\/10\/1286-139x150.jpg 139w, http:\/\/museumek.eu\/wp-content\/uploads\/2014\/10\/1286.jpg 556w\" sizes=\"(max-width: 278px) 100vw, 278px\" \/><\/a><\/p>\n<p><a href=\"http:\/\/museumek.eu\/?attachment_id=33863\" rel=\"attachment wp-att-33863\"><img loading=\"lazy\" src=\"http:\/\/museumek.eu\/wp-content\/uploads\/2014\/10\/1287-270x300.jpg\" alt=\"\" title=\"1287\" width=\"270\" height=\"300\" class=\"alignnone size-medium wp-image-33863\" srcset=\"http:\/\/museumek.eu\/wp-content\/uploads\/2014\/10\/1287-270x300.jpg 270w, http:\/\/museumek.eu\/wp-content\/uploads\/2014\/10\/1287-135x150.jpg 135w, http:\/\/museumek.eu\/wp-content\/uploads\/2014\/10\/1287.jpg 540w\" sizes=\"(max-width: 270px) 100vw, 270px\" \/><\/a><\/p>\n<p><a href=\"http:\/\/museumek.eu\/?attachment_id=33864\" rel=\"attachment wp-att-33864\"><img loading=\"lazy\" src=\"http:\/\/museumek.eu\/wp-content\/uploads\/2014\/10\/1704-294x300.jpg\" alt=\"\" title=\"1704\" width=\"294\" height=\"300\" class=\"alignnone size-medium wp-image-33864\" srcset=\"http:\/\/museumek.eu\/wp-content\/uploads\/2014\/10\/1704-294x300.jpg 294w, http:\/\/museumek.eu\/wp-content\/uploads\/2014\/10\/1704-147x150.jpg 147w, http:\/\/museumek.eu\/wp-content\/uploads\/2014\/10\/1704.jpg 367w\" sizes=\"(max-width: 294px) 100vw, 294px\" \/><\/a><\/p>\n<p><a href=\"http:\/\/museumek.eu\/?attachment_id=33865\" rel=\"attachment wp-att-33865\"><img loading=\"lazy\" src=\"http:\/\/museumek.eu\/wp-content\/uploads\/2014\/10\/1288-300x234.jpg\" alt=\"\" title=\"1288\" width=\"300\" height=\"234\" class=\"alignnone size-medium wp-image-33865\" srcset=\"http:\/\/museumek.eu\/wp-content\/uploads\/2014\/10\/1288-300x234.jpg 300w, http:\/\/museumek.eu\/wp-content\/uploads\/2014\/10\/1288-150x117.jpg 150w, http:\/\/museumek.eu\/wp-content\/uploads\/2014\/10\/1288-384x300.jpg 384w, http:\/\/museumek.eu\/wp-content\/uploads\/2014\/10\/1288.jpg 769w\" sizes=\"(max-width: 300px) 100vw, 300px\" \/><\/a><\/p>\n<p><a href=\"http:\/\/museumek.eu\/?attachment_id=33866\" rel=\"attachment wp-att-33866\"><img loading=\"lazy\" src=\"http:\/\/museumek.eu\/wp-content\/uploads\/2014\/10\/1289-203x300.jpg\" alt=\"\" title=\"1289\" width=\"203\" height=\"300\" class=\"alignnone size-medium wp-image-33866\" srcset=\"http:\/\/museumek.eu\/wp-content\/uploads\/2014\/10\/1289-203x300.jpg 203w, http:\/\/museumek.eu\/wp-content\/uploads\/2014\/10\/1289-101x150.jpg 101w, http:\/\/museumek.eu\/wp-content\/uploads\/2014\/10\/1289.jpg 542w\" sizes=\"(max-width: 203px) 100vw, 203px\" \/><\/a><\/p>\n<p><a href=\"http:\/\/museumek.eu\/?attachment_id=33867\" rel=\"attachment wp-att-33867\"><img loading=\"lazy\" src=\"http:\/\/museumek.eu\/wp-content\/uploads\/2014\/10\/1290-278x300.jpg\" alt=\"\" title=\"1290\" width=\"278\" height=\"300\" class=\"alignnone size-medium wp-image-33867\" srcset=\"http:\/\/museumek.eu\/wp-content\/uploads\/2014\/10\/1290-278x300.jpg 278w, http:\/\/museumek.eu\/wp-content\/uploads\/2014\/10\/1290-139x150.jpg 139w, http:\/\/museumek.eu\/wp-content\/uploads\/2014\/10\/1290.jpg 428w\" sizes=\"(max-width: 278px) 100vw, 278px\" \/><\/a><\/p>\n<p><a href=\"http:\/\/museumek.eu\/?attachment_id=33868\" rel=\"attachment wp-att-33868\"><img loading=\"lazy\" src=\"http:\/\/museumek.eu\/wp-content\/uploads\/2014\/10\/1291-178x300.jpg\" alt=\"\" title=\"1291\" width=\"178\" height=\"300\" class=\"alignnone size-medium wp-image-33868\" srcset=\"http:\/\/museumek.eu\/wp-content\/uploads\/2014\/10\/1291-178x300.jpg 178w, http:\/\/museumek.eu\/wp-content\/uploads\/2014\/10\/1291-89x150.jpg 89w, http:\/\/museumek.eu\/wp-content\/uploads\/2014\/10\/1291.jpg 476w\" sizes=\"(max-width: 178px) 100vw, 178px\" \/><\/a><\/p>\n<p><a href=\"http:\/\/museumek.eu\/?attachment_id=33869\" rel=\"attachment wp-att-33869\"><img loading=\"lazy\" src=\"http:\/\/museumek.eu\/wp-content\/uploads\/2014\/10\/1292-259x300.jpg\" alt=\"\" title=\"1292\" width=\"259\" height=\"300\" class=\"alignnone size-medium wp-image-33869\" srcset=\"http:\/\/museumek.eu\/wp-content\/uploads\/2014\/10\/1292-259x300.jpg 259w, http:\/\/museumek.eu\/wp-content\/uploads\/2014\/10\/1292-129x150.jpg 129w, http:\/\/museumek.eu\/wp-content\/uploads\/2014\/10\/1292.jpg 600w\" sizes=\"(max-width: 259px) 100vw, 259px\" \/><\/a><\/p>\n","protected":false},"excerpt":{"rendered":"<p>Abteilung Deutschland, Keramik 1860 \u2013 1960, Inventarnummer D\/XLV\/44 Steinzeug- &#038; Thonwaarenfabrik, Zinngiesserei &#038; Malerei Reinhold Merkelbach und Nachfolger Steinzeug- und Hartsteingutfabrik, Zinngie\u00dfereien und Malereien Reinhold Merkelbach, Deutschland, Grenzhausen, um 1900, Krug, K\u00fcnstler unbekannt, Werks.-Nr. 1119, Exemplar Nr. ohne, gemarkt keine &hellip; <a href=\"http:\/\/museumek.eu\/?page_id=33855\">Weiterlesen <span class=\"meta-nav\">&rarr;<\/span><\/a><\/p>\n","protected":false},"author":1,"featured_media":0,"parent":33175,"menu_order":44,"comment_status":"closed","ping_status":"open","template":"","meta":[],"_links":{"self":[{"href":"http:\/\/museumek.eu\/index.php?rest_route=\/wp\/v2\/pages\/33855"}],"collection":[{"href":"http:\/\/museumek.eu\/index.php?rest_route=\/wp\/v2\/pages"}],"about":[{"href":"http:\/\/museumek.eu\/index.php?rest_route=\/wp\/v2\/types\/page"}],"author":[{"embeddable":true,"href":"http:\/\/museumek.eu\/index.php?rest_route=\/wp\/v2\/users\/1"}],"replies":[{"embeddable":true,"href":"http:\/\/museumek.eu\/index.php?rest_route=%2Fwp%2Fv2%2Fcomments&post=33855"}],"version-history":[{"count":6,"href":"http:\/\/museumek.eu\/index.php?rest_route=\/wp\/v2\/pages\/33855\/revisions"}],"predecessor-version":[{"id":33875,"href":"http:\/\/museumek.eu\/index.php?rest_route=\/wp\/v2\/pages\/33855\/revisions\/33875"}],"up":[{"embeddable":true,"href":"http:\/\/museumek.eu\/index.php?rest_route=\/wp\/v2\/pages\/33175"}],"wp:attachment":[{"href":"http:\/\/museumek.eu\/index.php?rest_route=%2Fwp%2Fv2%2Fmedia&parent=33855"}],"curies":[{"name":"wp","href":"https:\/\/api.w.org\/{rel}","templated":true}]}}