{"id":34045,"date":"2014-11-02T22:36:05","date_gmt":"2014-11-02T21:36:05","guid":{"rendered":"http:\/\/museumek.eu\/?page_id=34045"},"modified":"2014-11-02T22:36:06","modified_gmt":"2014-11-02T21:36:06","slug":"dliii20","status":"publish","type":"page","link":"http:\/\/museumek.eu\/?page_id=34045","title":{"rendered":"D\/LIII\/20"},"content":{"rendered":"<p><strong>Abteilung Deutschland, Keramik 1860 \u2013 1960, Inventarnummer D\/LIII\/20<\/strong><\/p>\n<p>Steingut- und Steinzeugfabrik, Kunstt\u00f6pferei, Zinngie\u00dferei Merkelbach &#038; Wick und Nachfolger Steingutfabrik Wick Werke AG, Vereinigte Fabriken Merkelbach &#038; Wick und Merkelbach, Stadelmann &#038; Co., Deutschland, Grenzhausen, um 1905, Seidel, K\u00fcnstler Richard Riemerschmid (nach der Form der Reinhold Merkelbach Werks.-Nr. 1741, Henkel abweichend) sowie Carl Moos, Werks.-Nr. ohne, Exemplar Nr. ohne, gemarkt Firmenmarke Rundstempel mit M &#038; W sowie Gr. (f\u00fcr Merkelbach, Wick, Grenzhausen), G sowie \u00bd L. \u00fcber Eichstrich gepresst, CM (f\u00fcr Carl Moos) ligiert schwarz gemalt (nur unvollst\u00e4ndig erhalten, siehe Seidel MEK D\/XLV\/48, dort das gleiche Dekor mit vollst\u00e4ndiger Signatur), auf dem Bolzen der Zinnmontur JR darunter M (f\u00fcr Josef Reinemann, M\u00fcnchen) gepresst, signiert CM, Literatur: Gisela Reineking von Bock, Meister der deutschen Keramik, Seite 329, Marke Nr. 214 identisch, weitere Literatur: J\u00fcrgen Schimanski und J\u00fcrgen Erlebach, Westerw\u00e4lder Steinzeug, Die Neue \u00c4ra, Seite 109, Fabrikbeschreibung sowie Marke Nr. 36 identisch, weitere Literatur: J\u00fcrgen Schimanski, Braun geflammt und grau gesalzen, Seite 215, Beschreibung der Fabrik sowie Seite 216, Marke Nr. 36, der 1840 geborene Friedrich Wilhelm Merkelbach (gest. 1896) betrieb eine Kannenb\u00e4ckerei oder bereits eine keramische Fabrik, die unter dem Namen F. W. Merkelbach II. firmierte, 1872 (oder 1874) nimmt Friedrich Wilhelm Merkelbach den Bildhauer (Johann) Georg Peter Wick (geb. 1837, gest. 1914) in die Firma auf, die Firmierung \u00e4ndert sich in Steingut- und Steinzeugfabrik, Kunstt\u00f6pferei, Zinngie\u00dferei Merkelbach &#038; Wick, ab 1882\/1883 produzieren Sie als eine der ersten Westerw\u00e4lder Fabriken Elfenbeinsteinzeug, \u00fcber die H\u00e4lfte der Produktion wird in die USA exportiert, in der Zeit von 1886 bis 1897 liefert die Fabrik Halbfertigerzeugnisse an die keramische Fabrik von Hauber &#038; Reuther, Jugenstilk\u00fcnstler wie Peter Behrens und Henry van de Velde liefern um 1900 herausragende Entw\u00fcrfe, 1895 tritt Wicks Sohn (und evtl. gleichzeitig Merkelbachs Schwiegersohn) Ludwig Konrad Wick in die Fabrik ein und \u00fcbernimmt sicher zeitnah auch deren Leitung, bis er 1910\/1911 die Leitung an seine Frau Emma abgibt, 1921\/1922 fusioniert die Fabrik mit der um 1867 in Grenzhausen von Friedrich Wilhelm Merkelbach, Theodor Stadelmann und Julius Schr\u00f6der als Mahl- und Schleifsteinfabrik gegr\u00fcndeten Fabrik Merkelbach, Stadelmann &#038; Co. (wahrscheinlich war Konrad Wicks Frau Emma bereits Miteigent\u00fcmer dieser Fabrik) zur Steingutfabrik Wick Werke AG, Vereinigte Fabriken Merkelbach &#038; Wick und Merkelbach, Stadelmann &#038; Co., die Fabrik bestand rund 100 Jahre, beim MEK Exemplar lieferte die Fabrik von Merkelbach &#038; Wick lediglich den Rohling als Halbfertigfabrikat und versah diesen mit der eigenen Fabrikmarke, die Fertigstellung hinsichtlich Bemalung und Zinnmontur und sicher auch die Bestellung erfolgte durch die M\u00fcnchner Firma Steinzeug- und Porzellanmalerei, Eulerei und Zinngie\u00dferei Josef Reinemann, diese firmierte so in der Zeit von 1873 bis 1902 und wurde danach bis in die 1930\u2018 Jahre als Steinzeug- und Porzellanmalerei Reinemann &#038; Lichtinger weitergef\u00fchrt, das MEK Exemplar D\/XLV\/48, der Fabrik Reinhold Merkelbach, gemarkt mit alter Fabrikmarke, zeigt den originalen Seidel Werks.-Nr. 1741 Formentwurf Richard Riemerschmid mit originalen von Riemerschmid entworfenem Henkel, mit dem gleichen Dekor von Carl Moos, die Zinnmontur ist identisch und ebenfalls mit JRM gemarkt, sehr wahrscheinlich war die Firma Steinzeug- und Porzellanmalerei, Eulerei und Zinngie\u00dferei Josef Reinemann der Auftraggeber, das MEK betrachtet somit den Merkelbach &#038; Wick Seidel als dieses Replikat des Reinhold Merkelbach Seidels, zumal der Henkel nicht dem Original entspricht, H\u00f6he 11 cm, Breite 13,5 cm<\/p>\n<p><a href=\"http:\/\/museumek.eu\/?attachment_id=34046\" rel=\"attachment wp-att-34046\"><img loading=\"lazy\" src=\"http:\/\/museumek.eu\/wp-content\/uploads\/2014\/11\/1585-202x300.jpg\" alt=\"\" title=\"1585\" width=\"202\" height=\"300\" class=\"alignnone size-medium wp-image-34046\" srcset=\"http:\/\/museumek.eu\/wp-content\/uploads\/2014\/11\/1585-202x300.jpg 202w, http:\/\/museumek.eu\/wp-content\/uploads\/2014\/11\/1585-101x150.jpg 101w, http:\/\/museumek.eu\/wp-content\/uploads\/2014\/11\/1585.jpg 541w\" sizes=\"(max-width: 202px) 100vw, 202px\" \/><\/a><\/p>\n<p><a href=\"http:\/\/museumek.eu\/?attachment_id=34047\" rel=\"attachment wp-att-34047\"><img loading=\"lazy\" src=\"http:\/\/museumek.eu\/wp-content\/uploads\/2014\/11\/1586-245x300.jpg\" alt=\"\" title=\"1586\" width=\"245\" height=\"300\" class=\"alignnone size-medium wp-image-34047\" srcset=\"http:\/\/museumek.eu\/wp-content\/uploads\/2014\/11\/1586-245x300.jpg 245w, http:\/\/museumek.eu\/wp-content\/uploads\/2014\/11\/1586-122x150.jpg 122w, http:\/\/museumek.eu\/wp-content\/uploads\/2014\/11\/1586.jpg 600w\" sizes=\"(max-width: 245px) 100vw, 245px\" \/><\/a><\/p>\n<p><a href=\"http:\/\/museumek.eu\/?attachment_id=34048\" rel=\"attachment wp-att-34048\"><img loading=\"lazy\" src=\"http:\/\/museumek.eu\/wp-content\/uploads\/2014\/11\/1587-249x300.jpg\" alt=\"\" title=\"1587\" width=\"249\" height=\"300\" class=\"alignnone size-medium wp-image-34048\" srcset=\"http:\/\/museumek.eu\/wp-content\/uploads\/2014\/11\/1587-249x300.jpg 249w, http:\/\/museumek.eu\/wp-content\/uploads\/2014\/11\/1587-124x150.jpg 124w, http:\/\/museumek.eu\/wp-content\/uploads\/2014\/11\/1587.jpg 600w\" sizes=\"(max-width: 249px) 100vw, 249px\" \/><\/a><\/p>\n<p><a href=\"http:\/\/museumek.eu\/?attachment_id=34049\" rel=\"attachment wp-att-34049\"><img loading=\"lazy\" src=\"http:\/\/museumek.eu\/wp-content\/uploads\/2014\/11\/1588-180x300.jpg\" alt=\"\" title=\"1588\" width=\"180\" height=\"300\" class=\"alignnone size-medium wp-image-34049\" srcset=\"http:\/\/museumek.eu\/wp-content\/uploads\/2014\/11\/1588-180x300.jpg 180w, http:\/\/museumek.eu\/wp-content\/uploads\/2014\/11\/1588-90x150.jpg 90w, http:\/\/museumek.eu\/wp-content\/uploads\/2014\/11\/1588.jpg 365w\" sizes=\"(max-width: 180px) 100vw, 180px\" \/><\/a><\/p>\n<p><a href=\"http:\/\/museumek.eu\/?attachment_id=34050\" rel=\"attachment wp-att-34050\"><img loading=\"lazy\" src=\"http:\/\/museumek.eu\/wp-content\/uploads\/2014\/11\/1589-207x300.jpg\" alt=\"\" title=\"1589\" width=\"207\" height=\"300\" class=\"alignnone size-medium wp-image-34050\" srcset=\"http:\/\/museumek.eu\/wp-content\/uploads\/2014\/11\/1589-207x300.jpg 207w, http:\/\/museumek.eu\/wp-content\/uploads\/2014\/11\/1589-103x150.jpg 103w, http:\/\/museumek.eu\/wp-content\/uploads\/2014\/11\/1589.jpg 553w\" sizes=\"(max-width: 207px) 100vw, 207px\" \/><\/a><\/p>\n<p><a href=\"http:\/\/museumek.eu\/?attachment_id=34051\" rel=\"attachment wp-att-34051\"><img loading=\"lazy\" src=\"http:\/\/museumek.eu\/wp-content\/uploads\/2014\/11\/1590-300x204.jpg\" alt=\"\" title=\"1590\" width=\"300\" height=\"204\" class=\"alignnone size-medium wp-image-34051\" srcset=\"http:\/\/museumek.eu\/wp-content\/uploads\/2014\/11\/1590-300x204.jpg 300w, http:\/\/museumek.eu\/wp-content\/uploads\/2014\/11\/1590-150x102.jpg 150w, http:\/\/museumek.eu\/wp-content\/uploads\/2014\/11\/1590-440x300.jpg 440w, http:\/\/museumek.eu\/wp-content\/uploads\/2014\/11\/1590.jpg 800w\" sizes=\"(max-width: 300px) 100vw, 300px\" \/><\/a><\/p>\n<p><a href=\"http:\/\/museumek.eu\/?attachment_id=34052\" rel=\"attachment wp-att-34052\"><img loading=\"lazy\" src=\"http:\/\/museumek.eu\/wp-content\/uploads\/2014\/11\/1591-296x300.jpg\" alt=\"\" title=\"1591\" width=\"296\" height=\"300\" class=\"alignnone size-medium wp-image-34052\" srcset=\"http:\/\/museumek.eu\/wp-content\/uploads\/2014\/11\/1591-296x300.jpg 296w, http:\/\/museumek.eu\/wp-content\/uploads\/2014\/11\/1591-148x150.jpg 148w, http:\/\/museumek.eu\/wp-content\/uploads\/2014\/11\/1591.jpg 403w\" sizes=\"(max-width: 296px) 100vw, 296px\" \/><\/a><\/p>\n<p><a href=\"http:\/\/museumek.eu\/?attachment_id=34053\" rel=\"attachment wp-att-34053\"><img loading=\"lazy\" src=\"http:\/\/museumek.eu\/wp-content\/uploads\/2014\/11\/1592-300x228.jpg\" alt=\"\" title=\"1592\" width=\"300\" height=\"228\" class=\"alignnone size-medium wp-image-34053\" srcset=\"http:\/\/museumek.eu\/wp-content\/uploads\/2014\/11\/1592-300x228.jpg 300w, http:\/\/museumek.eu\/wp-content\/uploads\/2014\/11\/1592-150x114.jpg 150w, http:\/\/museumek.eu\/wp-content\/uploads\/2014\/11\/1592-393x300.jpg 393w, http:\/\/museumek.eu\/wp-content\/uploads\/2014\/11\/1592.jpg 593w\" sizes=\"(max-width: 300px) 100vw, 300px\" \/><\/a><\/p>\n<p><a href=\"http:\/\/museumek.eu\/?attachment_id=34054\" rel=\"attachment wp-att-34054\"><img loading=\"lazy\" src=\"http:\/\/museumek.eu\/wp-content\/uploads\/2014\/11\/1593-300x250.jpg\" alt=\"\" title=\"1593\" width=\"300\" height=\"250\" class=\"alignnone size-medium wp-image-34054\" srcset=\"http:\/\/museumek.eu\/wp-content\/uploads\/2014\/11\/1593-300x250.jpg 300w, http:\/\/museumek.eu\/wp-content\/uploads\/2014\/11\/1593-150x125.jpg 150w, http:\/\/museumek.eu\/wp-content\/uploads\/2014\/11\/1593-360x300.jpg 360w, http:\/\/museumek.eu\/wp-content\/uploads\/2014\/11\/1593.jpg 720w\" sizes=\"(max-width: 300px) 100vw, 300px\" \/><\/a><\/p>\n<p><a href=\"http:\/\/museumek.eu\/?attachment_id=34055\" rel=\"attachment wp-att-34055\"><img loading=\"lazy\" src=\"http:\/\/museumek.eu\/wp-content\/uploads\/2014\/11\/1770-170x300.jpg\" alt=\"\" title=\"1770\" width=\"170\" height=\"300\" class=\"alignnone size-medium wp-image-34055\" srcset=\"http:\/\/museumek.eu\/wp-content\/uploads\/2014\/11\/1770-170x300.jpg 170w, http:\/\/museumek.eu\/wp-content\/uploads\/2014\/11\/1770-85x150.jpg 85w, http:\/\/museumek.eu\/wp-content\/uploads\/2014\/11\/1770.jpg 455w\" sizes=\"(max-width: 170px) 100vw, 170px\" \/><\/a><\/p>\n<p><a href=\"http:\/\/museumek.eu\/?attachment_id=34056\" rel=\"attachment wp-att-34056\"><img loading=\"lazy\" src=\"http:\/\/museumek.eu\/wp-content\/uploads\/2014\/11\/1594-240x300.jpg\" alt=\"\" title=\"1594\" width=\"240\" height=\"300\" class=\"alignnone size-medium wp-image-34056\" srcset=\"http:\/\/museumek.eu\/wp-content\/uploads\/2014\/11\/1594-240x300.jpg 240w, http:\/\/museumek.eu\/wp-content\/uploads\/2014\/11\/1594-120x150.jpg 120w, http:\/\/museumek.eu\/wp-content\/uploads\/2014\/11\/1594.jpg 600w\" sizes=\"(max-width: 240px) 100vw, 240px\" \/><\/a><\/p>\n","protected":false},"excerpt":{"rendered":"<p>Abteilung Deutschland, Keramik 1860 \u2013 1960, Inventarnummer D\/LIII\/20 Steingut- und Steinzeugfabrik, Kunstt\u00f6pferei, Zinngie\u00dferei Merkelbach &#038; Wick und Nachfolger Steingutfabrik Wick Werke AG, Vereinigte Fabriken Merkelbach &#038; Wick und Merkelbach, Stadelmann &#038; Co., Deutschland, Grenzhausen, um 1905, Seidel, K\u00fcnstler Richard Riemerschmid &hellip; <a href=\"http:\/\/museumek.eu\/?page_id=34045\">Weiterlesen <span class=\"meta-nav\">&rarr;<\/span><\/a><\/p>\n","protected":false},"author":1,"featured_media":0,"parent":30852,"menu_order":20,"comment_status":"closed","ping_status":"open","template":"","meta":[],"_links":{"self":[{"href":"http:\/\/museumek.eu\/index.php?rest_route=\/wp\/v2\/pages\/34045"}],"collection":[{"href":"http:\/\/museumek.eu\/index.php?rest_route=\/wp\/v2\/pages"}],"about":[{"href":"http:\/\/museumek.eu\/index.php?rest_route=\/wp\/v2\/types\/page"}],"author":[{"embeddable":true,"href":"http:\/\/museumek.eu\/index.php?rest_route=\/wp\/v2\/users\/1"}],"replies":[{"embeddable":true,"href":"http:\/\/museumek.eu\/index.php?rest_route=%2Fwp%2Fv2%2Fcomments&post=34045"}],"version-history":[{"count":4,"href":"http:\/\/museumek.eu\/index.php?rest_route=\/wp\/v2\/pages\/34045\/revisions"}],"predecessor-version":[{"id":34060,"href":"http:\/\/museumek.eu\/index.php?rest_route=\/wp\/v2\/pages\/34045\/revisions\/34060"}],"up":[{"embeddable":true,"href":"http:\/\/museumek.eu\/index.php?rest_route=\/wp\/v2\/pages\/30852"}],"wp:attachment":[{"href":"http:\/\/museumek.eu\/index.php?rest_route=%2Fwp%2Fv2%2Fmedia&parent=34045"}],"curies":[{"name":"wp","href":"https:\/\/api.w.org\/{rel}","templated":true}]}}