{"id":3405,"date":"2011-09-12T14:08:50","date_gmt":"2011-09-12T12:08:50","guid":{"rendered":"http:\/\/museumek.eu\/?page_id=3405"},"modified":"2012-01-10T23:35:48","modified_gmt":"2012-01-10T22:35:48","slug":"fv11","status":"publish","type":"page","link":"http:\/\/museumek.eu\/?page_id=3405","title":{"rendered":"F\/V\/11"},"content":{"rendered":"<p><strong>Abteilung Frankreich, Keramik 1860 \u2013 1960, Inventarnummer F\/V\/11<\/strong><\/p>\n<p>Manufaktur Massier, Frankreich, Vallauris, vor 1900, Krug mit floralen Motiven, K\u00fcnstler J\u00e9rome Massier, Werks.-Nr. ohne, Exemplar Nr. ohne, gemarkt J\u00e9rome Massier Vallauris sowie France geritzt, signiert J. Massier auf den Krug geritzt, Literatur: Dieter Z\u00fchlsdorf, Keramik-Marken-Lexikon, Nr. 1303, H\u00f6he 13,5 cm, Breite 12,5 cm<\/p>\n<p><a href=\"http:\/\/museumek.eu\/wp-content\/uploads\/2011\/09\/Museum-Europ\u00e4ischer-Keramikkunst-1024.jpg\"><img loading=\"lazy\" src=\"http:\/\/museumek.eu\/wp-content\/uploads\/2011\/09\/Museum-Europ\u00e4ischer-Keramikkunst-1024-264x300.jpg\" alt=\"\" title=\"Museum Europ\u00e4ischer Keramikkunst 1024\" width=\"264\" height=\"300\" class=\"alignnone size-medium wp-image-3406\" srcset=\"http:\/\/museumek.eu\/wp-content\/uploads\/2011\/09\/Museum-Europ\u00e4ischer-Keramikkunst-1024-264x300.jpg 264w, http:\/\/museumek.eu\/wp-content\/uploads\/2011\/09\/Museum-Europ\u00e4ischer-Keramikkunst-1024.jpg 565w\" sizes=\"(max-width: 264px) 100vw, 264px\" \/><\/a><\/p>\n<p><a href=\"http:\/\/museumek.eu\/wp-content\/uploads\/2011\/09\/Museum-Europ\u00e4ischer-Keramikkunst-1023.jpg\"><img loading=\"lazy\" src=\"http:\/\/museumek.eu\/wp-content\/uploads\/2011\/09\/Museum-Europ\u00e4ischer-Keramikkunst-1023-300x120.jpg\" alt=\"\" title=\"Museum Europ\u00e4ischer Keramikkunst 1023\" width=\"300\" height=\"120\" class=\"alignnone size-medium wp-image-5165\" srcset=\"http:\/\/museumek.eu\/wp-content\/uploads\/2011\/09\/Museum-Europ\u00e4ischer-Keramikkunst-1023-300x120.jpg 300w, http:\/\/museumek.eu\/wp-content\/uploads\/2011\/09\/Museum-Europ\u00e4ischer-Keramikkunst-1023-500x201.jpg 500w, http:\/\/museumek.eu\/wp-content\/uploads\/2011\/09\/Museum-Europ\u00e4ischer-Keramikkunst-1023.jpg 910w\" sizes=\"(max-width: 300px) 100vw, 300px\" \/><\/a><\/p>\n<p><a href=\"http:\/\/museumek.eu\/wp-content\/uploads\/2011\/09\/Museum-Europ\u00e4ischer-Keramikkunst-10211.jpg\"><img loading=\"lazy\" src=\"http:\/\/museumek.eu\/wp-content\/uploads\/2011\/09\/Museum-Europ\u00e4ischer-Keramikkunst-10211-300x104.jpg\" alt=\"\" title=\"Museum Europ\u00e4ischer Keramikkunst 1021\" width=\"300\" height=\"104\" class=\"alignnone size-medium wp-image-5168\" srcset=\"http:\/\/museumek.eu\/wp-content\/uploads\/2011\/09\/Museum-Europ\u00e4ischer-Keramikkunst-10211-300x104.jpg 300w, http:\/\/museumek.eu\/wp-content\/uploads\/2011\/09\/Museum-Europ\u00e4ischer-Keramikkunst-10211-500x174.jpg 500w, http:\/\/museumek.eu\/wp-content\/uploads\/2011\/09\/Museum-Europ\u00e4ischer-Keramikkunst-10211.jpg 602w\" sizes=\"(max-width: 300px) 100vw, 300px\" \/><\/a><\/p>\n","protected":false},"excerpt":{"rendered":"<p>Abteilung Frankreich, Keramik 1860 \u2013 1960, Inventarnummer F\/V\/11 Manufaktur Massier, Frankreich, Vallauris, vor 1900, Krug mit floralen Motiven, K\u00fcnstler J\u00e9rome Massier, Werks.-Nr. ohne, Exemplar Nr. ohne, gemarkt J\u00e9rome Massier Vallauris sowie France geritzt, signiert J. Massier auf den Krug geritzt, &hellip; <a href=\"http:\/\/museumek.eu\/?page_id=3405\">Weiterlesen <span class=\"meta-nav\">&rarr;<\/span><\/a><\/p>\n","protected":false},"author":1,"featured_media":0,"parent":3292,"menu_order":11,"comment_status":"closed","ping_status":"closed","template":"","meta":[],"_links":{"self":[{"href":"http:\/\/museumek.eu\/index.php?rest_route=\/wp\/v2\/pages\/3405"}],"collection":[{"href":"http:\/\/museumek.eu\/index.php?rest_route=\/wp\/v2\/pages"}],"about":[{"href":"http:\/\/museumek.eu\/index.php?rest_route=\/wp\/v2\/types\/page"}],"author":[{"embeddable":true,"href":"http:\/\/museumek.eu\/index.php?rest_route=\/wp\/v2\/users\/1"}],"replies":[{"embeddable":true,"href":"http:\/\/museumek.eu\/index.php?rest_route=%2Fwp%2Fv2%2Fcomments&post=3405"}],"version-history":[{"count":6,"href":"http:\/\/museumek.eu\/index.php?rest_route=\/wp\/v2\/pages\/3405\/revisions"}],"predecessor-version":[{"id":7533,"href":"http:\/\/museumek.eu\/index.php?rest_route=\/wp\/v2\/pages\/3405\/revisions\/7533"}],"up":[{"embeddable":true,"href":"http:\/\/museumek.eu\/index.php?rest_route=\/wp\/v2\/pages\/3292"}],"wp:attachment":[{"href":"http:\/\/museumek.eu\/index.php?rest_route=%2Fwp%2Fv2%2Fmedia&parent=3405"}],"curies":[{"name":"wp","href":"https:\/\/api.w.org\/{rel}","templated":true}]}}