{"id":34238,"date":"2014-11-15T00:12:58","date_gmt":"2014-11-14T23:12:58","guid":{"rendered":"http:\/\/museumek.eu\/?page_id=34238"},"modified":"2014-11-15T00:12:58","modified_gmt":"2014-11-14T23:12:58","slug":"dlxxxii22","status":"publish","type":"page","link":"http:\/\/museumek.eu\/?page_id=34238","title":{"rendered":"D\/LXXXII\/22"},"content":{"rendered":"<p><strong>Abteilung Deutschland, Keramik 1860 \u2013 1960, Inventarnummer D\/LXXXII\/22<\/strong><\/p>\n<p>Westerw\u00e4lder Steinzeug ohne Fabrikzuordnung, Deutschland, Westerwald, um 1910, Seidel, Pschorr-Br\u00e4u M\u00fcnchen, K\u00fcnstler unbekannt, Werks.-Nr. ohne, Exemplar Nr. ohne, gemarkt keine Firmenmarke aber \u00bd L \u00fcber Eichstrich gepresst, nicht signiert, sogenannter Brauereikrug, Zinndeckel mit Brauerei Insignien und Kennzeichnung Schutz-Marke, H\u00f6he 13 cm, Breite 14 cm (nur die Keramik)<\/p>\n<p><a href=\"http:\/\/museumek.eu\/?attachment_id=29135\" rel=\"attachment wp-att-29135\"><img loading=\"lazy\" src=\"http:\/\/museumek.eu\/wp-content\/uploads\/2014\/04\/333-186x300.jpg\" alt=\"\" title=\"333\" width=\"186\" height=\"300\" class=\"alignnone size-medium wp-image-29135\" srcset=\"http:\/\/museumek.eu\/wp-content\/uploads\/2014\/04\/333-186x300.jpg 186w, http:\/\/museumek.eu\/wp-content\/uploads\/2014\/04\/333-93x150.jpg 93w, http:\/\/museumek.eu\/wp-content\/uploads\/2014\/04\/333.jpg 411w\" sizes=\"(max-width: 186px) 100vw, 186px\" \/><\/a><\/p>\n<p><a href=\"http:\/\/museumek.eu\/?attachment_id=29136\" rel=\"attachment wp-att-29136\"><img loading=\"lazy\" src=\"http:\/\/museumek.eu\/wp-content\/uploads\/2014\/04\/334-212x300.jpg\" alt=\"\" title=\"334\" width=\"212\" height=\"300\" class=\"alignnone size-medium wp-image-29136\" srcset=\"http:\/\/museumek.eu\/wp-content\/uploads\/2014\/04\/334-212x300.jpg 212w, http:\/\/museumek.eu\/wp-content\/uploads\/2014\/04\/334-106x150.jpg 106w, http:\/\/museumek.eu\/wp-content\/uploads\/2014\/04\/334.jpg 427w\" sizes=\"(max-width: 212px) 100vw, 212px\" \/><\/a><\/p>\n<p><a href=\"http:\/\/museumek.eu\/?attachment_id=29137\" rel=\"attachment wp-att-29137\"><img loading=\"lazy\" src=\"http:\/\/museumek.eu\/wp-content\/uploads\/2014\/04\/335-182x300.jpg\" alt=\"\" title=\"335\" width=\"182\" height=\"300\" class=\"alignnone size-medium wp-image-29137\" srcset=\"http:\/\/museumek.eu\/wp-content\/uploads\/2014\/04\/335-182x300.jpg 182w, http:\/\/museumek.eu\/wp-content\/uploads\/2014\/04\/335-91x150.jpg 91w, http:\/\/museumek.eu\/wp-content\/uploads\/2014\/04\/335.jpg 388w\" sizes=\"(max-width: 182px) 100vw, 182px\" \/><\/a><\/p>\n<p><a href=\"http:\/\/museumek.eu\/?attachment_id=29138\" rel=\"attachment wp-att-29138\"><img loading=\"lazy\" src=\"http:\/\/museumek.eu\/wp-content\/uploads\/2014\/04\/336-300x233.jpg\" alt=\"\" title=\"336\" width=\"300\" height=\"233\" class=\"alignnone size-medium wp-image-29138\" srcset=\"http:\/\/museumek.eu\/wp-content\/uploads\/2014\/04\/336-300x233.jpg 300w, http:\/\/museumek.eu\/wp-content\/uploads\/2014\/04\/336-150x116.jpg 150w, http:\/\/museumek.eu\/wp-content\/uploads\/2014\/04\/336.jpg 337w\" sizes=\"(max-width: 300px) 100vw, 300px\" \/><\/a><\/p>\n<p><a href=\"http:\/\/museumek.eu\/?attachment_id=29144\" rel=\"attachment wp-att-29144\"><img loading=\"lazy\" src=\"http:\/\/museumek.eu\/wp-content\/uploads\/2014\/04\/3371-295x300.jpg\" alt=\"\" title=\"337\" width=\"295\" height=\"300\" class=\"alignnone size-medium wp-image-29144\" srcset=\"http:\/\/museumek.eu\/wp-content\/uploads\/2014\/04\/3371-295x300.jpg 295w, http:\/\/museumek.eu\/wp-content\/uploads\/2014\/04\/3371-147x150.jpg 147w, http:\/\/museumek.eu\/wp-content\/uploads\/2014\/04\/3371.jpg 427w\" sizes=\"(max-width: 295px) 100vw, 295px\" \/><\/a><\/p>\n","protected":false},"excerpt":{"rendered":"<p>Abteilung Deutschland, Keramik 1860 \u2013 1960, Inventarnummer D\/LXXXII\/22 Westerw\u00e4lder Steinzeug ohne Fabrikzuordnung, Deutschland, Westerwald, um 1910, Seidel, Pschorr-Br\u00e4u M\u00fcnchen, K\u00fcnstler unbekannt, Werks.-Nr. ohne, Exemplar Nr. ohne, gemarkt keine Firmenmarke aber \u00bd L \u00fcber Eichstrich gepresst, nicht signiert, sogenannter Brauereikrug, Zinndeckel &hellip; <a href=\"http:\/\/museumek.eu\/?page_id=34238\">Weiterlesen <span class=\"meta-nav\">&rarr;<\/span><\/a><\/p>\n","protected":false},"author":1,"featured_media":0,"parent":33436,"menu_order":22,"comment_status":"closed","ping_status":"open","template":"","meta":[],"_links":{"self":[{"href":"http:\/\/museumek.eu\/index.php?rest_route=\/wp\/v2\/pages\/34238"}],"collection":[{"href":"http:\/\/museumek.eu\/index.php?rest_route=\/wp\/v2\/pages"}],"about":[{"href":"http:\/\/museumek.eu\/index.php?rest_route=\/wp\/v2\/types\/page"}],"author":[{"embeddable":true,"href":"http:\/\/museumek.eu\/index.php?rest_route=\/wp\/v2\/users\/1"}],"replies":[{"embeddable":true,"href":"http:\/\/museumek.eu\/index.php?rest_route=%2Fwp%2Fv2%2Fcomments&post=34238"}],"version-history":[{"count":4,"href":"http:\/\/museumek.eu\/index.php?rest_route=\/wp\/v2\/pages\/34238\/revisions"}],"predecessor-version":[{"id":34242,"href":"http:\/\/museumek.eu\/index.php?rest_route=\/wp\/v2\/pages\/34238\/revisions\/34242"}],"up":[{"embeddable":true,"href":"http:\/\/museumek.eu\/index.php?rest_route=\/wp\/v2\/pages\/33436"}],"wp:attachment":[{"href":"http:\/\/museumek.eu\/index.php?rest_route=%2Fwp%2Fv2%2Fmedia&parent=34238"}],"curies":[{"name":"wp","href":"https:\/\/api.w.org\/{rel}","templated":true}]}}