{"id":34296,"date":"2014-11-15T18:57:13","date_gmt":"2014-11-15T17:57:13","guid":{"rendered":"http:\/\/museumek.eu\/?page_id=34296"},"modified":"2015-07-12T14:48:27","modified_gmt":"2015-07-12T12:48:27","slug":"dxxxvii35","status":"publish","type":"page","link":"http:\/\/museumek.eu\/?page_id=34296","title":{"rendered":"D\/XXXVII\/35"},"content":{"rendered":"<p><strong>Abteilung Deutschland, Keramik 1860 \u2013 1960, Inventarnummer D\/XXXVII\/35<\/strong><\/p>\n<p>Thonwaaren \u2013 Fabrik Marzi &#038; Remy, Deutschland, H\u00f6hr, um 1910, Seidel, K\u00fcnstler unbekannt, Werks.-Nr. 1443, Exemplar Nr. ohne, gemarkt keine Firmenmarke aber \u00bd L. \u00fcber Eichstrich gepresst, 1443 sowie 3. schwarz gemalt, nicht signiert, Literatur: J\u00fcrgen Schimanski, Braun geflammt und grau gesalzen, Seite 203, Beschreibung der Fabrik, au\u00dferdem dort beschrieben, dass eine eigene Firmenmarke erst Anfang der 1920\u2018 Jahre eingef\u00fchrt worden ist und dass Erzeugnisse der fr\u00fcheren Jahre oft mit dem Schriftzug \u201eGesetzl. Gesch\u00fctzt\u201c gemarkt sind, diese Beschreibung stellt das MEK bez\u00fcglich der Fabrikmarke in Frage, da unter http:\/\/www.steinmarks.co.uk\/pages\/pv.asp?p=stein164, verschiedene Fabrikmarken mit fr\u00fchen Werksnummern aus dem 1900 Jahrhundert abgebildet sind, eine Fabrikmarke sogar mit dem Zusatz Gesetzl. Gesch\u00fctzt, die Fabrik wurde 1879 von Anton Marzi und seinem Schwager Simon Peter Remy in H\u00f6hr gegr\u00fcndet und firmierte als Thonwaaren \u2013 Fabrik Marzi &#038; Remy, ab 1881 wurde eine eigene Zinngie\u00dferei angeschafft und ab 1883 neben dem grau \u2013 blau salzglasiertem Steinzeug auch Elfenbeinsteinzeug produziert, Simon Peter Remy verstarb 1919 und sein Sohn Werner Remy trat in die Fabrik ein, 1924 verstarb Anton Marzi und sein Schwiegersohn Johann Otto B\u00fchler trat in die Fabrik ein, Werner Remy verlie\u00df 1931 die Fabrik, 1941 trat Johann Otto B\u00fchlers Sohn Otto B\u00fchler in die Fabrik ein und 1953 dessen Sohn Otto Georg B\u00fchler, die Fabrik war bis zum Konkurs in den 1990\u2018 Jahren immer in Familienbesitz, die Fabrikzuordnung erfolgt auf Grund des 1,4 cm breiten und 0,7 cm hohen \u00bd L. \u00fcber Eichstrich Stempels, der identisch ist, mit dem 1,4 cm breiten und 0,7 cm hohen \u00bd L. \u00fcber Eichstrich Stempels des mit der Fabrikmarke versehenen Seidels MEK D\/XXXVII\/29,<br \/>\nH\u00f6he 12,4 cm, Breite 13,5 cm (nur die Keramik)<\/p>\n<p><a href=\"http:\/\/museumek.eu\/?attachment_id=33108\" rel=\"attachment wp-att-33108\"><img loading=\"lazy\" src=\"http:\/\/museumek.eu\/wp-content\/uploads\/2014\/08\/1037-184x300.jpg\" alt=\"\" title=\"1037\" width=\"184\" height=\"300\" class=\"alignnone size-medium wp-image-33108\" srcset=\"http:\/\/museumek.eu\/wp-content\/uploads\/2014\/08\/1037-184x300.jpg 184w, http:\/\/museumek.eu\/wp-content\/uploads\/2014\/08\/1037-92x150.jpg 92w, http:\/\/museumek.eu\/wp-content\/uploads\/2014\/08\/1037.jpg 436w\" sizes=\"(max-width: 184px) 100vw, 184px\" \/><\/a><\/p>\n<p><a href=\"http:\/\/museumek.eu\/?attachment_id=33109\" rel=\"attachment wp-att-33109\"><img loading=\"lazy\" src=\"http:\/\/museumek.eu\/wp-content\/uploads\/2014\/08\/1038-211x300.jpg\" alt=\"\" title=\"1038\" width=\"211\" height=\"300\" class=\"alignnone size-medium wp-image-33109\" srcset=\"http:\/\/museumek.eu\/wp-content\/uploads\/2014\/08\/1038-211x300.jpg 211w, http:\/\/museumek.eu\/wp-content\/uploads\/2014\/08\/1038-105x150.jpg 105w, http:\/\/museumek.eu\/wp-content\/uploads\/2014\/08\/1038.jpg 437w\" sizes=\"(max-width: 211px) 100vw, 211px\" \/><\/a><\/p>\n<p><a href=\"http:\/\/museumek.eu\/?attachment_id=33110\" rel=\"attachment wp-att-33110\"><img loading=\"lazy\" src=\"http:\/\/museumek.eu\/wp-content\/uploads\/2014\/08\/1039-229x300.jpg\" alt=\"\" title=\"1039\" width=\"229\" height=\"300\" class=\"alignnone size-medium wp-image-33110\" srcset=\"http:\/\/museumek.eu\/wp-content\/uploads\/2014\/08\/1039-229x300.jpg 229w, http:\/\/museumek.eu\/wp-content\/uploads\/2014\/08\/1039-114x150.jpg 114w, http:\/\/museumek.eu\/wp-content\/uploads\/2014\/08\/1039.jpg 474w\" sizes=\"(max-width: 229px) 100vw, 229px\" \/><\/a><\/p>\n<p><a href=\"http:\/\/museumek.eu\/?attachment_id=33116\" rel=\"attachment wp-att-33116\"><img loading=\"lazy\" src=\"http:\/\/museumek.eu\/wp-content\/uploads\/2014\/08\/10401-300x198.jpg\" alt=\"\" title=\"1040\" width=\"300\" height=\"198\" class=\"alignnone size-medium wp-image-33116\" srcset=\"http:\/\/museumek.eu\/wp-content\/uploads\/2014\/08\/10401-300x198.jpg 300w, http:\/\/museumek.eu\/wp-content\/uploads\/2014\/08\/10401-150x99.jpg 150w, http:\/\/museumek.eu\/wp-content\/uploads\/2014\/08\/10401-454x300.jpg 454w, http:\/\/museumek.eu\/wp-content\/uploads\/2014\/08\/10401.jpg 800w\" sizes=\"(max-width: 300px) 100vw, 300px\" \/><\/a><\/p>\n<p><a href=\"http:\/\/museumek.eu\/?attachment_id=33117\" rel=\"attachment wp-att-33117\"><img loading=\"lazy\" src=\"http:\/\/museumek.eu\/wp-content\/uploads\/2014\/08\/1041-300x280.jpg\" alt=\"\" title=\"1041\" width=\"300\" height=\"280\" class=\"alignnone size-medium wp-image-33117\" srcset=\"http:\/\/museumek.eu\/wp-content\/uploads\/2014\/08\/1041-300x280.jpg 300w, http:\/\/museumek.eu\/wp-content\/uploads\/2014\/08\/1041-150x140.jpg 150w, http:\/\/museumek.eu\/wp-content\/uploads\/2014\/08\/1041-320x300.jpg 320w, http:\/\/museumek.eu\/wp-content\/uploads\/2014\/08\/1041.jpg 566w\" sizes=\"(max-width: 300px) 100vw, 300px\" \/><\/a><\/p>\n","protected":false},"excerpt":{"rendered":"<p>Abteilung Deutschland, Keramik 1860 \u2013 1960, Inventarnummer D\/XXXVII\/35 Thonwaaren \u2013 Fabrik Marzi &#038; Remy, Deutschland, H\u00f6hr, um 1910, Seidel, K\u00fcnstler unbekannt, Werks.-Nr. 1443, Exemplar Nr. ohne, gemarkt keine Firmenmarke aber \u00bd L. \u00fcber Eichstrich gepresst, 1443 sowie 3. schwarz gemalt, &hellip; <a href=\"http:\/\/museumek.eu\/?page_id=34296\">Weiterlesen <span class=\"meta-nav\">&rarr;<\/span><\/a><\/p>\n","protected":false},"author":1,"featured_media":0,"parent":34205,"menu_order":35,"comment_status":"closed","ping_status":"open","template":"","meta":[],"_links":{"self":[{"href":"http:\/\/museumek.eu\/index.php?rest_route=\/wp\/v2\/pages\/34296"}],"collection":[{"href":"http:\/\/museumek.eu\/index.php?rest_route=\/wp\/v2\/pages"}],"about":[{"href":"http:\/\/museumek.eu\/index.php?rest_route=\/wp\/v2\/types\/page"}],"author":[{"embeddable":true,"href":"http:\/\/museumek.eu\/index.php?rest_route=\/wp\/v2\/users\/1"}],"replies":[{"embeddable":true,"href":"http:\/\/museumek.eu\/index.php?rest_route=%2Fwp%2Fv2%2Fcomments&post=34296"}],"version-history":[{"count":13,"href":"http:\/\/museumek.eu\/index.php?rest_route=\/wp\/v2\/pages\/34296\/revisions"}],"predecessor-version":[{"id":42190,"href":"http:\/\/museumek.eu\/index.php?rest_route=\/wp\/v2\/pages\/34296\/revisions\/42190"}],"up":[{"embeddable":true,"href":"http:\/\/museumek.eu\/index.php?rest_route=\/wp\/v2\/pages\/34205"}],"wp:attachment":[{"href":"http:\/\/museumek.eu\/index.php?rest_route=%2Fwp%2Fv2%2Fmedia&parent=34296"}],"curies":[{"name":"wp","href":"https:\/\/api.w.org\/{rel}","templated":true}]}}