{"id":34345,"date":"2014-11-16T21:05:26","date_gmt":"2014-11-16T20:05:26","guid":{"rendered":"http:\/\/museumek.eu\/?page_id=34345"},"modified":"2014-11-16T21:09:22","modified_gmt":"2014-11-16T20:09:22","slug":"dxlix5","status":"publish","type":"page","link":"http:\/\/museumek.eu\/?page_id=34345","title":{"rendered":"D\/XLIX\/5"},"content":{"rendered":"<p><strong>Abteilung Deutschland, Keramik 1860 \u2013 1960, Inventarnummer D\/XLIX\/5<\/strong><\/p>\n<p>Simon Peter Gerz I. GmbH Fabrik fein verzierter Gebrauchs- und Luxusgegenst\u00e4nde und Vorg\u00e4nger Simon Peter Gerz I. Fabrik antiker reichverzierter Steinzeugwaaren, Deutschland, H\u00f6hr, um 1901, Seidel, K\u00fcnstler Walter Ortlieb, Werks.-Nr. 1151, Exemplar Nr. ohne, gemarkt Fabrikmarke mit einem Krug in einem Dreieck, 1151, GR\u00c8S \u201eNASSOVIA\u201c, GES. GESCH. sowie 0,5 L. \u00fcber Eichstrich gepresst, im Zinndeckel Stempel REICHSZINN, G sowie H\u00d6HR (G steht f\u00fcr Gerz), nicht signiert, Literatur: Gisela Reineking von Bock, Meister der deutschen Keramik, Seite 329, Marke Nr. 212 identisch, weitere Literatur: J\u00fcrgen Schimanski und J\u00fcrgen Erlebach, Westerw\u00e4lder Steinzeug, Die Neue \u00c4ra, Seite 44 ff., Fabrikbeschreibung, Seite 44, Marke Nr. 6 identisch sowie Seite 48, Abbildung Nr. 34 identischer Seidel, beschrieben mit Entwurd Walter Ortlieb 1901 und Werks.-Nr. 1151, weitere Literatur: J\u00fcrgen Schimanski, Braun geflammt und grau gesalzen, Seite 197, Beschreibung der Fabrik und Marke Nr. 6 identisch sowie Seite 198, Abbildung 493 identischer Seidel, beschrieben mit Entwurf Walter Ortlieb und Werks.-Nr.1151, die Fabrik wurde 1857 von Simon Peter Gerz I (geb. 13.09.1830, gest. 12.09.1893) gegr\u00fcndet, die Registereintragung erfolgte aber erst 1862, insofern ist das Jahr 1862 das amtliche Gr\u00fcndungsdatum, bisher konnte in keiner Literatur eine Erkl\u00e4rung gefunden werden, warum Gerz seinem Namen eine r\u00f6mische I anf\u00fcgte, recherchiert werden konnte, dass es noch einen Steinzeugfabrikanten namens Simon Peter Gerz II (geb. 1833, gest. 1908) gab und dass dieser der Vater von Alois Jacob Gerz, dem Mitbegr\u00fcnder der Steinzeugfabrik Rosskopf &#038; Gerz war, 1867 erhielt die Fabrik das Pr\u00e4dikat eines Hoflieferanten des Herzog von Nassau, 1893 (Gerz Tod) wurde der Schwiegersohn Alphons William Loetschert Inhaber, sehr wahrscheinlich wurde um diese Zeit auch die Fabrikmarke SPG I in einem Kreis in die Dreieckmarke mit einem Krug ge\u00e4ndert, sp\u00e4testens aber sicher 1897, 1897 wurde die Pfeiffenfabrik M\u00fcllenbach &#038; Thewalt Mitinhaber und eine GmbH wurde gegr\u00fcndet (Gr\u00fcndungsdatum: 05.08.1897), die Fabrik bestand bis 1997, Ausf\u00fchrung als Feinsteinzeug,<br \/>\nH\u00f6he 11 cm, Breite 13 cm (nur die Keramik)<\/p>\n<p><a href=\"http:\/\/museumek.eu\/?attachment_id=34346\" rel=\"attachment wp-att-34346\"><img loading=\"lazy\" src=\"http:\/\/museumek.eu\/wp-content\/uploads\/2014\/11\/1884-196x300.jpg\" alt=\"\" title=\"1884\" width=\"196\" height=\"300\" class=\"alignnone size-medium wp-image-34346\" srcset=\"http:\/\/museumek.eu\/wp-content\/uploads\/2014\/11\/1884-196x300.jpg 196w, http:\/\/museumek.eu\/wp-content\/uploads\/2014\/11\/1884-98x150.jpg 98w, http:\/\/museumek.eu\/wp-content\/uploads\/2014\/11\/1884.jpg 524w\" sizes=\"(max-width: 196px) 100vw, 196px\" \/><\/a><\/p>\n<p><a href=\"http:\/\/museumek.eu\/?attachment_id=34347\" rel=\"attachment wp-att-34347\"><img loading=\"lazy\" src=\"http:\/\/museumek.eu\/wp-content\/uploads\/2014\/11\/1885-251x300.jpg\" alt=\"\" title=\"1885\" width=\"251\" height=\"300\" class=\"alignnone size-medium wp-image-34347\" srcset=\"http:\/\/museumek.eu\/wp-content\/uploads\/2014\/11\/1885-251x300.jpg 251w, http:\/\/museumek.eu\/wp-content\/uploads\/2014\/11\/1885-125x150.jpg 125w, http:\/\/museumek.eu\/wp-content\/uploads\/2014\/11\/1885.jpg 600w\" sizes=\"(max-width: 251px) 100vw, 251px\" \/><\/a><\/p>\n<p><a href=\"http:\/\/museumek.eu\/?attachment_id=34355\" rel=\"attachment wp-att-34355\"><img loading=\"lazy\" src=\"http:\/\/museumek.eu\/wp-content\/uploads\/2014\/11\/18861-260x300.jpg\" alt=\"\" title=\"1886\" width=\"260\" height=\"300\" class=\"alignnone size-medium wp-image-34355\" srcset=\"http:\/\/museumek.eu\/wp-content\/uploads\/2014\/11\/18861-260x300.jpg 260w, http:\/\/museumek.eu\/wp-content\/uploads\/2014\/11\/18861-130x150.jpg 130w, http:\/\/museumek.eu\/wp-content\/uploads\/2014\/11\/18861.jpg 600w\" sizes=\"(max-width: 260px) 100vw, 260px\" \/><\/a><\/p>\n<p><a href=\"http:\/\/museumek.eu\/?attachment_id=34356\" rel=\"attachment wp-att-34356\"><img loading=\"lazy\" src=\"http:\/\/museumek.eu\/wp-content\/uploads\/2014\/11\/1887-182x300.jpg\" alt=\"\" title=\"1887\" width=\"182\" height=\"300\" class=\"alignnone size-medium wp-image-34356\" srcset=\"http:\/\/museumek.eu\/wp-content\/uploads\/2014\/11\/1887-182x300.jpg 182w, http:\/\/museumek.eu\/wp-content\/uploads\/2014\/11\/1887-91x150.jpg 91w, http:\/\/museumek.eu\/wp-content\/uploads\/2014\/11\/1887.jpg 486w\" sizes=\"(max-width: 182px) 100vw, 182px\" \/><\/a><\/p>\n<p><a href=\"http:\/\/museumek.eu\/?attachment_id=34357\" rel=\"attachment wp-att-34357\"><img loading=\"lazy\" src=\"http:\/\/museumek.eu\/wp-content\/uploads\/2014\/11\/1891-300x222.jpg\" alt=\"\" title=\"1891\" width=\"300\" height=\"222\" class=\"alignnone size-medium wp-image-34357\" srcset=\"http:\/\/museumek.eu\/wp-content\/uploads\/2014\/11\/1891-300x222.jpg 300w, http:\/\/museumek.eu\/wp-content\/uploads\/2014\/11\/1891-150x111.jpg 150w, http:\/\/museumek.eu\/wp-content\/uploads\/2014\/11\/1891-404x300.jpg 404w, http:\/\/museumek.eu\/wp-content\/uploads\/2014\/11\/1891.jpg 485w\" sizes=\"(max-width: 300px) 100vw, 300px\" \/><\/a><\/p>\n<p><a href=\"http:\/\/museumek.eu\/?attachment_id=34358\" rel=\"attachment wp-att-34358\"><img loading=\"lazy\" src=\"http:\/\/museumek.eu\/wp-content\/uploads\/2014\/11\/1889-213x300.jpg\" alt=\"\" title=\"1889\" width=\"213\" height=\"300\" class=\"alignnone size-medium wp-image-34358\" srcset=\"http:\/\/museumek.eu\/wp-content\/uploads\/2014\/11\/1889-213x300.jpg 213w, http:\/\/museumek.eu\/wp-content\/uploads\/2014\/11\/1889-106x150.jpg 106w, http:\/\/museumek.eu\/wp-content\/uploads\/2014\/11\/1889.jpg 568w\" sizes=\"(max-width: 213px) 100vw, 213px\" \/><\/a><\/p>\n<p><a href=\"http:\/\/museumek.eu\/?attachment_id=34359\" rel=\"attachment wp-att-34359\"><img loading=\"lazy\" src=\"http:\/\/museumek.eu\/wp-content\/uploads\/2014\/11\/1890-247x300.jpg\" alt=\"\" title=\"1890\" width=\"247\" height=\"300\" class=\"alignnone size-medium wp-image-34359\" srcset=\"http:\/\/museumek.eu\/wp-content\/uploads\/2014\/11\/1890-247x300.jpg 247w, http:\/\/museumek.eu\/wp-content\/uploads\/2014\/11\/1890-123x150.jpg 123w, http:\/\/museumek.eu\/wp-content\/uploads\/2014\/11\/1890.jpg 556w\" sizes=\"(max-width: 247px) 100vw, 247px\" \/><\/a><\/p>\n","protected":false},"excerpt":{"rendered":"<p>Abteilung Deutschland, Keramik 1860 \u2013 1960, Inventarnummer D\/XLIX\/5 Simon Peter Gerz I. GmbH Fabrik fein verzierter Gebrauchs- und Luxusgegenst\u00e4nde und Vorg\u00e4nger Simon Peter Gerz I. Fabrik antiker reichverzierter Steinzeugwaaren, Deutschland, H\u00f6hr, um 1901, Seidel, K\u00fcnstler Walter Ortlieb, Werks.-Nr. 1151, Exemplar &hellip; <a href=\"http:\/\/museumek.eu\/?page_id=34345\">Weiterlesen <span class=\"meta-nav\">&rarr;<\/span><\/a><\/p>\n","protected":false},"author":1,"featured_media":0,"parent":11558,"menu_order":5,"comment_status":"closed","ping_status":"open","template":"","meta":[],"_links":{"self":[{"href":"http:\/\/museumek.eu\/index.php?rest_route=\/wp\/v2\/pages\/34345"}],"collection":[{"href":"http:\/\/museumek.eu\/index.php?rest_route=\/wp\/v2\/pages"}],"about":[{"href":"http:\/\/museumek.eu\/index.php?rest_route=\/wp\/v2\/types\/page"}],"author":[{"embeddable":true,"href":"http:\/\/museumek.eu\/index.php?rest_route=\/wp\/v2\/users\/1"}],"replies":[{"embeddable":true,"href":"http:\/\/museumek.eu\/index.php?rest_route=%2Fwp%2Fv2%2Fcomments&post=34345"}],"version-history":[{"count":8,"href":"http:\/\/museumek.eu\/index.php?rest_route=\/wp\/v2\/pages\/34345\/revisions"}],"predecessor-version":[{"id":34361,"href":"http:\/\/museumek.eu\/index.php?rest_route=\/wp\/v2\/pages\/34345\/revisions\/34361"}],"up":[{"embeddable":true,"href":"http:\/\/museumek.eu\/index.php?rest_route=\/wp\/v2\/pages\/11558"}],"wp:attachment":[{"href":"http:\/\/museumek.eu\/index.php?rest_route=%2Fwp%2Fv2%2Fmedia&parent=34345"}],"curies":[{"name":"wp","href":"https:\/\/api.w.org\/{rel}","templated":true}]}}