{"id":34413,"date":"2014-11-18T00:49:40","date_gmt":"2014-11-17T23:49:40","guid":{"rendered":"http:\/\/museumek.eu\/?page_id=34413"},"modified":"2014-11-18T00:49:40","modified_gmt":"2014-11-17T23:49:40","slug":"kurzbiografie-und-inventar-zum-kunstler","status":"publish","type":"page","link":"http:\/\/museumek.eu\/?page_id=34413","title":{"rendered":"Kurzbiografie und Inventar zum K\u00fcnstler"},"content":{"rendered":"<p>Margarete Reinold wurde am 30.04.1901 in Wien geboren. Das Sterbedatum und der Sterbeort sind nicht bekannt. Sie studierte an der Wiener Kunstgewerbeschule unter M\u00fcller-Hoffmann, Michael Powolny und Robert Obsieger. 1925 nahm sie an der Pariser Kunstgewerbeausstellung teil. Sie fertigte mindestens zwei nachgewiesene Entw\u00fcrfe f\u00fcr die Werkstatt von Marcell Goldscheider. Sie war Mitarbeiterin der Wiener Werkst\u00e4tte und bemalte vor allem diverse Keramiken der Werkst\u00e4tte. F\u00fcr die Wiener Manufaktur Friedrich Goldscheider fertigte sie zumindest ein Exemplar, welches im MEK unter Inv.Nr. A\/I\/132 dokumentiert ist.<\/p>\n<p><strong>Abteilung Austria\/Ungarn\/B\u00f6hmen, Keramik 1860 \u2013 1960, Inventarnummer A\/I\/132<\/strong><\/p>\n<p>Wiener Manufaktur Friedrich Goldscheider, Austria, Wien, 06.08.1939 (?), Wandteller, K\u00fcnstler Margarete (Grete) Reinold, Werks.-Nr. ohne\/Exemplar Nr. Unikat (?)\/Modelleur Nr. ohne, gemarkt Firmenmarke mit Goldscheider Wien, GWM (Wiener Manufaktur Goldscheider) sowie Made in Austria schwarze Stempel, 6., 8., 39 (?) schwarz gemalt, G. G. REINOLD schwarz gemalt, signiert G. G. REINOLD, Literatur: Robert E. Dechant\/Filipp Goldscheider, Firmengeschichte und Werkverzeichnis, Seite 531 ff., Goldscheider Modelle \u201eohne Nummerierung\u201c, dort noch nicht erfasst sowie Seite 604, Firmenmarke GS 19 (f\u00fcr die Zeit 1922 \u2013 1941) identisch, weitere Literatur: Waltraud Neuwirth, Wiener Keramik, Seite 270, biografische Daten zur K\u00fcnstlerin, Seite 428, Nachweis der k\u00fcnstlerischen Mitarbeiter der Wiener Werkst\u00e4tte, dort aufgef\u00fchrt Margarete Reinold, Seite 442, dort Margarete Reinold mit einer Vase verzeichnet sowie Seite 482, Marke Nr. 239 \u00e4hnliche Signatur der K\u00fcnstlerin, die Urspr\u00fcnge der Firma gehen zur\u00fcck auf das Pilsener Handelsunternehmen Moritz Goldscheider der 1860\u2018 Jahre, nach dem Tode von Moritz Goldscheider werden die Br\u00fcder Eduard und Friedrich Goldscheider Eigent\u00fcmer und firmieren ab 1877 als M. Goldscheider\u2019s Erben, Thon-und Kunststeinmanufactur Werk Moldau und ab 1878 als Br\u00fcder Goldscheider, im Jahre 1878 wandert Friedrich Goldscheider nach Wien aus und Eduard f\u00fchrt die Firma in Pilsen bis zum Konkurs 1892 allein weiter, Friedrich Goldscheider firmiert in Wien ab 1880 als Goldscheider\u2019sche Porzellan-Manufaktur und Porzellanmalerei, neben Handelsgesch\u00e4ften betreibt die Firma vorwiegend die Porzellanmalerei, das Porzellan wird von b\u00f6hmischen Manufakturen bezogen und teilweise auch in B\u00f6hmen bemalt, ab 1885 \u00e4ndert sich die Firmierung in Goldscheider\u2019sche Porzellan-Manufaktur und Majolicafabrik, das Jahr 1885 gilt als das offizielle Gr\u00fcndungsjahr, ab 1887 bezeichnet Friedrich Goldscheider seine Fabrik als Erste Wiener Terracotta- und Majolika-Fabrik Friedrich Goldscheider oder als Erste Wiener Kunst-Terracotta-Fabrik und kunstgewerbliche Ateliers Friedrich Goldscheider und offiziell ab 1894 als Friedrich Goldscheider Erste Wiener Terrakottafabrik, Friedrich Goldscheider stirbt im Jahre 1897, seine Ehefrau Regine Goldscheider wird Alleineigent\u00fcmer und firmiert ab 1899 als Friedrich Goldscheider in Wien, Berlin und Leipzig, ab 1907 firmiert die Firma als Erste Wiener Terrakottafabrik und Atelier f\u00fcr k\u00fcnstlerische Fayencen Friedrich Goldscheider, im Jahre 1918 stirbt Regine und die S\u00f6hne Walter und Marcell Goldscheider werden Inhaber, ab 1921 \u00e4ndert sich die Firmierung in Wiener Manufaktur Friedrich Goldscheider, 1928 scheidet Marcell Goldscheider aus und gr\u00fcndet seine eigene Firma in Wien, 1939 wird die Firma arisiert und Josef Schuster wird Inhaber, Firmierung ab 1939, Wiener Manufaktur Friedrich Goldscheider Nachf., Inhaber Josef Schuster, ab 1941 lautet die Firmierung Wiener Manufaktur Josef Schuster, vorm. Friedrich Goldscheider, nach dem WK II erh\u00e4lt Friedrich Goldscheider seine Firma zur\u00fcck und firmiert ab 1950 wieder als Wiener Manufaktur Friedrich Goldscheider, in dieser Zeit verkauft er die Firma an die Majolikafabrik Carstens, in Fredelsloh, die in Fredelsloh Wiederauflagen alter Modelle in minderwertigem braunem Ton aber auch neue Modelle ebenfalls in dieser Tonart produziert, ab 1953 firmiert die Firma als Kunstkeramische Manufaktur Goldscheider GmbH und 1960 wird die Produktion in Fredelsloh eingestellt, das zweite G. in der Signatur steht evtl. f\u00fcr Gustel, das MEK Exemplar dieses Wandtellers ist der einzige nachgewiesene Entwurf und das einzige nachgewiesene Exemplar der K\u00fcnstlerin f\u00fcr die Wiener Manufaktur Friedrich Goldscheider, Handmalerei auf kr\u00e4ftiger Uran-Glasur, Durchmesser 27 cm<\/p>\n<p><a href=\"http:\/\/museumek.eu\/?attachment_id=34387\" rel=\"attachment wp-att-34387\"><img loading=\"lazy\" src=\"http:\/\/museumek.eu\/wp-content\/uploads\/2014\/11\/1904-300x292.jpg\" alt=\"\" title=\"1904\" width=\"300\" height=\"292\" class=\"alignnone size-medium wp-image-34387\" srcset=\"http:\/\/museumek.eu\/wp-content\/uploads\/2014\/11\/1904-300x292.jpg 300w, http:\/\/museumek.eu\/wp-content\/uploads\/2014\/11\/1904-150x146.jpg 150w, http:\/\/museumek.eu\/wp-content\/uploads\/2014\/11\/1904-308x300.jpg 308w, http:\/\/museumek.eu\/wp-content\/uploads\/2014\/11\/1904.jpg 616w\" sizes=\"(max-width: 300px) 100vw, 300px\" \/><\/a><\/p>\n<p><a href=\"http:\/\/museumek.eu\/?attachment_id=34388\" rel=\"attachment wp-att-34388\"><img loading=\"lazy\" src=\"http:\/\/museumek.eu\/wp-content\/uploads\/2014\/11\/1905-225x300.jpg\" alt=\"\" title=\"1905\" width=\"225\" height=\"300\" class=\"alignnone size-medium wp-image-34388\" srcset=\"http:\/\/museumek.eu\/wp-content\/uploads\/2014\/11\/1905-225x300.jpg 225w, http:\/\/museumek.eu\/wp-content\/uploads\/2014\/11\/1905-112x150.jpg 112w, http:\/\/museumek.eu\/wp-content\/uploads\/2014\/11\/1905.jpg 600w\" sizes=\"(max-width: 225px) 100vw, 225px\" \/><\/a><\/p>\n<p><a href=\"http:\/\/museumek.eu\/?attachment_id=34389\" rel=\"attachment wp-att-34389\"><img loading=\"lazy\" src=\"http:\/\/museumek.eu\/wp-content\/uploads\/2014\/11\/1907-300x82.jpg\" alt=\"\" title=\"1907\" width=\"300\" height=\"82\" class=\"alignnone size-medium wp-image-34389\" srcset=\"http:\/\/museumek.eu\/wp-content\/uploads\/2014\/11\/1907-300x82.jpg 300w, http:\/\/museumek.eu\/wp-content\/uploads\/2014\/11\/1907-150x41.jpg 150w, http:\/\/museumek.eu\/wp-content\/uploads\/2014\/11\/1907-500x137.jpg 500w, http:\/\/museumek.eu\/wp-content\/uploads\/2014\/11\/1907.jpg 800w\" sizes=\"(max-width: 300px) 100vw, 300px\" \/><\/a><\/p>\n<p><a href=\"http:\/\/museumek.eu\/?attachment_id=34390\" rel=\"attachment wp-att-34390\"><img loading=\"lazy\" src=\"http:\/\/museumek.eu\/wp-content\/uploads\/2014\/11\/1908-300x286.jpg\" alt=\"\" title=\"1908\" width=\"300\" height=\"286\" class=\"alignnone size-medium wp-image-34390\" srcset=\"http:\/\/museumek.eu\/wp-content\/uploads\/2014\/11\/1908-300x286.jpg 300w, http:\/\/museumek.eu\/wp-content\/uploads\/2014\/11\/1908-150x143.jpg 150w, http:\/\/museumek.eu\/wp-content\/uploads\/2014\/11\/1908-314x300.jpg 314w, http:\/\/museumek.eu\/wp-content\/uploads\/2014\/11\/1908.jpg 628w\" sizes=\"(max-width: 300px) 100vw, 300px\" \/><\/a><\/p>\n<p><a href=\"http:\/\/museumek.eu\/?attachment_id=34392\" rel=\"attachment wp-att-34392\"><img loading=\"lazy\" src=\"http:\/\/museumek.eu\/wp-content\/uploads\/2014\/11\/1906-300x98.jpg\" alt=\"\" title=\"1906\" width=\"300\" height=\"98\" class=\"alignnone size-medium wp-image-34392\" srcset=\"http:\/\/museumek.eu\/wp-content\/uploads\/2014\/11\/1906-300x98.jpg 300w, http:\/\/museumek.eu\/wp-content\/uploads\/2014\/11\/1906-150x49.jpg 150w, http:\/\/museumek.eu\/wp-content\/uploads\/2014\/11\/1906-500x164.jpg 500w, http:\/\/museumek.eu\/wp-content\/uploads\/2014\/11\/1906.jpg 800w\" sizes=\"(max-width: 300px) 100vw, 300px\" \/><\/a><\/p>\n<p><a href=\"http:\/\/museumek.eu\/?attachment_id=34393\" rel=\"attachment wp-att-34393\"><img loading=\"lazy\" src=\"http:\/\/museumek.eu\/wp-content\/uploads\/2014\/11\/1909-300x298.jpg\" alt=\"\" title=\"1909\" width=\"300\" height=\"298\" class=\"alignnone size-medium wp-image-34393\" srcset=\"http:\/\/museumek.eu\/wp-content\/uploads\/2014\/11\/1909-300x298.jpg 300w, http:\/\/museumek.eu\/wp-content\/uploads\/2014\/11\/1909-150x150.jpg 150w, http:\/\/museumek.eu\/wp-content\/uploads\/2014\/11\/1909-302x300.jpg 302w, http:\/\/museumek.eu\/wp-content\/uploads\/2014\/11\/1909.jpg 604w\" sizes=\"(max-width: 300px) 100vw, 300px\" \/><\/a><\/p>\n<p><a href=\"http:\/\/museumek.eu\/?attachment_id=34394\" rel=\"attachment wp-att-34394\"><img loading=\"lazy\" src=\"http:\/\/museumek.eu\/wp-content\/uploads\/2014\/11\/1911-300x255.jpg\" alt=\"\" title=\"1911\" width=\"300\" height=\"255\" class=\"alignnone size-medium wp-image-34394\" srcset=\"http:\/\/museumek.eu\/wp-content\/uploads\/2014\/11\/1911-300x255.jpg 300w, http:\/\/museumek.eu\/wp-content\/uploads\/2014\/11\/1911-150x127.jpg 150w, http:\/\/museumek.eu\/wp-content\/uploads\/2014\/11\/1911-352x300.jpg 352w, http:\/\/museumek.eu\/wp-content\/uploads\/2014\/11\/1911.jpg 704w\" sizes=\"(max-width: 300px) 100vw, 300px\" \/><\/a><\/p>\n<p><a href=\"http:\/\/museumek.eu\/?attachment_id=34395\" rel=\"attachment wp-att-34395\"><img loading=\"lazy\" src=\"http:\/\/museumek.eu\/wp-content\/uploads\/2014\/11\/1910-300x182.jpg\" alt=\"\" title=\"1910\" width=\"300\" height=\"182\" class=\"alignnone size-medium wp-image-34395\" srcset=\"http:\/\/museumek.eu\/wp-content\/uploads\/2014\/11\/1910-300x182.jpg 300w, http:\/\/museumek.eu\/wp-content\/uploads\/2014\/11\/1910-150x91.jpg 150w, http:\/\/museumek.eu\/wp-content\/uploads\/2014\/11\/1910-491x300.jpg 491w, http:\/\/museumek.eu\/wp-content\/uploads\/2014\/11\/1910.jpg 505w\" sizes=\"(max-width: 300px) 100vw, 300px\" \/><\/a><\/p>\n","protected":false},"excerpt":{"rendered":"<p>Margarete Reinold wurde am 30.04.1901 in Wien geboren. Das Sterbedatum und der Sterbeort sind nicht bekannt. Sie studierte an der Wiener Kunstgewerbeschule unter M\u00fcller-Hoffmann, Michael Powolny und Robert Obsieger. 1925 nahm sie an der Pariser Kunstgewerbeausstellung teil. Sie fertigte mindestens &hellip; <a href=\"http:\/\/museumek.eu\/?page_id=34413\">Weiterlesen <span class=\"meta-nav\">&rarr;<\/span><\/a><\/p>\n","protected":false},"author":1,"featured_media":0,"parent":34405,"menu_order":1,"comment_status":"closed","ping_status":"open","template":"","meta":[],"_links":{"self":[{"href":"http:\/\/museumek.eu\/index.php?rest_route=\/wp\/v2\/pages\/34413"}],"collection":[{"href":"http:\/\/museumek.eu\/index.php?rest_route=\/wp\/v2\/pages"}],"about":[{"href":"http:\/\/museumek.eu\/index.php?rest_route=\/wp\/v2\/types\/page"}],"author":[{"embeddable":true,"href":"http:\/\/museumek.eu\/index.php?rest_route=\/wp\/v2\/users\/1"}],"replies":[{"embeddable":true,"href":"http:\/\/museumek.eu\/index.php?rest_route=%2Fwp%2Fv2%2Fcomments&post=34413"}],"version-history":[{"count":4,"href":"http:\/\/museumek.eu\/index.php?rest_route=\/wp\/v2\/pages\/34413\/revisions"}],"predecessor-version":[{"id":34417,"href":"http:\/\/museumek.eu\/index.php?rest_route=\/wp\/v2\/pages\/34413\/revisions\/34417"}],"up":[{"embeddable":true,"href":"http:\/\/museumek.eu\/index.php?rest_route=\/wp\/v2\/pages\/34405"}],"wp:attachment":[{"href":"http:\/\/museumek.eu\/index.php?rest_route=%2Fwp%2Fv2%2Fmedia&parent=34413"}],"curies":[{"name":"wp","href":"https:\/\/api.w.org\/{rel}","templated":true}]}}