{"id":34539,"date":"2014-11-22T22:03:41","date_gmt":"2014-11-22T21:03:41","guid":{"rendered":"http:\/\/museumek.eu\/?page_id=34539"},"modified":"2015-03-16T22:31:59","modified_gmt":"2015-03-16T21:31:59","slug":"dcixx1","status":"publish","type":"page","link":"http:\/\/museumek.eu\/?page_id=34539","title":{"rendered":"D\/CIXX\/1"},"content":{"rendered":"<p><strong>Abteilung Deutschland, Keramik 1860 \u2013 1960, Inventarnummer D\/CIXX\/1<\/strong><\/p>\n<p>Steuler &#038; Co. Steinzeugindustrie GmbH, Deutschland, Koblenz und Grenzhausen, um 1910, Seidel, K\u00fcnstler unbekannt, Werks.-Nr. ohne, Exemplar Nr. ohne, gemarkt Firmenmarke mit St, I sowie G in einem Kreis (St steht f\u00fcr Steuler, I steht f\u00fcr Industrie, G steht f\u00fcr Grenzhausen) S (steht evtl. f\u00fcr Steuler ?) sowie \u00bd L \u00fcber Eichstrich gepresst, D 92 sowie 5 schwarz gemalt, nicht signiert, Literatur: J\u00fcrgen Schimanski und J\u00fcrgen Erlebach, Westerw\u00e4lder Steinzeug, Die Neue \u00c4ra, Seite 118 ff., Erw\u00e4hnung der Fabrik und Abbildungen von Fabrikaten sowie Seite 118, Marke Nr. 42 identisch, weitere Literatur: J\u00fcrgen Schimanski, Braun geflammt und grau gesalzen, Seite 223, Beschreibung der Fabrik, Beschreibung, dass 1918 die Fabrik von Walter M\u00fcller \u00fcbernommen worden ist, Beschreibung, dass 1922 die Formen der Fabrik von Dr. Fritz Hammerschmidt \u00fcbernommen worden sind, die diese vorher von der Fabrik Alfons L\u00f6tschert \u00fcbernommen hatte, Beschreibung, dass 1931 die Produktion von Gebrauchssteinzeug eingestellt worden ist sowie Marke Nr. 42 identisch, Georg Steuler und sein Schwager Josef Gilling gr\u00fcndeten 1908 die Steuler &#038; Co. Steinzeugindustrie GmbH in Koblenz, dort wurde ausschlielich industrielle Keramik produziert, zu einem sp\u00e4teren Zeitpunkt wurde auch noch ein Zweigwerk in Koblenz er\u00f6ffnet, welches als Tonwerk M\u00fchlacker GmbH firmierte, bereits 1910 gr\u00fcndete die Steuler &#038; Co. Steinzeugindustrie GmbH ein weitere Fabrik in Grenzhausen, welche Gebrauchskeramik herstellte, deshalb steht in der oben beschrieben Fabrikmarke, die anscheinend auch nur auf Gebrauchssteinzeug angebracht worden ist, auch ein G f\u00fcr Grenzhausen, bis 1927 war auch ein Hans Steuler in der GmbH t\u00e4tig, \u00fcber dessen Aufgabe und Herkunft aber keine Daten recherchiert werden konnten, von 1909 bis 1917 bestand wohl eine stille Teilhaberschaft mit der Ransbacher Fabrik von Johann \u00dcbelacker, wobei nicht recherchiert werden konnte, ob Steuler bei \u00dcbelacker oder \u00dcbelacker bei Steuler der stille Teilhaber war, 1918 \u00fcbernahm die Fabrik die Steinzeugfabrik Walter M\u00fcller, Inhaber M\u00fcller &#038; Werner, samt deren Formen, 1922 erfolgte die \u00dcbernahme der Formen der Steinzeugfabrik von Dr. Fritz Hammerschmidt, da dieser die Formen der Steinzeugfabrik von Alfons Wilhelm L\u00f6tschert \u00fcbernommen hatte, gingen somit auch diese Formen zu Steuler \u00fcber, au\u00dferdem gab die Fabrik eigene K\u00fcnstlerentw\u00fcrfe in Auftrag und arbeitete mit Carl Moos, Alfred Kamp, Anni Ofterdinger, Wilhelm Neidhart und andern K\u00fcnstlern zusammen, 1931 wurde die Produktion von Gebrauchssteinzeug eingestellt, w\u00e4hrend der Produktionszweig der industriellen Keramik noch heute betrieben wird, das Dekor f\u00fcr diesen Seidel wurde wahrscheinlich von Carl Moos entworfen, H\u00f6he 13 cm, Breite 13,5cm (nur die Keramik)<\/p>\n<p><a href=\"http:\/\/museumek.eu\/?attachment_id=34540\" rel=\"attachment wp-att-34540\"><img loading=\"lazy\" src=\"http:\/\/museumek.eu\/wp-content\/uploads\/2014\/11\/1811-168x300.jpg\" alt=\"\" title=\"1811\" width=\"168\" height=\"300\" class=\"alignnone size-medium wp-image-34540\" srcset=\"http:\/\/museumek.eu\/wp-content\/uploads\/2014\/11\/1811-168x300.jpg 168w, http:\/\/museumek.eu\/wp-content\/uploads\/2014\/11\/1811-84x150.jpg 84w, http:\/\/museumek.eu\/wp-content\/uploads\/2014\/11\/1811.jpg 450w\" sizes=\"(max-width: 168px) 100vw, 168px\" \/><\/a><\/p>\n<p><a href=\"http:\/\/museumek.eu\/?attachment_id=34541\" rel=\"attachment wp-att-34541\"><img loading=\"lazy\" src=\"http:\/\/museumek.eu\/wp-content\/uploads\/2014\/11\/1812-205x300.jpg\" alt=\"\" title=\"1812\" width=\"205\" height=\"300\" class=\"alignnone size-medium wp-image-34541\" srcset=\"http:\/\/museumek.eu\/wp-content\/uploads\/2014\/11\/1812-205x300.jpg 205w, http:\/\/museumek.eu\/wp-content\/uploads\/2014\/11\/1812-102x150.jpg 102w, http:\/\/museumek.eu\/wp-content\/uploads\/2014\/11\/1812.jpg 548w\" sizes=\"(max-width: 205px) 100vw, 205px\" \/><\/a><\/p>\n<p><a href=\"http:\/\/museumek.eu\/?attachment_id=34542\" rel=\"attachment wp-att-34542\"><img loading=\"lazy\" src=\"http:\/\/museumek.eu\/wp-content\/uploads\/2014\/11\/1813-222x300.jpg\" alt=\"\" title=\"1813\" width=\"222\" height=\"300\" class=\"alignnone size-medium wp-image-34542\" srcset=\"http:\/\/museumek.eu\/wp-content\/uploads\/2014\/11\/1813-222x300.jpg 222w, http:\/\/museumek.eu\/wp-content\/uploads\/2014\/11\/1813-111x150.jpg 111w, http:\/\/museumek.eu\/wp-content\/uploads\/2014\/11\/1813.jpg 593w\" sizes=\"(max-width: 222px) 100vw, 222px\" \/><\/a><\/p>\n<p><a href=\"http:\/\/museumek.eu\/?attachment_id=34543\" rel=\"attachment wp-att-34543\"><img loading=\"lazy\" src=\"http:\/\/museumek.eu\/wp-content\/uploads\/2014\/11\/1814-226x300.jpg\" alt=\"\" title=\"1814\" width=\"226\" height=\"300\" class=\"alignnone size-medium wp-image-34543\" srcset=\"http:\/\/museumek.eu\/wp-content\/uploads\/2014\/11\/1814-226x300.jpg 226w, http:\/\/museumek.eu\/wp-content\/uploads\/2014\/11\/1814-113x150.jpg 113w, http:\/\/museumek.eu\/wp-content\/uploads\/2014\/11\/1814.jpg 600w\" sizes=\"(max-width: 226px) 100vw, 226px\" \/><\/a><\/p>\n<p><a href=\"http:\/\/museumek.eu\/?attachment_id=34544\" rel=\"attachment wp-att-34544\"><img loading=\"lazy\" src=\"http:\/\/museumek.eu\/wp-content\/uploads\/2014\/11\/1815-166x300.jpg\" alt=\"\" title=\"1815\" width=\"166\" height=\"300\" class=\"alignnone size-medium wp-image-34544\" srcset=\"http:\/\/museumek.eu\/wp-content\/uploads\/2014\/11\/1815-166x300.jpg 166w, http:\/\/museumek.eu\/wp-content\/uploads\/2014\/11\/1815-83x150.jpg 83w, http:\/\/museumek.eu\/wp-content\/uploads\/2014\/11\/1815.jpg 443w\" sizes=\"(max-width: 166px) 100vw, 166px\" \/><\/a><\/p>\n<p><a href=\"http:\/\/museumek.eu\/?attachment_id=34545\" rel=\"attachment wp-att-34545\"><img loading=\"lazy\" src=\"http:\/\/museumek.eu\/wp-content\/uploads\/2014\/11\/1816-300x201.jpg\" alt=\"\" title=\"1816\" width=\"300\" height=\"201\" class=\"alignnone size-medium wp-image-34545\" srcset=\"http:\/\/museumek.eu\/wp-content\/uploads\/2014\/11\/1816-300x201.jpg 300w, http:\/\/museumek.eu\/wp-content\/uploads\/2014\/11\/1816-150x100.jpg 150w, http:\/\/museumek.eu\/wp-content\/uploads\/2014\/11\/1816-446x300.jpg 446w, http:\/\/museumek.eu\/wp-content\/uploads\/2014\/11\/1816.jpg 528w\" sizes=\"(max-width: 300px) 100vw, 300px\" \/><\/a><\/p>\n<p><a href=\"http:\/\/museumek.eu\/?attachment_id=34551\" rel=\"attachment wp-att-34551\"><img loading=\"lazy\" src=\"http:\/\/museumek.eu\/wp-content\/uploads\/2014\/11\/18171-300x202.jpg\" alt=\"\" title=\"1817\" width=\"300\" height=\"202\" class=\"alignnone size-medium wp-image-34551\" srcset=\"http:\/\/museumek.eu\/wp-content\/uploads\/2014\/11\/18171-300x202.jpg 300w, http:\/\/museumek.eu\/wp-content\/uploads\/2014\/11\/18171-150x101.jpg 150w, http:\/\/museumek.eu\/wp-content\/uploads\/2014\/11\/18171-445x300.jpg 445w, http:\/\/museumek.eu\/wp-content\/uploads\/2014\/11\/18171.jpg 800w\" sizes=\"(max-width: 300px) 100vw, 300px\" \/><\/a><\/p>\n<p><a href=\"http:\/\/museumek.eu\/?attachment_id=34552\" rel=\"attachment wp-att-34552\"><img loading=\"lazy\" src=\"http:\/\/museumek.eu\/wp-content\/uploads\/2014\/11\/1818-212x300.jpg\" alt=\"\" title=\"1818\" width=\"212\" height=\"300\" class=\"alignnone size-medium wp-image-34552\" srcset=\"http:\/\/museumek.eu\/wp-content\/uploads\/2014\/11\/1818-212x300.jpg 212w, http:\/\/museumek.eu\/wp-content\/uploads\/2014\/11\/1818-106x150.jpg 106w, http:\/\/museumek.eu\/wp-content\/uploads\/2014\/11\/1818.jpg 566w\" sizes=\"(max-width: 212px) 100vw, 212px\" \/><\/a><\/p>\n","protected":false},"excerpt":{"rendered":"<p>Abteilung Deutschland, Keramik 1860 \u2013 1960, Inventarnummer D\/CIXX\/1 Steuler &#038; Co. Steinzeugindustrie GmbH, Deutschland, Koblenz und Grenzhausen, um 1910, Seidel, K\u00fcnstler unbekannt, Werks.-Nr. ohne, Exemplar Nr. ohne, gemarkt Firmenmarke mit St, I sowie G in einem Kreis (St steht f\u00fcr &hellip; <a href=\"http:\/\/museumek.eu\/?page_id=34539\">Weiterlesen <span class=\"meta-nav\">&rarr;<\/span><\/a><\/p>\n","protected":false},"author":1,"featured_media":0,"parent":34532,"menu_order":1,"comment_status":"closed","ping_status":"open","template":"","meta":[],"_links":{"self":[{"href":"http:\/\/museumek.eu\/index.php?rest_route=\/wp\/v2\/pages\/34539"}],"collection":[{"href":"http:\/\/museumek.eu\/index.php?rest_route=\/wp\/v2\/pages"}],"about":[{"href":"http:\/\/museumek.eu\/index.php?rest_route=\/wp\/v2\/types\/page"}],"author":[{"embeddable":true,"href":"http:\/\/museumek.eu\/index.php?rest_route=\/wp\/v2\/users\/1"}],"replies":[{"embeddable":true,"href":"http:\/\/museumek.eu\/index.php?rest_route=%2Fwp%2Fv2%2Fcomments&post=34539"}],"version-history":[{"count":8,"href":"http:\/\/museumek.eu\/index.php?rest_route=\/wp\/v2\/pages\/34539\/revisions"}],"predecessor-version":[{"id":37748,"href":"http:\/\/museumek.eu\/index.php?rest_route=\/wp\/v2\/pages\/34539\/revisions\/37748"}],"up":[{"embeddable":true,"href":"http:\/\/museumek.eu\/index.php?rest_route=\/wp\/v2\/pages\/34532"}],"wp:attachment":[{"href":"http:\/\/museumek.eu\/index.php?rest_route=%2Fwp%2Fv2%2Fmedia&parent=34539"}],"curies":[{"name":"wp","href":"https:\/\/api.w.org\/{rel}","templated":true}]}}