{"id":34562,"date":"2014-11-22T22:23:51","date_gmt":"2014-11-22T21:23:51","guid":{"rendered":"http:\/\/museumek.eu\/?page_id=34562"},"modified":"2015-03-16T22:32:47","modified_gmt":"2015-03-16T21:32:47","slug":"dcixx2","status":"publish","type":"page","link":"http:\/\/museumek.eu\/?page_id=34562","title":{"rendered":"D\/CIXX\/2"},"content":{"rendered":"<p><strong>Abteilung Deutschland, Keramik 1860 \u2013 1960, Inventarnummer D\/CIXX\/2<\/strong><\/p>\n<p>Steuler &#038; Co. Steinzeugindustrie GmbH, Deutschland, Koblenz und Grenzhausen, um 1920, Seidel, K\u00fcnstler unbekannt, Werks.-Nr. 344, Exemplar Nr. ohne, gemarkt Firmenmarke mit St, I sowie G in einem Kreis (St steht f\u00fcr Steuler, I steht f\u00fcr Industrie, G steht f\u00fcr Grenzhausen), 344 (quer unter dem Henkel), S (steht evtl. f\u00fcr Steuler ?), 8 sowie 0,5 L. \u00fcber Eichstrich gepresst, unbekanntes Zeichen geritzt, nicht signiert, Literatur: J\u00fcrgen Schimanski und J\u00fcrgen Erlebach, Westerw\u00e4lder Steinzeug, Die Neue \u00c4ra, Seite 118 ff., Erw\u00e4hnung der Fabrik und Abbildungen von Fabrikaten sowie Seite 118, Marke Nr. 42 identisch, weitere Literatur: J\u00fcrgen Schimanski, Braun geflammt und grau gesalzen, Seite 223, Beschreibung der Fabrik, Beschreibung, dass 1918 die Fabrik von Walter M\u00fcller \u00fcbernommen worden ist, Beschreibung, dass 1922 die Formen der Fabrik von Dr. Fritz Hammerschmidt \u00fcbernommen worden sind, die diese vorher von der Fabrik Alfons L\u00f6tschert \u00fcbernommen hatte, Beschreibung, dass 1931 die Produktion von Gebrauchssteinzeug eingestellt worden ist sowie Marke Nr. 42 identisch, Georg Steuler und sein Schwager Josef Gilling gr\u00fcndeten 1908 die Steuler &#038; Co. Steinzeugindustrie GmbH in Koblenz, dort wurde ausschlielich industrielle Keramik produziert, zu einem sp\u00e4teren Zeitpunkt wurde auch noch ein Zweigwerk in Koblenz er\u00f6ffnet, welches als Tonwerk M\u00fchlacker GmbH firmierte, bereits 1910 gr\u00fcndete die Steuler &#038; Co. Steinzeugindustrie GmbH ein weitere Fabrik in Grenzhausen, welche Gebrauchskeramik herstellte, deshalb steht in der oben beschrieben Fabrikmarke, die anscheinend auch nur auf Gebrauchssteinzeug angebracht worden ist, auch ein G f\u00fcr Grenzhausen, bis 1927 war auch ein Hans Steuler in der GmbH t\u00e4tig, \u00fcber dessen Aufgabe und Herkunft aber keine Daten recherchiert werden konnten, von 1909 bis 1917 bestand wohl eine stille Teilhaberschaft mit der Ransbacher Fabrik von Johann \u00dcbelacker, wobei nicht recherchiert werden konnte, ob Steuler bei \u00dcbelacker oder \u00dcbelacker bei Steuler der stille Teilhaber war, 1918 \u00fcbernahm die Fabrik die Steinzeugfabrik Walter M\u00fcller, Inhaber M\u00fcller &#038; Werner, samt deren Formen, 1922 erfolgte die \u00dcbernahme der Formen der Steinzeugfabrik von Dr. Fritz Hammerschmidt, da dieser die Formen der Steinzeugfabrik von Alfons Wilhelm L\u00f6tschert \u00fcbernommen hatte, gingen somit auch diese Formen zu Steuler \u00fcber, au\u00dferdem gab die Fabrik eigene K\u00fcnstlerentw\u00fcrfe in Auftrag und arbeitete mit Carl Moos, Alfred Kamp, Anni Ofterdinger, Wilhelm Neidhart und andern K\u00fcnstlern zusammen, 1931 wurde die Produktion von Gebrauchssteinzeug eingestellt, w\u00e4hrend der Produktionszweig der industriellen Keramik noch heute betrieben wird, das Modell wurde wahrscheinlich von der Steinzeugfabrik Walter M\u00fcller \u00fcbernommen, die das Dekor wahrscheinlich nach Vorlagen von Paul Wynand als Werks-Entwurf emtwickelt hat, Zinnmontur mit Blechdeckel, H\u00f6he 9,5 cm, Breite 15cm (nur die Keramik)<\/p>\n<p><a href=\"http:\/\/museumek.eu\/?attachment_id=34563\" rel=\"attachment wp-att-34563\"><img loading=\"lazy\" src=\"http:\/\/museumek.eu\/wp-content\/uploads\/2014\/11\/1935-229x300.jpg\" alt=\"\" title=\"1935\" width=\"229\" height=\"300\" class=\"alignnone size-medium wp-image-34563\" srcset=\"http:\/\/museumek.eu\/wp-content\/uploads\/2014\/11\/1935-229x300.jpg 229w, http:\/\/museumek.eu\/wp-content\/uploads\/2014\/11\/1935-114x150.jpg 114w, http:\/\/museumek.eu\/wp-content\/uploads\/2014\/11\/1935.jpg 600w\" sizes=\"(max-width: 229px) 100vw, 229px\" \/><\/a><\/p>\n<p><a href=\"http:\/\/museumek.eu\/?attachment_id=34564\" rel=\"attachment wp-att-34564\"><img loading=\"lazy\" src=\"http:\/\/museumek.eu\/wp-content\/uploads\/2014\/11\/1936-300x293.jpg\" alt=\"\" title=\"1936\" width=\"300\" height=\"293\" class=\"alignnone size-medium wp-image-34564\" srcset=\"http:\/\/museumek.eu\/wp-content\/uploads\/2014\/11\/1936-300x293.jpg 300w, http:\/\/museumek.eu\/wp-content\/uploads\/2014\/11\/1936-150x146.jpg 150w, http:\/\/museumek.eu\/wp-content\/uploads\/2014\/11\/1936-307x300.jpg 307w, http:\/\/museumek.eu\/wp-content\/uploads\/2014\/11\/1936.jpg 614w\" sizes=\"(max-width: 300px) 100vw, 300px\" \/><\/a><\/p>\n<p><a href=\"http:\/\/museumek.eu\/?attachment_id=34565\" rel=\"attachment wp-att-34565\"><img loading=\"lazy\" src=\"http:\/\/museumek.eu\/wp-content\/uploads\/2014\/11\/1937-300x297.jpg\" alt=\"\" title=\"1937\" width=\"300\" height=\"297\" class=\"alignnone size-medium wp-image-34565\" srcset=\"http:\/\/museumek.eu\/wp-content\/uploads\/2014\/11\/1937-300x297.jpg 300w, http:\/\/museumek.eu\/wp-content\/uploads\/2014\/11\/1937-150x148.jpg 150w, http:\/\/museumek.eu\/wp-content\/uploads\/2014\/11\/1937-303x300.jpg 303w, http:\/\/museumek.eu\/wp-content\/uploads\/2014\/11\/1937.jpg 606w\" sizes=\"(max-width: 300px) 100vw, 300px\" \/><\/a><\/p>\n<p><a href=\"http:\/\/museumek.eu\/?attachment_id=34566\" rel=\"attachment wp-att-34566\"><img loading=\"lazy\" src=\"http:\/\/museumek.eu\/wp-content\/uploads\/2014\/11\/1938-214x300.jpg\" alt=\"\" title=\"1938\" width=\"214\" height=\"300\" class=\"alignnone size-medium wp-image-34566\" srcset=\"http:\/\/museumek.eu\/wp-content\/uploads\/2014\/11\/1938-214x300.jpg 214w, http:\/\/museumek.eu\/wp-content\/uploads\/2014\/11\/1938-107x150.jpg 107w, http:\/\/museumek.eu\/wp-content\/uploads\/2014\/11\/1938.jpg 571w\" sizes=\"(max-width: 214px) 100vw, 214px\" \/><\/a><\/p>\n<p><a href=\"http:\/\/museumek.eu\/?attachment_id=34567\" rel=\"attachment wp-att-34567\"><img loading=\"lazy\" src=\"http:\/\/museumek.eu\/wp-content\/uploads\/2014\/11\/1942-300x111.jpg\" alt=\"\" title=\"1942\" width=\"300\" height=\"111\" class=\"alignnone size-medium wp-image-34567\" srcset=\"http:\/\/museumek.eu\/wp-content\/uploads\/2014\/11\/1942-300x111.jpg 300w, http:\/\/museumek.eu\/wp-content\/uploads\/2014\/11\/1942-150x55.jpg 150w, http:\/\/museumek.eu\/wp-content\/uploads\/2014\/11\/1942-500x185.jpg 500w, http:\/\/museumek.eu\/wp-content\/uploads\/2014\/11\/1942.jpg 800w\" sizes=\"(max-width: 300px) 100vw, 300px\" \/><\/a><\/p>\n<p><a href=\"http:\/\/museumek.eu\/?attachment_id=34568\" rel=\"attachment wp-att-34568\"><img loading=\"lazy\" src=\"http:\/\/museumek.eu\/wp-content\/uploads\/2014\/11\/1939-300x181.jpg\" alt=\"\" title=\"1939\" width=\"300\" height=\"181\" class=\"alignnone size-medium wp-image-34568\" srcset=\"http:\/\/museumek.eu\/wp-content\/uploads\/2014\/11\/1939-300x181.jpg 300w, http:\/\/museumek.eu\/wp-content\/uploads\/2014\/11\/1939-150x90.jpg 150w, http:\/\/museumek.eu\/wp-content\/uploads\/2014\/11\/1939-496x300.jpg 496w, http:\/\/museumek.eu\/wp-content\/uploads\/2014\/11\/1939.jpg 742w\" sizes=\"(max-width: 300px) 100vw, 300px\" \/><\/a><\/p>\n<p><a href=\"http:\/\/museumek.eu\/?attachment_id=34569\" rel=\"attachment wp-att-34569\"><img loading=\"lazy\" src=\"http:\/\/museumek.eu\/wp-content\/uploads\/2014\/11\/1940-109x300.jpg\" alt=\"\" title=\"1940\" width=\"109\" height=\"300\" class=\"alignnone size-medium wp-image-34569\" srcset=\"http:\/\/museumek.eu\/wp-content\/uploads\/2014\/11\/1940-109x300.jpg 109w, http:\/\/museumek.eu\/wp-content\/uploads\/2014\/11\/1940-54x150.jpg 54w\" sizes=\"(max-width: 109px) 100vw, 109px\" \/><\/a><\/p>\n<p><a href=\"http:\/\/museumek.eu\/?attachment_id=34570\" rel=\"attachment wp-att-34570\"><img loading=\"lazy\" src=\"http:\/\/museumek.eu\/wp-content\/uploads\/2014\/11\/1941-300x131.jpg\" alt=\"\" title=\"1941\" width=\"300\" height=\"131\" class=\"alignnone size-medium wp-image-34570\" srcset=\"http:\/\/museumek.eu\/wp-content\/uploads\/2014\/11\/1941-300x131.jpg 300w, http:\/\/museumek.eu\/wp-content\/uploads\/2014\/11\/1941-150x65.jpg 150w, http:\/\/museumek.eu\/wp-content\/uploads\/2014\/11\/1941-500x218.jpg 500w, http:\/\/museumek.eu\/wp-content\/uploads\/2014\/11\/1941.jpg 800w\" sizes=\"(max-width: 300px) 100vw, 300px\" \/><\/a><\/p>\n","protected":false},"excerpt":{"rendered":"<p>Abteilung Deutschland, Keramik 1860 \u2013 1960, Inventarnummer D\/CIXX\/2 Steuler &#038; Co. Steinzeugindustrie GmbH, Deutschland, Koblenz und Grenzhausen, um 1920, Seidel, K\u00fcnstler unbekannt, Werks.-Nr. 344, Exemplar Nr. ohne, gemarkt Firmenmarke mit St, I sowie G in einem Kreis (St steht f\u00fcr &hellip; <a href=\"http:\/\/museumek.eu\/?page_id=34562\">Weiterlesen <span class=\"meta-nav\">&rarr;<\/span><\/a><\/p>\n","protected":false},"author":1,"featured_media":0,"parent":34532,"menu_order":2,"comment_status":"closed","ping_status":"open","template":"","meta":[],"_links":{"self":[{"href":"http:\/\/museumek.eu\/index.php?rest_route=\/wp\/v2\/pages\/34562"}],"collection":[{"href":"http:\/\/museumek.eu\/index.php?rest_route=\/wp\/v2\/pages"}],"about":[{"href":"http:\/\/museumek.eu\/index.php?rest_route=\/wp\/v2\/types\/page"}],"author":[{"embeddable":true,"href":"http:\/\/museumek.eu\/index.php?rest_route=\/wp\/v2\/users\/1"}],"replies":[{"embeddable":true,"href":"http:\/\/museumek.eu\/index.php?rest_route=%2Fwp%2Fv2%2Fcomments&post=34562"}],"version-history":[{"count":6,"href":"http:\/\/museumek.eu\/index.php?rest_route=\/wp\/v2\/pages\/34562\/revisions"}],"predecessor-version":[{"id":37750,"href":"http:\/\/museumek.eu\/index.php?rest_route=\/wp\/v2\/pages\/34562\/revisions\/37750"}],"up":[{"embeddable":true,"href":"http:\/\/museumek.eu\/index.php?rest_route=\/wp\/v2\/pages\/34532"}],"wp:attachment":[{"href":"http:\/\/museumek.eu\/index.php?rest_route=%2Fwp%2Fv2%2Fmedia&parent=34562"}],"curies":[{"name":"wp","href":"https:\/\/api.w.org\/{rel}","templated":true}]}}