{"id":34588,"date":"2014-11-22T23:23:57","date_gmt":"2014-11-22T22:23:57","guid":{"rendered":"http:\/\/museumek.eu\/?page_id=34588"},"modified":"2014-11-22T23:23:57","modified_gmt":"2014-11-22T22:23:57","slug":"dcixx3","status":"publish","type":"page","link":"http:\/\/museumek.eu\/?page_id=34588","title":{"rendered":"D\/CIXX\/3"},"content":{"rendered":"<p><strong>Abteilung Deutschland, Keramik 1860 \u2013 1960, Inventarnummer D\/CIXX\/3<\/strong><\/p>\n<p>Steuler &#038; Co. Steinzeugindustrie GmbH, Deutschland, Koblenz und Grenzhausen, 1930, Bowle, K\u00fcnstler unbekannt, Werks.-Nr. 3146, Exemplar Nr. 8 (?), gemarkt Firmenmarke mit St, I sowie G in einem Kreis (St steht f\u00fcr Steuler, I steht f\u00fcr Industrie, G steht f\u00fcr Grenzhausen), 3146, 8 sowie drei identische unbekannte Zeichen (evtl drei Reichsadler die f\u00fcr 1930 stehen) gepresst, nicht signiert, Literatur: J\u00fcrgen Schimanski und J\u00fcrgen Erlebach, Westerw\u00e4lder Steinzeug, Die Neue \u00c4ra, Seite 118 ff., Erw\u00e4hnung der Fabrik und Abbildungen von Fabrikaten sowie Seite 118, Marke Nr. 42 identisch, weitere Literatur: J\u00fcrgen Schimanski, Braun geflammt und grau gesalzen, Seite 223, Beschreibung der Fabrik, Beschreibung, dass 1918 die Fabrik von Walter M\u00fcller \u00fcbernommen worden ist, Beschreibung, dass 1922 die Formen der Fabrik von Dr. Fritz Hammerschmidt \u00fcbernommen worden sind, die diese vorher von der Fabrik Alfons L\u00f6tschert \u00fcbernommen hatte, Beschreibung, dass 1931 die Produktion von Gebrauchssteinzeug eingestellt worden ist sowie Marke Nr. 42 identisch, Georg Steuler und sein Schwager Josef Gilling gr\u00fcndeten 1908 die Steuler &#038; Co. Steinzeugindustrie GmbH in Koblenz, dort wurde ausschlielich industrielle Keramik produziert, zu einem sp\u00e4teren Zeitpunkt wurde auch noch ein Zweigwerk in Koblenz er\u00f6ffnet, welches als Tonwerk M\u00fchlacker GmbH firmierte, bereits 1910 gr\u00fcndete die Steuler &#038; Co. Steinzeugindustrie GmbH ein weitere Fabrik in Grenzhausen, welche Gebrauchskeramik herstellte, deshalb steht in der oben beschrieben Fabrikmarke, die anscheinend auch nur auf Gebrauchssteinzeug angebracht worden ist, auch ein G f\u00fcr Grenzhausen, bis 1927 war auch ein Hans Steuler in der GmbH t\u00e4tig, \u00fcber dessen Aufgabe und Herkunft aber keine Daten recherchiert werden konnten, von 1909 bis 1917 bestand wohl eine stille Teilhaberschaft mit der Ransbacher Fabrik von Johann \u00dcbelacker, wobei nicht recherchiert werden konnte, ob Steuler bei \u00dcbelacker oder \u00dcbelacker bei Steuler der stille Teilhaber war, 1918 \u00fcbernahm die Fabrik die Steinzeugfabrik Walter M\u00fcller, Inhaber M\u00fcller &#038; Werner, samt deren Formen, 1922 erfolgte die \u00dcbernahme der Formen der Steinzeugfabrik von Dr. Fritz Hammerschmidt, da dieser die Formen der Steinzeugfabrik von Alfons Wilhelm L\u00f6tschert \u00fcbernommen hatte, gingen somit auch diese Formen zu Steuler \u00fcber, au\u00dferdem gab die Fabrik eigene K\u00fcnstlerentw\u00fcrfe in Auftrag und arbeitete mit Carl Moos, Alfred Kamp, Anni Ofterdinger, Wilhelm Neidhart und andern K\u00fcnstlern zusammen, 1931 wurde die Produktion von Gebrauchssteinzeug eingestellt, w\u00e4hrend der Produktionszweig der industriellen Keramik noch heute betrieben wird, sehr aufwendig gestaltete nationalistische Bowle anl\u00e4\u00dflich des am 22.07.1930 in der st\u00e4dtischen Festhalle Koblenz stattgefundenen Festaktes der preu\u00dfischen Staatsregierung zur Befreiung des Rheinlandes von der franz\u00f6sischen Besatzung unter Teilnahme des Reichspr\u00e4sidenten Paul von Hindenburg, es ist anzunehmen, dass diese Bowle zusammen mit identischen anderen Bowlen w\u00e4hrend des auf den Festakt folgenden Festbanketts zur Verwendung kam, seltene Ausf\u00fchrung als Hohlbodenbowle mit zus\u00e4tzlichem zweiten Boden, ohne Literangabe, MEK Nachmessung: 10 Liter, H\u00f6he 35 cm, Breite 30cm<\/p>\n<p><a href=\"http:\/\/museumek.eu\/?attachment_id=34589\" rel=\"attachment wp-att-34589\"><img loading=\"lazy\" src=\"http:\/\/museumek.eu\/wp-content\/uploads\/2014\/11\/1771-233x300.jpg\" alt=\"\" title=\"1771\" width=\"233\" height=\"300\" class=\"alignnone size-medium wp-image-34589\" srcset=\"http:\/\/museumek.eu\/wp-content\/uploads\/2014\/11\/1771-233x300.jpg 233w, http:\/\/museumek.eu\/wp-content\/uploads\/2014\/11\/1771-116x150.jpg 116w, http:\/\/museumek.eu\/wp-content\/uploads\/2014\/11\/1771.jpg 600w\" sizes=\"(max-width: 233px) 100vw, 233px\" \/><\/a><\/p>\n<p><a href=\"http:\/\/museumek.eu\/?attachment_id=34590\" rel=\"attachment wp-att-34590\"><img loading=\"lazy\" src=\"http:\/\/museumek.eu\/wp-content\/uploads\/2014\/11\/1772-224x300.jpg\" alt=\"\" title=\"1772\" width=\"224\" height=\"300\" class=\"alignnone size-medium wp-image-34590\" srcset=\"http:\/\/museumek.eu\/wp-content\/uploads\/2014\/11\/1772-224x300.jpg 224w, http:\/\/museumek.eu\/wp-content\/uploads\/2014\/11\/1772-112x150.jpg 112w, http:\/\/museumek.eu\/wp-content\/uploads\/2014\/11\/1772.jpg 599w\" sizes=\"(max-width: 224px) 100vw, 224px\" \/><\/a><\/p>\n<p><a href=\"http:\/\/museumek.eu\/?attachment_id=34591\" rel=\"attachment wp-att-34591\"><img loading=\"lazy\" src=\"http:\/\/museumek.eu\/wp-content\/uploads\/2014\/11\/1773-224x300.jpg\" alt=\"\" title=\"1773\" width=\"224\" height=\"300\" class=\"alignnone size-medium wp-image-34591\" srcset=\"http:\/\/museumek.eu\/wp-content\/uploads\/2014\/11\/1773-224x300.jpg 224w, http:\/\/museumek.eu\/wp-content\/uploads\/2014\/11\/1773-112x150.jpg 112w, http:\/\/museumek.eu\/wp-content\/uploads\/2014\/11\/1773.jpg 599w\" sizes=\"(max-width: 224px) 100vw, 224px\" \/><\/a><\/p>\n<p><a href=\"http:\/\/museumek.eu\/?attachment_id=34592\" rel=\"attachment wp-att-34592\"><img loading=\"lazy\" src=\"http:\/\/museumek.eu\/wp-content\/uploads\/2014\/11\/1774-231x300.jpg\" alt=\"\" title=\"1774\" width=\"231\" height=\"300\" class=\"alignnone size-medium wp-image-34592\" srcset=\"http:\/\/museumek.eu\/wp-content\/uploads\/2014\/11\/1774-231x300.jpg 231w, http:\/\/museumek.eu\/wp-content\/uploads\/2014\/11\/1774-115x150.jpg 115w, http:\/\/museumek.eu\/wp-content\/uploads\/2014\/11\/1774.jpg 600w\" sizes=\"(max-width: 231px) 100vw, 231px\" \/><\/a><\/p>\n<p><a href=\"http:\/\/museumek.eu\/?attachment_id=34593\" rel=\"attachment wp-att-34593\"><img loading=\"lazy\" src=\"http:\/\/museumek.eu\/wp-content\/uploads\/2014\/11\/1775-222x300.jpg\" alt=\"\" title=\"1775\" width=\"222\" height=\"300\" class=\"alignnone size-medium wp-image-34593\" srcset=\"http:\/\/museumek.eu\/wp-content\/uploads\/2014\/11\/1775-222x300.jpg 222w, http:\/\/museumek.eu\/wp-content\/uploads\/2014\/11\/1775-111x150.jpg 111w, http:\/\/museumek.eu\/wp-content\/uploads\/2014\/11\/1775.jpg 594w\" sizes=\"(max-width: 222px) 100vw, 222px\" \/><\/a><\/p>\n<p><a href=\"http:\/\/museumek.eu\/?attachment_id=34594\" rel=\"attachment wp-att-34594\"><img loading=\"lazy\" src=\"http:\/\/museumek.eu\/wp-content\/uploads\/2014\/11\/1776-222x300.jpg\" alt=\"\" title=\"1776\" width=\"222\" height=\"300\" class=\"alignnone size-medium wp-image-34594\" srcset=\"http:\/\/museumek.eu\/wp-content\/uploads\/2014\/11\/1776-222x300.jpg 222w, http:\/\/museumek.eu\/wp-content\/uploads\/2014\/11\/1776-111x150.jpg 111w, http:\/\/museumek.eu\/wp-content\/uploads\/2014\/11\/1776.jpg 594w\" sizes=\"(max-width: 222px) 100vw, 222px\" \/><\/a><\/p>\n<p><a href=\"http:\/\/museumek.eu\/?attachment_id=34595\" rel=\"attachment wp-att-34595\"><img loading=\"lazy\" src=\"http:\/\/museumek.eu\/wp-content\/uploads\/2014\/11\/1777-228x300.jpg\" alt=\"\" title=\"1777\" width=\"228\" height=\"300\" class=\"alignnone size-medium wp-image-34595\" srcset=\"http:\/\/museumek.eu\/wp-content\/uploads\/2014\/11\/1777-228x300.jpg 228w, http:\/\/museumek.eu\/wp-content\/uploads\/2014\/11\/1777-114x150.jpg 114w, http:\/\/museumek.eu\/wp-content\/uploads\/2014\/11\/1777.jpg 600w\" sizes=\"(max-width: 228px) 100vw, 228px\" \/><\/a><\/p>\n<p><a href=\"http:\/\/museumek.eu\/?attachment_id=34596\" rel=\"attachment wp-att-34596\"><img loading=\"lazy\" src=\"http:\/\/museumek.eu\/wp-content\/uploads\/2014\/11\/1778-226x300.jpg\" alt=\"\" title=\"1778\" width=\"226\" height=\"300\" class=\"alignnone size-medium wp-image-34596\" srcset=\"http:\/\/museumek.eu\/wp-content\/uploads\/2014\/11\/1778-226x300.jpg 226w, http:\/\/museumek.eu\/wp-content\/uploads\/2014\/11\/1778-113x150.jpg 113w, http:\/\/museumek.eu\/wp-content\/uploads\/2014\/11\/1778.jpg 600w\" sizes=\"(max-width: 226px) 100vw, 226px\" \/><\/a><\/p>\n<p><a href=\"http:\/\/museumek.eu\/?attachment_id=34597\" rel=\"attachment wp-att-34597\"><img loading=\"lazy\" src=\"http:\/\/museumek.eu\/wp-content\/uploads\/2014\/11\/1779-300x268.jpg\" alt=\"\" title=\"1779\" width=\"300\" height=\"268\" class=\"alignnone size-medium wp-image-34597\" srcset=\"http:\/\/museumek.eu\/wp-content\/uploads\/2014\/11\/1779-300x268.jpg 300w, http:\/\/museumek.eu\/wp-content\/uploads\/2014\/11\/1779-150x134.jpg 150w, http:\/\/museumek.eu\/wp-content\/uploads\/2014\/11\/1779-335x300.jpg 335w, http:\/\/museumek.eu\/wp-content\/uploads\/2014\/11\/1779.jpg 671w\" sizes=\"(max-width: 300px) 100vw, 300px\" \/><\/a><\/p>\n<p><a href=\"http:\/\/museumek.eu\/?attachment_id=34598\" rel=\"attachment wp-att-34598\"><img loading=\"lazy\" src=\"http:\/\/museumek.eu\/wp-content\/uploads\/2014\/11\/1780-300x272.jpg\" alt=\"\" title=\"1780\" width=\"300\" height=\"272\" class=\"alignnone size-medium wp-image-34598\" srcset=\"http:\/\/museumek.eu\/wp-content\/uploads\/2014\/11\/1780-300x272.jpg 300w, http:\/\/museumek.eu\/wp-content\/uploads\/2014\/11\/1780-150x136.jpg 150w, http:\/\/museumek.eu\/wp-content\/uploads\/2014\/11\/1780-330x300.jpg 330w, http:\/\/museumek.eu\/wp-content\/uploads\/2014\/11\/1780.jpg 661w\" sizes=\"(max-width: 300px) 100vw, 300px\" \/><\/a><\/p>\n<p><a href=\"http:\/\/museumek.eu\/?attachment_id=34599\" rel=\"attachment wp-att-34599\"><img loading=\"lazy\" src=\"http:\/\/museumek.eu\/wp-content\/uploads\/2014\/11\/1781-300x265.jpg\" alt=\"\" title=\"1781\" width=\"300\" height=\"265\" class=\"alignnone size-medium wp-image-34599\" srcset=\"http:\/\/museumek.eu\/wp-content\/uploads\/2014\/11\/1781-300x265.jpg 300w, http:\/\/museumek.eu\/wp-content\/uploads\/2014\/11\/1781-150x132.jpg 150w, http:\/\/museumek.eu\/wp-content\/uploads\/2014\/11\/1781-338x300.jpg 338w, http:\/\/museumek.eu\/wp-content\/uploads\/2014\/11\/1781.jpg 677w\" sizes=\"(max-width: 300px) 100vw, 300px\" \/><\/a><\/p>\n<p><a href=\"http:\/\/museumek.eu\/?attachment_id=34600\" rel=\"attachment wp-att-34600\"><img loading=\"lazy\" src=\"http:\/\/museumek.eu\/wp-content\/uploads\/2014\/11\/1782-300x268.jpg\" alt=\"\" title=\"1782\" width=\"300\" height=\"268\" class=\"alignnone size-medium wp-image-34600\" srcset=\"http:\/\/museumek.eu\/wp-content\/uploads\/2014\/11\/1782-300x268.jpg 300w, http:\/\/museumek.eu\/wp-content\/uploads\/2014\/11\/1782-150x134.jpg 150w, http:\/\/museumek.eu\/wp-content\/uploads\/2014\/11\/1782-335x300.jpg 335w, http:\/\/museumek.eu\/wp-content\/uploads\/2014\/11\/1782.jpg 671w\" sizes=\"(max-width: 300px) 100vw, 300px\" \/><\/a><\/p>\n<p><a href=\"http:\/\/museumek.eu\/?attachment_id=34601\" rel=\"attachment wp-att-34601\"><img loading=\"lazy\" src=\"http:\/\/museumek.eu\/wp-content\/uploads\/2014\/11\/1787-287x300.jpg\" alt=\"\" title=\"1787\" width=\"287\" height=\"300\" class=\"alignnone size-medium wp-image-34601\" srcset=\"http:\/\/museumek.eu\/wp-content\/uploads\/2014\/11\/1787-287x300.jpg 287w, http:\/\/museumek.eu\/wp-content\/uploads\/2014\/11\/1787-143x150.jpg 143w, http:\/\/museumek.eu\/wp-content\/uploads\/2014\/11\/1787.jpg 600w\" sizes=\"(max-width: 287px) 100vw, 287px\" \/><\/a><\/p>\n<p><a href=\"http:\/\/museumek.eu\/?attachment_id=34602\" rel=\"attachment wp-att-34602\"><img loading=\"lazy\" src=\"http:\/\/museumek.eu\/wp-content\/uploads\/2014\/11\/1788-300x294.jpg\" alt=\"\" title=\"1788\" width=\"300\" height=\"294\" class=\"alignnone size-medium wp-image-34602\" srcset=\"http:\/\/museumek.eu\/wp-content\/uploads\/2014\/11\/1788-300x294.jpg 300w, http:\/\/museumek.eu\/wp-content\/uploads\/2014\/11\/1788-150x147.jpg 150w, http:\/\/museumek.eu\/wp-content\/uploads\/2014\/11\/1788-305x300.jpg 305w, http:\/\/museumek.eu\/wp-content\/uploads\/2014\/11\/1788.jpg 611w\" sizes=\"(max-width: 300px) 100vw, 300px\" \/><\/a><\/p>\n<p><a href=\"http:\/\/museumek.eu\/?attachment_id=34603\" rel=\"attachment wp-att-34603\"><img loading=\"lazy\" src=\"http:\/\/museumek.eu\/wp-content\/uploads\/2014\/11\/1783-168x300.jpg\" alt=\"\" title=\"1783\" width=\"168\" height=\"300\" class=\"alignnone size-medium wp-image-34603\" srcset=\"http:\/\/museumek.eu\/wp-content\/uploads\/2014\/11\/1783-168x300.jpg 168w, http:\/\/museumek.eu\/wp-content\/uploads\/2014\/11\/1783-84x150.jpg 84w, http:\/\/museumek.eu\/wp-content\/uploads\/2014\/11\/1783.jpg 449w\" sizes=\"(max-width: 168px) 100vw, 168px\" \/><\/a><\/p>\n<p><a href=\"http:\/\/museumek.eu\/?attachment_id=34604\" rel=\"attachment wp-att-34604\"><img loading=\"lazy\" src=\"http:\/\/museumek.eu\/wp-content\/uploads\/2014\/11\/1785-142x300.jpg\" alt=\"\" title=\"1785\" width=\"142\" height=\"300\" class=\"alignnone size-medium wp-image-34604\" srcset=\"http:\/\/museumek.eu\/wp-content\/uploads\/2014\/11\/1785-142x300.jpg 142w, http:\/\/museumek.eu\/wp-content\/uploads\/2014\/11\/1785-71x150.jpg 71w, http:\/\/museumek.eu\/wp-content\/uploads\/2014\/11\/1785.jpg 380w\" sizes=\"(max-width: 142px) 100vw, 142px\" \/><\/a><\/p>\n<p><a href=\"http:\/\/museumek.eu\/?attachment_id=34605\" rel=\"attachment wp-att-34605\"><img loading=\"lazy\" src=\"http:\/\/museumek.eu\/wp-content\/uploads\/2014\/11\/1784-145x300.jpg\" alt=\"\" title=\"1784\" width=\"145\" height=\"300\" class=\"alignnone size-medium wp-image-34605\" srcset=\"http:\/\/museumek.eu\/wp-content\/uploads\/2014\/11\/1784-145x300.jpg 145w, http:\/\/museumek.eu\/wp-content\/uploads\/2014\/11\/1784-72x150.jpg 72w, http:\/\/museumek.eu\/wp-content\/uploads\/2014\/11\/1784.jpg 388w\" sizes=\"(max-width: 145px) 100vw, 145px\" \/><\/a><\/p>\n","protected":false},"excerpt":{"rendered":"<p>Abteilung Deutschland, Keramik 1860 \u2013 1960, Inventarnummer D\/CIXX\/3 Steuler &#038; Co. Steinzeugindustrie GmbH, Deutschland, Koblenz und Grenzhausen, 1930, Bowle, K\u00fcnstler unbekannt, Werks.-Nr. 3146, Exemplar Nr. 8 (?), gemarkt Firmenmarke mit St, I sowie G in einem Kreis (St steht f\u00fcr &hellip; <a href=\"http:\/\/museumek.eu\/?page_id=34588\">Weiterlesen <span class=\"meta-nav\">&rarr;<\/span><\/a><\/p>\n","protected":false},"author":1,"featured_media":0,"parent":34532,"menu_order":3,"comment_status":"closed","ping_status":"open","template":"","meta":[],"_links":{"self":[{"href":"http:\/\/museumek.eu\/index.php?rest_route=\/wp\/v2\/pages\/34588"}],"collection":[{"href":"http:\/\/museumek.eu\/index.php?rest_route=\/wp\/v2\/pages"}],"about":[{"href":"http:\/\/museumek.eu\/index.php?rest_route=\/wp\/v2\/types\/page"}],"author":[{"embeddable":true,"href":"http:\/\/museumek.eu\/index.php?rest_route=\/wp\/v2\/users\/1"}],"replies":[{"embeddable":true,"href":"http:\/\/museumek.eu\/index.php?rest_route=%2Fwp%2Fv2%2Fcomments&post=34588"}],"version-history":[{"count":4,"href":"http:\/\/museumek.eu\/index.php?rest_route=\/wp\/v2\/pages\/34588\/revisions"}],"predecessor-version":[{"id":34609,"href":"http:\/\/museumek.eu\/index.php?rest_route=\/wp\/v2\/pages\/34588\/revisions\/34609"}],"up":[{"embeddable":true,"href":"http:\/\/museumek.eu\/index.php?rest_route=\/wp\/v2\/pages\/34532"}],"wp:attachment":[{"href":"http:\/\/museumek.eu\/index.php?rest_route=%2Fwp%2Fv2%2Fmedia&parent=34588"}],"curies":[{"name":"wp","href":"https:\/\/api.w.org\/{rel}","templated":true}]}}