{"id":3465,"date":"2011-09-14T14:07:23","date_gmt":"2011-09-14T12:07:23","guid":{"rendered":"http:\/\/museumek.eu\/?page_id=3465"},"modified":"2013-04-16T14:08:44","modified_gmt":"2013-04-16T12:08:44","slug":"dxxi1","status":"publish","type":"page","link":"http:\/\/museumek.eu\/?page_id=3465","title":{"rendered":"D\/XXI\/1"},"content":{"rendered":"<p><strong>Abteilung Deutschland, Keramik 1860 \u2013 1960, Inventarnummer D\/XXI\/1<\/strong><\/p>\n<p>Manufaktur Porzellan- und Steingutfabrik Ludwig Wessel, Deutschland, Bonn-Poppelsdorf, um 1885, Krug mit Blattwerk, K\u00fcnstler unbekannt, Werks.-Nr. ohne, Exemplar Nr. ohne, gemarkt Firmenmarke mit Krone, L (f\u00fcr Ludwig), W (f\u00fcr Wessel), P (f\u00fcr Poppelsdorf) sowie CA (f\u00fcr Kurf\u00fcrst Clement August, wobei das CA, mit welchem die Produkte aus der Anfangszeit der Manufaktur gemarkt worden sind, durch vielfache Voluten in seiner Gestaltung symmetrisch geworden ist und nur noch identifiziert werden kann, wenn man den historischen Zusammenhang kennt) dunkelgr\u00fcner Stempel unter Glasur, 2, II sowie I gepresst, nicht signiert, Literatur: Michael Weisser, Porzellan- und Steingutfabrik Ludwig Wessel Bonn-Poppelsdorf, Katalog 2 zur Ausstellung Volkskunst im Wandel, Seite 170, Marke Nr. 1 b identisch, die Manufaktur hatte folgende unterschiedliche Firmenbezeichnungen: Porzellan- und Steingutfabrik Ludwig Wessel (1840 \u2013 1888), Ludwig Wessel Actiengesellschaft f\u00fcr Porzellan- und Steingutfabrikation (1888 \u2013 1929), Wessel Keramische Werke Aktiengesellschaft (1929 \u2013 1969), Gold geh\u00f6ht, H\u00f6he 20 cm, Breite 17 cm<\/p>\n<p><a href=\"http:\/\/museumek.eu\/wp-content\/uploads\/2011\/09\/Museum-Europ\u00e4ischer-Keramikkunst-10251.jpg\"><img loading=\"lazy\" src=\"http:\/\/museumek.eu\/wp-content\/uploads\/2011\/09\/Museum-Europ\u00e4ischer-Keramikkunst-10251-244x300.jpg\" alt=\"\" title=\"Museum Europ\u00e4ischer Keramikkunst 1025\" width=\"244\" height=\"300\" class=\"alignnone size-medium wp-image-3467\" srcset=\"http:\/\/museumek.eu\/wp-content\/uploads\/2011\/09\/Museum-Europ\u00e4ischer-Keramikkunst-10251-244x300.jpg 244w, http:\/\/museumek.eu\/wp-content\/uploads\/2011\/09\/Museum-Europ\u00e4ischer-Keramikkunst-10251.jpg 642w\" sizes=\"(max-width: 244px) 100vw, 244px\" \/><\/a><\/p>\n<p><a href=\"http:\/\/museumek.eu\/wp-content\/uploads\/2011\/09\/Museum-Europ\u00e4ischer-Keramikkunst-1027.jpg\"><img loading=\"lazy\" src=\"http:\/\/museumek.eu\/wp-content\/uploads\/2011\/09\/Museum-Europ\u00e4ischer-Keramikkunst-1027-197x300.jpg\" alt=\"\" title=\"Museum Europ\u00e4ischer Keramikkunst 1027\" width=\"197\" height=\"300\" class=\"alignnone size-medium wp-image-3468\" srcset=\"http:\/\/museumek.eu\/wp-content\/uploads\/2011\/09\/Museum-Europ\u00e4ischer-Keramikkunst-1027-197x300.jpg 197w, http:\/\/museumek.eu\/wp-content\/uploads\/2011\/09\/Museum-Europ\u00e4ischer-Keramikkunst-1027.jpg 341w\" sizes=\"(max-width: 197px) 100vw, 197px\" \/><\/a><\/p>\n<p><a href=\"http:\/\/museumek.eu\/wp-content\/uploads\/2011\/09\/Museum-Europ\u00e4ischer-Keramikkunst-1030.jpg\"><img loading=\"lazy\" src=\"http:\/\/museumek.eu\/wp-content\/uploads\/2011\/09\/Museum-Europ\u00e4ischer-Keramikkunst-1030-300x149.jpg\" alt=\"\" title=\"Museum Europ\u00e4ischer Keramikkunst 1030\" width=\"300\" height=\"149\" class=\"alignnone size-medium wp-image-3469\" srcset=\"http:\/\/museumek.eu\/wp-content\/uploads\/2011\/09\/Museum-Europ\u00e4ischer-Keramikkunst-1030-300x149.jpg 300w, http:\/\/museumek.eu\/wp-content\/uploads\/2011\/09\/Museum-Europ\u00e4ischer-Keramikkunst-1030-500x248.jpg 500w, http:\/\/museumek.eu\/wp-content\/uploads\/2011\/09\/Museum-Europ\u00e4ischer-Keramikkunst-1030.jpg 718w\" sizes=\"(max-width: 300px) 100vw, 300px\" \/><\/a><\/p>\n","protected":false},"excerpt":{"rendered":"<p>Abteilung Deutschland, Keramik 1860 \u2013 1960, Inventarnummer D\/XXI\/1 Manufaktur Porzellan- und Steingutfabrik Ludwig Wessel, Deutschland, Bonn-Poppelsdorf, um 1885, Krug mit Blattwerk, K\u00fcnstler unbekannt, Werks.-Nr. ohne, Exemplar Nr. ohne, gemarkt Firmenmarke mit Krone, L (f\u00fcr Ludwig), W (f\u00fcr Wessel), P (f\u00fcr &hellip; <a href=\"http:\/\/museumek.eu\/?page_id=3465\">Weiterlesen <span class=\"meta-nav\">&rarr;<\/span><\/a><\/p>\n","protected":false},"author":1,"featured_media":0,"parent":3462,"menu_order":1,"comment_status":"open","ping_status":"open","template":"","meta":[],"_links":{"self":[{"href":"http:\/\/museumek.eu\/index.php?rest_route=\/wp\/v2\/pages\/3465"}],"collection":[{"href":"http:\/\/museumek.eu\/index.php?rest_route=\/wp\/v2\/pages"}],"about":[{"href":"http:\/\/museumek.eu\/index.php?rest_route=\/wp\/v2\/types\/page"}],"author":[{"embeddable":true,"href":"http:\/\/museumek.eu\/index.php?rest_route=\/wp\/v2\/users\/1"}],"replies":[{"embeddable":true,"href":"http:\/\/museumek.eu\/index.php?rest_route=%2Fwp%2Fv2%2Fcomments&post=3465"}],"version-history":[{"count":8,"href":"http:\/\/museumek.eu\/index.php?rest_route=\/wp\/v2\/pages\/3465\/revisions"}],"predecessor-version":[{"id":19815,"href":"http:\/\/museumek.eu\/index.php?rest_route=\/wp\/v2\/pages\/3465\/revisions\/19815"}],"up":[{"embeddable":true,"href":"http:\/\/museumek.eu\/index.php?rest_route=\/wp\/v2\/pages\/3462"}],"wp:attachment":[{"href":"http:\/\/museumek.eu\/index.php?rest_route=%2Fwp%2Fv2%2Fmedia&parent=3465"}],"curies":[{"name":"wp","href":"https:\/\/api.w.org\/{rel}","templated":true}]}}