{"id":34730,"date":"2014-11-28T00:46:27","date_gmt":"2014-11-27T23:46:27","guid":{"rendered":"http:\/\/museumek.eu\/?page_id=34730"},"modified":"2014-11-28T00:46:27","modified_gmt":"2014-11-27T23:46:27","slug":"kurzbiografie-und-inventar-zum-kunstler","status":"publish","type":"page","link":"http:\/\/museumek.eu\/?page_id=34730","title":{"rendered":"Kurzbiografie und Inventar zum K\u00fcnstler"},"content":{"rendered":"<p>Fritz Heinemann wurde am 01.01.1864 in Altena geboren. Er starb am 01.12.1932 in Berlin. Von 1883 bis 1886 besuchte er die N\u00fcrnberger Kunstschule und von 1886 bis 1889 die Berliner Akademie. Er war als Bildhauer t\u00e4tig und arbeitete vorwiegend in Bronze, Holz und Marmor. Er schuf diverse T\u00e4nzerinnen, Portr\u00e4tb\u00fcsten und Genrefiguren. Au\u00dferdem zahlreiche Denkm\u00e4ler und Grabst\u00e4tten.<\/p>\n<p><strong>Abteilung Austria\/Ungarn\/B\u00f6hmen, Keramik 1860 &#8211; 1960, Inventarnummer A\/I\/134<\/strong><\/p>\n<p>Wiener Manufaktur Friedrich Goldscheider, Austria, Wien, ca. 1922, Figur Schreitende Holl\u00e4nderin mit zwei Milchkannen, K\u00fcnstler Fritz Heinemann, Werks.-Nr. 4642\/Exemplar Nr. 89\/Modelleur Nr. 2, gemarkt Firmenmarke mit Goldscheider Wien, GWM (Wiener Manufaktur Goldscheider) schwarzer Stempel, F. (f\u00fcr Fayence) sowie XIV. N. schwarz gemalt 4642, 89 sowie 2 gepresst, P sowie Homms oder Homme (oder nicht vollst\u00e4ndig ausgeschriebener Name Heinemann) geritzt, signiert Homms oder Homme (oder nicht vollst\u00e4ndig ausgeschriebener Name Heinemann), Literatur: Robert E. Dechant\/Filipp Goldscheider, Firmengeschichte und Werkverzeichnis, Seite 390, dort noch unvollst\u00e4ndig und ohne Foto erfasst sowie Seite 604, Firmenmarke GS 22 (f\u00fcr die um 1922) identisch, die Urspr\u00fcnge der Firma gehen zur\u00fcck auf das Pilsener Handelsunternehmen Moritz Goldscheider der 1860\u2018 Jahre, nach dem Tode von Moritz Goldscheider werden die Br\u00fcder Eduard und Friedrich Goldscheider Eigent\u00fcmer und firmieren ab 1877 als M. Goldscheider\u2019s Erben, Thon-und Kunststeinmanufactur Werk Moldau und ab 1878 als Br\u00fcder Goldscheider, im Jahre 1878 wandert Friedrich Goldscheider nach Wien aus und Eduard f\u00fchrt die Firma in Pilsen bis zum Konkurs 1892 allein weiter, Friedrich Goldscheider firmiert in Wien ab 1880 als Goldscheider\u2019sche Porzellan-Manufaktur und Porzellanmalerei, neben Handelsgesch\u00e4ften betreibt die Firma vorwiegend die Porzellanmalerei, das Porzellan wird von b\u00f6hmischen Manufakturen bezogen und teilweise auch in B\u00f6hmen bemalt, ab 1885 \u00e4ndert sich die Firmierung in Goldscheider\u2019sche Porzellan-Manufaktur und Majolicafabrik, das Jahr 1885 gilt als das offizielle Gr\u00fcndungsjahr, ab 1887 bezeichnet Friedrich Goldscheider seine Fabrik als Erste Wiener Terracotta- und Majolika-Fabrik Friedrich Goldscheider oder als Erste Wiener Kunst-Terracotta-Fabrik und kunstgewerbliche Ateliers Friedrich Goldscheider und offiziell ab 1894 als Friedrich Goldscheider Erste Wiener Terrakottafabrik, Friedrich Goldscheider stirbt im Jahre 1897, seine Ehefrau Regine Goldscheider wird Alleineigent\u00fcmer und firmiert ab 1899 als Friedrich Goldscheider in Wien, Berlin und Leipzig, ab 1907 firmiert die Firma als Erste Wiener Terrakottafabrik und Atelier f\u00fcr k\u00fcnstlerische Fayencen Friedrich Goldscheider, im Jahre 1918 stirbt Regine und die S\u00f6hne Walter und Marcell Goldscheider werden Inhaber, ab 1921 \u00e4ndert sich die Firmierung in Wiener Manufaktur Friedrich Goldscheider, 1928 scheidet Marcell Goldscheider aus und gr\u00fcndet seine eigene Firma in Wien, 1939 wird die Firma arisiert und Josef Schuster wird Inhaber, Firmierung ab 1939, Wiener Manufaktur Friedrich Goldscheider Nachf., Inhaber Josef Schuster, ab 1941 lautet die Firmierung Wiener Manufaktur Josef Schuster, vorm. Friedrich Goldscheider, nach dem WK II erh\u00e4lt Friedrich Goldscheider seine Firma zur\u00fcck und firmiert ab 1950 wieder als Wiener Manufaktur Friedrich Goldscheider, in dieser Zeit verkauft er die Firma an die Majolikafabrik Carstens, in Fredelsloh, die in Fredelsloh Wiederauflagen alter Modelle in minderwertigem braunem Ton aber auch neue Modelle ebenfalls in dieser Tonart produziert, ab 1953 firmiert die Firma als Kunstkeramische Manufaktur Goldscheider GmbH und 1960 wird die Produktion in Fredelsloh eingestellt, K\u00fcnstlerzuordnung gem\u00e4\u00df Werk-Verzeichnis, dort erfolgt die Zuordnung gem\u00e4\u00df Thieme\/Becker und Vollmer, <strong>das MEK Exemplar dieser Figur ist eines der Wenigen erhalten gebliebenen Exemplare, nach den Ausf\u00fchrungen von Dechant\/Goldscheider befindet sich eine weitere Figur im Wien Museum, Inv.Nr. 219.159<\/strong>, H\u00f6he 27,5 cm, Breite 13 cm<\/p>\n<p><a href=\"http:\/\/museumek.eu\/?attachment_id=34701\" rel=\"attachment wp-att-34701\"><img loading=\"lazy\" src=\"http:\/\/museumek.eu\/wp-content\/uploads\/2014\/11\/1943-137x300.jpg\" alt=\"\" title=\"1943\" width=\"137\" height=\"300\" class=\"alignnone size-medium wp-image-34701\" srcset=\"http:\/\/museumek.eu\/wp-content\/uploads\/2014\/11\/1943-137x300.jpg 137w, http:\/\/museumek.eu\/wp-content\/uploads\/2014\/11\/1943-68x150.jpg 68w, http:\/\/museumek.eu\/wp-content\/uploads\/2014\/11\/1943.jpg 367w\" sizes=\"(max-width: 137px) 100vw, 137px\" \/><\/a><\/p>\n<p><a href=\"http:\/\/museumek.eu\/?attachment_id=34703\" rel=\"attachment wp-att-34703\"><img loading=\"lazy\" src=\"http:\/\/museumek.eu\/wp-content\/uploads\/2014\/11\/1947-192x300.jpg\" alt=\"\" title=\"1947\" width=\"192\" height=\"300\" class=\"alignnone size-medium wp-image-34703\" srcset=\"http:\/\/museumek.eu\/wp-content\/uploads\/2014\/11\/1947-192x300.jpg 192w, http:\/\/museumek.eu\/wp-content\/uploads\/2014\/11\/1947-96x150.jpg 96w, http:\/\/museumek.eu\/wp-content\/uploads\/2014\/11\/1947.jpg 514w\" sizes=\"(max-width: 192px) 100vw, 192px\" \/><\/a><\/p>\n<p><a href=\"http:\/\/museumek.eu\/?attachment_id=34702\" rel=\"attachment wp-att-34702\"><img loading=\"lazy\" src=\"http:\/\/museumek.eu\/wp-content\/uploads\/2014\/11\/1944-122x300.jpg\" alt=\"\" title=\"1944\" width=\"122\" height=\"300\" class=\"alignnone size-medium wp-image-34702\" srcset=\"http:\/\/museumek.eu\/wp-content\/uploads\/2014\/11\/1944-122x300.jpg 122w, http:\/\/museumek.eu\/wp-content\/uploads\/2014\/11\/1944-61x150.jpg 61w, http:\/\/museumek.eu\/wp-content\/uploads\/2014\/11\/1944.jpg 326w\" sizes=\"(max-width: 122px) 100vw, 122px\" \/><\/a><\/p>\n<p><a href=\"http:\/\/museumek.eu\/?attachment_id=34704\" rel=\"attachment wp-att-34704\"><img loading=\"lazy\" src=\"http:\/\/museumek.eu\/wp-content\/uploads\/2014\/11\/1945-131x300.jpg\" alt=\"\" title=\"1945\" width=\"131\" height=\"300\" class=\"alignnone size-medium wp-image-34704\" srcset=\"http:\/\/museumek.eu\/wp-content\/uploads\/2014\/11\/1945-131x300.jpg 131w, http:\/\/museumek.eu\/wp-content\/uploads\/2014\/11\/1945-65x150.jpg 65w, http:\/\/museumek.eu\/wp-content\/uploads\/2014\/11\/1945.jpg 351w\" sizes=\"(max-width: 131px) 100vw, 131px\" \/><\/a><\/p>\n<p><a href=\"http:\/\/museumek.eu\/?attachment_id=34705\" rel=\"attachment wp-att-34705\"><img loading=\"lazy\" src=\"http:\/\/museumek.eu\/wp-content\/uploads\/2014\/11\/1946-117x300.jpg\" alt=\"\" title=\"1946\" width=\"117\" height=\"300\" class=\"alignnone size-medium wp-image-34705\" srcset=\"http:\/\/museumek.eu\/wp-content\/uploads\/2014\/11\/1946-117x300.jpg 117w, http:\/\/museumek.eu\/wp-content\/uploads\/2014\/11\/1946-58x150.jpg 58w, http:\/\/museumek.eu\/wp-content\/uploads\/2014\/11\/1946.jpg 313w\" sizes=\"(max-width: 117px) 100vw, 117px\" \/><\/a><\/p>\n<p><a href=\"http:\/\/museumek.eu\/?attachment_id=34706\" rel=\"attachment wp-att-34706\"><img loading=\"lazy\" src=\"http:\/\/museumek.eu\/wp-content\/uploads\/2014\/11\/1948-300x130.jpg\" alt=\"\" title=\"1948\" width=\"300\" height=\"130\" class=\"alignnone size-medium wp-image-34706\" srcset=\"http:\/\/museumek.eu\/wp-content\/uploads\/2014\/11\/1948-300x130.jpg 300w, http:\/\/museumek.eu\/wp-content\/uploads\/2014\/11\/1948-150x65.jpg 150w, http:\/\/museumek.eu\/wp-content\/uploads\/2014\/11\/1948-500x216.jpg 500w, http:\/\/museumek.eu\/wp-content\/uploads\/2014\/11\/1948.jpg 800w\" sizes=\"(max-width: 300px) 100vw, 300px\" \/><\/a><\/p>\n<p><a href=\"http:\/\/museumek.eu\/?attachment_id=34707\" rel=\"attachment wp-att-34707\"><img loading=\"lazy\" src=\"http:\/\/museumek.eu\/wp-content\/uploads\/2014\/11\/1949-300x134.jpg\" alt=\"\" title=\"1949\" width=\"300\" height=\"134\" class=\"alignnone size-medium wp-image-34707\" srcset=\"http:\/\/museumek.eu\/wp-content\/uploads\/2014\/11\/1949-300x134.jpg 300w, http:\/\/museumek.eu\/wp-content\/uploads\/2014\/11\/1949-150x67.jpg 150w, http:\/\/museumek.eu\/wp-content\/uploads\/2014\/11\/1949-500x224.jpg 500w, http:\/\/museumek.eu\/wp-content\/uploads\/2014\/11\/1949.jpg 800w\" sizes=\"(max-width: 300px) 100vw, 300px\" \/><\/a><\/p>\n<p><a href=\"http:\/\/museumek.eu\/?attachment_id=34708\" rel=\"attachment wp-att-34708\"><img loading=\"lazy\" src=\"http:\/\/museumek.eu\/wp-content\/uploads\/2014\/11\/1952-300x159.jpg\" alt=\"\" title=\"1952\" width=\"300\" height=\"159\" class=\"alignnone size-medium wp-image-34708\" srcset=\"http:\/\/museumek.eu\/wp-content\/uploads\/2014\/11\/1952-300x159.jpg 300w, http:\/\/museumek.eu\/wp-content\/uploads\/2014\/11\/1952-150x79.jpg 150w, http:\/\/museumek.eu\/wp-content\/uploads\/2014\/11\/1952.jpg 426w\" sizes=\"(max-width: 300px) 100vw, 300px\" \/><\/a><\/p>\n<p><a href=\"http:\/\/museumek.eu\/?attachment_id=34709\" rel=\"attachment wp-att-34709\"><img loading=\"lazy\" src=\"http:\/\/museumek.eu\/wp-content\/uploads\/2014\/11\/1950-300x279.jpg\" alt=\"\" title=\"1950\" width=\"300\" height=\"279\" class=\"alignnone size-medium wp-image-34709\" srcset=\"http:\/\/museumek.eu\/wp-content\/uploads\/2014\/11\/1950-300x279.jpg 300w, http:\/\/museumek.eu\/wp-content\/uploads\/2014\/11\/1950-150x139.jpg 150w, http:\/\/museumek.eu\/wp-content\/uploads\/2014\/11\/1950-322x300.jpg 322w, http:\/\/museumek.eu\/wp-content\/uploads\/2014\/11\/1950.jpg 645w\" sizes=\"(max-width: 300px) 100vw, 300px\" \/><\/a><\/p>\n","protected":false},"excerpt":{"rendered":"<p>Fritz Heinemann wurde am 01.01.1864 in Altena geboren. Er starb am 01.12.1932 in Berlin. Von 1883 bis 1886 besuchte er die N\u00fcrnberger Kunstschule und von 1886 bis 1889 die Berliner Akademie. Er war als Bildhauer t\u00e4tig und arbeitete vorwiegend in &hellip; <a href=\"http:\/\/museumek.eu\/?page_id=34730\">Weiterlesen <span class=\"meta-nav\">&rarr;<\/span><\/a><\/p>\n","protected":false},"author":1,"featured_media":0,"parent":34727,"menu_order":1,"comment_status":"closed","ping_status":"open","template":"","meta":[],"_links":{"self":[{"href":"http:\/\/museumek.eu\/index.php?rest_route=\/wp\/v2\/pages\/34730"}],"collection":[{"href":"http:\/\/museumek.eu\/index.php?rest_route=\/wp\/v2\/pages"}],"about":[{"href":"http:\/\/museumek.eu\/index.php?rest_route=\/wp\/v2\/types\/page"}],"author":[{"embeddable":true,"href":"http:\/\/museumek.eu\/index.php?rest_route=\/wp\/v2\/users\/1"}],"replies":[{"embeddable":true,"href":"http:\/\/museumek.eu\/index.php?rest_route=%2Fwp%2Fv2%2Fcomments&post=34730"}],"version-history":[{"count":4,"href":"http:\/\/museumek.eu\/index.php?rest_route=\/wp\/v2\/pages\/34730\/revisions"}],"predecessor-version":[{"id":34734,"href":"http:\/\/museumek.eu\/index.php?rest_route=\/wp\/v2\/pages\/34730\/revisions\/34734"}],"up":[{"embeddable":true,"href":"http:\/\/museumek.eu\/index.php?rest_route=\/wp\/v2\/pages\/34727"}],"wp:attachment":[{"href":"http:\/\/museumek.eu\/index.php?rest_route=%2Fwp%2Fv2%2Fmedia&parent=34730"}],"curies":[{"name":"wp","href":"https:\/\/api.w.org\/{rel}","templated":true}]}}