{"id":34934,"date":"2014-12-14T18:46:34","date_gmt":"2014-12-14T17:46:34","guid":{"rendered":"http:\/\/museumek.eu\/?page_id=34934"},"modified":"2015-07-12T13:01:21","modified_gmt":"2015-07-12T11:01:21","slug":"kurzbiografie-und-inventar-zum-kunstler","status":"publish","type":"page","link":"http:\/\/museumek.eu\/?page_id=34934","title":{"rendered":"Kurzbiografie und Inventar zum K\u00fcnstler"},"content":{"rendered":"<p>Bruno Mauder wurde am 28.04.1877 in M\u00fcnchen geboren. Er starb am 09.09.1948 in Zwiesel. Mauder absolvierte eine Lehre als Porzellanmaler und studierte ab 1899 an der M\u00fcnchner Kunstgewerbeschule. Er war als Maler und Entwerfer t\u00e4tig. So schuf er auch Entw\u00fcrfe im Jugendstil f\u00fcr die Westerw\u00e4lder Steinzeugindustrie. Ab 1904 war er Leiter der Glasfachschule in Zwiesel.<\/p>\n<p><strong>Abteilung Deutschland, Keramik 1860 \u2013 1960, Inventarnummer D\/XXXVII\/10<\/strong><\/p>\n<p>Thonwaaren \u2013 Fabrik Marzi &#038; Remy, Deutschland, H\u00f6hr, um 1915, Krug, K\u00fcnstler Bruno Mauder (attr.), Werks.-Nr. 2179, Exemplar Nr. ohne, gemarkt Firmenmarke als stilisierte T\u00f6pfermarke, bestehend aus Mittelachse, daran Antriebstretscheibe, diese immer in einem quadratischen oder trapezf\u00f6rmigen Rahmen, manchmal auch mit M links neben der Mittelachse und R rechts neben der Mittelachse (f\u00fcr Marzi &#038; Remy), Drehscheibe \u00fcber dem Rahmen, darauf eine Vase, 2179, 14 sowie 1 L \u00fcber Eichstrich gepresst, nicht signiert, Literatur: J\u00fcrgen Erlebach, J\u00fcrgen Schimanski, Westerw\u00e4lder Steinzeug, Die Neue \u00c4ra 1900 \u2013 1930, Jugendstil und Werkbund, Seite 72, Marke Nr. 17 identisch, weitere Literatur: Gisela Reineking von Bock, Meister der deutschen Keramik, Seite 329, Marke Nr. 218 identisch (dort noch als unbekannte Marke gef\u00fchrt), weitere Literatur: J\u00fcrgen Schimanski, Braun geflammt und grau gesalzen, Seite 171, Abbildung Nr. 398, Kanne mit \u00e4hnlichem Dekorentwurf sowie Seite 203, Beschreibung der Fabrik, Marke Nr. 17 identisch, au\u00dferdem dort beschrieben, dass eine eigene Firmenmarke erst Anfang der 1920\u2018 Jahre eingef\u00fchrt worden ist und dass Erzeugnisse der fr\u00fcheren Jahre oft mit dem Schriftzug \u201eGesetzl. Gesch\u00fctzt\u201c gemarkt sind, diese Beschreibung stellt das MEK bez\u00fcglich der Fabrikmarke in Frage, da unter http:\/\/www.steinmarks.co.uk\/pages\/pv.asp?p=stein164, verschiedene Fabrikmarken mit fr\u00fchen Werksnummern aus dem 1900 Jahrhundert abgebildet sind, eine Fabrikmarke sogar mit dem Zusatz Gesetzl. Gesch\u00fctzt, die Fabrik wurde 1879 von Anton Marzi und seinem Schwager Simon Peter Remy in H\u00f6hr gegr\u00fcndet und firmierte als Thonwaaren \u2013 Fabrik Marzi &#038; Remy, ab 1881 wurde eine eigene Zinngie\u00dferei angeschafft und ab 1883 neben dem grau \u2013 blau salzglasiertem Steinzeug auch Elfenbeinsteinzeug produziert, Simon Peter Remy verstarb 1919 und sein Sohn Werner Remy trat in die Fabrik ein, 1924 verstarb Anton Marzi und sein Schwiegersohn Johann Otto B\u00fchler trat in die Fabrik ein, Werner Remy verlie\u00df 1931 die Fabrik, 1941 trat Johann Otto B\u00fchlers Sohn Otto B\u00fchler in die Fabrik ein und 1953 dessen Sohn Otto Georg B\u00fchler, die Fabrik war bis zum Konkurs in den 1990\u2018 Jahren immer in Familienbesitz, <strong>das MEK Exemplar der Werks.-Nr. 2179 ist in der Fachliteratur noch nicht erfasst<\/strong>, Ausf\u00fchrung als Steinzeug grau-blau salzglasiert, Zuordnung: siehe oben,<br \/>\nH\u00f6he 18 cm, Breite 15 cm (nur die Keramik)<\/p>\n<p><a href=\"http:\/\/museumek.eu\/?attachment_id=28622\" rel=\"attachment wp-att-28622\"><img loading=\"lazy\" src=\"http:\/\/museumek.eu\/wp-content\/uploads\/2014\/04\/319-182x300.jpg\" alt=\"\" title=\"319\" width=\"182\" height=\"300\" class=\"alignnone size-medium wp-image-28622\" srcset=\"http:\/\/museumek.eu\/wp-content\/uploads\/2014\/04\/319-182x300.jpg 182w, http:\/\/museumek.eu\/wp-content\/uploads\/2014\/04\/319-91x150.jpg 91w, http:\/\/museumek.eu\/wp-content\/uploads\/2014\/04\/319.jpg 461w\" sizes=\"(max-width: 182px) 100vw, 182px\" \/><\/a><\/p>\n<p><a href=\"http:\/\/museumek.eu\/?attachment_id=28623\" rel=\"attachment wp-att-28623\"><img loading=\"lazy\" src=\"http:\/\/museumek.eu\/wp-content\/uploads\/2014\/04\/320-185x300.jpg\" alt=\"\" title=\"320\" width=\"185\" height=\"300\" class=\"alignnone size-medium wp-image-28623\" srcset=\"http:\/\/museumek.eu\/wp-content\/uploads\/2014\/04\/320-185x300.jpg 185w, http:\/\/museumek.eu\/wp-content\/uploads\/2014\/04\/320-92x150.jpg 92w, http:\/\/museumek.eu\/wp-content\/uploads\/2014\/04\/320.jpg 411w\" sizes=\"(max-width: 185px) 100vw, 185px\" \/><\/a><\/p>\n<p><a href=\"http:\/\/museumek.eu\/?attachment_id=28624\" rel=\"attachment wp-att-28624\"><img loading=\"lazy\" src=\"http:\/\/museumek.eu\/wp-content\/uploads\/2014\/04\/321-178x300.jpg\" alt=\"\" title=\"321\" width=\"178\" height=\"300\" class=\"alignnone size-medium wp-image-28624\" srcset=\"http:\/\/museumek.eu\/wp-content\/uploads\/2014\/04\/321-178x300.jpg 178w, http:\/\/museumek.eu\/wp-content\/uploads\/2014\/04\/321-89x150.jpg 89w, http:\/\/museumek.eu\/wp-content\/uploads\/2014\/04\/321.jpg 403w\" sizes=\"(max-width: 178px) 100vw, 178px\" \/><\/a><\/p>\n<p><a href=\"http:\/\/museumek.eu\/?attachment_id=28625\" rel=\"attachment wp-att-28625\"><img loading=\"lazy\" src=\"http:\/\/museumek.eu\/wp-content\/uploads\/2014\/04\/322-187x300.jpg\" alt=\"\" title=\"322\" width=\"187\" height=\"300\" class=\"alignnone size-medium wp-image-28625\" srcset=\"http:\/\/museumek.eu\/wp-content\/uploads\/2014\/04\/322-187x300.jpg 187w, http:\/\/museumek.eu\/wp-content\/uploads\/2014\/04\/322-93x150.jpg 93w, http:\/\/museumek.eu\/wp-content\/uploads\/2014\/04\/322.jpg 500w\" sizes=\"(max-width: 187px) 100vw, 187px\" \/><\/a><\/p>\n<p><a href=\"http:\/\/museumek.eu\/?attachment_id=28626\" rel=\"attachment wp-att-28626\"><img loading=\"lazy\" src=\"http:\/\/museumek.eu\/wp-content\/uploads\/2014\/04\/323-286x300.jpg\" alt=\"\" title=\"323\" width=\"286\" height=\"300\" class=\"alignnone size-medium wp-image-28626\" srcset=\"http:\/\/museumek.eu\/wp-content\/uploads\/2014\/04\/323-286x300.jpg 286w, http:\/\/museumek.eu\/wp-content\/uploads\/2014\/04\/323-143x150.jpg 143w, http:\/\/museumek.eu\/wp-content\/uploads\/2014\/04\/323.jpg 385w\" sizes=\"(max-width: 286px) 100vw, 286px\" \/><\/a><\/p>\n<p><a href=\"http:\/\/museumek.eu\/?attachment_id=28627\" rel=\"attachment wp-att-28627\"><img loading=\"lazy\" src=\"http:\/\/museumek.eu\/wp-content\/uploads\/2014\/04\/324-300x285.jpg\" alt=\"\" title=\"324\" width=\"300\" height=\"285\" class=\"alignnone size-medium wp-image-28627\" srcset=\"http:\/\/museumek.eu\/wp-content\/uploads\/2014\/04\/324-300x285.jpg 300w, http:\/\/museumek.eu\/wp-content\/uploads\/2014\/04\/324-150x142.jpg 150w, http:\/\/museumek.eu\/wp-content\/uploads\/2014\/04\/324-315x300.jpg 315w, http:\/\/museumek.eu\/wp-content\/uploads\/2014\/04\/324.jpg 470w\" sizes=\"(max-width: 300px) 100vw, 300px\" \/><\/a><\/p>\n<p><a href=\"http:\/\/museumek.eu\/?attachment_id=28628\" rel=\"attachment wp-att-28628\"><img loading=\"lazy\" src=\"http:\/\/museumek.eu\/wp-content\/uploads\/2014\/04\/325-198x300.jpg\" alt=\"\" title=\"325\" width=\"198\" height=\"300\" class=\"alignnone size-medium wp-image-28628\" srcset=\"http:\/\/museumek.eu\/wp-content\/uploads\/2014\/04\/325-198x300.jpg 198w, http:\/\/museumek.eu\/wp-content\/uploads\/2014\/04\/325-99x150.jpg 99w, http:\/\/museumek.eu\/wp-content\/uploads\/2014\/04\/325.jpg 342w\" sizes=\"(max-width: 198px) 100vw, 198px\" \/><\/a><\/p>\n","protected":false},"excerpt":{"rendered":"<p>Bruno Mauder wurde am 28.04.1877 in M\u00fcnchen geboren. Er starb am 09.09.1948 in Zwiesel. Mauder absolvierte eine Lehre als Porzellanmaler und studierte ab 1899 an der M\u00fcnchner Kunstgewerbeschule. Er war als Maler und Entwerfer t\u00e4tig. So schuf er auch Entw\u00fcrfe &hellip; <a href=\"http:\/\/museumek.eu\/?page_id=34934\">Weiterlesen <span class=\"meta-nav\">&rarr;<\/span><\/a><\/p>\n","protected":false},"author":1,"featured_media":0,"parent":34931,"menu_order":1,"comment_status":"closed","ping_status":"open","template":"","meta":[],"_links":{"self":[{"href":"http:\/\/museumek.eu\/index.php?rest_route=\/wp\/v2\/pages\/34934"}],"collection":[{"href":"http:\/\/museumek.eu\/index.php?rest_route=\/wp\/v2\/pages"}],"about":[{"href":"http:\/\/museumek.eu\/index.php?rest_route=\/wp\/v2\/types\/page"}],"author":[{"embeddable":true,"href":"http:\/\/museumek.eu\/index.php?rest_route=\/wp\/v2\/users\/1"}],"replies":[{"embeddable":true,"href":"http:\/\/museumek.eu\/index.php?rest_route=%2Fwp%2Fv2%2Fcomments&post=34934"}],"version-history":[{"count":17,"href":"http:\/\/museumek.eu\/index.php?rest_route=\/wp\/v2\/pages\/34934\/revisions"}],"predecessor-version":[{"id":42139,"href":"http:\/\/museumek.eu\/index.php?rest_route=\/wp\/v2\/pages\/34934\/revisions\/42139"}],"up":[{"embeddable":true,"href":"http:\/\/museumek.eu\/index.php?rest_route=\/wp\/v2\/pages\/34931"}],"wp:attachment":[{"href":"http:\/\/museumek.eu\/index.php?rest_route=%2Fwp%2Fv2%2Fmedia&parent=34934"}],"curies":[{"name":"wp","href":"https:\/\/api.w.org\/{rel}","templated":true}]}}